{"id":1869,"date":"2025-07-15T14:04:33","date_gmt":"2025-07-15T14:04:33","guid":{"rendered":"https:\/\/saphirsmaragd.com\/?post_type=product&#038;p=1869"},"modified":"2025-12-29T19:03:28","modified_gmt":"2025-12-29T19:03:28","slug":"saphir-0-28-karat-dunkelgrau-atypisch","status":"publish","type":"product","link":"https:\/\/saphirsmaragd.com\/sl\/izdelek\/saphir-0-28-karat-dunkelgrau-atypisch\/","title":{"rendered":"Saphir 0.28 Karat Dunkelgrau Atypisch \u2013 Auvergne-Einzelst\u00fcck mit au\u00dfergew\u00f6hnlichem Schliff"},"content":{"rendered":"<div id=\"ez-toc-container\" class=\"ez-toc-v2_0_82_2 counter-hierarchy ez-toc-counter ez-toc-grey ez-toc-container-direction\">\n<div class=\"ez-toc-title-container\">\n<p class=\"ez-toc-title\" style=\"cursor:inherit\">Kazalo vsebine<\/p>\n<span class=\"ez-toc-title-toggle\"><a href=\"#\" class=\"ez-toc-pull-right ez-toc-btn ez-toc-btn-xs ez-toc-btn-default ez-toc-toggle\" aria-label=\"Toggle Table of Content\"><span class=\"ez-toc-js-icon-con\"><span class=\"\"><span class=\"eztoc-hide\" style=\"display:none;\">Preklopi<\/span><span class=\"ez-toc-icon-toggle-span\"><svg style=\"fill: #999;color:#999\" xmlns=\"http:\/\/www.w3.org\/2000\/svg\" class=\"list-377408\" width=\"20px\" height=\"20px\" viewbox=\"0 0 24 24\" fill=\"none\"><path d=\"M6 6H4v2h2V6zm14 0H8v2h12V6zM4 11h2v2H4v-2zm16 0H8v2h12v-2zM4 16h2v2H4v-2zm16 0H8v2h12v-2z\" fill=\"currentColor\"><\/path><\/svg><svg style=\"fill: #999;color:#999\" class=\"arrow-unsorted-368013\" xmlns=\"http:\/\/www.w3.org\/2000\/svg\" width=\"10px\" height=\"10px\" viewbox=\"0 0 24 24\" version=\"1.2\" baseprofile=\"tiny\"><path d=\"M18.2 9.3l-6.2-6.3-6.2 6.3c-.2.2-.3.4-.3.7s.1.5.3.7c.2.2.4.3.7.3h11c.3 0 .5-.1.7-.3.2-.2.3-.5.3-.7s-.1-.5-.3-.7zM5.8 14.7l6.2 6.3 6.2-6.3c.2-.2.3-.5.3-.7s-.1-.5-.3-.7c-.2-.2-.4-.3-.7-.3h-11c-.3 0-.5.1-.7.3-.2.2-.3.5-.3.7s.1.5.3.7z\"\/><\/svg><\/span><\/span><\/span><\/a><\/span><\/div>\n<nav><ul class='ez-toc-list ez-toc-list-level-1' ><li class='ez-toc-page-1 ez-toc-heading-level-4'><a class=\"ez-toc-link ez-toc-heading-1\" href=\"https:\/\/saphirsmaragd.com\/sl\/izdelek\/saphir-0-28-karat-dunkelgrau-atypisch\/#Saphir_028_Karat_Dunkelgrau_Atypisch\" >Saphir 0.28 Karat Dunkelgrau Atypisch<\/a><\/li><li class='ez-toc-page-1 ez-toc-heading-level-4'><a class=\"ez-toc-link ez-toc-heading-2\" href=\"https:\/\/saphirsmaragd.com\/sl\/izdelek\/saphir-0-28-karat-dunkelgrau-atypisch\/#Merkmale_Herkunft\" >Zna\u010dilnosti in izvor<\/a><\/li><li class='ez-toc-page-1 ez-toc-heading-level-4'><a class=\"ez-toc-link ez-toc-heading-3\" href=\"https:\/\/saphirsmaragd.com\/sl\/izdelek\/saphir-0-28-karat-dunkelgrau-atypisch\/#Besonderheiten\" >Posebne funkcije<\/a><\/li><li class='ez-toc-page-1 ez-toc-heading-level-4'><a class=\"ez-toc-link ez-toc-heading-4\" href=\"https:\/\/saphirsmaragd.com\/sl\/izdelek\/saphir-0-28-karat-dunkelgrau-atypisch\/#Mehr_uber_unsere_Edelsteine\" >Ve\u010d o na\u0161ih dragih kamnih<\/a><\/li><li class='ez-toc-page-1 ez-toc-heading-level-4'><a class=\"ez-toc-link ez-toc-heading-5\" href=\"https:\/\/saphirsmaragd.com\/sl\/izdelek\/saphir-0-28-karat-dunkelgrau-atypisch\/#Weitere_Infos\" >Dodatne informacije<\/a><\/li><\/ul><\/nav><\/div>\n<h4 data-start=\"620\" data-end=\"690\"><span class=\"ez-toc-section\" id=\"Saphir_028_Karat_Dunkelgrau_Atypisch\"><\/span>Saphir 0.28 Karat Dunkelgrau Atypisch<span class=\"ez-toc-section-end\"><\/span><\/h4>\n<p data-start=\"691\" data-end=\"876\">Ein au\u00dfergew\u00f6hnlicher Saphir mit Charakter: Dieses Einzelst\u00fcck aus der Auvergne \u00fcberzeugt mit dunkelgrauer Farbe, transparenter Reinheit und einem einzigartigen, asymmetrischen Schliff.<\/p>\n<hr data-start=\"878\" data-end=\"881\" \/>\n<h4 data-start=\"883\" data-end=\"912\"><span class=\"ez-toc-section\" id=\"Merkmale_Herkunft\"><\/span>Zna\u010dilnosti in izvor<span class=\"ez-toc-section-end\"><\/span><\/h4>\n<p data-start=\"913\" data-end=\"1115\">Farbe: Dunkelgrau<br data-start=\"930\" data-end=\"933\" \/>Form: Atypisch<br data-start=\"947\" data-end=\"950\" \/>Gewicht: 0.28 Karat<br data-start=\"966\" data-end=\"969\" \/>Gr\u00f6\u00dfe: 4.75 \u00d7 3.73 mm<br data-start=\"990\" data-end=\"993\" \/>Herkunft: Frankreich (Auvergne)<br data-start=\"1024\" data-end=\"1027\" \/>\u010cistost: zelo majhni vklju\u010dki<br data-start=\"1060\" data-end=\"1063\" \/>Zdravljenje: nezdravljeno<br data-start=\"1086\" data-end=\"1089\" \/>Stanje: Novo<\/p>\n<hr data-start=\"1117\" data-end=\"1120\" \/>\n<h4 data-start=\"1122\" data-end=\"1146\"><span class=\"ez-toc-section\" id=\"Besonderheiten\"><\/span>Posebne funkcije<span class=\"ez-toc-section-end\"><\/span><\/h4>\n<p data-start=\"1147\" data-end=\"1339\">Dieser naturbelassene franz\u00f6sische Saphir 0.28 ct Dunkelgrau Atypisch ist ein echtes Sammlerst\u00fcck: ungeschliffen, nicht erhitzt, in unregelm\u00e4\u00dfiger Fantasieform geschliffen \u2013 ideal f\u00fcr individuellen, hochwertigen Schmuck.<\/p>\n<hr data-start=\"1341\" data-end=\"1344\" \/>\n<h4 data-start=\"1931\" data-end=\"1971\"><span class=\"ez-toc-section\" id=\"Mehr_uber_unsere_Edelsteine\"><\/span>Ve\u010d o na\u0161ih dragih kamnih<span class=\"ez-toc-section-end\"><\/span><\/h4>\n<p data-start=\"1972\" data-end=\"2069\"><a href=\"https:\/\/saphirsmaragd.com\/sl\/product-category\/edelsteine-kaufen\/\">dragi kamni<\/a><\/p>\n<hr data-start=\"1517\" data-end=\"1520\" \/>\n<h4 data-start=\"1522\" data-end=\"1545\"><span class=\"ez-toc-section\" id=\"Weitere_Infos\"><\/span>Dodatne informacije<span class=\"ez-toc-section-end\"><\/span><\/h4>\n<p data-start=\"1546\" data-end=\"1629\"><a class=\"\" href=\"https:\/\/de.wikipedia.org\/wiki\/Saphir\" target=\"_new\" rel=\"noopener\" data-start=\"1567\" data-end=\"1629\">Saphiren auf Wikipedia<\/a><\/p>","protected":false},"excerpt":{"rendered":"<p data-start=\"106\" data-end=\"508\"><em>Dieser Saphir 0.28 Karat Dunkelgrau Atypisch aus Frankreich besticht durch seine seltene Farbe und originelle Form \u2013 perfekt f\u00fcr kreative Schmuckdesigns.<\/em><\/p>\n<p data-start=\"378\" data-end=\"474\">","protected":false},"featured_media":1872,"comment_status":"open","ping_status":"closed","template":"","meta":{"_glsr_average":0,"_glsr_ranking":0,"_glsr_reviews":0},"product_brand":[],"product_cat":[74],"product_tag":[],"class_list":{"0":"post-1869","1":"product","2":"type-product","3":"status-publish","4":"has-post-thumbnail","6":"product_cat-saphire-kaufen","7":"pa_edelsteinart-saphir","8":"pa_farbe-grau","9":"pa_form-atypisch","10":"pa_gewicht-karat-0-1-0-5-karat","11":"pa_herkunft-frankreich","12":"pa_reinheit-sehr-kleine-einschluesse","13":"pa_veredelung-behandlung-unbehandelt","14":"pa_zertifikat-ja","15":"pa_zustand-neu","17":"first","18":"instock","19":"sold-individually","20":"shipping-taxable","21":"purchasable","22":"product-type-simple","23":"add-to-wishlist-before_image"},"jetpack_sharing_enabled":true,"_links":{"self":[{"href":"https:\/\/saphirsmaragd.com\/sl\/wp-json\/wp\/v2\/product\/1869","targetHints":{"allow":["GET"]}}],"collection":[{"href":"https:\/\/saphirsmaragd.com\/sl\/wp-json\/wp\/v2\/product"}],"about":[{"href":"https:\/\/saphirsmaragd.com\/sl\/wp-json\/wp\/v2\/types\/product"}],"replies":[{"embeddable":true,"href":"https:\/\/saphirsmaragd.com\/sl\/wp-json\/wp\/v2\/comments?post=1869"}],"version-history":[{"count":4,"href":"https:\/\/saphirsmaragd.com\/sl\/wp-json\/wp\/v2\/product\/1869\/revisions"}],"predecessor-version":[{"id":4480,"href":"https:\/\/saphirsmaragd.com\/sl\/wp-json\/wp\/v2\/product\/1869\/revisions\/4480"}],"wp:featuredmedia":[{"embeddable":true,"href":"https:\/\/saphirsmaragd.com\/sl\/wp-json\/wp\/v2\/media\/1872"}],"wp:attachment":[{"href":"https:\/\/saphirsmaragd.com\/sl\/wp-json\/wp\/v2\/media?parent=1869"}],"wp:term":[{"taxonomy":"product_brand","embeddable":true,"href":"https:\/\/saphirsmaragd.com\/sl\/wp-json\/wp\/v2\/product_brand?post=1869"},{"taxonomy":"product_cat","embeddable":true,"href":"https:\/\/saphirsmaragd.com\/sl\/wp-json\/wp\/v2\/product_cat?post=1869"},{"taxonomy":"product_tag","embeddable":true,"href":"https:\/\/saphirsmaragd.com\/sl\/wp-json\/wp\/v2\/product_tag?post=1869"}],"curies":[{"name":"wp","href":"https:\/\/api.w.org\/{rel}","templated":true}]}}