{"id":2233,"date":"2025-10-08T16:55:12","date_gmt":"2025-10-08T16:55:12","guid":{"rendered":"https:\/\/saphirsmaragd.com\/?post_type=product&#038;p=2233"},"modified":"2025-12-29T19:02:56","modified_gmt":"2025-12-29T19:02:56","slug":"aquamarin-0-81-karat-dreieck-blau","status":"publish","type":"product","link":"https:\/\/saphirsmaragd.com\/sl\/izdelek\/aquamarin-0-81-karat-dreieck-blau\/","title":{"rendered":"Aquamarin 0.81 Karat Dreieck Blau \u2013 zertifizierter Edelstein mit atypischem Schliff"},"content":{"rendered":"<div id=\"ez-toc-container\" class=\"ez-toc-v2_0_82_2 counter-hierarchy ez-toc-counter ez-toc-grey ez-toc-container-direction\">\n<div class=\"ez-toc-title-container\">\n<p class=\"ez-toc-title\" style=\"cursor:inherit\">Kazalo vsebine<\/p>\n<span class=\"ez-toc-title-toggle\"><a href=\"#\" class=\"ez-toc-pull-right ez-toc-btn ez-toc-btn-xs ez-toc-btn-default ez-toc-toggle\" aria-label=\"Toggle Table of Content\"><span class=\"ez-toc-js-icon-con\"><span class=\"\"><span class=\"eztoc-hide\" style=\"display:none;\">Preklopi<\/span><span class=\"ez-toc-icon-toggle-span\"><svg style=\"fill: #999;color:#999\" xmlns=\"http:\/\/www.w3.org\/2000\/svg\" class=\"list-377408\" width=\"20px\" height=\"20px\" viewbox=\"0 0 24 24\" fill=\"none\"><path d=\"M6 6H4v2h2V6zm14 0H8v2h12V6zM4 11h2v2H4v-2zm16 0H8v2h12v-2zM4 16h2v2H4v-2zm16 0H8v2h12v-2z\" fill=\"currentColor\"><\/path><\/svg><svg style=\"fill: #999;color:#999\" class=\"arrow-unsorted-368013\" xmlns=\"http:\/\/www.w3.org\/2000\/svg\" width=\"10px\" height=\"10px\" viewbox=\"0 0 24 24\" version=\"1.2\" baseprofile=\"tiny\"><path d=\"M18.2 9.3l-6.2-6.3-6.2 6.3c-.2.2-.3.4-.3.7s.1.5.3.7c.2.2.4.3.7.3h11c.3 0 .5-.1.7-.3.2-.2.3-.5.3-.7s-.1-.5-.3-.7zM5.8 14.7l6.2 6.3 6.2-6.3c.2-.2.3-.5.3-.7s-.1-.5-.3-.7c-.2-.2-.4-.3-.7-.3h-11c-.3 0-.5.1-.7.3-.2.2-.3.5-.3.7s.1.5.3.7z\"\/><\/svg><\/span><\/span><\/span><\/a><\/span><\/div>\n<nav><ul class='ez-toc-list ez-toc-list-level-1' ><li class='ez-toc-page-1 ez-toc-heading-level-4'><a class=\"ez-toc-link ez-toc-heading-1\" href=\"https:\/\/saphirsmaragd.com\/sl\/izdelek\/aquamarin-0-81-karat-dreieck-blau\/#Aquamarin_081_Karat_Dreieck_Blau_%E2%80%93_hochwertiger_Einzelstein\" >Aquamarin 0.81 Karat Dreieck Blau \u2013 hochwertiger Einzelstein<\/a><\/li><li class='ez-toc-page-1 ez-toc-heading-level-4'><a class=\"ez-toc-link ez-toc-heading-2\" href=\"https:\/\/saphirsmaragd.com\/sl\/izdelek\/aquamarin-0-81-karat-dreieck-blau\/#Merkmale_Herkunft\" >Zna\u010dilnosti in izvor<\/a><\/li><li class='ez-toc-page-1 ez-toc-heading-level-4'><a class=\"ez-toc-link ez-toc-heading-3\" href=\"https:\/\/saphirsmaragd.com\/sl\/izdelek\/aquamarin-0-81-karat-dreieck-blau\/#Besonderheiten\" >Posebne funkcije<\/a><\/li><li class='ez-toc-page-1 ez-toc-heading-level-4'><a class=\"ez-toc-link ez-toc-heading-4\" href=\"https:\/\/saphirsmaragd.com\/sl\/izdelek\/aquamarin-0-81-karat-dreieck-blau\/#Mehr_uber_unsere_Edelsteine\" >Ve\u010d o na\u0161ih dragih kamnih<\/a><\/li><li class='ez-toc-page-1 ez-toc-heading-level-4'><a class=\"ez-toc-link ez-toc-heading-5\" href=\"https:\/\/saphirsmaragd.com\/sl\/izdelek\/aquamarin-0-81-karat-dreieck-blau\/#Weitere_Infos\" >Dodatne informacije<\/a><\/li><\/ul><\/nav><\/div>\n<h4 data-start=\"107\" data-end=\"170\"><span class=\"ez-toc-section\" id=\"Aquamarin_081_Karat_Dreieck_Blau_%E2%80%93_hochwertiger_Einzelstein\"><\/span>Aquamarin 0.81 Karat Dreieck Blau \u2013 hochwertiger Einzelstein<span class=\"ez-toc-section-end\"><\/span><\/h4>\n<p data-start=\"171\" data-end=\"398\">Dieser nat\u00fcrliche Aquamarin besticht durch seinen au\u00dfergew\u00f6hnlichen Dreiecksschliff und einen hellblauen Farbton. Mit 0.81 Karat und hoher Reinheit eignet sich der Stein ideal f\u00fcr Sammlungen, Schmuckdesigns oder als Wertanlage.<\/p>\n<hr data-start=\"667\" data-end=\"670\" \/>\n<h4 data-start=\"400\" data-end=\"426\"><span class=\"ez-toc-section\" id=\"Merkmale_Herkunft\"><\/span>Zna\u010dilnosti in izvor<span class=\"ez-toc-section-end\"><\/span><\/h4>\n<p data-start=\"427\" data-end=\"665\">Stein: Aquamarin<br data-start=\"443\" data-end=\"446\" \/>Barva: modra<br data-start=\"457\" data-end=\"460\" \/>Form: Dreieck (atypisch facettiert)<br data-start=\"495\" data-end=\"498\" \/>Te\u017ea: 0,81 karata<br data-start=\"514\" data-end=\"517\" \/>H\u00e4rte: 7 Mohs<br data-start=\"530\" data-end=\"533\" \/>Gr\u00f6\u00dfe: 6.3 \u00d7 8.5 mm<br data-start=\"552\" data-end=\"555\" \/>Reinheit: Sehr sauber, mit blo\u00dfem Auge rein<br data-start=\"598\" data-end=\"601\" \/>Familie: Beryll<br data-start=\"616\" data-end=\"619\" \/>Certifikat: Val\u00e9rie Duraffourg (Gem-A, London)<\/p>\n<hr data-start=\"667\" data-end=\"670\" \/>\n<h4 data-start=\"672\" data-end=\"693\"><span class=\"ez-toc-section\" id=\"Besonderheiten\"><\/span>Posebne funkcije<span class=\"ez-toc-section-end\"><\/span><\/h4>\n<p data-start=\"694\" data-end=\"955\">Der Aquamarin 0.81 Karat Dreieck Blau zeichnet sich durch einen seltenen Facettenschliff und eine beeindruckende optische Klarheit aus. Die nat\u00fcrliche Herkunft sowie die Qualit\u00e4tssicherung durch ein Gemmologie-Zertifikat machen ihn zu einem exklusiven Einzelst\u00fcck.<\/p>\n<hr data-start=\"1926\" data-end=\"1929\" \/>\n<h4 data-start=\"1931\" data-end=\"1971\"><span class=\"ez-toc-section\" id=\"Mehr_uber_unsere_Edelsteine\"><\/span>Ve\u010d o na\u0161ih dragih kamnih<span class=\"ez-toc-section-end\"><\/span><\/h4>\n<p data-start=\"1972\" data-end=\"2069\"><a href=\"https:\/\/saphirsmaragd.com\/sl\/product-category\/edelsteine-kaufen\/\">dragi kamni<\/a><\/p>\n<hr data-start=\"2071\" data-end=\"2074\" \/>\n<h4 data-start=\"2076\" data-end=\"2096\"><span class=\"ez-toc-section\" id=\"Weitere_Infos\"><\/span>Dodatne informacije<span class=\"ez-toc-section-end\"><\/span><\/h4>\n<p data-start=\"2097\" data-end=\"2160\"><a class=\"decorated-link cursor-pointer\" href=\"https:\/\/de.wikipedia.org\/wiki\/Aquamarin\" target=\"_new\" rel=\"noopener\" data-start=\"2097\" data-end=\"2160\">Wikipedia: Aquamarin<\/a><\/p>","protected":false},"excerpt":{"rendered":"<p data-start=\"512\" data-end=\"651\"><em>Aquamarin 0.81 Karat Dreieck Blau \u2013 nat\u00fcrlicher Edelstein mit Zertifikat, 7 Mohs H\u00e4rte, sehr reine Qualit\u00e4t und au\u00dfergew\u00f6hnlichem Schliff.<\/em><\/p>\n<p data-start=\"378\" data-end=\"474\">","protected":false},"featured_media":2236,"comment_status":"open","ping_status":"closed","template":"","meta":{"_glsr_average":0,"_glsr_ranking":0,"_glsr_reviews":0},"product_brand":[],"product_cat":[77],"product_tag":[],"class_list":{"0":"post-2233","1":"product","2":"type-product","3":"status-publish","4":"has-post-thumbnail","6":"product_cat-aquamarin-kaufen","7":"pa_edelsteinart-aquamarin","8":"pa_farbe-blau","9":"pa_form-dreieck","10":"pa_gewicht-karat-0-5-1-0-karat","11":"pa_reinheit-augenrein","12":"pa_veredelung-behandlung-unbehandelt","13":"pa_zertifikat-ja","14":"pa_zustand-neu","16":"first","17":"instock","18":"featured","19":"sold-individually","20":"shipping-taxable","21":"purchasable","22":"product-type-simple","23":"add-to-wishlist-before_image"},"jetpack_sharing_enabled":true,"_links":{"self":[{"href":"https:\/\/saphirsmaragd.com\/sl\/wp-json\/wp\/v2\/product\/2233","targetHints":{"allow":["GET"]}}],"collection":[{"href":"https:\/\/saphirsmaragd.com\/sl\/wp-json\/wp\/v2\/product"}],"about":[{"href":"https:\/\/saphirsmaragd.com\/sl\/wp-json\/wp\/v2\/types\/product"}],"replies":[{"embeddable":true,"href":"https:\/\/saphirsmaragd.com\/sl\/wp-json\/wp\/v2\/comments?post=2233"}],"version-history":[{"count":3,"href":"https:\/\/saphirsmaragd.com\/sl\/wp-json\/wp\/v2\/product\/2233\/revisions"}],"predecessor-version":[{"id":4541,"href":"https:\/\/saphirsmaragd.com\/sl\/wp-json\/wp\/v2\/product\/2233\/revisions\/4541"}],"wp:featuredmedia":[{"embeddable":true,"href":"https:\/\/saphirsmaragd.com\/sl\/wp-json\/wp\/v2\/media\/2236"}],"wp:attachment":[{"href":"https:\/\/saphirsmaragd.com\/sl\/wp-json\/wp\/v2\/media?parent=2233"}],"wp:term":[{"taxonomy":"product_brand","embeddable":true,"href":"https:\/\/saphirsmaragd.com\/sl\/wp-json\/wp\/v2\/product_brand?post=2233"},{"taxonomy":"product_cat","embeddable":true,"href":"https:\/\/saphirsmaragd.com\/sl\/wp-json\/wp\/v2\/product_cat?post=2233"},{"taxonomy":"product_tag","embeddable":true,"href":"https:\/\/saphirsmaragd.com\/sl\/wp-json\/wp\/v2\/product_tag?post=2233"}],"curies":[{"name":"wp","href":"https:\/\/api.w.org\/{rel}","templated":true}]}}