{"id":2537,"date":"2025-10-12T08:43:11","date_gmt":"2025-10-12T08:43:11","guid":{"rendered":"https:\/\/saphirsmaragd.com\/?post_type=product&#038;p=2537"},"modified":"2025-12-29T19:02:07","modified_gmt":"2025-12-29T19:02:07","slug":"granat-0-63-karat-orange-rund","status":"publish","type":"product","link":"https:\/\/saphirsmaragd.com\/sl\/izdelek\/granat-0-63-karat-orange-rund\/","title":{"rendered":"Granat 0,63 karata oran\u017een okrogel \u2013 mandarin spessartin s certifikatom in briljantnim brusom"},"content":{"rendered":"<div id=\"ez-toc-container\" class=\"ez-toc-v2_0_82_2 counter-hierarchy ez-toc-counter ez-toc-grey ez-toc-container-direction\">\n<div class=\"ez-toc-title-container\">\n<p class=\"ez-toc-title\" style=\"cursor:inherit\">Kazalo vsebine<\/p>\n<span class=\"ez-toc-title-toggle\"><a href=\"#\" class=\"ez-toc-pull-right ez-toc-btn ez-toc-btn-xs ez-toc-btn-default ez-toc-toggle\" aria-label=\"Toggle Table of Content\"><span class=\"ez-toc-js-icon-con\"><span class=\"\"><span class=\"eztoc-hide\" style=\"display:none;\">Preklopi<\/span><span class=\"ez-toc-icon-toggle-span\"><svg style=\"fill: #999;color:#999\" xmlns=\"http:\/\/www.w3.org\/2000\/svg\" class=\"list-377408\" width=\"20px\" height=\"20px\" viewbox=\"0 0 24 24\" fill=\"none\"><path d=\"M6 6H4v2h2V6zm14 0H8v2h12V6zM4 11h2v2H4v-2zm16 0H8v2h12v-2zM4 16h2v2H4v-2zm16 0H8v2h12v-2z\" fill=\"currentColor\"><\/path><\/svg><svg style=\"fill: #999;color:#999\" class=\"arrow-unsorted-368013\" xmlns=\"http:\/\/www.w3.org\/2000\/svg\" width=\"10px\" height=\"10px\" viewbox=\"0 0 24 24\" version=\"1.2\" baseprofile=\"tiny\"><path d=\"M18.2 9.3l-6.2-6.3-6.2 6.3c-.2.2-.3.4-.3.7s.1.5.3.7c.2.2.4.3.7.3h11c.3 0 .5-.1.7-.3.2-.2.3-.5.3-.7s-.1-.5-.3-.7zM5.8 14.7l6.2 6.3 6.2-6.3c.2-.2.3-.5.3-.7s-.1-.5-.3-.7c-.2-.2-.4-.3-.7-.3h-11c-.3 0-.5.1-.7.3-.2.2-.3.5-.3.7s.1.5.3.7z\"\/><\/svg><\/span><\/span><\/span><\/a><\/span><\/div>\n<nav><ul class='ez-toc-list ez-toc-list-level-1' ><li class='ez-toc-page-1 ez-toc-heading-level-4'><a class=\"ez-toc-link ez-toc-heading-1\" href=\"https:\/\/saphirsmaragd.com\/sl\/izdelek\/granat-0-63-karat-orange-rund\/#Granat_063_Karat_Orange_Rund_mit_Zertifizierung_und_brillantem_Facettenschliff\" >Granat 0.63 Karat Orange Rund mit Zertifizierung und brillantem Facettenschliff<\/a><\/li><li class='ez-toc-page-1 ez-toc-heading-level-4'><a class=\"ez-toc-link ez-toc-heading-2\" href=\"https:\/\/saphirsmaragd.com\/sl\/izdelek\/granat-0-63-karat-orange-rund\/#Merkmale_Herkunft\" >Zna\u010dilnosti in izvor<\/a><\/li><li class='ez-toc-page-1 ez-toc-heading-level-4'><a class=\"ez-toc-link ez-toc-heading-3\" href=\"https:\/\/saphirsmaragd.com\/sl\/izdelek\/granat-0-63-karat-orange-rund\/#Besonderheiten\" >Posebne funkcije<\/a><\/li><li class='ez-toc-page-1 ez-toc-heading-level-4'><a class=\"ez-toc-link ez-toc-heading-4\" href=\"https:\/\/saphirsmaragd.com\/sl\/izdelek\/granat-0-63-karat-orange-rund\/#Mehr_uber_unsere_Edelsteine\" >Ve\u010d o na\u0161ih dragih kamnih<\/a><\/li><li class='ez-toc-page-1 ez-toc-heading-level-4'><a class=\"ez-toc-link ez-toc-heading-5\" href=\"https:\/\/saphirsmaragd.com\/sl\/izdelek\/granat-0-63-karat-orange-rund\/#Weitere_Infos\" >Dodatne informacije<\/a><\/li><\/ul><\/nav><\/div>\n<h4 data-start=\"1279\" data-end=\"1362\"><span class=\"ez-toc-section\" id=\"Granat_063_Karat_Orange_Rund_mit_Zertifizierung_und_brillantem_Facettenschliff\"><\/span>Granat 0.63 Karat Orange Rund mit Zertifizierung und brillantem Facettenschliff<span class=\"ez-toc-section-end\"><\/span><\/h4>\n<p data-start=\"1364\" data-end=\"1792\">Dieser nat\u00fcrliche Mandarin-Spessartin \u00fcberzeugt mit einer lebendigen orangefarbenen Ausstrahlung und einem pr\u00e4zisen Rundschliff. Die Reinheit ist mit blo\u00dfem Auge klar erkennbar, w\u00e4hrend die Facettierung dem Stein eine starke Lichtreflexion verleiht. Er wird unmontiert angeboten und eignet sich ideal f\u00fcr hochwertige Schmuckanfertigungen oder Sammler. Die Echtheit und Qualit\u00e4t werden durch ein offizielles Zertifikat best\u00e4tigt.<\/p>\n<hr data-start=\"1794\" data-end=\"1797\" \/>\n<h4 data-start=\"1799\" data-end=\"1823\"><span class=\"ez-toc-section\" id=\"Merkmale_Herkunft\"><\/span>Zna\u010dilnosti in izvor<span class=\"ez-toc-section-end\"><\/span><\/h4>\n<p data-start=\"1825\" data-end=\"2104\">Steinart: Granat (Variet\u00e4t Mandarin \/ Spessartin)<br data-start=\"1874\" data-end=\"1877\" \/>Barva: oran\u017ena<br data-start=\"1890\" data-end=\"1893\" \/>Oblika: Okrogla<br data-start=\"1903\" data-end=\"1906\" \/>Gewicht: 0.63 Karat<br data-start=\"1925\" data-end=\"1928\" \/>Abmessungen: ca. 5 mm<br data-start=\"1949\" data-end=\"1952\" \/>\u010cistost: \u010cisto za o\u010di<br data-start=\"1971\" data-end=\"1974\" \/>Trdota: 7 po Mohsovi lestvici<br data-start=\"2001\" data-end=\"2004\" \/>Zaklju\u010dna obdelava \/ obdelava: neobdelano<br data-start=\"2040\" data-end=\"2043\" \/>Certifikat: Val\u00e9rie Duraffourg (Gem-A, London)<br data-start=\"2089\" data-end=\"2092\" \/>Stanje: Novo<\/p>\n<hr data-start=\"2106\" data-end=\"2109\" \/>\n<h4 data-start=\"2111\" data-end=\"2130\"><span class=\"ez-toc-section\" id=\"Besonderheiten\"><\/span>Posebne funkcije<span class=\"ez-toc-section-end\"><\/span><\/h4>\n<p data-start=\"2132\" data-end=\"2371\">Die intensive Farbe und der brillante Rundschliff verleihen diesem Stein eine starke Leuchtkraft. Die Kombination aus Reinheit, Zertifikat und nat\u00fcrlicher Herkunft macht ihn ideal f\u00fcr individuelle Schmuckdesigns und anspruchsvolle Sammler.<\/p>\n<hr data-start=\"1926\" data-end=\"1929\" \/>\n<h4 data-start=\"1931\" data-end=\"1971\"><span class=\"ez-toc-section\" id=\"Mehr_uber_unsere_Edelsteine\"><\/span>Ve\u010d o na\u0161ih dragih kamnih<span class=\"ez-toc-section-end\"><\/span><\/h4>\n<p data-start=\"1972\" data-end=\"2069\"><a href=\"https:\/\/saphirsmaragd.com\/sl\/product-category\/edelsteine-kaufen\/\">dragi kamni<\/a><\/p>\n<hr data-start=\"2071\" data-end=\"2074\" \/>\n<h4 data-start=\"2076\" data-end=\"2096\"><span class=\"ez-toc-section\" id=\"Weitere_Infos\"><\/span>Dodatne informacije<span class=\"ez-toc-section-end\"><\/span><\/h4>\n<p data-start=\"2097\" data-end=\"2160\"><a class=\"decorated-link cursor-pointer\" href=\"https:\/\/de.wikipedia.org\/wiki\/Granat\" target=\"_new\" rel=\"noopener\" data-start=\"2097\" data-end=\"2160\">Wikipedija: Garnet<\/a><\/p>","protected":false},"excerpt":{"rendered":"<p data-start=\"447\" data-end=\"606\"><em>Granat 0.63 Karat Orange Rund \u2013 nat\u00fcrlicher Mandarin-Spessartin mit Zertifikat, klarer Reinheit und rundem Facettenschliff. Ideal f\u00fcr Schmuck oder Sammler.<\/em><\/p>\n<p data-start=\"608\" data-end=\"641\">\n<p data-start=\"575\" data-end=\"606\">","protected":false},"featured_media":2540,"comment_status":"open","ping_status":"closed","template":"","meta":{"_glsr_average":0,"_glsr_ranking":0,"_glsr_reviews":0},"product_brand":[],"product_cat":[111],"product_tag":[],"class_list":{"0":"post-2537","1":"product","2":"type-product","3":"status-publish","4":"has-post-thumbnail","6":"product_cat-granat-kaufen","7":"pa_edelsteinart-granat","8":"pa_farbe-orange","9":"pa_form-rund","10":"pa_gewicht-karat-0-5-1-0-karat","11":"pa_reinheit-augenrein","12":"pa_veredelung-behandlung-unbehandelt","13":"pa_zertifikat-ja","14":"pa_zustand-neu","16":"first","17":"instock","18":"featured","19":"sold-individually","20":"shipping-taxable","21":"purchasable","22":"product-type-simple","23":"add-to-wishlist-before_image"},"jetpack_sharing_enabled":true,"_links":{"self":[{"href":"https:\/\/saphirsmaragd.com\/sl\/wp-json\/wp\/v2\/product\/2537","targetHints":{"allow":["GET"]}}],"collection":[{"href":"https:\/\/saphirsmaragd.com\/sl\/wp-json\/wp\/v2\/product"}],"about":[{"href":"https:\/\/saphirsmaragd.com\/sl\/wp-json\/wp\/v2\/types\/product"}],"replies":[{"embeddable":true,"href":"https:\/\/saphirsmaragd.com\/sl\/wp-json\/wp\/v2\/comments?post=2537"}],"version-history":[{"count":1,"href":"https:\/\/saphirsmaragd.com\/sl\/wp-json\/wp\/v2\/product\/2537\/revisions"}],"predecessor-version":[{"id":2541,"href":"https:\/\/saphirsmaragd.com\/sl\/wp-json\/wp\/v2\/product\/2537\/revisions\/2541"}],"wp:featuredmedia":[{"embeddable":true,"href":"https:\/\/saphirsmaragd.com\/sl\/wp-json\/wp\/v2\/media\/2540"}],"wp:attachment":[{"href":"https:\/\/saphirsmaragd.com\/sl\/wp-json\/wp\/v2\/media?parent=2537"}],"wp:term":[{"taxonomy":"product_brand","embeddable":true,"href":"https:\/\/saphirsmaragd.com\/sl\/wp-json\/wp\/v2\/product_brand?post=2537"},{"taxonomy":"product_cat","embeddable":true,"href":"https:\/\/saphirsmaragd.com\/sl\/wp-json\/wp\/v2\/product_cat?post=2537"},{"taxonomy":"product_tag","embeddable":true,"href":"https:\/\/saphirsmaragd.com\/sl\/wp-json\/wp\/v2\/product_tag?post=2537"}],"curies":[{"name":"wp","href":"https:\/\/api.w.org\/{rel}","templated":true}]}}