{"id":3377,"date":"2025-10-16T23:28:47","date_gmt":"2025-10-16T23:28:47","guid":{"rendered":"https:\/\/saphirsmaragd.com\/?post_type=product&#038;p=3377"},"modified":"2025-12-05T10:11:17","modified_gmt":"2025-12-05T10:11:17","slug":"anhaenger-mit-amazonit-tropfen-2","status":"publish","type":"product","link":"https:\/\/saphirsmaragd.com\/sl\/izdelek\/anhaenger-mit-amazonit-tropfen-2\/","title":{"rendered":"Obesek s kapljico amazonita - Ro\u010dno izdelan iz srebra 925"},"content":{"rendered":"<div id=\"ez-toc-container\" class=\"ez-toc-v2_0_82_2 counter-hierarchy ez-toc-counter ez-toc-grey ez-toc-container-direction\">\n<div class=\"ez-toc-title-container\">\n<p class=\"ez-toc-title\" style=\"cursor:inherit\">Kazalo vsebine<\/p>\n<span class=\"ez-toc-title-toggle\"><a href=\"#\" class=\"ez-toc-pull-right ez-toc-btn ez-toc-btn-xs ez-toc-btn-default ez-toc-toggle\" aria-label=\"Toggle Table of Content\"><span class=\"ez-toc-js-icon-con\"><span class=\"\"><span class=\"eztoc-hide\" style=\"display:none;\">Preklopi<\/span><span class=\"ez-toc-icon-toggle-span\"><svg style=\"fill: #999;color:#999\" xmlns=\"http:\/\/www.w3.org\/2000\/svg\" class=\"list-377408\" width=\"20px\" height=\"20px\" viewbox=\"0 0 24 24\" fill=\"none\"><path d=\"M6 6H4v2h2V6zm14 0H8v2h12V6zM4 11h2v2H4v-2zm16 0H8v2h12v-2zM4 16h2v2H4v-2zm16 0H8v2h12v-2z\" fill=\"currentColor\"><\/path><\/svg><svg style=\"fill: #999;color:#999\" class=\"arrow-unsorted-368013\" xmlns=\"http:\/\/www.w3.org\/2000\/svg\" width=\"10px\" height=\"10px\" viewbox=\"0 0 24 24\" version=\"1.2\" baseprofile=\"tiny\"><path d=\"M18.2 9.3l-6.2-6.3-6.2 6.3c-.2.2-.3.4-.3.7s.1.5.3.7c.2.2.4.3.7.3h11c.3 0 .5-.1.7-.3.2-.2.3-.5.3-.7s-.1-.5-.3-.7zM5.8 14.7l6.2 6.3 6.2-6.3c.2-.2.3-.5.3-.7s-.1-.5-.3-.7c-.2-.2-.4-.3-.7-.3h-11c-.3 0-.5.1-.7.3-.2.2-.3.5-.3.7s.1.5.3.7z\"\/><\/svg><\/span><\/span><\/span><\/a><\/span><\/div>\n<nav><ul class='ez-toc-list ez-toc-list-level-1' ><li class='ez-toc-page-1 ez-toc-heading-level-4'><a class=\"ez-toc-link ez-toc-heading-1\" href=\"https:\/\/saphirsmaragd.com\/sl\/izdelek\/anhaenger-mit-amazonit-tropfen-2\/#Anhanger_mit_Amazonit_Tropfen_%E2%80%93_Handgefertigt_aus_925_Silber\" >Obesek s kapljico amazonita - Ro\u010dno izdelan iz srebra 925<\/a><\/li><li class='ez-toc-page-1 ez-toc-heading-level-4'><a class=\"ez-toc-link ez-toc-heading-2\" href=\"https:\/\/saphirsmaragd.com\/sl\/izdelek\/anhaenger-mit-amazonit-tropfen-2\/#_Merkmale_Herkunft\" >\u00a0Zna\u010dilnosti in izvor<\/a><\/li><li class='ez-toc-page-1 ez-toc-heading-level-4'><a class=\"ez-toc-link ez-toc-heading-3\" href=\"https:\/\/saphirsmaragd.com\/sl\/izdelek\/anhaenger-mit-amazonit-tropfen-2\/#_Besonderheiten\" >\u00a0Posebne funkcije<\/a><\/li><li class='ez-toc-page-1 ez-toc-heading-level-4'><a class=\"ez-toc-link ez-toc-heading-4\" href=\"https:\/\/saphirsmaragd.com\/sl\/izdelek\/anhaenger-mit-amazonit-tropfen-2\/#_Mehr_uber_Amazonite_Heilsteine\" >\u00a0Mehr \u00fcber Amazonite &amp; Heilsteine<\/a><\/li><li class='ez-toc-page-1 ez-toc-heading-level-4'><a class=\"ez-toc-link ez-toc-heading-5\" href=\"https:\/\/saphirsmaragd.com\/sl\/izdelek\/anhaenger-mit-amazonit-tropfen-2\/#Weitere_Infos\" >Dodatne informacije<\/a><\/li><\/ul><\/nav><\/div>\n<h4 data-start=\"978\" data-end=\"1042\"><span class=\"ez-toc-section\" id=\"Anhanger_mit_Amazonit_Tropfen_%E2%80%93_Handgefertigt_aus_925_Silber\"><\/span>Obesek s kapljico amazonita - Ro\u010dno izdelan iz srebra 925<span class=\"ez-toc-section-end\"><\/span><\/h4>\n<p data-start=\"1044\" data-end=\"1300\">Dieser Anh\u00e4nger mit Amazonit Tropfen ist ein handgefertigtes Unikat aus echtem 925 Sterlingsilber. Sie erhalten genau das abgebildete St\u00fcck \u2013 ein Edelstein von nat\u00fcrlicher Sch\u00f6nheit, der durch seine beruhigende und harmonisierende Energie fasziniert.<\/p>\n<hr data-start=\"1302\" data-end=\"1305\" \/>\n<h4 data-start=\"1307\" data-end=\"1335\"><span class=\"ez-toc-section\" id=\"_Merkmale_Herkunft\"><\/span>\u00a0Zna\u010dilnosti in izvor<span class=\"ez-toc-section-end\"><\/span><\/h4>\n<p data-start=\"1336\" data-end=\"1622\">Farbe: T\u00fcrkisgr\u00fcn<br data-start=\"1353\" data-end=\"1356\" \/>Oblika: Kapljice<br data-start=\"1369\" data-end=\"1372\" \/>Izvor: Brazilija<br data-start=\"1404\" data-end=\"1407\" \/>Ma\u00dfe: Stein 2,9 \u00d7 2,3 cm \/ Gesamtl\u00e4nge ca. 4 cm (mit \u00d6se)<br data-start=\"1464\" data-end=\"1467\" \/>Material: srebro (925)<br data-start=\"1497\" data-end=\"1500\" \/>Vrsta nakita: Obesek<br data-start=\"1520\" data-end=\"1523\" \/>\u010cistost: naravna<br data-start=\"1542\" data-end=\"1545\" \/>Zdravljenje: nezdravljeno<br data-start=\"1583\" data-end=\"1586\" \/>Steinart: Amazonit<br data-start=\"1604\" data-end=\"1607\" \/>\n<\/p>\n<hr data-start=\"1624\" data-end=\"1627\" \/>\n<h4 data-start=\"1629\" data-end=\"1652\"><span class=\"ez-toc-section\" id=\"_Besonderheiten\"><\/span>\u00a0Posebne funkcije<span class=\"ez-toc-section-end\"><\/span><\/h4>\n<p data-start=\"1654\" data-end=\"2011\">Der Amazonit ist ein Stein der Harmonie, des Schutzes und der inneren Ruhe. Dieser <strong data-start=\"1741\" data-end=\"1774\">Anh\u00e4nger mit Amazonit Tropfen<\/strong> hilft Ihnen, Emotionen und Verstand ins Gleichgewicht zu bringen und auch in herausfordernden Zeiten Frieden zu finden. Er wirkt besonders ausgleichend auf Herz und Halschakra und f\u00f6rdert einen ruhigen und klaren Ausdruck der Gef\u00fchle.<\/p>\n<p data-start=\"2013\" data-end=\"2307\">Der Amazonit sch\u00fctzt vor negativen \u00e4u\u00dferen Einfl\u00fcssen wie elektromagnetischer Strahlung (von Mobiltelefonen oder Computern), Umweltbelastungen und Stress. Seine sanfte, wasserverbundene Energie hilft hoch sensiblen Menschen, \u00dcberreizung zu vermeiden und emotional im Gleichgewicht zu bleiben.<\/p>\n<p data-start=\"2309\" data-end=\"2575\">Dar\u00fcber hinaus spendet Amazonit Trost bei Stimmungsschwankungen und lindert negative Emotionen wie Angst, \u00c4rger oder Sorge. Er unterst\u00fctzt die emotionale Heilung und st\u00e4rkt das Vertrauen in das eigene Selbst \u2013 ein wahrer Stein der inneren Balance und Geborgenheit.<\/p>\n<hr data-start=\"2577\" data-end=\"2580\" \/>\n<h4 data-start=\"2582\" data-end=\"2623\"><span class=\"ez-toc-section\" id=\"_Mehr_uber_Amazonite_Heilsteine\"><\/span>\u00a0Mehr \u00fcber Amazonite &amp; Heilsteine<span class=\"ez-toc-section-end\"><\/span><\/h4>\n<p data-start=\"2624\" data-end=\"2853\">Entdecken Sie mehr \u00fcber die energetische Wirkung von Amazoniten und anderen Kristallen in unserer Kategorie<br \/>\n<a class=\"decorated-link cursor-pointer\" href=\"https:\/\/saphirsmaragd.com\/sl\/product-category\/heilsteine-kristalle-kaufen\/\" target=\"_new\" rel=\"noopener\" data-start=\"2735\" data-end=\"2851\">Zdravilni kamni in kristali | Safir in smaragd<\/a><\/p>\n<hr data-start=\"2855\" data-end=\"2858\" \/>\n<h4 data-start=\"2860\" data-end=\"2882\"><span class=\"ez-toc-section\" id=\"Weitere_Infos\"><\/span>Dodatne informacije<span class=\"ez-toc-section-end\"><\/span><\/h4>\n<p data-start=\"2883\" data-end=\"2946\"><a class=\"decorated-link cursor-pointer\" href=\"https:\/\/de.wikipedia.org\/wiki\/Amazonit\" target=\"_new\" rel=\"noopener\" data-start=\"2883\" data-end=\"2944\">Wikipedia: Amazonit<\/a><\/p>","protected":false},"excerpt":{"rendered":"<p><em>Anh\u00e4nger mit Amazonit Tropfen aus 925 Silber \u2013 ein handgefertigtes Unikat mit sch\u00fctzender und ausgleichender Energie.<\/em><\/p>","protected":false},"featured_media":3378,"comment_status":"open","ping_status":"closed","template":"","meta":{"_glsr_average":0,"_glsr_ranking":0,"_glsr_reviews":0},"product_brand":[],"product_cat":[87],"product_tag":[],"class_list":{"0":"post-3377","1":"product","2":"type-product","3":"status-publish","4":"has-post-thumbnail","6":"product_cat-edelstein-anhaenger","8":"first","9":"instock","10":"shipping-taxable","11":"purchasable","12":"product-type-simple","13":"add-to-wishlist-before_image"},"jetpack_sharing_enabled":true,"_links":{"self":[{"href":"https:\/\/saphirsmaragd.com\/sl\/wp-json\/wp\/v2\/product\/3377","targetHints":{"allow":["GET"]}}],"collection":[{"href":"https:\/\/saphirsmaragd.com\/sl\/wp-json\/wp\/v2\/product"}],"about":[{"href":"https:\/\/saphirsmaragd.com\/sl\/wp-json\/wp\/v2\/types\/product"}],"replies":[{"embeddable":true,"href":"https:\/\/saphirsmaragd.com\/sl\/wp-json\/wp\/v2\/comments?post=3377"}],"version-history":[{"count":1,"href":"https:\/\/saphirsmaragd.com\/sl\/wp-json\/wp\/v2\/product\/3377\/revisions"}],"predecessor-version":[{"id":3380,"href":"https:\/\/saphirsmaragd.com\/sl\/wp-json\/wp\/v2\/product\/3377\/revisions\/3380"}],"wp:featuredmedia":[{"embeddable":true,"href":"https:\/\/saphirsmaragd.com\/sl\/wp-json\/wp\/v2\/media\/3378"}],"wp:attachment":[{"href":"https:\/\/saphirsmaragd.com\/sl\/wp-json\/wp\/v2\/media?parent=3377"}],"wp:term":[{"taxonomy":"product_brand","embeddable":true,"href":"https:\/\/saphirsmaragd.com\/sl\/wp-json\/wp\/v2\/product_brand?post=3377"},{"taxonomy":"product_cat","embeddable":true,"href":"https:\/\/saphirsmaragd.com\/sl\/wp-json\/wp\/v2\/product_cat?post=3377"},{"taxonomy":"product_tag","embeddable":true,"href":"https:\/\/saphirsmaragd.com\/sl\/wp-json\/wp\/v2\/product_tag?post=3377"}],"curies":[{"name":"wp","href":"https:\/\/api.w.org\/{rel}","templated":true}]}}