{"id":3623,"date":"2025-10-21T00:26:59","date_gmt":"2025-10-21T00:26:59","guid":{"rendered":"https:\/\/saphirsmaragd.com\/?post_type=product&#038;p=3623"},"modified":"2025-12-05T10:14:03","modified_gmt":"2025-12-05T10:14:03","slug":"anhaenger-mit-fluorit-tropfen-mehrfarbig","status":"publish","type":"product","link":"https:\/\/saphirsmaragd.com\/sl\/izdelek\/anhaenger-mit-fluorit-tropfen-mehrfarbig\/","title":{"rendered":"Obesek s kapljico fluorita v ve\u010d barvah \u2013 ro\u010dno izdelan z o\u010descem iz 14-karatnega zlata"},"content":{"rendered":"<div id=\"ez-toc-container\" class=\"ez-toc-v2_0_82_2 counter-hierarchy ez-toc-counter ez-toc-grey ez-toc-container-direction\">\n<div class=\"ez-toc-title-container\">\n<p class=\"ez-toc-title\" style=\"cursor:inherit\">Kazalo vsebine<\/p>\n<span class=\"ez-toc-title-toggle\"><a href=\"#\" class=\"ez-toc-pull-right ez-toc-btn ez-toc-btn-xs ez-toc-btn-default ez-toc-toggle\" aria-label=\"Toggle Table of Content\"><span class=\"ez-toc-js-icon-con\"><span class=\"\"><span class=\"eztoc-hide\" style=\"display:none;\">Preklopi<\/span><span class=\"ez-toc-icon-toggle-span\"><svg style=\"fill: #999;color:#999\" xmlns=\"http:\/\/www.w3.org\/2000\/svg\" class=\"list-377408\" width=\"20px\" height=\"20px\" viewbox=\"0 0 24 24\" fill=\"none\"><path d=\"M6 6H4v2h2V6zm14 0H8v2h12V6zM4 11h2v2H4v-2zm16 0H8v2h12v-2zM4 16h2v2H4v-2zm16 0H8v2h12v-2z\" fill=\"currentColor\"><\/path><\/svg><svg style=\"fill: #999;color:#999\" class=\"arrow-unsorted-368013\" xmlns=\"http:\/\/www.w3.org\/2000\/svg\" width=\"10px\" height=\"10px\" viewbox=\"0 0 24 24\" version=\"1.2\" baseprofile=\"tiny\"><path d=\"M18.2 9.3l-6.2-6.3-6.2 6.3c-.2.2-.3.4-.3.7s.1.5.3.7c.2.2.4.3.7.3h11c.3 0 .5-.1.7-.3.2-.2.3-.5.3-.7s-.1-.5-.3-.7zM5.8 14.7l6.2 6.3 6.2-6.3c.2-.2.3-.5.3-.7s-.1-.5-.3-.7c-.2-.2-.4-.3-.7-.3h-11c-.3 0-.5.1-.7.3-.2.2-.3.5-.3.7s.1.5.3.7z\"\/><\/svg><\/span><\/span><\/span><\/a><\/span><\/div>\n<nav><ul class='ez-toc-list ez-toc-list-level-1' ><li class='ez-toc-page-1 ez-toc-heading-level-4'><a class=\"ez-toc-link ez-toc-heading-1\" href=\"https:\/\/saphirsmaragd.com\/sl\/izdelek\/anhaenger-mit-fluorit-tropfen-mehrfarbig\/#_Anhanger_mit_Fluorit_Tropfen_Mehrfarbig_%E2%80%93_Handgefertigt_mit_14k_Goldose\" >\u00a0Obesek s kapljico fluorita v ve\u010d barvah \u2013 ro\u010dno izdelan z o\u010descem iz 14-karatnega zlata<\/a><\/li><li class='ez-toc-page-1 ez-toc-heading-level-4'><a class=\"ez-toc-link ez-toc-heading-2\" href=\"https:\/\/saphirsmaragd.com\/sl\/izdelek\/anhaenger-mit-fluorit-tropfen-mehrfarbig\/#Merkmale_Herkunft\" >Zna\u010dilnosti in izvor<\/a><\/li><li class='ez-toc-page-1 ez-toc-heading-level-4'><a class=\"ez-toc-link ez-toc-heading-3\" href=\"https:\/\/saphirsmaragd.com\/sl\/izdelek\/anhaenger-mit-fluorit-tropfen-mehrfarbig\/#_Besonderheiten\" >\u00a0Posebne funkcije<\/a><\/li><li class='ez-toc-page-1 ez-toc-heading-level-4'><a class=\"ez-toc-link ez-toc-heading-4\" href=\"https:\/\/saphirsmaragd.com\/sl\/izdelek\/anhaenger-mit-fluorit-tropfen-mehrfarbig\/#_Mehr_uber_Fluorite_Heilsteine\" >\u00a0Mehr \u00fcber Fluorite &amp; Heilsteine<\/a><\/li><li class='ez-toc-page-1 ez-toc-heading-level-4'><a class=\"ez-toc-link ez-toc-heading-5\" href=\"https:\/\/saphirsmaragd.com\/sl\/izdelek\/anhaenger-mit-fluorit-tropfen-mehrfarbig\/#_Weitere_Infos\" >\u00a0Dodatne informacije<\/a><\/li><\/ul><\/nav><\/div>\n<h4 data-start=\"178\" data-end=\"257\"><span class=\"ez-toc-section\" id=\"_Anhanger_mit_Fluorit_Tropfen_Mehrfarbig_%E2%80%93_Handgefertigt_mit_14k_Goldose\"><\/span><strong data-start=\"178\" data-end=\"257\">\u00a0Obesek s kapljico fluorita v ve\u010d barvah \u2013 ro\u010dno izdelan z o\u010descem iz 14-karatnega zlata<\/strong><span class=\"ez-toc-section-end\"><\/span><\/h4>\n<p data-start=\"259\" data-end=\"469\">Der Anh\u00e4nger mit Fluorit Tropfen Mehrfarbig vereint nat\u00fcrliche Farbspiele mit einer sanften, geistig kl\u00e4renden Energie und wirkt unterst\u00fctzend bei Konzentration, Informationsverarbeitung und innerer Stabilit\u00e4t.<\/p>\n<hr data-start=\"471\" data-end=\"474\" \/>\n<h4 data-start=\"476\" data-end=\"501\"><span class=\"ez-toc-section\" id=\"Merkmale_Herkunft\"><\/span>Zna\u010dilnosti in izvor<span class=\"ez-toc-section-end\"><\/span><\/h4>\n<p data-start=\"502\" data-end=\"819\">Farbe: Mehrfarbig<br data-start=\"519\" data-end=\"522\" \/>Oblika: Kapljice<br data-start=\"535\" data-end=\"538\" \/>Herkunft: Nicht spezifiziert<br data-start=\"566\" data-end=\"569\" \/>Gewicht: variiert<br data-start=\"586\" data-end=\"589\" \/>Ma\u00dfe: ca. 1.8 x 1.2 cm bis 2 x 1.4 cm<br data-start=\"626\" data-end=\"629\" \/>Reinheit: Nat\u00fcrlich, mit typischen Vertiefungen<br data-start=\"676\" data-end=\"679\" \/>Zdravljenje: nezdravljeno<br data-start=\"747\" data-end=\"750\" \/>Vrsta nakita: Obesek<br data-start=\"770\" data-end=\"773\" \/>Material: 14 Karat Gold\u00f6se<br data-start=\"799\" data-end=\"802\" \/>Steinart: Fluorit<\/p>\n<hr data-start=\"821\" data-end=\"824\" \/>\n<h4 data-start=\"826\" data-end=\"846\"><span class=\"ez-toc-section\" id=\"_Besonderheiten\"><\/span>\u00a0Posebne funkcije<span class=\"ez-toc-section-end\"><\/span><\/h4>\n<p data-start=\"848\" data-end=\"1331\">Der Anh\u00e4nger mit Fluorit Tropfen Mehrfarbig verbindet Schutz und geistige Klarheit mit einem besonders ausdrucksstarken Farbbild, das unmittelbar an die vielschichtigen Ebenen der Wahrnehmung und Intuition erinnert. Fluorit ist bekannt daf\u00fcr, mentale \u00dcberforderung zu reduzieren, Gedanken zu ordnen und das Einpr\u00e4gen sowie Verarbeiten von Informationen zu unterst\u00fctzen. Dadurch gilt er als idealer Begleiter f\u00fcr Lernphasen, Studium, berufliche Weiterbildung oder kreative Arbeit.<\/p>\n<p data-start=\"1333\" data-end=\"1720\">\n<hr data-start=\"1722\" data-end=\"1725\" \/>\n<h4 data-start=\"1727\" data-end=\"1764\"><span class=\"ez-toc-section\" id=\"_Mehr_uber_Fluorite_Heilsteine\"><\/span>\u00a0Mehr \u00fcber Fluorite &amp; Heilsteine<span class=\"ez-toc-section-end\"><\/span><\/h4>\n<p data-start=\"1765\" data-end=\"1991\">Weitere naturbelassene Heilsteine mit mentaler und emotionaler Wirkung finden Sie in unserer Kategorie<br data-start=\"1867\" data-end=\"1870\" \/><a href=\"https:\/\/saphirsmaragd.com\/sl\/product-category\/heilsteine-kristalle-kaufen\/\">Zdravilni kamni in kristali | Safir in smaragd<\/a><br data-start=\"1915\" data-end=\"1918\" \/>\n<\/p>\n<hr data-start=\"1993\" data-end=\"1996\" \/>\n<h4 data-start=\"1998\" data-end=\"2017\"><span class=\"ez-toc-section\" id=\"_Weitere_Infos\"><\/span>\u00a0Dodatne informacije<span class=\"ez-toc-section-end\"><\/span><\/h4>\n<p data-start=\"2018\" data-end=\"2055\"><a class=\"decorated-link cursor-pointer\" href=\"https:\/\/de.wikipedia.org\/wiki\/Fluorit\" target=\"_new\" rel=\"noopener\" data-start=\"2018\" data-end=\"2055\">wikipedia: Fluorit<\/a><\/p>","protected":false},"excerpt":{"rendered":"<p><em>Eleganter Anh\u00e4nger mit Fluorit Tropfen Mehrfarbig und 14k Gold\u00f6se. Unterst\u00fctzt Konzentration, Schutz und geistige Stabilit\u00e4t.<\/em><\/p>","protected":false},"featured_media":3624,"comment_status":"open","ping_status":"closed","template":"","meta":{"_glsr_average":0,"_glsr_ranking":0,"_glsr_reviews":0},"product_brand":[],"product_cat":[87],"product_tag":[],"class_list":{"0":"post-3623","1":"product","2":"type-product","3":"status-publish","4":"has-post-thumbnail","6":"product_cat-edelstein-anhaenger","8":"first","9":"instock","10":"shipping-taxable","11":"purchasable","12":"product-type-simple","13":"add-to-wishlist-before_image"},"jetpack_sharing_enabled":true,"_links":{"self":[{"href":"https:\/\/saphirsmaragd.com\/sl\/wp-json\/wp\/v2\/product\/3623","targetHints":{"allow":["GET"]}}],"collection":[{"href":"https:\/\/saphirsmaragd.com\/sl\/wp-json\/wp\/v2\/product"}],"about":[{"href":"https:\/\/saphirsmaragd.com\/sl\/wp-json\/wp\/v2\/types\/product"}],"replies":[{"embeddable":true,"href":"https:\/\/saphirsmaragd.com\/sl\/wp-json\/wp\/v2\/comments?post=3623"}],"version-history":[{"count":1,"href":"https:\/\/saphirsmaragd.com\/sl\/wp-json\/wp\/v2\/product\/3623\/revisions"}],"predecessor-version":[{"id":3626,"href":"https:\/\/saphirsmaragd.com\/sl\/wp-json\/wp\/v2\/product\/3623\/revisions\/3626"}],"wp:featuredmedia":[{"embeddable":true,"href":"https:\/\/saphirsmaragd.com\/sl\/wp-json\/wp\/v2\/media\/3624"}],"wp:attachment":[{"href":"https:\/\/saphirsmaragd.com\/sl\/wp-json\/wp\/v2\/media?parent=3623"}],"wp:term":[{"taxonomy":"product_brand","embeddable":true,"href":"https:\/\/saphirsmaragd.com\/sl\/wp-json\/wp\/v2\/product_brand?post=3623"},{"taxonomy":"product_cat","embeddable":true,"href":"https:\/\/saphirsmaragd.com\/sl\/wp-json\/wp\/v2\/product_cat?post=3623"},{"taxonomy":"product_tag","embeddable":true,"href":"https:\/\/saphirsmaragd.com\/sl\/wp-json\/wp\/v2\/product_tag?post=3623"}],"curies":[{"name":"wp","href":"https:\/\/api.w.org\/{rel}","templated":true}]}}