{"id":4108,"date":"2025-11-01T10:47:27","date_gmt":"2025-11-01T10:47:27","guid":{"rendered":"https:\/\/saphirsmaragd.com\/?post_type=product&#038;p=4108"},"modified":"2025-12-29T18:56:00","modified_gmt":"2025-12-29T18:56:00","slug":"turmalin-7-81-karat-hellgelb-oval","status":"publish","type":"product","link":"https:\/\/saphirsmaragd.com\/sl\/izdelek\/turmalin-7-81-karat-hellgelb-oval\/","title":{"rendered":"Turmalin 7,81 karata, svetlo rumen oval \u2013 izjemen dragi kamen z intenzivnim barvnim sijajem"},"content":{"rendered":"<div id=\"ez-toc-container\" class=\"ez-toc-v2_0_82_2 counter-hierarchy ez-toc-counter ez-toc-grey ez-toc-container-direction\">\n<div class=\"ez-toc-title-container\">\n<p class=\"ez-toc-title\" style=\"cursor:inherit\">Kazalo vsebine<\/p>\n<span class=\"ez-toc-title-toggle\"><a href=\"#\" class=\"ez-toc-pull-right ez-toc-btn ez-toc-btn-xs ez-toc-btn-default ez-toc-toggle\" aria-label=\"Toggle Table of Content\"><span class=\"ez-toc-js-icon-con\"><span class=\"\"><span class=\"eztoc-hide\" style=\"display:none;\">Preklopi<\/span><span class=\"ez-toc-icon-toggle-span\"><svg style=\"fill: #999;color:#999\" xmlns=\"http:\/\/www.w3.org\/2000\/svg\" class=\"list-377408\" width=\"20px\" height=\"20px\" viewbox=\"0 0 24 24\" fill=\"none\"><path d=\"M6 6H4v2h2V6zm14 0H8v2h12V6zM4 11h2v2H4v-2zm16 0H8v2h12v-2zM4 16h2v2H4v-2zm16 0H8v2h12v-2z\" fill=\"currentColor\"><\/path><\/svg><svg style=\"fill: #999;color:#999\" class=\"arrow-unsorted-368013\" xmlns=\"http:\/\/www.w3.org\/2000\/svg\" width=\"10px\" height=\"10px\" viewbox=\"0 0 24 24\" version=\"1.2\" baseprofile=\"tiny\"><path d=\"M18.2 9.3l-6.2-6.3-6.2 6.3c-.2.2-.3.4-.3.7s.1.5.3.7c.2.2.4.3.7.3h11c.3 0 .5-.1.7-.3.2-.2.3-.5.3-.7s-.1-.5-.3-.7zM5.8 14.7l6.2 6.3 6.2-6.3c.2-.2.3-.5.3-.7s-.1-.5-.3-.7c-.2-.2-.4-.3-.7-.3h-11c-.3 0-.5.1-.7.3-.2.2-.3.5-.3.7s.1.5.3.7z\"\/><\/svg><\/span><\/span><\/span><\/a><\/span><\/div>\n<nav><ul class='ez-toc-list ez-toc-list-level-1' ><li class='ez-toc-page-1 ez-toc-heading-level-4'><a class=\"ez-toc-link ez-toc-heading-1\" href=\"https:\/\/saphirsmaragd.com\/sl\/izdelek\/turmalin-7-81-karat-hellgelb-oval\/#Turmalin_781_Karat_Hellgelb_Oval_%E2%80%93_ein_strahlender_Canary-Edelstein_von_besonderer_Grose\" >Turmalin 7.81 Karat Hellgelb Oval \u2013 ein strahlender Canary-Edelstein von besonderer Gr\u00f6\u00dfe<\/a><\/li><li class='ez-toc-page-1 ez-toc-heading-level-4'><a class=\"ez-toc-link ez-toc-heading-2\" href=\"https:\/\/saphirsmaragd.com\/sl\/izdelek\/turmalin-7-81-karat-hellgelb-oval\/#Merkmale_Herkunft\" >Zna\u010dilnosti in izvor<\/a><\/li><li class='ez-toc-page-1 ez-toc-heading-level-4'><a class=\"ez-toc-link ez-toc-heading-3\" href=\"https:\/\/saphirsmaragd.com\/sl\/izdelek\/turmalin-7-81-karat-hellgelb-oval\/#Besonderheiten\" >Posebne funkcije<\/a><\/li><li class='ez-toc-page-1 ez-toc-heading-level-4'><a class=\"ez-toc-link ez-toc-heading-4\" href=\"https:\/\/saphirsmaragd.com\/sl\/izdelek\/turmalin-7-81-karat-hellgelb-oval\/#Mehr_uber_unsere_Edelsteine\" >Ve\u010d o na\u0161ih dragih kamnih<\/a><\/li><li class='ez-toc-page-1 ez-toc-heading-level-4'><a class=\"ez-toc-link ez-toc-heading-5\" href=\"https:\/\/saphirsmaragd.com\/sl\/izdelek\/turmalin-7-81-karat-hellgelb-oval\/#Weitere_Infos\" >Dodatne informacije<\/a><\/li><\/ul><\/nav><\/div>\n<h4 data-start=\"967\" data-end=\"1063\"><span class=\"ez-toc-section\" id=\"Turmalin_781_Karat_Hellgelb_Oval_%E2%80%93_ein_strahlender_Canary-Edelstein_von_besonderer_Grose\"><\/span>Turmalin 7.81 Karat Hellgelb Oval \u2013 ein strahlender Canary-Edelstein von besonderer Gr\u00f6\u00dfe<span class=\"ez-toc-section-end\"><\/span><\/h4>\n<p data-start=\"1064\" data-end=\"1481\">Dieser au\u00dfergew\u00f6hnliche Turmalin besticht durch seine intensive hellgelbe Farbe und eine beeindruckende Gr\u00f6\u00dfe von \u00fcber 15 mm L\u00e4nge. Die pr\u00e4zise Facettierung unterstreicht seine Leuchtkraft und verleiht ihm ein besonders lebendiges Funkeln. Seine nat\u00fcrlichen Einschl\u00fcsse tragen zum charakteristischen Glanz bei und machen ihn zu einem unverwechselbaren St\u00fcck \u2013 ideal f\u00fcr Schmuckliebhaber und Sammler gro\u00dfer Edelsteine.<\/p>\n<hr data-start=\"1483\" data-end=\"1486\" \/>\n<h4 data-start=\"1488\" data-end=\"1517\"><span class=\"ez-toc-section\" id=\"Merkmale_Herkunft\"><\/span>Zna\u010dilnosti in izvor<span class=\"ez-toc-section-end\"><\/span><\/h4>\n<p data-start=\"1518\" data-end=\"1786\">Vrsta kamna: turmalin<br data-start=\"1536\" data-end=\"1539\" \/>Farbe: Hellgelb<br data-start=\"1554\" data-end=\"1557\" \/>Oblika: Ovalna<br data-start=\"1567\" data-end=\"1570\" \/>Gewicht: 7.81 Karat<br data-start=\"1589\" data-end=\"1592\" \/>Trdota: 7 po Mohsovi lestvici<br data-start=\"1619\" data-end=\"1622\" \/>Gr\u00f6\u00dfe: 15.56 \u00d7 10.85 mm<br data-start=\"1645\" data-end=\"1648\" \/>Jasnost: Jasni vklju\u010dki<br data-start=\"1679\" data-end=\"1682\" \/>Zdravljenje: nezdravljeno<br data-start=\"1705\" data-end=\"1708\" \/>Izvor: Madagaskar<br data-start=\"1728\" data-end=\"1731\" \/>Certifikat: Val\u00e9rie DURAFFOURG (Gem-A)<br data-start=\"1769\" data-end=\"1772\" \/>Stanje: Novo<\/p>\n<hr data-start=\"1788\" data-end=\"1791\" \/>\n<h4 data-start=\"1793\" data-end=\"1817\"><span class=\"ez-toc-section\" id=\"Besonderheiten\"><\/span>Posebne funkcije<span class=\"ez-toc-section-end\"><\/span><\/h4>\n<p data-start=\"1818\" data-end=\"2175\">Der Turmalin 7.81 Karat Hellgelb Oval zeigt ein seltenes Canary-Gelb von bemerkenswerter Leuchtkraft. Trotz seiner Einschl\u00fcsse reflektiert er das Licht auf einzigartige Weise und entfaltet eine nat\u00fcrliche Brillanz. Ein Edelstein dieser Gr\u00f6\u00dfe und Farbe ist \u00e4u\u00dferst selten und bietet eine exzellente Wahl f\u00fcr ma\u00dfgefertigte Ringe, Anh\u00e4nger oder Schmuckunikate.<\/p>\n<hr data-start=\"1926\" data-end=\"1929\" \/>\n<h4 data-start=\"1931\" data-end=\"1971\"><span class=\"ez-toc-section\" id=\"Mehr_uber_unsere_Edelsteine\"><\/span>Ve\u010d o na\u0161ih dragih kamnih<span class=\"ez-toc-section-end\"><\/span><\/h4>\n<p data-start=\"1972\" data-end=\"2069\"><a href=\"https:\/\/saphirsmaragd.com\/sl\/product-category\/edelsteine-kaufen\/\">dragi kamni<\/a><\/p>\n<hr data-start=\"2071\" data-end=\"2074\" \/>\n<h4 data-start=\"2076\" data-end=\"2096\"><span class=\"ez-toc-section\" id=\"Weitere_Infos\"><\/span>Dodatne informacije<span class=\"ez-toc-section-end\"><\/span><\/h4>\n<p><a href=\"https:\/\/de.wikipedia.org\/wiki\/Turmalin\" target=\"_blank\" rel=\"noopener\">Wikipedija: Turmalin<\/a><\/p>","protected":false},"excerpt":{"rendered":"<p data-start=\"558\" data-end=\"815\"><em>Dieser Turmalin 7.81 Karat Hellgelb Oval beeindruckt durch seinen leuchtend gelben Farbton und die beeindruckende Gr\u00f6\u00dfe. Mit seiner lebendigen Canary-Nuance und den nat\u00fcrlichen Einschl\u00fcssen ist er ein charakterstarker Edelstein f\u00fcr exklusive Schmuckdesigns.<\/em><\/p>\n<h2 data-start=\"523\" data-end=\"548\"><\/h2>","protected":false},"featured_media":4111,"comment_status":"open","ping_status":"closed","template":"","meta":{"_glsr_average":0,"_glsr_ranking":0,"_glsr_reviews":0},"product_brand":[],"product_cat":[109],"product_tag":[],"class_list":{"0":"post-4108","1":"product","2":"type-product","3":"status-publish","4":"has-post-thumbnail","6":"product_cat-turmalin-kaufen","7":"pa_edelsteinart-turmalin","8":"pa_farbe-gelb","9":"pa_form-oval","10":"pa_gewicht-karat-5-0-10-karat","11":"pa_reinheit-deutliche-einschluesse","12":"pa_veredelung-behandlung-unbehandelt","13":"pa_zertifikat-ja","14":"pa_zustand-neu","16":"first","17":"instock","18":"featured","19":"sold-individually","20":"shipping-taxable","21":"purchasable","22":"product-type-simple","23":"add-to-wishlist-before_image"},"jetpack_sharing_enabled":true,"_links":{"self":[{"href":"https:\/\/saphirsmaragd.com\/sl\/wp-json\/wp\/v2\/product\/4108","targetHints":{"allow":["GET"]}}],"collection":[{"href":"https:\/\/saphirsmaragd.com\/sl\/wp-json\/wp\/v2\/product"}],"about":[{"href":"https:\/\/saphirsmaragd.com\/sl\/wp-json\/wp\/v2\/types\/product"}],"replies":[{"embeddable":true,"href":"https:\/\/saphirsmaragd.com\/sl\/wp-json\/wp\/v2\/comments?post=4108"}],"version-history":[{"count":1,"href":"https:\/\/saphirsmaragd.com\/sl\/wp-json\/wp\/v2\/product\/4108\/revisions"}],"predecessor-version":[{"id":4112,"href":"https:\/\/saphirsmaragd.com\/sl\/wp-json\/wp\/v2\/product\/4108\/revisions\/4112"}],"wp:featuredmedia":[{"embeddable":true,"href":"https:\/\/saphirsmaragd.com\/sl\/wp-json\/wp\/v2\/media\/4111"}],"wp:attachment":[{"href":"https:\/\/saphirsmaragd.com\/sl\/wp-json\/wp\/v2\/media?parent=4108"}],"wp:term":[{"taxonomy":"product_brand","embeddable":true,"href":"https:\/\/saphirsmaragd.com\/sl\/wp-json\/wp\/v2\/product_brand?post=4108"},{"taxonomy":"product_cat","embeddable":true,"href":"https:\/\/saphirsmaragd.com\/sl\/wp-json\/wp\/v2\/product_cat?post=4108"},{"taxonomy":"product_tag","embeddable":true,"href":"https:\/\/saphirsmaragd.com\/sl\/wp-json\/wp\/v2\/product_tag?post=4108"}],"curies":[{"name":"wp","href":"https:\/\/api.w.org\/{rel}","templated":true}]}}