{"id":4943,"date":"2025-11-12T23:38:22","date_gmt":"2025-11-12T23:38:22","guid":{"rendered":"https:\/\/saphirsmaragd.com\/?post_type=product&#038;p=4943"},"modified":"2025-12-05T10:16:39","modified_gmt":"2025-12-05T10:16:39","slug":"cobalto-calcit-mit-dolomit-cluster","status":"publish","type":"product","link":"https:\/\/saphirsmaragd.com\/sl\/izdelek\/cobalto-calcit-mit-dolomit-cluster\/","title":{"rendered":"\u00a0Cobalto-Calcit mit Dolomit-Cluster 25 x 13 x 9 cm \u2013 Naturstein aus Marokko"},"content":{"rendered":"<div id=\"ez-toc-container\" class=\"ez-toc-v2_0_82_2 counter-hierarchy ez-toc-counter ez-toc-grey ez-toc-container-direction\">\n<div class=\"ez-toc-title-container\">\n<p class=\"ez-toc-title\" style=\"cursor:inherit\">Kazalo vsebine<\/p>\n<span class=\"ez-toc-title-toggle\"><a href=\"#\" class=\"ez-toc-pull-right ez-toc-btn ez-toc-btn-xs ez-toc-btn-default ez-toc-toggle\" aria-label=\"Toggle Table of Content\"><span class=\"ez-toc-js-icon-con\"><span class=\"\"><span class=\"eztoc-hide\" style=\"display:none;\">Preklopi<\/span><span class=\"ez-toc-icon-toggle-span\"><svg style=\"fill: #999;color:#999\" xmlns=\"http:\/\/www.w3.org\/2000\/svg\" class=\"list-377408\" width=\"20px\" height=\"20px\" viewbox=\"0 0 24 24\" fill=\"none\"><path d=\"M6 6H4v2h2V6zm14 0H8v2h12V6zM4 11h2v2H4v-2zm16 0H8v2h12v-2zM4 16h2v2H4v-2zm16 0H8v2h12v-2z\" fill=\"currentColor\"><\/path><\/svg><svg style=\"fill: #999;color:#999\" class=\"arrow-unsorted-368013\" xmlns=\"http:\/\/www.w3.org\/2000\/svg\" width=\"10px\" height=\"10px\" viewbox=\"0 0 24 24\" version=\"1.2\" baseprofile=\"tiny\"><path d=\"M18.2 9.3l-6.2-6.3-6.2 6.3c-.2.2-.3.4-.3.7s.1.5.3.7c.2.2.4.3.7.3h11c.3 0 .5-.1.7-.3.2-.2.3-.5.3-.7s-.1-.5-.3-.7zM5.8 14.7l6.2 6.3 6.2-6.3c.2-.2.3-.5.3-.7s-.1-.5-.3-.7c-.2-.2-.4-.3-.7-.3h-11c-.3 0-.5.1-.7.3-.2.2-.3.5-.3.7s.1.5.3.7z\"\/><\/svg><\/span><\/span><\/span><\/a><\/span><\/div>\n<nav><ul class='ez-toc-list ez-toc-list-level-1' ><li class='ez-toc-page-1 ez-toc-heading-level-4'><a class=\"ez-toc-link ez-toc-heading-1\" href=\"https:\/\/saphirsmaragd.com\/sl\/izdelek\/cobalto-calcit-mit-dolomit-cluster\/#_Cobalto-Calcit_mit_Dolomit-Cluster_25_x_13_x_9_cm_%E2%80%93_Naturstein_aus_Marokko\" >\u00a0Cobalto-Calcit mit Dolomit-Cluster 25 x 13 x 9 cm \u2013 Naturstein aus Marokko<\/a><\/li><li class='ez-toc-page-1 ez-toc-heading-level-4'><a class=\"ez-toc-link ez-toc-heading-2\" href=\"https:\/\/saphirsmaragd.com\/sl\/izdelek\/cobalto-calcit-mit-dolomit-cluster\/#_Merkmale_Herkunft\" >\u00a0Zna\u010dilnosti in izvor<\/a><\/li><li class='ez-toc-page-1 ez-toc-heading-level-4'><a class=\"ez-toc-link ez-toc-heading-3\" href=\"https:\/\/saphirsmaragd.com\/sl\/izdelek\/cobalto-calcit-mit-dolomit-cluster\/#_Besonderheiten\" >\u00a0Posebne funkcije<\/a><\/li><li class='ez-toc-page-1 ez-toc-heading-level-4'><a class=\"ez-toc-link ez-toc-heading-4\" href=\"https:\/\/saphirsmaragd.com\/sl\/izdelek\/cobalto-calcit-mit-dolomit-cluster\/#_Mehr_uber_Calcit-Steine_Heilsteine\" >\u00a0Mehr \u00fcber Calcit-Steine &amp; Heilsteine<\/a><\/li><li class='ez-toc-page-1 ez-toc-heading-level-4'><a class=\"ez-toc-link ez-toc-heading-5\" href=\"https:\/\/saphirsmaragd.com\/sl\/izdelek\/cobalto-calcit-mit-dolomit-cluster\/#_Weitere_Infos\" >\u00a0Dodatne informacije<\/a><\/li><\/ul><\/nav><\/div>\n<h4 data-start=\"0\" data-end=\"86\"><span class=\"ez-toc-section\" id=\"_Cobalto-Calcit_mit_Dolomit-Cluster_25_x_13_x_9_cm_%E2%80%93_Naturstein_aus_Marokko\"><\/span><strong data-start=\"2\" data-end=\"84\">\u00a0Cobalto-Calcit mit Dolomit-Cluster 25 x 13 x 9 cm \u2013 Naturstein aus Marokko<\/strong><span class=\"ez-toc-section-end\"><\/span><\/h4>\n<p data-start=\"88\" data-end=\"383\">Der Cobalto-Calcit mit Dolomit-Cluster 25 x 13 x 9 cm ist ein au\u00dfergew\u00f6hnliches Unikat mit intensiver, rosafarbener Kristallstruktur und feiner Dolomitbildung. Das St\u00fcck wird inklusive Stand geliefert \u2013 ein prachtvoller Heilstein, der Motivation, Selbstvertrauen und innere St\u00e4rke f\u00f6rdert.<\/p>\n<hr data-start=\"385\" data-end=\"388\" \/>\n<h4 data-start=\"390\" data-end=\"418\"><span class=\"ez-toc-section\" id=\"_Merkmale_Herkunft\"><\/span>\u00a0Zna\u010dilnosti in izvor<span class=\"ez-toc-section-end\"><\/span><\/h4>\n<p data-start=\"419\" data-end=\"756\">Farbe: Rosarot mit wei\u00dfen Dolomit-Einschl\u00fcssen<br data-start=\"465\" data-end=\"468\" \/>Form: Kristall-Cluster auf Stand<br data-start=\"500\" data-end=\"503\" \/>Herkunft: Marokko<br data-start=\"520\" data-end=\"523\" \/>Gewicht: 4012 g (inkl. Stand)<br data-start=\"552\" data-end=\"555\" \/>Ma\u00dfe: 25 \u00d7 13 \u00d7 9 cm<br data-start=\"575\" data-end=\"578\" \/>Gesamtgr\u00f6\u00dfe: 25 \u00d7 13 \u00d7 18 cm<br data-start=\"606\" data-end=\"609\" \/>Reinheit: Nat\u00fcrlich, mit Dolomitbildung<br data-start=\"648\" data-end=\"651\" \/>Zdravljenje: nezdravljeno<br data-start=\"715\" data-end=\"718\" \/>Steinart: Cobalto-Calcit mit Dolomit<\/p>\n<hr data-start=\"758\" data-end=\"761\" \/>\n<h4 data-start=\"763\" data-end=\"786\"><span class=\"ez-toc-section\" id=\"_Besonderheiten\"><\/span>\u00a0Posebne funkcije<span class=\"ez-toc-section-end\"><\/span><\/h4>\n<p data-start=\"787\" data-end=\"1223\">Der Cobalto-Calcit mit Dolomit-Cluster 25 x 13 x 9 cm ist ein Stein der Motivation und Selbstentfaltung. Seine kraftvolle Energie aktiviert K\u00f6rper, Geist und Seele gleicherma\u00dfen und unterst\u00fctzt pers\u00f6nliches Wachstum, Selbstvertrauen und Entschlusskraft. Der Stein st\u00e4rkt die innere Standhaftigkeit, spendet Hoffnung und Mut und hilft, Gef\u00fchle und Verstand in Einklang zu bringen. Dadurch entsteht innere Ruhe und mentale Klarheit.<\/p>\n<p data-start=\"1225\" data-end=\"1690\">Cobalto-Calcit f\u00f6rdert analytisches Denken, Konzentration und Zielstrebigkeit \u2013 er ist somit ideal f\u00fcr Menschen, die Herausforderungen mit klarem Fokus begegnen m\u00f6chten. Der Stein reinigt R\u00e4ume von negativer Energie (regelm\u00e4\u00dfiges Entladen empfohlen) und unterst\u00fctzt gleichzeitig die k\u00f6rperliche Vitalit\u00e4t. Physisch regt er den Stoffwechsel und das Immunsystem an, f\u00f6rdert die Kalziumaufnahme und wirkt st\u00e4rkend auf Herz, Knochen, Gelenke und Wachstum bei Kindern.<\/p>\n<hr data-start=\"1692\" data-end=\"1695\" \/>\n<h4 data-start=\"1697\" data-end=\"1742\"><span class=\"ez-toc-section\" id=\"_Mehr_uber_Calcit-Steine_Heilsteine\"><\/span>\u00a0Mehr \u00fcber Calcit-Steine &amp; Heilsteine<span class=\"ez-toc-section-end\"><\/span><\/h4>\n<p data-start=\"1743\" data-end=\"1924\">Entdecken Sie weitere faszinierende <strong data-start=\"1779\" data-end=\"1805\">Zdravilni kamni in kristali<\/strong> in unserer Sammlung auf <a href=\"https:\/\/saphirsmaragd.com\/sl\/product-category\/heilsteine-kristalle-kaufen\/\">Saphir &amp; Smaragd.<\/a><\/p>\n<hr data-start=\"1926\" data-end=\"1929\" \/>\n<h4 data-start=\"1931\" data-end=\"1953\"><span class=\"ez-toc-section\" id=\"_Weitere_Infos\"><\/span>\u00a0Dodatne informacije<span class=\"ez-toc-section-end\"><\/span><\/h4>\n<p data-start=\"1954\" data-end=\"2013\"><a class=\"decorated-link cursor-pointer\" href=\"https:\/\/de.wikipedia.org\/wiki\/Calcit\" target=\"_new\" rel=\"noopener\" data-start=\"1954\" data-end=\"2011\">Wikipedia: Calcit<\/a><\/p>","protected":false},"excerpt":{"rendered":"<p><em>Cobalto-Calcit mit Dolomit-Cluster 25 x 13 x 9 cm \u2013 seltener Heilstein aus Marokko f\u00fcr Motivation, Mut und innere St\u00e4rke.<\/em><\/p>","protected":false},"featured_media":4944,"comment_status":"open","ping_status":"closed","template":"","meta":{"_glsr_average":0,"_glsr_ranking":0,"_glsr_reviews":0},"product_brand":[],"product_cat":[84],"product_tag":[],"class_list":{"0":"post-4943","1":"product","2":"type-product","3":"status-publish","4":"has-post-thumbnail","6":"product_cat-rohsteine-kaufen","8":"first","9":"instock","10":"shipping-taxable","11":"purchasable","12":"product-type-simple","13":"add-to-wishlist-before_image"},"jetpack_sharing_enabled":true,"_links":{"self":[{"href":"https:\/\/saphirsmaragd.com\/sl\/wp-json\/wp\/v2\/product\/4943","targetHints":{"allow":["GET"]}}],"collection":[{"href":"https:\/\/saphirsmaragd.com\/sl\/wp-json\/wp\/v2\/product"}],"about":[{"href":"https:\/\/saphirsmaragd.com\/sl\/wp-json\/wp\/v2\/types\/product"}],"replies":[{"embeddable":true,"href":"https:\/\/saphirsmaragd.com\/sl\/wp-json\/wp\/v2\/comments?post=4943"}],"version-history":[{"count":1,"href":"https:\/\/saphirsmaragd.com\/sl\/wp-json\/wp\/v2\/product\/4943\/revisions"}],"predecessor-version":[{"id":4948,"href":"https:\/\/saphirsmaragd.com\/sl\/wp-json\/wp\/v2\/product\/4943\/revisions\/4948"}],"wp:featuredmedia":[{"embeddable":true,"href":"https:\/\/saphirsmaragd.com\/sl\/wp-json\/wp\/v2\/media\/4944"}],"wp:attachment":[{"href":"https:\/\/saphirsmaragd.com\/sl\/wp-json\/wp\/v2\/media?parent=4943"}],"wp:term":[{"taxonomy":"product_brand","embeddable":true,"href":"https:\/\/saphirsmaragd.com\/sl\/wp-json\/wp\/v2\/product_brand?post=4943"},{"taxonomy":"product_cat","embeddable":true,"href":"https:\/\/saphirsmaragd.com\/sl\/wp-json\/wp\/v2\/product_cat?post=4943"},{"taxonomy":"product_tag","embeddable":true,"href":"https:\/\/saphirsmaragd.com\/sl\/wp-json\/wp\/v2\/product_tag?post=4943"}],"curies":[{"name":"wp","href":"https:\/\/api.w.org\/{rel}","templated":true}]}}