{"id":5101,"date":"2025-11-14T10:45:08","date_gmt":"2025-11-14T10:45:08","guid":{"rendered":"https:\/\/saphirsmaragd.com\/?post_type=product&#038;p=5101"},"modified":"2025-12-29T18:49:25","modified_gmt":"2025-12-29T18:49:25","slug":"morganit-2-42-karat-farbe-rosa","status":"publish","type":"product","link":"https:\/\/saphirsmaragd.com\/sl\/izdelek\/morganit-2-42-karat-farbe-rosa\/","title":{"rendered":"Morganit 2,42 karata ro\u017enate barve - fasetni dragi kamen v obliki blazinice najvi\u0161je \u010distosti"},"content":{"rendered":"<div id=\"ez-toc-container\" class=\"ez-toc-v2_0_83 counter-hierarchy ez-toc-counter ez-toc-grey ez-toc-container-direction\">\n<div class=\"ez-toc-title-container\">\n<p class=\"ez-toc-title\" style=\"cursor:inherit\">Kazalo vsebine<\/p>\n<span class=\"ez-toc-title-toggle\"><a href=\"#\" class=\"ez-toc-pull-right ez-toc-btn ez-toc-btn-xs ez-toc-btn-default ez-toc-toggle\" aria-label=\"Toggle Table of Content\"><span class=\"ez-toc-js-icon-con\"><span class=\"\"><span class=\"eztoc-hide\" style=\"display:none;\">Preklopi<\/span><span class=\"ez-toc-icon-toggle-span\"><svg style=\"fill: #999;color:#999\" xmlns=\"http:\/\/www.w3.org\/2000\/svg\" class=\"list-377408\" width=\"20px\" height=\"20px\" viewbox=\"0 0 24 24\" fill=\"none\"><path d=\"M6 6H4v2h2V6zm14 0H8v2h12V6zM4 11h2v2H4v-2zm16 0H8v2h12v-2zM4 16h2v2H4v-2zm16 0H8v2h12v-2z\" fill=\"currentColor\"><\/path><\/svg><svg style=\"fill: #999;color:#999\" class=\"arrow-unsorted-368013\" xmlns=\"http:\/\/www.w3.org\/2000\/svg\" width=\"10px\" height=\"10px\" viewbox=\"0 0 24 24\" version=\"1.2\" baseprofile=\"tiny\"><path d=\"M18.2 9.3l-6.2-6.3-6.2 6.3c-.2.2-.3.4-.3.7s.1.5.3.7c.2.2.4.3.7.3h11c.3 0 .5-.1.7-.3.2-.2.3-.5.3-.7s-.1-.5-.3-.7zM5.8 14.7l6.2 6.3 6.2-6.3c.2-.2.3-.5.3-.7s-.1-.5-.3-.7c-.2-.2-.4-.3-.7-.3h-11c-.3 0-.5.1-.7.3-.2.2-.3.5-.3.7s.1.5.3.7z\"\/><\/svg><\/span><\/span><\/span><\/a><\/span><\/div>\n<nav><ul class='ez-toc-list ez-toc-list-level-1' ><li class='ez-toc-page-1 ez-toc-heading-level-4'><a class=\"ez-toc-link ez-toc-heading-1\" href=\"https:\/\/saphirsmaragd.com\/sl\/izdelek\/morganit-2-42-karat-farbe-rosa\/#Morganit_242_Karat_Farbe_Rosa_%E2%80%93_exquisites_Farbspiel_und_strahlende_Reinheit\" >Morganit 2.42 Karat Farbe Rosa \u2013 exquisites Farbspiel und strahlende Reinheit<\/a><\/li><li class='ez-toc-page-1 ez-toc-heading-level-4'><a class=\"ez-toc-link ez-toc-heading-2\" href=\"https:\/\/saphirsmaragd.com\/sl\/izdelek\/morganit-2-42-karat-farbe-rosa\/#Merkmale_Herkunft\" >Zna\u010dilnosti in izvor<\/a><\/li><li class='ez-toc-page-1 ez-toc-heading-level-4'><a class=\"ez-toc-link ez-toc-heading-3\" href=\"https:\/\/saphirsmaragd.com\/sl\/izdelek\/morganit-2-42-karat-farbe-rosa\/#Besonderheiten\" >Posebne funkcije<\/a><\/li><li class='ez-toc-page-1 ez-toc-heading-level-4'><a class=\"ez-toc-link ez-toc-heading-4\" href=\"https:\/\/saphirsmaragd.com\/sl\/izdelek\/morganit-2-42-karat-farbe-rosa\/#Mehr_uber_unsere_Edelsteine\" >Ve\u010d o na\u0161ih dragih kamnih<\/a><\/li><li class='ez-toc-page-1 ez-toc-heading-level-4'><a class=\"ez-toc-link ez-toc-heading-5\" href=\"https:\/\/saphirsmaragd.com\/sl\/izdelek\/morganit-2-42-karat-farbe-rosa\/#Weitere_Infos\" >Dodatne informacije<\/a><\/li><\/ul><\/nav><\/div>\n<h4 data-start=\"1086\" data-end=\"1172\"><span class=\"ez-toc-section\" id=\"Morganit_242_Karat_Farbe_Rosa_%E2%80%93_exquisites_Farbspiel_und_strahlende_Reinheit\"><\/span><strong data-start=\"1089\" data-end=\"1170\">Morganit 2.42 Karat Farbe Rosa \u2013 exquisites Farbspiel und strahlende Reinheit<\/strong><span class=\"ez-toc-section-end\"><\/span><\/h4>\n<p data-start=\"1173\" data-end=\"1523\">Ta izredna <strong data-start=\"1197\" data-end=\"1231\">Morganit 2.42 Karat Farbe Rosa<\/strong> begeistert durch seine helle, elegante Rosanuance und eine meisterhafte kissenf\u00f6rmige Facettierung. Mit beeindruckender Brillanz, exzellenter Transparenz und lupenreiner Erscheinung ist dieser Edelstein eine hervorragende Wahl f\u00fcr anspruchsvolle Schmuckdesigns oder hochwertige Sammlungen.<\/p>\n<p data-start=\"1525\" data-end=\"1643\">Geliefert wird er mit einem Echtheitszertifikat von Val\u00e9rie Duraffourg (Gem-A), das Qualit\u00e4t und Sicherheit best\u00e4tigt.<\/p>\n<hr data-start=\"1645\" data-end=\"1648\" \/>\n<h4 data-start=\"1650\" data-end=\"1683\"><span class=\"ez-toc-section\" id=\"Merkmale_Herkunft\"><\/span><strong data-start=\"1655\" data-end=\"1681\">Zna\u010dilnosti in izvor<\/strong><span class=\"ez-toc-section-end\"><\/span><\/h4>\n<p data-start=\"1684\" data-end=\"2046\">Steinart: Morganit<br data-start=\"1702\" data-end=\"1705\" \/>Barva: roza<br data-start=\"1716\" data-end=\"1719\" \/>Oblika: .<br data-start=\"1731\" data-end=\"1734\" \/>Gewicht: 2.42 Karat<br data-start=\"1753\" data-end=\"1756\" \/>Gr\u00f6\u00dfe: 10.5 \u00d7 6.6 mm<br data-start=\"1776\" data-end=\"1779\" \/>Reinheit: Lupenrein<br data-start=\"1798\" data-end=\"1801\" \/>H\u00e4rte: 7.5 auf der Mohs-Skala<br data-start=\"1933\" data-end=\"1936\" \/>Certifikat: Da (Val\u00e9rie Duraffourg, Gem-A)<br data-start=\"2029\" data-end=\"2032\" \/>Stanje: Novo<\/p>\n<hr data-start=\"2048\" data-end=\"2051\" \/>\n<h4 data-start=\"2053\" data-end=\"2081\"><span class=\"ez-toc-section\" id=\"Besonderheiten\"><\/span><strong data-start=\"2058\" data-end=\"2079\">Posebne funkcije<\/strong><span class=\"ez-toc-section-end\"><\/span><\/h4>\n<p data-start=\"2082\" data-end=\"2317\">Na spletni strani . <strong data-start=\"2089\" data-end=\"2123\">Morganit 2.42 Karat Farbe Rosa<\/strong> z\u00e4hlt zu den hochwertigen Beryll-Variet\u00e4ten und \u00fcberzeugt durch seine exzellente Reinheit \u2013 laut Anbieter \u201erein unter 10-facher Vergr\u00f6\u00dferung\u201c, was der Klassifikation <strong data-start=\"2290\" data-end=\"2303\">Lupenrein<\/strong> entspricht.<\/p>\n<p data-start=\"2319\" data-end=\"2551\">Der kissenf\u00f6rmige Schliff verst\u00e4rkt die Lichtreflexion und verleiht dem Stein eine beeindruckende Brillanz. Seine harmonische Pastellfarbe macht ihn besonders begehrt f\u00fcr Verlobungsringe, feine Schmuckdesigns und Luxusanfertigungen.<\/p>\n<p data-start=\"2553\" data-end=\"2676\">Mit seiner Gr\u00f6\u00dfe von 2.42 Karat und der au\u00dfergew\u00f6hnlich feinen Transparenz besitzt dieses Exemplar einen hohen Sammlerwert.<\/p>\n<hr data-start=\"2070\" data-end=\"2073\" \/>\n<h4 data-start=\"1931\" data-end=\"1971\"><span class=\"ez-toc-section\" id=\"Mehr_uber_unsere_Edelsteine\"><\/span>Ve\u010d o na\u0161ih dragih kamnih<span class=\"ez-toc-section-end\"><\/span><\/h4>\n<p data-start=\"1972\" data-end=\"2069\"><a href=\"https:\/\/saphirsmaragd.com\/sl\/product-category\/edelsteine-kaufen\/\">dragi kamni<\/a><\/p>\n<hr data-start=\"2744\" data-end=\"2747\" \/>\n<h4 data-start=\"2665\" data-end=\"2688\"><span class=\"ez-toc-section\" id=\"Weitere_Infos\"><\/span>Dodatne informacije<span class=\"ez-toc-section-end\"><\/span><\/h4>\n<p><a href=\"https:\/\/de.wikipedia.org\/wiki\/Morganit\" target=\"_blank\" rel=\"noopener\">Wikipedia: Morganit<\/a><\/p>","protected":false},"excerpt":{"rendered":"<p data-start=\"621\" data-end=\"888\"><em>Morganit 2.42 Karat Farbe Rosa \u2013 ein heller, brillanter, kissenf\u00f6rmig facettierter Edelstein mit au\u00dfergew\u00f6hnlicher Reinheit und strahlender Transparenz. Mit Zertifikat von Val\u00e9rie Duraffourg (Gem-A). Ideal f\u00fcr hochwertige Schmuckst\u00fccke und anspruchsvolle Sammler.<\/em><\/p>\n<h2 data-start=\"523\" data-end=\"548\"><\/h2>","protected":false},"featured_media":5104,"comment_status":"open","ping_status":"closed","template":"","meta":{"_glsr_average":0,"_glsr_ranking":0,"_glsr_reviews":0},"product_brand":[],"product_cat":[305],"product_tag":[],"class_list":{"0":"post-5101","1":"product","2":"type-product","3":"status-publish","4":"has-post-thumbnail","6":"product_cat-seltene-edelsteine","7":"pa_edelsteinart-seltene-edelsteine","8":"pa_farbe-rosa","9":"pa_form-kissen","10":"pa_gewicht-karat-1-0-3-0-karat","11":"pa_reinheit-lupenrein","12":"pa_zertifikat-ja","13":"pa_zustand-neu","15":"first","16":"instock","17":"featured","18":"sold-individually","19":"shipping-taxable","20":"purchasable","21":"product-type-simple","22":"add-to-wishlist-before_image"},"jetpack_sharing_enabled":true,"_links":{"self":[{"href":"https:\/\/saphirsmaragd.com\/sl\/wp-json\/wp\/v2\/product\/5101","targetHints":{"allow":["GET"]}}],"collection":[{"href":"https:\/\/saphirsmaragd.com\/sl\/wp-json\/wp\/v2\/product"}],"about":[{"href":"https:\/\/saphirsmaragd.com\/sl\/wp-json\/wp\/v2\/types\/product"}],"replies":[{"embeddable":true,"href":"https:\/\/saphirsmaragd.com\/sl\/wp-json\/wp\/v2\/comments?post=5101"}],"version-history":[{"count":1,"href":"https:\/\/saphirsmaragd.com\/sl\/wp-json\/wp\/v2\/product\/5101\/revisions"}],"predecessor-version":[{"id":5105,"href":"https:\/\/saphirsmaragd.com\/sl\/wp-json\/wp\/v2\/product\/5101\/revisions\/5105"}],"wp:featuredmedia":[{"embeddable":true,"href":"https:\/\/saphirsmaragd.com\/sl\/wp-json\/wp\/v2\/media\/5104"}],"wp:attachment":[{"href":"https:\/\/saphirsmaragd.com\/sl\/wp-json\/wp\/v2\/media?parent=5101"}],"wp:term":[{"taxonomy":"product_brand","embeddable":true,"href":"https:\/\/saphirsmaragd.com\/sl\/wp-json\/wp\/v2\/product_brand?post=5101"},{"taxonomy":"product_cat","embeddable":true,"href":"https:\/\/saphirsmaragd.com\/sl\/wp-json\/wp\/v2\/product_cat?post=5101"},{"taxonomy":"product_tag","embeddable":true,"href":"https:\/\/saphirsmaragd.com\/sl\/wp-json\/wp\/v2\/product_tag?post=5101"}],"curies":[{"name":"wp","href":"https:\/\/api.w.org\/{rel}","templated":true}]}}