{"id":5327,"date":"2025-11-17T03:59:31","date_gmt":"2025-11-17T03:59:31","guid":{"rendered":"https:\/\/saphirsmaragd.com\/?post_type=product&#038;p=5327"},"modified":"2025-12-05T10:21:06","modified_gmt":"2025-12-05T10:21:06","slug":"peridot-mit-lepidolit-rohstein-stehend","status":"publish","type":"product","link":"https:\/\/saphirsmaragd.com\/sl\/izdelek\/peridot-mit-lepidolit-rohstein-stehend\/","title":{"rendered":"Peridot mit Lepidolit Rohstein Stehend \u2013 2762 g \u2013 Heilstein f\u00fcr inneren Frieden, pers\u00f6nlichen Wachstum und Schutz"},"content":{"rendered":"<div id=\"ez-toc-container\" class=\"ez-toc-v2_0_82_2 counter-hierarchy ez-toc-counter ez-toc-grey ez-toc-container-direction\">\n<div class=\"ez-toc-title-container\">\n<p class=\"ez-toc-title\" style=\"cursor:inherit\">Kazalo vsebine<\/p>\n<span class=\"ez-toc-title-toggle\"><a href=\"#\" class=\"ez-toc-pull-right ez-toc-btn ez-toc-btn-xs ez-toc-btn-default ez-toc-toggle\" aria-label=\"Toggle Table of Content\"><span class=\"ez-toc-js-icon-con\"><span class=\"\"><span class=\"eztoc-hide\" style=\"display:none;\">Preklopi<\/span><span class=\"ez-toc-icon-toggle-span\"><svg style=\"fill: #999;color:#999\" xmlns=\"http:\/\/www.w3.org\/2000\/svg\" class=\"list-377408\" width=\"20px\" height=\"20px\" viewbox=\"0 0 24 24\" fill=\"none\"><path d=\"M6 6H4v2h2V6zm14 0H8v2h12V6zM4 11h2v2H4v-2zm16 0H8v2h12v-2zM4 16h2v2H4v-2zm16 0H8v2h12v-2z\" fill=\"currentColor\"><\/path><\/svg><svg style=\"fill: #999;color:#999\" class=\"arrow-unsorted-368013\" xmlns=\"http:\/\/www.w3.org\/2000\/svg\" width=\"10px\" height=\"10px\" viewbox=\"0 0 24 24\" version=\"1.2\" baseprofile=\"tiny\"><path d=\"M18.2 9.3l-6.2-6.3-6.2 6.3c-.2.2-.3.4-.3.7s.1.5.3.7c.2.2.4.3.7.3h11c.3 0 .5-.1.7-.3.2-.2.3-.5.3-.7s-.1-.5-.3-.7zM5.8 14.7l6.2 6.3 6.2-6.3c.2-.2.3-.5.3-.7s-.1-.5-.3-.7c-.2-.2-.4-.3-.7-.3h-11c-.3 0-.5.1-.7.3-.2.2-.3.5-.3.7s.1.5.3.7z\"\/><\/svg><\/span><\/span><\/span><\/a><\/span><\/div>\n<nav><ul class='ez-toc-list ez-toc-list-level-1' ><li class='ez-toc-page-1 ez-toc-heading-level-4'><a class=\"ez-toc-link ez-toc-heading-1\" href=\"https:\/\/saphirsmaragd.com\/sl\/izdelek\/peridot-mit-lepidolit-rohstein-stehend\/#Peridot_mit_Lepidolit_Rohstein_Stehend_%E2%80%93_2762_g_%E2%80%93_Heilstein_aus_Almklovdalen_Norwegen\" >Peridot mit Lepidolit Rohstein Stehend \u2013 2762 g \u2013 Heilstein aus Almklovdalen, Norwegen<\/a><\/li><li class='ez-toc-page-1 ez-toc-heading-level-4'><a class=\"ez-toc-link ez-toc-heading-2\" href=\"https:\/\/saphirsmaragd.com\/sl\/izdelek\/peridot-mit-lepidolit-rohstein-stehend\/#_Merkmale_Herkunft\" >\u00a0Zna\u010dilnosti in izvor<\/a><\/li><li class='ez-toc-page-1 ez-toc-heading-level-4'><a class=\"ez-toc-link ez-toc-heading-3\" href=\"https:\/\/saphirsmaragd.com\/sl\/izdelek\/peridot-mit-lepidolit-rohstein-stehend\/#_Besonderheiten\" >\u00a0Posebne funkcije<\/a><\/li><li class='ez-toc-page-1 ez-toc-heading-level-4'><a class=\"ez-toc-link ez-toc-heading-4\" href=\"https:\/\/saphirsmaragd.com\/sl\/izdelek\/peridot-mit-lepidolit-rohstein-stehend\/#_Mehr_uber_Peridot_Lepidolit_Heilsteine\" >\u00a0Mehr \u00fcber Peridot &amp; Lepidolit &amp; Heilsteine<\/a><\/li><li class='ez-toc-page-1 ez-toc-heading-level-4'><a class=\"ez-toc-link ez-toc-heading-5\" href=\"https:\/\/saphirsmaragd.com\/sl\/izdelek\/peridot-mit-lepidolit-rohstein-stehend\/#_Weitere_Infos\" >\u00a0Dodatne informacije<\/a><\/li><\/ul><\/nav><\/div>\n<h4 data-start=\"225\" data-end=\"319\"><span class=\"ez-toc-section\" id=\"Peridot_mit_Lepidolit_Rohstein_Stehend_%E2%80%93_2762_g_%E2%80%93_Heilstein_aus_Almklovdalen_Norwegen\"><\/span><strong data-start=\"227\" data-end=\"317\">Peridot mit Lepidolit Rohstein Stehend \u2013 2762 g \u2013 Heilstein aus Almklovdalen, Norwegen<\/strong><span class=\"ez-toc-section-end\"><\/span><\/h4>\n<p data-start=\"320\" data-end=\"517\">Der Peridot mit Lepidolit Rohstein Stehend aus Almklovdalen, Norwegen, ist ein kraftvoller Heilstein, der pers\u00f6nliches Wachstum, Selbstliebe, innere Ruhe, Schutz und emotionale Heilung f\u00f6rdert.<\/p>\n<hr data-start=\"519\" data-end=\"522\" \/>\n<h4 data-start=\"524\" data-end=\"549\"><span class=\"ez-toc-section\" id=\"_Merkmale_Herkunft\"><\/span>\u00a0Zna\u010dilnosti in izvor<span class=\"ez-toc-section-end\"><\/span><\/h4>\n<p data-start=\"550\" data-end=\"896\">Farbe: Gr\u00fcn (Peridot) mit lila Einschl\u00fcssen (Lepidolit)<br data-start=\"605\" data-end=\"608\" \/>Form: Roh \/ Stehend<br data-start=\"627\" data-end=\"630\" \/>Herkunft: Almklovdalen, Norwegen<br data-start=\"662\" data-end=\"665\" \/>Gewicht: 2762 g<br data-start=\"680\" data-end=\"683\" \/>Ma\u00dfe: 14 \u00d7 14 \u00d7 8.5 cm<br data-start=\"705\" data-end=\"708\" \/>\u010cistost: naravna<br data-start=\"727\" data-end=\"730\" \/>Zdravljenje: nezdravljeno<br data-start=\"787\" data-end=\"790\" \/>Steinart: Peridot \/ Lepidolit<br data-start=\"819\" data-end=\"822\" \/>Chakra: Herzchakra (4. Chakra), Kronenchakra (7. Chakra)<br data-start=\"878\" data-end=\"881\" \/>Element: Erde<\/p>\n<hr data-start=\"898\" data-end=\"901\" \/>\n<h4 data-start=\"903\" data-end=\"925\"><span class=\"ez-toc-section\" id=\"_Besonderheiten\"><\/span>\u00a0Posebne funkcije<span class=\"ez-toc-section-end\"><\/span><\/h4>\n<p data-start=\"926\" data-end=\"1032\">Der Peridot mit Lepidolit Rohstein Stehend verbindet die heilenden Kr\u00e4fte von Peridot und Lepidolit.<\/p>\n<p data-start=\"1034\" data-end=\"1822\">Lepidolit wirkt sch\u00fctzend, beruhigend und reinigend. Er f\u00f6rdert innere Ruhe, pers\u00f6nliche Disziplin, Unabh\u00e4ngigkeit und die Konzentration auf Ziele, wodurch pers\u00f6nliches Wachstum unterst\u00fctzt wird. Der Stein stimuliert rationales und analytisches Denken, Objektivit\u00e4t und Entscheidungsfindung. Er hilft, emotionale Lasten und negative Gedankenmuster zu l\u00f6sen, Negativit\u00e4t, Depression, Stimmungsschwankungen, Stress, Abh\u00e4ngigkeit, Sorgen und Zwangsgedanken zu reduzieren. Lepidolit sch\u00fctzt vor negativen \u00e4u\u00dferen Einfl\u00fcssen, einschlie\u00dflich elektromagnetischer Strahlung, und unterst\u00fctzt astrale Reisen sowie die Verbindung zu vergangenen Leben. Physisch kann er Schlafst\u00f6rungen, Nervenschmerzen, Ischias, Neuralgien, Gelenkschmerzen, Allergien, Epilepsie und Alzheimer positiv beeinflussen.<\/p>\n<p data-start=\"1824\" data-end=\"2045\">Peridot f\u00f6rdert Selbstliebe, Selbstakzeptanz, Vergebung und pers\u00f6nliches Wachstum. Er unterst\u00fctzt emotionale Heilung, st\u00e4rkt das Herzchakra, f\u00f6rdert gesunde Beziehungen und hilft, sich von belastenden Gef\u00fchlen zu l\u00f6sen.<\/p>\n<hr data-start=\"2047\" data-end=\"2050\" \/>\n<h4 data-start=\"2052\" data-end=\"2102\"><span class=\"ez-toc-section\" id=\"_Mehr_uber_Peridot_Lepidolit_Heilsteine\"><\/span>\u00a0Mehr \u00fcber Peridot &amp; Lepidolit &amp; Heilsteine<span class=\"ez-toc-section-end\"><\/span><\/h4>\n<p data-start=\"2103\" data-end=\"2146\"><a href=\"https:\/\/saphirsmaragd.com\/sl\/product-category\/heilsteine-kristalle-kaufen\/\">Zdravilni kamni in kristali<\/a> | Saphir &amp; Smaragd<\/p>\n<hr data-start=\"2148\" data-end=\"2151\" \/>\n<h4 data-start=\"2153\" data-end=\"2174\"><span class=\"ez-toc-section\" id=\"_Weitere_Infos\"><\/span>\u00a0Dodatne informacije<span class=\"ez-toc-section-end\"><\/span><\/h4>\n<p data-start=\"2175\" data-end=\"2305\"><a class=\"decorated-link cursor-pointer\" href=\"https:\/\/de.wikipedia.org\/wiki\/Peridot\" target=\"_new\" rel=\"noopener\" data-start=\"2175\" data-end=\"2235\">Peridot \u2013 Wikipedia<\/a><br data-start=\"2235\" data-end=\"2238\" \/><\/p>","protected":false},"excerpt":{"rendered":"<p><em>Der Peridot mit Lepidolit Rohstein Stehend aus Norwegen unterst\u00fctzt inneren Frieden, pers\u00f6nlichen Wachstum, Selbstliebe, emotionale Heilung und Schutz. Ideal f\u00fcr Meditation und spirituelle Arbeit.<\/em><\/p>","protected":false},"featured_media":5328,"comment_status":"open","ping_status":"closed","template":"","meta":{"_glsr_average":0,"_glsr_ranking":0,"_glsr_reviews":0},"product_brand":[],"product_cat":[84],"product_tag":[],"class_list":{"0":"post-5327","1":"product","2":"type-product","3":"status-publish","4":"has-post-thumbnail","6":"product_cat-rohsteine-kaufen","8":"first","9":"instock","10":"taxable","11":"shipping-taxable","12":"purchasable","13":"product-type-simple","14":"add-to-wishlist-before_image"},"jetpack_sharing_enabled":true,"_links":{"self":[{"href":"https:\/\/saphirsmaragd.com\/sl\/wp-json\/wp\/v2\/product\/5327","targetHints":{"allow":["GET"]}}],"collection":[{"href":"https:\/\/saphirsmaragd.com\/sl\/wp-json\/wp\/v2\/product"}],"about":[{"href":"https:\/\/saphirsmaragd.com\/sl\/wp-json\/wp\/v2\/types\/product"}],"replies":[{"embeddable":true,"href":"https:\/\/saphirsmaragd.com\/sl\/wp-json\/wp\/v2\/comments?post=5327"}],"version-history":[{"count":1,"href":"https:\/\/saphirsmaragd.com\/sl\/wp-json\/wp\/v2\/product\/5327\/revisions"}],"predecessor-version":[{"id":5332,"href":"https:\/\/saphirsmaragd.com\/sl\/wp-json\/wp\/v2\/product\/5327\/revisions\/5332"}],"wp:featuredmedia":[{"embeddable":true,"href":"https:\/\/saphirsmaragd.com\/sl\/wp-json\/wp\/v2\/media\/5328"}],"wp:attachment":[{"href":"https:\/\/saphirsmaragd.com\/sl\/wp-json\/wp\/v2\/media?parent=5327"}],"wp:term":[{"taxonomy":"product_brand","embeddable":true,"href":"https:\/\/saphirsmaragd.com\/sl\/wp-json\/wp\/v2\/product_brand?post=5327"},{"taxonomy":"product_cat","embeddable":true,"href":"https:\/\/saphirsmaragd.com\/sl\/wp-json\/wp\/v2\/product_cat?post=5327"},{"taxonomy":"product_tag","embeddable":true,"href":"https:\/\/saphirsmaragd.com\/sl\/wp-json\/wp\/v2\/product_tag?post=5327"}],"curies":[{"name":"wp","href":"https:\/\/api.w.org\/{rel}","templated":true}]}}