{"id":5351,"date":"2025-11-18T02:10:56","date_gmt":"2025-11-18T02:10:56","guid":{"rendered":"https:\/\/saphirsmaragd.com\/?post_type=product&#038;p=5351"},"modified":"2025-12-05T10:20:54","modified_gmt":"2025-12-05T10:20:54","slug":"kristall-schamanenquarz-poliert-517g","status":"publish","type":"product","link":"https:\/\/saphirsmaragd.com\/sl\/izdelek\/kristall-schamanenquarz-poliert-517g\/","title":{"rendered":"Kristall Schamanenquarz Poliert \u2013 517 g \u2013 Spiritueller Visionenstein"},"content":{"rendered":"<div id=\"ez-toc-container\" class=\"ez-toc-v2_0_82_2 counter-hierarchy ez-toc-counter ez-toc-grey ez-toc-container-direction\">\n<div class=\"ez-toc-title-container\">\n<p class=\"ez-toc-title\" style=\"cursor:inherit\">Kazalo vsebine<\/p>\n<span class=\"ez-toc-title-toggle\"><a href=\"#\" class=\"ez-toc-pull-right ez-toc-btn ez-toc-btn-xs ez-toc-btn-default ez-toc-toggle\" aria-label=\"Toggle Table of Content\"><span class=\"ez-toc-js-icon-con\"><span class=\"\"><span class=\"eztoc-hide\" style=\"display:none;\">Preklopi<\/span><span class=\"ez-toc-icon-toggle-span\"><svg style=\"fill: #999;color:#999\" xmlns=\"http:\/\/www.w3.org\/2000\/svg\" class=\"list-377408\" width=\"20px\" height=\"20px\" viewbox=\"0 0 24 24\" fill=\"none\"><path d=\"M6 6H4v2h2V6zm14 0H8v2h12V6zM4 11h2v2H4v-2zm16 0H8v2h12v-2zM4 16h2v2H4v-2zm16 0H8v2h12v-2z\" fill=\"currentColor\"><\/path><\/svg><svg style=\"fill: #999;color:#999\" class=\"arrow-unsorted-368013\" xmlns=\"http:\/\/www.w3.org\/2000\/svg\" width=\"10px\" height=\"10px\" viewbox=\"0 0 24 24\" version=\"1.2\" baseprofile=\"tiny\"><path d=\"M18.2 9.3l-6.2-6.3-6.2 6.3c-.2.2-.3.4-.3.7s.1.5.3.7c.2.2.4.3.7.3h11c.3 0 .5-.1.7-.3.2-.2.3-.5.3-.7s-.1-.5-.3-.7zM5.8 14.7l6.2 6.3 6.2-6.3c.2-.2.3-.5.3-.7s-.1-.5-.3-.7c-.2-.2-.4-.3-.7-.3h-11c-.3 0-.5.1-.7.3-.2.2-.3.5-.3.7s.1.5.3.7z\"\/><\/svg><\/span><\/span><\/span><\/a><\/span><\/div>\n<nav><ul class='ez-toc-list ez-toc-list-level-1' ><li class='ez-toc-page-1 ez-toc-heading-level-4'><a class=\"ez-toc-link ez-toc-heading-1\" href=\"https:\/\/saphirsmaragd.com\/sl\/izdelek\/kristall-schamanenquarz-poliert-517g\/#Kristall_Schamanenquarz_Poliert_%E2%80%93_Spiritueller_Visionenstein_517_g\" >Kristall Schamanenquarz Poliert \u2013 Spiritueller Visionenstein | 517 g<\/a><\/li><li class='ez-toc-page-1 ez-toc-heading-level-4'><a class=\"ez-toc-link ez-toc-heading-2\" href=\"https:\/\/saphirsmaragd.com\/sl\/izdelek\/kristall-schamanenquarz-poliert-517g\/#Merkmale_Herkunft\" >Zna\u010dilnosti in izvor<\/a><\/li><li class='ez-toc-page-1 ez-toc-heading-level-4'><a class=\"ez-toc-link ez-toc-heading-3\" href=\"https:\/\/saphirsmaragd.com\/sl\/izdelek\/kristall-schamanenquarz-poliert-517g\/#Besonderheiten\" >Posebne funkcije<\/a><\/li><li class='ez-toc-page-1 ez-toc-heading-level-4'><a class=\"ez-toc-link ez-toc-heading-4\" href=\"https:\/\/saphirsmaragd.com\/sl\/izdelek\/kristall-schamanenquarz-poliert-517g\/#Mehr_uber_Kristalle_Heilsteine\" >Mehr \u00fcber Kristalle &amp; Heilsteine<\/a><\/li><li class='ez-toc-page-1 ez-toc-heading-level-4'><a class=\"ez-toc-link ez-toc-heading-5\" href=\"https:\/\/saphirsmaragd.com\/sl\/izdelek\/kristall-schamanenquarz-poliert-517g\/#Weitere_Infos\" >Dodatne informacije<\/a><\/li><\/ul><\/nav><\/div>\n<h4 data-start=\"900\" data-end=\"974\"><span class=\"ez-toc-section\" id=\"Kristall_Schamanenquarz_Poliert_%E2%80%93_Spiritueller_Visionenstein_517_g\"><\/span><strong data-start=\"902\" data-end=\"974\">Kristall Schamanenquarz Poliert \u2013 Spiritueller Visionenstein | 517 g<\/strong><span class=\"ez-toc-section-end\"><\/span><\/h4>\n<p data-start=\"976\" data-end=\"1199\">Der Kristall Schamanenquarz Poliert ist ein einzigartiges Einzelst\u00fcck aus Madagaskar und ein kraftvoller spiritueller Stein, der ideal zur Unterst\u00fctzung schamanischer Techniken und spiritueller Aktivit\u00e4ten geeignet ist.<\/p>\n<hr data-start=\"1201\" data-end=\"1204\" \/>\n<h4 data-start=\"1206\" data-end=\"1235\"><span class=\"ez-toc-section\" id=\"Merkmale_Herkunft\"><\/span><strong data-start=\"1212\" data-end=\"1235\">Zna\u010dilnosti in izvor<\/strong><span class=\"ez-toc-section-end\"><\/span><\/h4>\n<p data-start=\"1236\" data-end=\"1487\">Farbe: Transparent, mit nat\u00fcrlichen Einschl\u00fcssen<br data-start=\"1284\" data-end=\"1287\" \/>Form: Spitze (Point), Poliert<br data-start=\"1316\" data-end=\"1319\" \/>Izvor: Madagaskar<br data-start=\"1339\" data-end=\"1342\" \/>Gewicht: 517 g<br data-start=\"1356\" data-end=\"1359\" \/>Ma\u00dfe: 10 x 7 x 5.5 cm<br data-start=\"1380\" data-end=\"1383\" \/>\u010cistost: naravna<br data-start=\"1402\" data-end=\"1405\" \/>Behandlung: Poliert<br data-start=\"1458\" data-end=\"1461\" \/>Steinart: Schamanenquarz<\/p>\n<hr data-start=\"1489\" data-end=\"1492\" \/>\n<h4 data-start=\"1494\" data-end=\"1518\"><span class=\"ez-toc-section\" id=\"Besonderheiten\"><\/span><strong data-start=\"1500\" data-end=\"1518\">Posebne funkcije<\/strong><span class=\"ez-toc-section-end\"><\/span><\/h4>\n<p data-start=\"1519\" data-end=\"1937\">Schamanenquarz ist ein machtvoller spiritueller Stein, der Ihnen hilft, in tiefe Entspannung und ver\u00e4nderte Bewusstseinszust\u00e4nde einzutauchen. Er erleichtert die Verbindung zu vergangenen Leben, anderen Dimensionen und den schamanischen Unter- und Oberwelten. Der Stein \u00f6ffnet den Geist f\u00fcr spirituelle Botschaften, Erkenntnisse und F\u00fchrung und hilft dabei, diese Einfl\u00fcsse bewusst und integriert im Alltag umzusetzen.<\/p>\n<p data-start=\"1939\" data-end=\"2422\">Emotional und mental f\u00f6rdert Schamanenquarz Klarheit, Einsicht und die F\u00e4higkeit, den Kern einer Situation zu erkennen. Er unterst\u00fctzt dabei, durch falsche Energien oder undurchsichtige Situationen hindurchzusehen, sodass Sie klare und bewusste Entscheidungen treffen k\u00f6nnen. Zudem hilft er beim Loslassen alter \u00dcberzeugungen und stagnierender Energien, die pers\u00f6nliches Wachstum blockieren. Dadurch ist er ein wertvoller Begleiter f\u00fcr Bewusstseinsarbeit und spirituelle Entwicklung.<\/p>\n<hr data-start=\"2424\" data-end=\"2427\" \/>\n<h4 data-start=\"2429\" data-end=\"2471\"><span class=\"ez-toc-section\" id=\"Mehr_uber_Kristalle_Heilsteine\"><\/span><strong data-start=\"2435\" data-end=\"2471\">Mehr \u00fcber Kristalle &amp; Heilsteine<\/strong><span class=\"ez-toc-section-end\"><\/span><\/h4>\n<p data-start=\"2472\" data-end=\"2555\"><a href=\"https:\/\/saphirsmaragd.com\/sl\/product-category\/heilsteine-kristalle-kaufen\/\">Zdravilni kamni in kristali<\/a> | Saphir &amp; Smaragd<\/p>\n<hr data-start=\"2557\" data-end=\"2560\" \/>\n<h4 data-start=\"2562\" data-end=\"2585\"><span class=\"ez-toc-section\" id=\"Weitere_Infos\"><\/span><strong data-start=\"2568\" data-end=\"2585\">Dodatne informacije<\/strong><span class=\"ez-toc-section-end\"><\/span><\/h4>\n<p data-start=\"2586\" data-end=\"2644\"><a href=\"https:\/\/de.wikipedia.org\/wiki\/Quarz\" target=\"_blank\" rel=\"noopener\">Wikipedija: <strong data-start=\"2597\" data-end=\"2606\">kremen<\/strong>\u00a0<\/a><\/p>","protected":false},"excerpt":{"rendered":"<p><em>Der Kristall Schamanenquarz Poliert 517 g aus Madagaskar ist ein einzigartiger spiritueller Stein, der schamanische Arbeit, Meditation und tiefgehende Bewusstseinsprozesse unterst\u00fctzt. Er f\u00f6rdert Einsicht, Klarheit und pers\u00f6nliche Entwicklung.<\/em><\/p>","protected":false},"featured_media":5352,"comment_status":"open","ping_status":"closed","template":"","meta":{"_glsr_average":0,"_glsr_ranking":0,"_glsr_reviews":0},"product_brand":[],"product_cat":[84],"product_tag":[],"class_list":{"0":"post-5351","1":"product","2":"type-product","3":"status-publish","4":"has-post-thumbnail","6":"product_cat-rohsteine-kaufen","8":"first","9":"instock","10":"taxable","11":"shipping-taxable","12":"purchasable","13":"product-type-simple","14":"add-to-wishlist-before_image"},"jetpack_sharing_enabled":true,"_links":{"self":[{"href":"https:\/\/saphirsmaragd.com\/sl\/wp-json\/wp\/v2\/product\/5351","targetHints":{"allow":["GET"]}}],"collection":[{"href":"https:\/\/saphirsmaragd.com\/sl\/wp-json\/wp\/v2\/product"}],"about":[{"href":"https:\/\/saphirsmaragd.com\/sl\/wp-json\/wp\/v2\/types\/product"}],"replies":[{"embeddable":true,"href":"https:\/\/saphirsmaragd.com\/sl\/wp-json\/wp\/v2\/comments?post=5351"}],"version-history":[{"count":1,"href":"https:\/\/saphirsmaragd.com\/sl\/wp-json\/wp\/v2\/product\/5351\/revisions"}],"predecessor-version":[{"id":5355,"href":"https:\/\/saphirsmaragd.com\/sl\/wp-json\/wp\/v2\/product\/5351\/revisions\/5355"}],"wp:featuredmedia":[{"embeddable":true,"href":"https:\/\/saphirsmaragd.com\/sl\/wp-json\/wp\/v2\/media\/5352"}],"wp:attachment":[{"href":"https:\/\/saphirsmaragd.com\/sl\/wp-json\/wp\/v2\/media?parent=5351"}],"wp:term":[{"taxonomy":"product_brand","embeddable":true,"href":"https:\/\/saphirsmaragd.com\/sl\/wp-json\/wp\/v2\/product_brand?post=5351"},{"taxonomy":"product_cat","embeddable":true,"href":"https:\/\/saphirsmaragd.com\/sl\/wp-json\/wp\/v2\/product_cat?post=5351"},{"taxonomy":"product_tag","embeddable":true,"href":"https:\/\/saphirsmaragd.com\/sl\/wp-json\/wp\/v2\/product_tag?post=5351"}],"curies":[{"name":"wp","href":"https:\/\/api.w.org\/{rel}","templated":true}]}}