{"id":5386,"date":"2025-11-18T18:57:45","date_gmt":"2025-11-18T18:57:45","guid":{"rendered":"https:\/\/saphirsmaragd.com\/?post_type=product&#038;p=5386"},"modified":"2025-11-18T18:57:46","modified_gmt":"2025-11-18T18:57:46","slug":"rauchquarz-morion-spitze-schutz-2","status":"publish","type":"product","link":"https:\/\/saphirsmaragd.com\/sl\/izdelek\/rauchquarz-morion-spitze-schutz-2\/","title":{"rendered":"Rauchquarz Morion Spitze Schutz \u2013 Geschliffener Heilstein 1738 g"},"content":{"rendered":"<div id=\"ez-toc-container\" class=\"ez-toc-v2_0_82_2 counter-hierarchy ez-toc-counter ez-toc-grey ez-toc-container-direction\">\n<div class=\"ez-toc-title-container\">\n<p class=\"ez-toc-title\" style=\"cursor:inherit\">Kazalo vsebine<\/p>\n<span class=\"ez-toc-title-toggle\"><a href=\"#\" class=\"ez-toc-pull-right ez-toc-btn ez-toc-btn-xs ez-toc-btn-default ez-toc-toggle\" aria-label=\"Toggle Table of Content\"><span class=\"ez-toc-js-icon-con\"><span class=\"\"><span class=\"eztoc-hide\" style=\"display:none;\">Preklopi<\/span><span class=\"ez-toc-icon-toggle-span\"><svg style=\"fill: #999;color:#999\" xmlns=\"http:\/\/www.w3.org\/2000\/svg\" class=\"list-377408\" width=\"20px\" height=\"20px\" viewbox=\"0 0 24 24\" fill=\"none\"><path d=\"M6 6H4v2h2V6zm14 0H8v2h12V6zM4 11h2v2H4v-2zm16 0H8v2h12v-2zM4 16h2v2H4v-2zm16 0H8v2h12v-2z\" fill=\"currentColor\"><\/path><\/svg><svg style=\"fill: #999;color:#999\" class=\"arrow-unsorted-368013\" xmlns=\"http:\/\/www.w3.org\/2000\/svg\" width=\"10px\" height=\"10px\" viewbox=\"0 0 24 24\" version=\"1.2\" baseprofile=\"tiny\"><path d=\"M18.2 9.3l-6.2-6.3-6.2 6.3c-.2.2-.3.4-.3.7s.1.5.3.7c.2.2.4.3.7.3h11c.3 0 .5-.1.7-.3.2-.2.3-.5.3-.7s-.1-.5-.3-.7zM5.8 14.7l6.2 6.3 6.2-6.3c.2-.2.3-.5.3-.7s-.1-.5-.3-.7c-.2-.2-.4-.3-.7-.3h-11c-.3 0-.5.1-.7.3-.2.2-.3.5-.3.7s.1.5.3.7z\"\/><\/svg><\/span><\/span><\/span><\/a><\/span><\/div>\n<nav><ul class='ez-toc-list ez-toc-list-level-1' ><li class='ez-toc-page-1 ez-toc-heading-level-4'><a class=\"ez-toc-link ez-toc-heading-1\" href=\"https:\/\/saphirsmaragd.com\/sl\/izdelek\/rauchquarz-morion-spitze-schutz-2\/#Rauchquarz_Morion_Spitze_Schutz_%E2%80%93_Geschliffener_Heilstein_1738_g\" >Rauchquarz Morion Spitze Schutz \u2013 Geschliffener Heilstein 1738 g<\/a><\/li><li class='ez-toc-page-1 ez-toc-heading-level-4'><a class=\"ez-toc-link ez-toc-heading-2\" href=\"https:\/\/saphirsmaragd.com\/sl\/izdelek\/rauchquarz-morion-spitze-schutz-2\/#_Merkmale_Herkunft\" >\u00a0Zna\u010dilnosti in izvor<\/a><\/li><li class='ez-toc-page-1 ez-toc-heading-level-4'><a class=\"ez-toc-link ez-toc-heading-3\" href=\"https:\/\/saphirsmaragd.com\/sl\/izdelek\/rauchquarz-morion-spitze-schutz-2\/#_Besonderheiten\" >\u00a0Posebne funkcije<\/a><\/li><li class='ez-toc-page-1 ez-toc-heading-level-4'><a class=\"ez-toc-link ez-toc-heading-4\" href=\"https:\/\/saphirsmaragd.com\/sl\/izdelek\/rauchquarz-morion-spitze-schutz-2\/#_Mehr_uber_Rauchquarze_Heilsteine\" >\u00a0Mehr \u00fcber Rauchquarze &amp; Heilsteine<\/a><\/li><li class='ez-toc-page-1 ez-toc-heading-level-4'><a class=\"ez-toc-link ez-toc-heading-5\" href=\"https:\/\/saphirsmaragd.com\/sl\/izdelek\/rauchquarz-morion-spitze-schutz-2\/#_Weitere_Infos\" >\u00a0Dodatne informacije<\/a><\/li><\/ul><\/nav><\/div>\n<h4 data-start=\"117\" data-end=\"187\"><span class=\"ez-toc-section\" id=\"Rauchquarz_Morion_Spitze_Schutz_%E2%80%93_Geschliffener_Heilstein_1738_g\"><\/span><strong data-start=\"119\" data-end=\"187\">Rauchquarz Morion Spitze Schutz \u2013 Geschliffener Heilstein 1738 g<\/strong><span class=\"ez-toc-section-end\"><\/span><\/h4>\n<p data-start=\"189\" data-end=\"338\">Die Rauchquarz Morion Spitze Schutz ist ein einzigartiges, geschliffenes Einzelst\u00fcck aus Madagaskar \u2013 Sie erhalten genau das abgebildete Produkt.<\/p>\n<hr data-start=\"340\" data-end=\"343\" \/>\n<h4 data-start=\"345\" data-end=\"370\"><span class=\"ez-toc-section\" id=\"_Merkmale_Herkunft\"><\/span>\u00a0Zna\u010dilnosti in izvor<span class=\"ez-toc-section-end\"><\/span><\/h4>\n<p data-start=\"371\" data-end=\"654\">Farbe: Tiefbraun bis Schwarz (Morion)<br data-start=\"408\" data-end=\"411\" \/>Form: Spitze, geschliffen<br data-start=\"436\" data-end=\"439\" \/>Izvor: Madagaskar<br data-start=\"459\" data-end=\"462\" \/>Gewicht: 1738 g<br data-start=\"477\" data-end=\"480\" \/>Ma\u00dfe: 19 x 9 x 6 cm<br data-start=\"499\" data-end=\"502\" \/>Reinheit: Nat\u00fcrlich, mit typischen Einschl\u00fcssen<br data-start=\"549\" data-end=\"552\" \/>Zdravljenje: nezdravljeno<br data-start=\"620\" data-end=\"623\" \/>Steinart: Rauchquarz (Morion)<\/p>\n<hr data-start=\"656\" data-end=\"659\" \/>\n<h4 data-start=\"661\" data-end=\"681\"><span class=\"ez-toc-section\" id=\"_Besonderheiten\"><\/span>\u00a0Posebne funkcije<span class=\"ez-toc-section-end\"><\/span><\/h4>\n<p data-start=\"682\" data-end=\"1017\">Die Rauchquarz Morion Spitze Schutz geh\u00f6rt zu den st\u00e4rksten Schutz- und Erdungssteinen \u00fcberhaupt. Die tiefdunkle Morion-Qualit\u00e4t verst\u00e4rkt die absorbierende, transformierende und stabilisierende Wirkung des Rauchquarzes und eignet sich ideal zur energetischen Raumreinigung, f\u00fcr Meditation oder zum Schutz vor negativen Einfl\u00fcssen.<\/p>\n<p data-start=\"1019\" data-end=\"1433\">Rauchquarz ist bekannt f\u00fcr seine intensiv sch\u00fctzende und entgiftende Wirkung auf K\u00f6rper, Geist und Seele. Er unterst\u00fctzt Sie dabei, Stress, innere Unruhe, Sorgen, belastende Gedanken oder \u00c4ngste (auch Versagensangst) loszulassen. Die Energie dieses Steins f\u00f6rdert Klarheit, Akzeptanz, innere Ruhe und mentale St\u00e4rke. Besonders hilfreich ist Rauchquarz bei Gr\u00fcbeln, Schlafst\u00f6rungen, Albtr\u00e4umen sowie Stimmungstiefs.<\/p>\n<hr data-start=\"1686\" data-end=\"1689\" \/>\n<h4 data-start=\"1691\" data-end=\"1733\"><span class=\"ez-toc-section\" id=\"_Mehr_uber_Rauchquarze_Heilsteine\"><\/span>\u00a0Mehr \u00fcber Rauchquarze &amp; Heilsteine<span class=\"ez-toc-section-end\"><\/span><\/h4>\n<p data-start=\"1734\" data-end=\"1816\"><a href=\"https:\/\/saphirsmaragd.com\/sl\/product-category\/heilsteine-kristalle-kaufen\/\">Zdravilni kamni in kristali<\/a> | Rauchquarz &amp; Bergkristall<br data-start=\"1784\" data-end=\"1787\" \/>\n<\/p>\n<hr data-start=\"1818\" data-end=\"1821\" \/>\n<h4 data-start=\"1823\" data-end=\"1844\"><span class=\"ez-toc-section\" id=\"_Weitere_Infos\"><\/span>\u00a0Dodatne informacije<span class=\"ez-toc-section-end\"><\/span><\/h4>\n<p data-start=\"1845\" data-end=\"1941\"><a href=\"https:\/\/de.wikipedia.org\/wiki\/Rauchquarz\" target=\"_blank\" rel=\"noopener\">Wikipedia \u2013 Rauchquarz<\/a><br data-start=\"1909\" data-end=\"1912\" \/><\/p>","protected":false},"excerpt":{"rendered":"<p><em>Die Rauchquarz Morion Spitze Schutz ist ein 1738 g schweres, geschliffenes Einzelst\u00fcck aus Madagaskar. Ein kraftvoller Schutz- und Erdungsstein mit beruhigender, kl\u00e4render Wirkung \u2013 ideal f\u00fcr Stressabbau, Meditation und die energetische Harmonisierung von R\u00e4umen.<\/em><\/p>","protected":false},"featured_media":5387,"comment_status":"open","ping_status":"closed","template":"","meta":{"_glsr_average":0,"_glsr_ranking":0,"_glsr_reviews":0},"product_brand":[],"product_cat":[84],"product_tag":[],"class_list":{"0":"post-5386","1":"product","2":"type-product","3":"status-publish","4":"has-post-thumbnail","6":"product_cat-rohsteine-kaufen","8":"first","9":"instock","10":"taxable","11":"shipping-taxable","12":"purchasable","13":"product-type-simple","14":"add-to-wishlist-before_image"},"jetpack_sharing_enabled":true,"_links":{"self":[{"href":"https:\/\/saphirsmaragd.com\/sl\/wp-json\/wp\/v2\/product\/5386","targetHints":{"allow":["GET"]}}],"collection":[{"href":"https:\/\/saphirsmaragd.com\/sl\/wp-json\/wp\/v2\/product"}],"about":[{"href":"https:\/\/saphirsmaragd.com\/sl\/wp-json\/wp\/v2\/types\/product"}],"replies":[{"embeddable":true,"href":"https:\/\/saphirsmaragd.com\/sl\/wp-json\/wp\/v2\/comments?post=5386"}],"version-history":[{"count":2,"href":"https:\/\/saphirsmaragd.com\/sl\/wp-json\/wp\/v2\/product\/5386\/revisions"}],"predecessor-version":[{"id":5392,"href":"https:\/\/saphirsmaragd.com\/sl\/wp-json\/wp\/v2\/product\/5386\/revisions\/5392"}],"wp:featuredmedia":[{"embeddable":true,"href":"https:\/\/saphirsmaragd.com\/sl\/wp-json\/wp\/v2\/media\/5387"}],"wp:attachment":[{"href":"https:\/\/saphirsmaragd.com\/sl\/wp-json\/wp\/v2\/media?parent=5386"}],"wp:term":[{"taxonomy":"product_brand","embeddable":true,"href":"https:\/\/saphirsmaragd.com\/sl\/wp-json\/wp\/v2\/product_brand?post=5386"},{"taxonomy":"product_cat","embeddable":true,"href":"https:\/\/saphirsmaragd.com\/sl\/wp-json\/wp\/v2\/product_cat?post=5386"},{"taxonomy":"product_tag","embeddable":true,"href":"https:\/\/saphirsmaragd.com\/sl\/wp-json\/wp\/v2\/product_tag?post=5386"}],"curies":[{"name":"wp","href":"https:\/\/api.w.org\/{rel}","templated":true}]}}