{"id":5461,"date":"2025-11-19T15:37:17","date_gmt":"2025-11-19T15:37:17","guid":{"rendered":"https:\/\/saphirsmaragd.com\/?post_type=product&#038;p=5461"},"modified":"2025-11-19T15:37:19","modified_gmt":"2025-11-19T15:37:19","slug":"spitze-ozeanjasper-schutz-3","status":"publish","type":"product","link":"https:\/\/saphirsmaragd.com\/sl\/izdelek\/spitze-ozeanjasper-schutz-3\/","title":{"rendered":"Spitze Ozeanjasper Schutz \u2013 Kraftvoller Heilstein aus Madagaskar \u2013 955 g"},"content":{"rendered":"<div id=\"ez-toc-container\" class=\"ez-toc-v2_0_82_2 counter-hierarchy ez-toc-counter ez-toc-grey ez-toc-container-direction\">\n<div class=\"ez-toc-title-container\">\n<p class=\"ez-toc-title\" style=\"cursor:inherit\">Kazalo vsebine<\/p>\n<span class=\"ez-toc-title-toggle\"><a href=\"#\" class=\"ez-toc-pull-right ez-toc-btn ez-toc-btn-xs ez-toc-btn-default ez-toc-toggle\" aria-label=\"Toggle Table of Content\"><span class=\"ez-toc-js-icon-con\"><span class=\"\"><span class=\"eztoc-hide\" style=\"display:none;\">Preklopi<\/span><span class=\"ez-toc-icon-toggle-span\"><svg style=\"fill: #999;color:#999\" xmlns=\"http:\/\/www.w3.org\/2000\/svg\" class=\"list-377408\" width=\"20px\" height=\"20px\" viewbox=\"0 0 24 24\" fill=\"none\"><path d=\"M6 6H4v2h2V6zm14 0H8v2h12V6zM4 11h2v2H4v-2zm16 0H8v2h12v-2zM4 16h2v2H4v-2zm16 0H8v2h12v-2z\" fill=\"currentColor\"><\/path><\/svg><svg style=\"fill: #999;color:#999\" class=\"arrow-unsorted-368013\" xmlns=\"http:\/\/www.w3.org\/2000\/svg\" width=\"10px\" height=\"10px\" viewbox=\"0 0 24 24\" version=\"1.2\" baseprofile=\"tiny\"><path d=\"M18.2 9.3l-6.2-6.3-6.2 6.3c-.2.2-.3.4-.3.7s.1.5.3.7c.2.2.4.3.7.3h11c.3 0 .5-.1.7-.3.2-.2.3-.5.3-.7s-.1-.5-.3-.7zM5.8 14.7l6.2 6.3 6.2-6.3c.2-.2.3-.5.3-.7s-.1-.5-.3-.7c-.2-.2-.4-.3-.7-.3h-11c-.3 0-.5.1-.7.3-.2.2-.3.5-.3.7s.1.5.3.7z\"\/><\/svg><\/span><\/span><\/span><\/a><\/span><\/div>\n<nav><ul class='ez-toc-list ez-toc-list-level-1' ><li class='ez-toc-page-1 ez-toc-heading-level-4'><a class=\"ez-toc-link ez-toc-heading-1\" href=\"https:\/\/saphirsmaragd.com\/sl\/izdelek\/spitze-ozeanjasper-schutz-3\/#Spitze_Ozeanjasper_Schutz_%E2%80%93_Kraftvoller_Heilstein_aus_Madagaskar_%E2%80%93_955_g\" >Spitze Ozeanjasper Schutz \u2013 Kraftvoller Heilstein aus Madagaskar \u2013 955 g<\/a><\/li><li class='ez-toc-page-1 ez-toc-heading-level-4'><a class=\"ez-toc-link ez-toc-heading-2\" href=\"https:\/\/saphirsmaragd.com\/sl\/izdelek\/spitze-ozeanjasper-schutz-3\/#_Merkmale_Herkunft\" >\u00a0Zna\u010dilnosti in izvor<\/a><\/li><li class='ez-toc-page-1 ez-toc-heading-level-4'><a class=\"ez-toc-link ez-toc-heading-3\" href=\"https:\/\/saphirsmaragd.com\/sl\/izdelek\/spitze-ozeanjasper-schutz-3\/#_Besonderheiten\" >\u00a0Posebne funkcije<\/a><\/li><li class='ez-toc-page-1 ez-toc-heading-level-4'><a class=\"ez-toc-link ez-toc-heading-4\" href=\"https:\/\/saphirsmaragd.com\/sl\/izdelek\/spitze-ozeanjasper-schutz-3\/#_Mehr_uber_Jaspis_Heilsteine\" >\u00a0Mehr \u00fcber Jaspis &amp; Heilsteine<\/a><\/li><li class='ez-toc-page-1 ez-toc-heading-level-4'><a class=\"ez-toc-link ez-toc-heading-5\" href=\"https:\/\/saphirsmaragd.com\/sl\/izdelek\/spitze-ozeanjasper-schutz-3\/#_Weitere_Infos\" >\u00a0Dodatne informacije<\/a><\/li><\/ul><\/nav><\/div>\n<h4 data-start=\"860\" data-end=\"938\"><span class=\"ez-toc-section\" id=\"Spitze_Ozeanjasper_Schutz_%E2%80%93_Kraftvoller_Heilstein_aus_Madagaskar_%E2%80%93_955_g\"><\/span><strong data-start=\"862\" data-end=\"938\">Spitze Ozeanjasper Schutz \u2013 Kraftvoller Heilstein aus Madagaskar \u2013 955 g<\/strong><span class=\"ez-toc-section-end\"><\/span><\/h4>\n<p data-start=\"940\" data-end=\"1203\">Die Spitze Ozeanjasper Schutz ist ein eindrucksvoller Heilstein aus Madagaskar, der Erdung, energetischen Schutz und harmonische Energiefl\u00fcsse kombiniert. Diese Spitze weist nat\u00fcrliche Vertiefungen und Unregelm\u00e4\u00dfigkeiten auf, die typisch f\u00fcr Ozeanjaspis sind.<\/p>\n<hr data-start=\"1205\" data-end=\"1208\" \/>\n<h4 data-start=\"1210\" data-end=\"1235\"><span class=\"ez-toc-section\" id=\"_Merkmale_Herkunft\"><\/span>\u00a0Zna\u010dilnosti in izvor<span class=\"ez-toc-section-end\"><\/span><\/h4>\n<p data-start=\"1236\" data-end=\"1511\">Farbe: Mehrfarbig (typisch f\u00fcr Ozeanjaspis)<br data-start=\"1279\" data-end=\"1282\" \/>Form: Spitze, geschliffen<br data-start=\"1307\" data-end=\"1310\" \/>Izvor: Madagaskar<br data-start=\"1330\" data-end=\"1333\" \/>Gewicht: 955 g<br data-start=\"1347\" data-end=\"1350\" \/>Ma\u00dfe: 23.5 \u00d7 6 \u00d7 5 cm<br data-start=\"1371\" data-end=\"1374\" \/>Reinheit: Nat\u00fcrlich, mit naturbelassenen Vertiefungen<br data-start=\"1427\" data-end=\"1430\" \/>Zdravljenje: nezdravljeno<br data-start=\"1487\" data-end=\"1490\" \/>Steinart: Ozeanjaspis<\/p>\n<hr data-start=\"1513\" data-end=\"1516\" \/>\n<h4 data-start=\"1518\" data-end=\"1538\"><span class=\"ez-toc-section\" id=\"_Besonderheiten\"><\/span>\u00a0Posebne funkcije<span class=\"ez-toc-section-end\"><\/span><\/h4>\n<p data-start=\"1539\" data-end=\"1861\">Die Spitze Ozeanjasper Schutz vereint die klassischen Kr\u00e4fte von Jaspis mit der besonderen harmonisierenden Energie des Ozeanjaspis. Sie f\u00f6rdert Erdung, innere Stabilit\u00e4t, Mut und Entschlossenheit. Dieser Heilstein hilft, Ziele klar zu verfolgen, Ideen in konkrete Handlungen umzusetzen und Selbstvertrauen aufzubauen.<\/p>\n<p data-start=\"1863\" data-end=\"2205\">Ozeanjaspis unterst\u00fctzt au\u00dferdem den Energiefluss im K\u00f6rper, leitet heilende Energie gezielt, l\u00f6st Blockaden und vermittelt ein Gef\u00fchl von Freiheit und innerer Ruhe. Der Stein f\u00f6rdert eine positive Einstellung, hilft, belastende Gedanken und Emotionen wie Sorgen, \u00c4ngste oder depressive Stimmungen zu l\u00f6sen und unterst\u00fctzt Heilungsprozesse.<\/p>\n<p data-start=\"2207\" data-end=\"2354\">K\u00f6rperlich wirkt Ozeanjaspis entgiftend und positiv auf das Hormonsystem, die Dr\u00fcsen, Organe, die Verdauung, Verstopfung und \u00fcberm\u00e4\u00dfiges Schwitzen.<\/p>\n<hr data-start=\"2356\" data-end=\"2359\" \/>\n<h4 data-start=\"2361\" data-end=\"2396\"><span class=\"ez-toc-section\" id=\"_Mehr_uber_Jaspis_Heilsteine\"><\/span>\u00a0Mehr \u00fcber Jaspis &amp; Heilsteine<span class=\"ez-toc-section-end\"><\/span><\/h4>\n<p data-start=\"2397\" data-end=\"2438\"><a href=\"https:\/\/saphirsmaragd.com\/sl\/product-category\/heilsteine-kristalle-kaufen\/\">Zdravilni kamni in kristali<\/a> | Saphir &amp; Smaragd<\/p>\n<hr data-start=\"2440\" data-end=\"2443\" \/>\n<h4 data-start=\"2445\" data-end=\"2466\"><span class=\"ez-toc-section\" id=\"_Weitere_Infos\"><\/span>\u00a0Dodatne informacije<span class=\"ez-toc-section-end\"><\/span><\/h4>\n<p data-start=\"2467\" data-end=\"2514\">Wikipedija: <a class=\"decorated-link\" href=\"https:\/\/de.wikipedia.org\/wiki\/Jaspis\" target=\"_new\" rel=\"noopener\" data-start=\"2478\" data-end=\"2514\">Jaspis<\/a><\/p>","protected":false},"excerpt":{"rendered":"<p><em>Die Spitze Ozeanjasper Schutz ist ein kraftvoller Heilstein aus Madagaskar, der Erdung, Schutz vor negativen Energien und einen harmonischen Energiefluss bietet. Ideal f\u00fcr Meditation, Raumenergie und spirituelle Arbeit.<\/em><\/p>","protected":false},"featured_media":5462,"comment_status":"open","ping_status":"closed","template":"","meta":{"_glsr_average":0,"_glsr_ranking":0,"_glsr_reviews":0},"product_brand":[],"product_cat":[84],"product_tag":[],"class_list":{"0":"post-5461","1":"product","2":"type-product","3":"status-publish","4":"has-post-thumbnail","6":"product_cat-rohsteine-kaufen","8":"first","9":"instock","10":"taxable","11":"shipping-taxable","12":"purchasable","13":"product-type-simple","14":"add-to-wishlist-before_image"},"jetpack_sharing_enabled":true,"_links":{"self":[{"href":"https:\/\/saphirsmaragd.com\/sl\/wp-json\/wp\/v2\/product\/5461","targetHints":{"allow":["GET"]}}],"collection":[{"href":"https:\/\/saphirsmaragd.com\/sl\/wp-json\/wp\/v2\/product"}],"about":[{"href":"https:\/\/saphirsmaragd.com\/sl\/wp-json\/wp\/v2\/types\/product"}],"replies":[{"embeddable":true,"href":"https:\/\/saphirsmaragd.com\/sl\/wp-json\/wp\/v2\/comments?post=5461"}],"version-history":[{"count":1,"href":"https:\/\/saphirsmaragd.com\/sl\/wp-json\/wp\/v2\/product\/5461\/revisions"}],"predecessor-version":[{"id":5465,"href":"https:\/\/saphirsmaragd.com\/sl\/wp-json\/wp\/v2\/product\/5461\/revisions\/5465"}],"wp:featuredmedia":[{"embeddable":true,"href":"https:\/\/saphirsmaragd.com\/sl\/wp-json\/wp\/v2\/media\/5462"}],"wp:attachment":[{"href":"https:\/\/saphirsmaragd.com\/sl\/wp-json\/wp\/v2\/media?parent=5461"}],"wp:term":[{"taxonomy":"product_brand","embeddable":true,"href":"https:\/\/saphirsmaragd.com\/sl\/wp-json\/wp\/v2\/product_brand?post=5461"},{"taxonomy":"product_cat","embeddable":true,"href":"https:\/\/saphirsmaragd.com\/sl\/wp-json\/wp\/v2\/product_cat?post=5461"},{"taxonomy":"product_tag","embeddable":true,"href":"https:\/\/saphirsmaragd.com\/sl\/wp-json\/wp\/v2\/product_tag?post=5461"}],"curies":[{"name":"wp","href":"https:\/\/api.w.org\/{rel}","templated":true}]}}