{"id":5565,"date":"2025-11-23T13:27:51","date_gmt":"2025-11-23T13:27:51","guid":{"rendered":"https:\/\/saphirsmaragd.com\/?post_type=product&#038;p=5565"},"modified":"2025-11-23T13:27:53","modified_gmt":"2025-11-23T13:27:53","slug":"spitze-amethyst-lace-achat-geschnitten","status":"publish","type":"product","link":"https:\/\/saphirsmaragd.com\/sl\/izdelek\/spitze-amethyst-lace-achat-geschnitten\/","title":{"rendered":"Spitze Amethyst Lace Achat Geschnitten \u2013 863 g \u2013 Einzigartiger Naturstein"},"content":{"rendered":"<div id=\"ez-toc-container\" class=\"ez-toc-v2_0_82_2 counter-hierarchy ez-toc-counter ez-toc-grey ez-toc-container-direction\">\n<div class=\"ez-toc-title-container\">\n<p class=\"ez-toc-title\" style=\"cursor:inherit\">Kazalo vsebine<\/p>\n<span class=\"ez-toc-title-toggle\"><a href=\"#\" class=\"ez-toc-pull-right ez-toc-btn ez-toc-btn-xs ez-toc-btn-default ez-toc-toggle\" aria-label=\"Toggle Table of Content\"><span class=\"ez-toc-js-icon-con\"><span class=\"\"><span class=\"eztoc-hide\" style=\"display:none;\">Preklopi<\/span><span class=\"ez-toc-icon-toggle-span\"><svg style=\"fill: #999;color:#999\" xmlns=\"http:\/\/www.w3.org\/2000\/svg\" class=\"list-377408\" width=\"20px\" height=\"20px\" viewbox=\"0 0 24 24\" fill=\"none\"><path d=\"M6 6H4v2h2V6zm14 0H8v2h12V6zM4 11h2v2H4v-2zm16 0H8v2h12v-2zM4 16h2v2H4v-2zm16 0H8v2h12v-2z\" fill=\"currentColor\"><\/path><\/svg><svg style=\"fill: #999;color:#999\" class=\"arrow-unsorted-368013\" xmlns=\"http:\/\/www.w3.org\/2000\/svg\" width=\"10px\" height=\"10px\" viewbox=\"0 0 24 24\" version=\"1.2\" baseprofile=\"tiny\"><path d=\"M18.2 9.3l-6.2-6.3-6.2 6.3c-.2.2-.3.4-.3.7s.1.5.3.7c.2.2.4.3.7.3h11c.3 0 .5-.1.7-.3.2-.2.3-.5.3-.7s-.1-.5-.3-.7zM5.8 14.7l6.2 6.3 6.2-6.3c.2-.2.3-.5.3-.7s-.1-.5-.3-.7c-.2-.2-.4-.3-.7-.3h-11c-.3 0-.5.1-.7.3-.2.2-.3.5-.3.7s.1.5.3.7z\"\/><\/svg><\/span><\/span><\/span><\/a><\/span><\/div>\n<nav><ul class='ez-toc-list ez-toc-list-level-1' ><li class='ez-toc-page-1 ez-toc-heading-level-4'><a class=\"ez-toc-link ez-toc-heading-1\" href=\"https:\/\/saphirsmaragd.com\/sl\/izdelek\/spitze-amethyst-lace-achat-geschnitten\/#Spitze_Amethyst_Lace_Achat_Geschnitten_%E2%80%93_863_g_%E2%80%93_Einzigartiger_Naturstein\" >Spitze Amethyst Lace Achat Geschnitten \u2013 863 g \u2013 Einzigartiger Naturstein<\/a><\/li><li class='ez-toc-page-1 ez-toc-heading-level-4'><a class=\"ez-toc-link ez-toc-heading-2\" href=\"https:\/\/saphirsmaragd.com\/sl\/izdelek\/spitze-amethyst-lace-achat-geschnitten\/#_Merkmale_Herkunft\" >\u00a0Zna\u010dilnosti in izvor<\/a><\/li><li class='ez-toc-page-1 ez-toc-heading-level-4'><a class=\"ez-toc-link ez-toc-heading-3\" href=\"https:\/\/saphirsmaragd.com\/sl\/izdelek\/spitze-amethyst-lace-achat-geschnitten\/#_Besonderheiten\" >\u00a0Posebne funkcije<\/a><\/li><li class='ez-toc-page-1 ez-toc-heading-level-4'><a class=\"ez-toc-link ez-toc-heading-4\" href=\"https:\/\/saphirsmaragd.com\/sl\/izdelek\/spitze-amethyst-lace-achat-geschnitten\/#_Mehr_uber_Amethyste_Heilsteine\" >\u00a0Ve\u010d o ametistih in zdravilnih kamnih<\/a><\/li><li class='ez-toc-page-1 ez-toc-heading-level-4'><a class=\"ez-toc-link ez-toc-heading-5\" href=\"https:\/\/saphirsmaragd.com\/sl\/izdelek\/spitze-amethyst-lace-achat-geschnitten\/#_Weitere_Infos\" >\u00a0Dodatne informacije<\/a><\/li><\/ul><\/nav><\/div>\n<h4 data-start=\"880\" data-end=\"960\"><span class=\"ez-toc-section\" id=\"Spitze_Amethyst_Lace_Achat_Geschnitten_%E2%80%93_863_g_%E2%80%93_Einzigartiger_Naturstein\"><\/span><strong data-start=\"883\" data-end=\"960\">Spitze Amethyst Lace Achat Geschnitten \u2013 863 g \u2013 Einzigartiger Naturstein<\/strong><span class=\"ez-toc-section-end\"><\/span><\/h4>\n<p data-start=\"961\" data-end=\"1165\">Die Spitze Amethyst Lace Achat Geschnitten ist ein beeindruckendes Unikat, das die sch\u00fctzenden und kl\u00e4renden Kr\u00e4fte von Amethyst mit der unterst\u00fctzenden, ausgleichenden Wirkung von Lace Achat vereint.<\/p>\n<hr data-start=\"1167\" data-end=\"1170\" \/>\n<h4 data-start=\"1172\" data-end=\"1197\"><span class=\"ez-toc-section\" id=\"_Merkmale_Herkunft\"><\/span>\u00a0Zna\u010dilnosti in izvor<span class=\"ez-toc-section-end\"><\/span><\/h4>\n<p data-start=\"1198\" data-end=\"1457\">Farbe: Violett, Blau, Wei\u00df<br data-start=\"1224\" data-end=\"1227\" \/>Form: Spitze (geschnitten)<br data-start=\"1284\" data-end=\"1287\" \/>Gewicht: 863 g<br data-start=\"1301\" data-end=\"1304\" \/>Ma\u00dfe: 26.5 \u00d7 4.5 \u00d7 5.5 cm<br data-start=\"1329\" data-end=\"1332\" \/>\u010cistost: naravna<br data-start=\"1351\" data-end=\"1354\" \/>Behandlung: Geschnitten &amp; poliert<br data-start=\"1421\" data-end=\"1424\" \/>Steinart: Amethyst &amp; Lace Achat<\/p>\n<p data-start=\"1459\" data-end=\"1626\"><em data-start=\"1459\" data-end=\"1626\">Hinweis: Dieses St\u00fcck weist nat\u00fcrliche Vertiefungen und Unregelm\u00e4\u00dfigkeiten auf. Es handelt sich um ein echtes Einzelst\u00fcck; Sie erhalten genau den abgebildeten Stein.<\/em><\/p>\n<hr data-start=\"1628\" data-end=\"1631\" \/>\n<h4 data-start=\"1633\" data-end=\"1653\"><span class=\"ez-toc-section\" id=\"_Besonderheiten\"><\/span>\u00a0Posebne funkcije<span class=\"ez-toc-section-end\"><\/span><\/h4>\n<p data-start=\"1654\" data-end=\"2129\">Amethyst gilt als stark sch\u00fctzender, beruhigender und kl\u00e4render Heilstein. Seine violette Energie f\u00f6rdert innere Ruhe, geistige Klarheit und harmonische Ausgeglichenheit. Der Stein hilft, belastende Gedanken zu beruhigen, f\u00f6rdert Einsicht in eigene Muster und unterst\u00fctzt Sie dabei, negative Gewohnheiten oder blockierende Verhaltensweisen zu \u00fcberwinden. Er begleitet sanft durch Prozesse rund um Verlust, Trauma und emotionale Heilung und st\u00e4rkt die spirituelle Entwicklung.<\/p>\n<p data-start=\"2131\" data-end=\"2534\">Lace Achat erg\u00e4nzt diese Eigenschaften durch emotionale Stabilit\u00e4t, Optimismus und Flexibilit\u00e4t. Die Kombination beider Steine schafft ein kraftvolles Energiefeld, das R\u00e4ume reinigt, die Aura st\u00e4rkt und eine klare Verbindung zu h\u00f6heren Ebenen, F\u00fchrung und Intuition unterst\u00fctzt. Besonders gro\u00dfe Spitzen wie diese k\u00f6nnen ganze R\u00e4ume von negativer Energie befreien und eine friedliche Atmosph\u00e4re schaffen.<\/p>\n<hr data-start=\"2536\" data-end=\"2539\" \/>\n<h4 data-start=\"2541\" data-end=\"2581\"><span class=\"ez-toc-section\" id=\"_Mehr_uber_Amethyste_Heilsteine\"><\/span>\u00a0Ve\u010d o ametistih in zdravilnih kamnih<span class=\"ez-toc-section-end\"><\/span><\/h4>\n<p data-start=\"2582\" data-end=\"2625\"><a href=\"https:\/\/saphirsmaragd.com\/sl\/product-category\/heilsteine-kristalle-kaufen\/\">Zdravilni kamni in kristali<\/a> | Amethyste &amp; Achate<\/p>\n<hr data-start=\"2627\" data-end=\"2630\" \/>\n<h4 data-start=\"2632\" data-end=\"2653\"><span class=\"ez-toc-section\" id=\"_Weitere_Infos\"><\/span>\u00a0Dodatne informacije<span class=\"ez-toc-section-end\"><\/span><\/h4>\n<p data-start=\"2654\" data-end=\"2762\">Wikipedija:<br data-start=\"2664\" data-end=\"2667\" \/>Amethyst \u2192<a class=\"decorated-link\" href=\"https:\/\/de.wikipedia.org\/wiki\/Amethyst\" target=\"_new\" rel=\"noopener\" data-start=\"2678\" data-end=\"2716\">wikipedia:Amethyst<\/a><br data-start=\"2716\" data-end=\"2719\" \/>Achat \u2192 <a class=\"decorated-link\" href=\"https:\/\/de.wikipedia.org\/wiki\/Achat\" target=\"_new\" rel=\"noopener\" data-start=\"2727\" data-end=\"2762\">wikipedia:Achat<\/a><\/p>","protected":false},"excerpt":{"rendered":"<p><em>Die Spitze Amethyst Lace Achat Geschnitten ist ein einzigartiger Naturstein von 863 g, der f\u00fcr Schutz, Harmonie und emotionale Balance steht. Ein Unikat mit nat\u00fcrlichen Vertiefungen, perfekt f\u00fcr Meditation, R\u00e4ume und spirituelle Arbeit.<\/em><\/p>","protected":false},"featured_media":5566,"comment_status":"open","ping_status":"closed","template":"","meta":{"_glsr_average":0,"_glsr_ranking":0,"_glsr_reviews":0},"product_brand":[],"product_cat":[84],"product_tag":[],"class_list":{"0":"post-5565","1":"product","2":"type-product","3":"status-publish","4":"has-post-thumbnail","6":"product_cat-rohsteine-kaufen","8":"first","9":"instock","10":"taxable","11":"shipping-taxable","12":"purchasable","13":"product-type-simple","14":"add-to-wishlist-before_image"},"jetpack_sharing_enabled":true,"_links":{"self":[{"href":"https:\/\/saphirsmaragd.com\/sl\/wp-json\/wp\/v2\/product\/5565","targetHints":{"allow":["GET"]}}],"collection":[{"href":"https:\/\/saphirsmaragd.com\/sl\/wp-json\/wp\/v2\/product"}],"about":[{"href":"https:\/\/saphirsmaragd.com\/sl\/wp-json\/wp\/v2\/types\/product"}],"replies":[{"embeddable":true,"href":"https:\/\/saphirsmaragd.com\/sl\/wp-json\/wp\/v2\/comments?post=5565"}],"version-history":[{"count":1,"href":"https:\/\/saphirsmaragd.com\/sl\/wp-json\/wp\/v2\/product\/5565\/revisions"}],"predecessor-version":[{"id":5569,"href":"https:\/\/saphirsmaragd.com\/sl\/wp-json\/wp\/v2\/product\/5565\/revisions\/5569"}],"wp:featuredmedia":[{"embeddable":true,"href":"https:\/\/saphirsmaragd.com\/sl\/wp-json\/wp\/v2\/media\/5566"}],"wp:attachment":[{"href":"https:\/\/saphirsmaragd.com\/sl\/wp-json\/wp\/v2\/media?parent=5565"}],"wp:term":[{"taxonomy":"product_brand","embeddable":true,"href":"https:\/\/saphirsmaragd.com\/sl\/wp-json\/wp\/v2\/product_brand?post=5565"},{"taxonomy":"product_cat","embeddable":true,"href":"https:\/\/saphirsmaragd.com\/sl\/wp-json\/wp\/v2\/product_cat?post=5565"},{"taxonomy":"product_tag","embeddable":true,"href":"https:\/\/saphirsmaragd.com\/sl\/wp-json\/wp\/v2\/product_tag?post=5565"}],"curies":[{"name":"wp","href":"https:\/\/api.w.org\/{rel}","templated":true}]}}