{"id":5579,"date":"2025-11-23T14:54:33","date_gmt":"2025-11-23T14:54:33","guid":{"rendered":"https:\/\/saphirsmaragd.com\/?post_type=product&#038;p=5579"},"modified":"2025-11-23T14:54:34","modified_gmt":"2025-11-23T14:54:34","slug":"obelisk-amethyst-pink-poliert-2474g","status":"publish","type":"product","link":"https:\/\/saphirsmaragd.com\/sl\/izdelek\/obelisk-amethyst-pink-poliert-2474g\/","title":{"rendered":"Obelisk Amethyst Pink Poliert \u2013 2474 g \u2013 Naturstein &#038; Unikat"},"content":{"rendered":"<div id=\"ez-toc-container\" class=\"ez-toc-v2_0_82_2 counter-hierarchy ez-toc-counter ez-toc-grey ez-toc-container-direction\">\n<div class=\"ez-toc-title-container\">\n<p class=\"ez-toc-title\" style=\"cursor:inherit\">Kazalo vsebine<\/p>\n<span class=\"ez-toc-title-toggle\"><a href=\"#\" class=\"ez-toc-pull-right ez-toc-btn ez-toc-btn-xs ez-toc-btn-default ez-toc-toggle\" aria-label=\"Toggle Table of Content\"><span class=\"ez-toc-js-icon-con\"><span class=\"\"><span class=\"eztoc-hide\" style=\"display:none;\">Preklopi<\/span><span class=\"ez-toc-icon-toggle-span\"><svg style=\"fill: #999;color:#999\" xmlns=\"http:\/\/www.w3.org\/2000\/svg\" class=\"list-377408\" width=\"20px\" height=\"20px\" viewbox=\"0 0 24 24\" fill=\"none\"><path d=\"M6 6H4v2h2V6zm14 0H8v2h12V6zM4 11h2v2H4v-2zm16 0H8v2h12v-2zM4 16h2v2H4v-2zm16 0H8v2h12v-2z\" fill=\"currentColor\"><\/path><\/svg><svg style=\"fill: #999;color:#999\" class=\"arrow-unsorted-368013\" xmlns=\"http:\/\/www.w3.org\/2000\/svg\" width=\"10px\" height=\"10px\" viewbox=\"0 0 24 24\" version=\"1.2\" baseprofile=\"tiny\"><path d=\"M18.2 9.3l-6.2-6.3-6.2 6.3c-.2.2-.3.4-.3.7s.1.5.3.7c.2.2.4.3.7.3h11c.3 0 .5-.1.7-.3.2-.2.3-.5.3-.7s-.1-.5-.3-.7zM5.8 14.7l6.2 6.3 6.2-6.3c.2-.2.3-.5.3-.7s-.1-.5-.3-.7c-.2-.2-.4-.3-.7-.3h-11c-.3 0-.5.1-.7.3-.2.2-.3.5-.3.7s.1.5.3.7z\"\/><\/svg><\/span><\/span><\/span><\/a><\/span><\/div>\n<nav><ul class='ez-toc-list ez-toc-list-level-1' ><li class='ez-toc-page-1 ez-toc-heading-level-4'><a class=\"ez-toc-link ez-toc-heading-1\" href=\"https:\/\/saphirsmaragd.com\/sl\/izdelek\/obelisk-amethyst-pink-poliert-2474g\/#Obelisk_Amethyst_Pink_Poliert_%E2%80%93_2474_g_%E2%80%93_Naturstein_Unikat\" >Obelisk Amethyst Pink Poliert \u2013 2474 g \u2013 Naturstein &amp; Unikat<\/a><\/li><li class='ez-toc-page-1 ez-toc-heading-level-4'><a class=\"ez-toc-link ez-toc-heading-2\" href=\"https:\/\/saphirsmaragd.com\/sl\/izdelek\/obelisk-amethyst-pink-poliert-2474g\/#_Merkmale_Herkunft\" >\u00a0Zna\u010dilnosti in izvor<\/a><\/li><li class='ez-toc-page-1 ez-toc-heading-level-4'><a class=\"ez-toc-link ez-toc-heading-3\" href=\"https:\/\/saphirsmaragd.com\/sl\/izdelek\/obelisk-amethyst-pink-poliert-2474g\/#_Besonderheiten\" >\u00a0Posebne funkcije<\/a><\/li><li class='ez-toc-page-1 ez-toc-heading-level-4'><a class=\"ez-toc-link ez-toc-heading-4\" href=\"https:\/\/saphirsmaragd.com\/sl\/izdelek\/obelisk-amethyst-pink-poliert-2474g\/#_Mehr_uber_Amethyste_Heilsteine\" >\u00a0Ve\u010d o ametistih in zdravilnih kamnih<\/a><\/li><li class='ez-toc-page-1 ez-toc-heading-level-4'><a class=\"ez-toc-link ez-toc-heading-5\" href=\"https:\/\/saphirsmaragd.com\/sl\/izdelek\/obelisk-amethyst-pink-poliert-2474g\/#_Weitere_Infos\" >\u00a0Dodatne informacije<\/a><\/li><\/ul><\/nav><\/div>\n<h4 data-start=\"926\" data-end=\"993\"><span class=\"ez-toc-section\" id=\"Obelisk_Amethyst_Pink_Poliert_%E2%80%93_2474_g_%E2%80%93_Naturstein_Unikat\"><\/span><strong data-start=\"929\" data-end=\"993\">Obelisk Amethyst Pink Poliert \u2013 2474 g \u2013 Naturstein &amp; Unikat<\/strong><span class=\"ez-toc-section-end\"><\/span><\/h4>\n<p data-start=\"994\" data-end=\"1167\">Spletna stran <strong data-start=\"998\" data-end=\"1031\">Obelisk Amethyst Pink Poliert<\/strong> ist ein beeindruckend gro\u00dfer pinker Amethyst, der mit seiner sanften, herz\u00f6ffnenden Energie tiefgehende emotionale Heilung unterst\u00fctzt.<\/p>\n<hr data-start=\"1169\" data-end=\"1172\" \/>\n<h4 data-start=\"1174\" data-end=\"1199\"><span class=\"ez-toc-section\" id=\"_Merkmale_Herkunft\"><\/span>\u00a0Zna\u010dilnosti in izvor<span class=\"ez-toc-section-end\"><\/span><\/h4>\n<p data-start=\"1200\" data-end=\"1415\">Barva: roza<br data-start=\"1211\" data-end=\"1214\" \/>Form: Obelisk (poliert)<br data-start=\"1268\" data-end=\"1271\" \/>Gewicht: 2474 g<br data-start=\"1286\" data-end=\"1289\" \/>Ma\u00dfe: 30 \u00d7 10 \u00d7 7 cm<br data-start=\"1309\" data-end=\"1312\" \/>\u010cistost: naravna<br data-start=\"1331\" data-end=\"1334\" \/>Behandlung: Poliert<br data-start=\"1387\" data-end=\"1390\" \/>Steinart: Amethyst (pink)<\/p>\n<p data-start=\"1417\" data-end=\"1528\"><em data-start=\"1417\" data-end=\"1528\">Hinweis: Dieses St\u00fcck zeigt nat\u00fcrliche Vertiefungen und Imperfektionen, die typisch f\u00fcr pinken Amethyst sind.<\/em><\/p>\n<hr data-start=\"1530\" data-end=\"1533\" \/>\n<h4 data-start=\"1535\" data-end=\"1555\"><span class=\"ez-toc-section\" id=\"_Besonderheiten\"><\/span>\u00a0Posebne funkcije<span class=\"ez-toc-section-end\"><\/span><\/h4>\n<p data-start=\"1556\" data-end=\"1833\">Pinker Amethyst besitzt eine h\u00f6here energetische Schwingung als der violette Amethyst, wirkt jedoch deutlich sanfter. Dadurch eignet sich dieser Stein hervorragend f\u00fcr sensible Menschen sowie f\u00fcr alle, die emotionale Heilung auf einer sanften und tiefen Ebene erfahren m\u00f6chten.<\/p>\n<p data-start=\"1835\" data-end=\"2164\">Der Stein wirkt prim\u00e4r auf das Herzchakra: Er hilft, Blockaden zu l\u00f6sen, unterst\u00fctzt emotionale Verarbeitung und bringt die Gef\u00fchle wieder ins Gleichgewicht. Seine energiespendende, liebevolle Schwingung lindert emotionalen Schmerz, f\u00f6rdert die Heilung tief sitzender \u00c4ngste und st\u00e4rkt die Selbstliebe sowie das innere Vertrauen.<\/p>\n<p data-start=\"2166\" data-end=\"2498\">Mit seiner beruhigenden, weichen Ausstrahlung eignet sich ein gro\u00dfer Obelisk wie dieser besonders gut f\u00fcr Meditation, spirituelle Praxis und energetische Raumgestaltung. In Behandlungs-, Therapie- oder Meditationsr\u00e4umen schafft er eine harmonische und sichere Atmosph\u00e4re, die Heilprozesse unterst\u00fctzt und den Raum energetisch kl\u00e4rt.<\/p>\n<hr data-start=\"2500\" data-end=\"2503\" \/>\n<h4 data-start=\"2505\" data-end=\"2545\"><span class=\"ez-toc-section\" id=\"_Mehr_uber_Amethyste_Heilsteine\"><\/span>\u00a0Ve\u010d o ametistih in zdravilnih kamnih<span class=\"ez-toc-section-end\"><\/span><\/h4>\n<p data-start=\"2546\" data-end=\"2589\"><a href=\"https:\/\/saphirsmaragd.com\/sl\/product-category\/heilsteine-kristalle-kaufen\/\">Zdravilni kamni in kristali<\/a> | Amethyste &amp; Quarze<\/p>\n<hr data-start=\"2591\" data-end=\"2594\" \/>\n<h4 data-start=\"2596\" data-end=\"2617\"><span class=\"ez-toc-section\" id=\"_Weitere_Infos\"><\/span>\u00a0Dodatne informacije<span class=\"ez-toc-section-end\"><\/span><\/h4>\n<p data-start=\"2618\" data-end=\"2682\">Amethyst \u2192<a class=\"decorated-link\" href=\"https:\/\/de.wikipedia.org\/wiki\/Amethyst\" target=\"_new\" rel=\"noopener\" data-start=\"2642\" data-end=\"2680\">wikipedia:Amethyst<\/a><\/p>","protected":false},"excerpt":{"rendered":"<p><em>Der Obelisk Amethyst Pink Poliert mit 2474 g ist ein au\u00dfergew\u00f6hnlich gro\u00dfer Heilstein f\u00fcr Liebe, seelische Heilung und emotionale Balance. Ein massives Unikat mit nat\u00fcrlichen Vertiefungen \u2013 ideal f\u00fcr Meditation oder Praxisr\u00e4ume.<\/em><\/p>","protected":false},"featured_media":5580,"comment_status":"open","ping_status":"closed","template":"","meta":{"_glsr_average":0,"_glsr_ranking":0,"_glsr_reviews":0},"product_brand":[],"product_cat":[84],"product_tag":[],"class_list":{"0":"post-5579","1":"product","2":"type-product","3":"status-publish","4":"has-post-thumbnail","6":"product_cat-rohsteine-kaufen","8":"first","9":"instock","10":"taxable","11":"shipping-taxable","12":"purchasable","13":"product-type-simple","14":"add-to-wishlist-before_image"},"jetpack_sharing_enabled":true,"_links":{"self":[{"href":"https:\/\/saphirsmaragd.com\/sl\/wp-json\/wp\/v2\/product\/5579","targetHints":{"allow":["GET"]}}],"collection":[{"href":"https:\/\/saphirsmaragd.com\/sl\/wp-json\/wp\/v2\/product"}],"about":[{"href":"https:\/\/saphirsmaragd.com\/sl\/wp-json\/wp\/v2\/types\/product"}],"replies":[{"embeddable":true,"href":"https:\/\/saphirsmaragd.com\/sl\/wp-json\/wp\/v2\/comments?post=5579"}],"version-history":[{"count":1,"href":"https:\/\/saphirsmaragd.com\/sl\/wp-json\/wp\/v2\/product\/5579\/revisions"}],"predecessor-version":[{"id":5583,"href":"https:\/\/saphirsmaragd.com\/sl\/wp-json\/wp\/v2\/product\/5579\/revisions\/5583"}],"wp:featuredmedia":[{"embeddable":true,"href":"https:\/\/saphirsmaragd.com\/sl\/wp-json\/wp\/v2\/media\/5580"}],"wp:attachment":[{"href":"https:\/\/saphirsmaragd.com\/sl\/wp-json\/wp\/v2\/media?parent=5579"}],"wp:term":[{"taxonomy":"product_brand","embeddable":true,"href":"https:\/\/saphirsmaragd.com\/sl\/wp-json\/wp\/v2\/product_brand?post=5579"},{"taxonomy":"product_cat","embeddable":true,"href":"https:\/\/saphirsmaragd.com\/sl\/wp-json\/wp\/v2\/product_cat?post=5579"},{"taxonomy":"product_tag","embeddable":true,"href":"https:\/\/saphirsmaragd.com\/sl\/wp-json\/wp\/v2\/product_tag?post=5579"}],"curies":[{"name":"wp","href":"https:\/\/api.w.org\/{rel}","templated":true}]}}