{"id":5634,"date":"2025-11-23T21:10:40","date_gmt":"2025-11-23T21:10:40","guid":{"rendered":"https:\/\/saphirsmaragd.com\/?post_type=product&#038;p=5634"},"modified":"2025-12-05T10:28:42","modified_gmt":"2025-12-05T10:28:42","slug":"obelisk-achat-pink-poliert-753g","status":"publish","type":"product","link":"https:\/\/saphirsmaragd.com\/sl\/izdelek\/obelisk-achat-pink-poliert-753g\/","title":{"rendered":"Obelisk Achat Pink Poliert \u2013 753 g \u2013 Naturstein &#038; Unikat"},"content":{"rendered":"<div id=\"ez-toc-container\" class=\"ez-toc-v2_0_82_2 counter-hierarchy ez-toc-counter ez-toc-grey ez-toc-container-direction\">\n<div class=\"ez-toc-title-container\">\n<p class=\"ez-toc-title\" style=\"cursor:inherit\">Kazalo vsebine<\/p>\n<span class=\"ez-toc-title-toggle\"><a href=\"#\" class=\"ez-toc-pull-right ez-toc-btn ez-toc-btn-xs ez-toc-btn-default ez-toc-toggle\" aria-label=\"Toggle Table of Content\"><span class=\"ez-toc-js-icon-con\"><span class=\"\"><span class=\"eztoc-hide\" style=\"display:none;\">Preklopi<\/span><span class=\"ez-toc-icon-toggle-span\"><svg style=\"fill: #999;color:#999\" xmlns=\"http:\/\/www.w3.org\/2000\/svg\" class=\"list-377408\" width=\"20px\" height=\"20px\" viewbox=\"0 0 24 24\" fill=\"none\"><path d=\"M6 6H4v2h2V6zm14 0H8v2h12V6zM4 11h2v2H4v-2zm16 0H8v2h12v-2zM4 16h2v2H4v-2zm16 0H8v2h12v-2z\" fill=\"currentColor\"><\/path><\/svg><svg style=\"fill: #999;color:#999\" class=\"arrow-unsorted-368013\" xmlns=\"http:\/\/www.w3.org\/2000\/svg\" width=\"10px\" height=\"10px\" viewbox=\"0 0 24 24\" version=\"1.2\" baseprofile=\"tiny\"><path d=\"M18.2 9.3l-6.2-6.3-6.2 6.3c-.2.2-.3.4-.3.7s.1.5.3.7c.2.2.4.3.7.3h11c.3 0 .5-.1.7-.3.2-.2.3-.5.3-.7s-.1-.5-.3-.7zM5.8 14.7l6.2 6.3 6.2-6.3c.2-.2.3-.5.3-.7s-.1-.5-.3-.7c-.2-.2-.4-.3-.7-.3h-11c-.3 0-.5.1-.7.3-.2.2-.3.5-.3.7s.1.5.3.7z\"\/><\/svg><\/span><\/span><\/span><\/a><\/span><\/div>\n<nav><ul class='ez-toc-list ez-toc-list-level-1' ><li class='ez-toc-page-1 ez-toc-heading-level-4'><a class=\"ez-toc-link ez-toc-heading-1\" href=\"https:\/\/saphirsmaragd.com\/sl\/izdelek\/obelisk-achat-pink-poliert-753g\/#Obelisk_Achat_Pink_Poliert_%E2%80%93_753_g_%E2%80%93_Naturstein_Unikat\" >Obelisk Achat Pink Poliert \u2013 753 g \u2013 Naturstein &amp; Unikat<\/a><\/li><li class='ez-toc-page-1 ez-toc-heading-level-4'><a class=\"ez-toc-link ez-toc-heading-2\" href=\"https:\/\/saphirsmaragd.com\/sl\/izdelek\/obelisk-achat-pink-poliert-753g\/#Merkmale_Herkunft\" >Zna\u010dilnosti in izvor<\/a><\/li><li class='ez-toc-page-1 ez-toc-heading-level-4'><a class=\"ez-toc-link ez-toc-heading-3\" href=\"https:\/\/saphirsmaragd.com\/sl\/izdelek\/obelisk-achat-pink-poliert-753g\/#Besonderheiten\" >Posebne funkcije\u00a0<\/a><\/li><li class='ez-toc-page-1 ez-toc-heading-level-4'><a class=\"ez-toc-link ez-toc-heading-4\" href=\"https:\/\/saphirsmaragd.com\/sl\/izdelek\/obelisk-achat-pink-poliert-753g\/#Mehr_uber_Achate_Heilsteine\" >Ve\u010d o agatih in zdravilnih kamnih<\/a><\/li><\/ul><\/nav><\/div>\n<h4 data-start=\"724\" data-end=\"784\"><span class=\"ez-toc-section\" id=\"Obelisk_Achat_Pink_Poliert_%E2%80%93_753_g_%E2%80%93_Naturstein_Unikat\"><\/span><strong data-start=\"724\" data-end=\"784\">Obelisk Achat Pink Poliert \u2013 753 g \u2013 Naturstein &amp; Unikat<\/strong><span class=\"ez-toc-section-end\"><\/span><\/h4>\n<p data-start=\"786\" data-end=\"1092\">Dieser Obelisk aus pinkem Achat ist ein sanfter, beruhigender und sch\u00fctzender Heilstein. Er unterst\u00fctzt Erdung, innere Stabilit\u00e4t, Selbstvertrauen und pers\u00f6nliche Weiterentwicklung.<br data-start=\"967\" data-end=\"970\" \/>Das St\u00fcck zeigt nat\u00fcrliche Vertiefungen und Imperfektionen, die seine Echtheit und Qualit\u00e4t als Naturstein unterstreichen.<\/p>\n<hr data-start=\"1094\" data-end=\"1097\" \/>\n<h4 data-start=\"1099\" data-end=\"1128\"><span class=\"ez-toc-section\" id=\"Merkmale_Herkunft\"><\/span><strong data-start=\"1105\" data-end=\"1128\">Zna\u010dilnosti in izvor<\/strong><span class=\"ez-toc-section-end\"><\/span><\/h4>\n<p data-start=\"1130\" data-end=\"1388\">Barva: roza<br data-start=\"1145\" data-end=\"1148\" \/>Form: Obelisk (poliert)<br data-start=\"1210\" data-end=\"1213\" \/>Gewicht: 753 g<br data-start=\"1231\" data-end=\"1234\" \/>Ma\u00dfe: 21.5 \u00d7 5.5 \u00d7 3.5 cm<br data-start=\"1263\" data-end=\"1266\" \/>\u010cistost: naravna<br data-start=\"1289\" data-end=\"1292\" \/>Behandlung: Poliert<br data-start=\"1357\" data-end=\"1360\" \/>Steinart: Achat (pink)<\/p>\n<hr data-start=\"1390\" data-end=\"1393\" \/>\n<h4 data-start=\"1395\" data-end=\"1429\"><span class=\"ez-toc-section\" id=\"Besonderheiten\"><\/span><strong data-start=\"1401\" data-end=\"1429\">Posebne funkcije\u00a0<\/strong><span class=\"ez-toc-section-end\"><\/span><\/h4>\n<p data-start=\"1431\" data-end=\"1971\">Achat Pink wirkt beruhigend, stabilisierend und sch\u00fctzend. Der Stein unterst\u00fctzt Erdung, innere Ruhe, Selbstvertrauen und Akzeptanz. Er f\u00f6rdert Konzentration, analytisches Denken und hilft, sich selbst und Situationen objektiv zu betrachten.<br data-start=\"1672\" data-end=\"1675\" \/>Achat stimuliert pers\u00f6nliches Wachstum, unterst\u00fctzt Zielverfolgung und sch\u00fctzt w\u00e4hrend Reisen. Seine sanfte Energie macht ihn ideal f\u00fcr sensible Menschen, Kinder und Frauen in der Schwangerschaft. Er bringt k\u00f6rperlich positive Effekte auf Immunsystem, Nervensystem, Verdauung, Herz und Kreislauf.<\/p>\n<hr data-start=\"1973\" data-end=\"1976\" \/>\n<h4 data-start=\"1978\" data-end=\"2017\"><span class=\"ez-toc-section\" id=\"Mehr_uber_Achate_Heilsteine\"><\/span><strong data-start=\"1984\" data-end=\"2017\">Ve\u010d o agatih in zdravilnih kamnih<\/strong><span class=\"ez-toc-section-end\"><\/span><\/h4>\n<p data-start=\"2019\" data-end=\"2052\"><a href=\"https:\/\/saphirsmaragd.com\/sl\/product-category\/heilsteine-kristalle-kaufen\/\">Zdravilni kamni in kristali<\/a> | Achate<\/p>\n<hr data-start=\"1973\" data-end=\"1976\" \/>\n<p data-start=\"2054\" data-end=\"2116\"><strong data-start=\"2054\" data-end=\"2068\">Wikipedija:<\/strong><br data-start=\"2068\" data-end=\"2071\" \/><a class=\"decorated-link\" href=\"https:\/\/de.wikipedia.org\/wiki\/Achat\" target=\"_new\" rel=\"noopener\" data-start=\"2079\" data-end=\"2114\">wikipedia:Achat<\/a><\/p>","protected":false},"excerpt":{"rendered":"<p><em>Der Obelisk Achat Pink Poliert mit 753 g ist ein beruhigender und sch\u00fctzender Heilstein f\u00fcr Erdung, innere Balance und pers\u00f6nliches Wachstum. Ein poliertes Unikat \u2013 ideal f\u00fcr Meditation, Praxis- oder Therapier\u00e4ume.<\/em><\/p>","protected":false},"featured_media":5635,"comment_status":"open","ping_status":"closed","template":"","meta":{"_glsr_average":0,"_glsr_ranking":0,"_glsr_reviews":0},"product_brand":[],"product_cat":[84],"product_tag":[],"class_list":{"0":"post-5634","1":"product","2":"type-product","3":"status-publish","4":"has-post-thumbnail","6":"product_cat-rohsteine-kaufen","8":"first","9":"instock","10":"taxable","11":"shipping-taxable","12":"purchasable","13":"product-type-simple","14":"add-to-wishlist-before_image"},"jetpack_sharing_enabled":true,"_links":{"self":[{"href":"https:\/\/saphirsmaragd.com\/sl\/wp-json\/wp\/v2\/product\/5634","targetHints":{"allow":["GET"]}}],"collection":[{"href":"https:\/\/saphirsmaragd.com\/sl\/wp-json\/wp\/v2\/product"}],"about":[{"href":"https:\/\/saphirsmaragd.com\/sl\/wp-json\/wp\/v2\/types\/product"}],"replies":[{"embeddable":true,"href":"https:\/\/saphirsmaragd.com\/sl\/wp-json\/wp\/v2\/comments?post=5634"}],"version-history":[{"count":1,"href":"https:\/\/saphirsmaragd.com\/sl\/wp-json\/wp\/v2\/product\/5634\/revisions"}],"predecessor-version":[{"id":5638,"href":"https:\/\/saphirsmaragd.com\/sl\/wp-json\/wp\/v2\/product\/5634\/revisions\/5638"}],"wp:featuredmedia":[{"embeddable":true,"href":"https:\/\/saphirsmaragd.com\/sl\/wp-json\/wp\/v2\/media\/5635"}],"wp:attachment":[{"href":"https:\/\/saphirsmaragd.com\/sl\/wp-json\/wp\/v2\/media?parent=5634"}],"wp:term":[{"taxonomy":"product_brand","embeddable":true,"href":"https:\/\/saphirsmaragd.com\/sl\/wp-json\/wp\/v2\/product_brand?post=5634"},{"taxonomy":"product_cat","embeddable":true,"href":"https:\/\/saphirsmaragd.com\/sl\/wp-json\/wp\/v2\/product_cat?post=5634"},{"taxonomy":"product_tag","embeddable":true,"href":"https:\/\/saphirsmaragd.com\/sl\/wp-json\/wp\/v2\/product_tag?post=5634"}],"curies":[{"name":"wp","href":"https:\/\/api.w.org\/{rel}","templated":true}]}}