{"id":6073,"date":"2025-12-13T18:23:15","date_gmt":"2025-12-13T18:23:15","guid":{"rendered":"https:\/\/saphirsmaragd.com\/?post_type=product&#038;p=6073"},"modified":"2025-12-13T18:23:18","modified_gmt":"2025-12-13T18:23:18","slug":"anhaenger-mit-andenopal-oval-rosa","status":"publish","type":"product","link":"https:\/\/saphirsmaragd.com\/sl\/izdelek\/anhaenger-mit-andenopal-oval-rosa\/","title":{"rendered":"Obesek z andskim opalom ovalno roza barve - Fasetiran enojni kamen v srebru 925"},"content":{"rendered":"<div id=\"ez-toc-container\" class=\"ez-toc-v2_0_82_2 counter-hierarchy ez-toc-counter ez-toc-grey ez-toc-container-direction\">\n<div class=\"ez-toc-title-container\">\n<p class=\"ez-toc-title\" style=\"cursor:inherit\">Kazalo vsebine<\/p>\n<span class=\"ez-toc-title-toggle\"><a href=\"#\" class=\"ez-toc-pull-right ez-toc-btn ez-toc-btn-xs ez-toc-btn-default ez-toc-toggle\" aria-label=\"Toggle Table of Content\"><span class=\"ez-toc-js-icon-con\"><span class=\"\"><span class=\"eztoc-hide\" style=\"display:none;\">Preklopi<\/span><span class=\"ez-toc-icon-toggle-span\"><svg style=\"fill: #999;color:#999\" xmlns=\"http:\/\/www.w3.org\/2000\/svg\" class=\"list-377408\" width=\"20px\" height=\"20px\" viewbox=\"0 0 24 24\" fill=\"none\"><path d=\"M6 6H4v2h2V6zm14 0H8v2h12V6zM4 11h2v2H4v-2zm16 0H8v2h12v-2zM4 16h2v2H4v-2zm16 0H8v2h12v-2z\" fill=\"currentColor\"><\/path><\/svg><svg style=\"fill: #999;color:#999\" class=\"arrow-unsorted-368013\" xmlns=\"http:\/\/www.w3.org\/2000\/svg\" width=\"10px\" height=\"10px\" viewbox=\"0 0 24 24\" version=\"1.2\" baseprofile=\"tiny\"><path d=\"M18.2 9.3l-6.2-6.3-6.2 6.3c-.2.2-.3.4-.3.7s.1.5.3.7c.2.2.4.3.7.3h11c.3 0 .5-.1.7-.3.2-.2.3-.5.3-.7s-.1-.5-.3-.7zM5.8 14.7l6.2 6.3 6.2-6.3c.2-.2.3-.5.3-.7s-.1-.5-.3-.7c-.2-.2-.4-.3-.7-.3h-11c-.3 0-.5.1-.7.3-.2.2-.3.5-.3.7s.1.5.3.7z\"\/><\/svg><\/span><\/span><\/span><\/a><\/span><\/div>\n<nav><ul class='ez-toc-list ez-toc-list-level-1' ><li class='ez-toc-page-1 ez-toc-heading-level-4'><a class=\"ez-toc-link ez-toc-heading-1\" href=\"https:\/\/saphirsmaragd.com\/sl\/izdelek\/anhaenger-mit-andenopal-oval-rosa\/#Anhanger_mit_Andenopal_Oval_Rosa_%E2%80%93_Facettierter_Einzelstein_aus_925_Silber\" >Obesek z andskim opalom ovalno roza barve - Fasetiran enojni kamen v srebru 925<\/a><\/li><li class='ez-toc-page-1 ez-toc-heading-level-4'><a class=\"ez-toc-link ez-toc-heading-2\" href=\"https:\/\/saphirsmaragd.com\/sl\/izdelek\/anhaenger-mit-andenopal-oval-rosa\/#_Merkmale_Herkunft\" >\u00a0Zna\u010dilnosti in izvor<\/a><\/li><li class='ez-toc-page-1 ez-toc-heading-level-4'><a class=\"ez-toc-link ez-toc-heading-3\" href=\"https:\/\/saphirsmaragd.com\/sl\/izdelek\/anhaenger-mit-andenopal-oval-rosa\/#_Besonderheiten\" >\u00a0Posebne funkcije<\/a><\/li><li class='ez-toc-page-1 ez-toc-heading-level-4'><a class=\"ez-toc-link ez-toc-heading-4\" href=\"https:\/\/saphirsmaragd.com\/sl\/izdelek\/anhaenger-mit-andenopal-oval-rosa\/#_Mehr_uber_Opale_Heilsteine\" >\u00a0Ve\u010d o opalih in zdravilnih kamnih<\/a><\/li><li class='ez-toc-page-1 ez-toc-heading-level-4'><a class=\"ez-toc-link ez-toc-heading-5\" href=\"https:\/\/saphirsmaragd.com\/sl\/izdelek\/anhaenger-mit-andenopal-oval-rosa\/#_Weitere_Infos\" >\u00a0Dodatne informacije<\/a><\/li><\/ul><\/nav><\/div>\n<h4 data-start=\"831\" data-end=\"907\"><span class=\"ez-toc-section\" id=\"Anhanger_mit_Andenopal_Oval_Rosa_%E2%80%93_Facettierter_Einzelstein_aus_925_Silber\"><\/span>Obesek z andskim opalom ovalno roza barve - Fasetiran enojni kamen v srebru 925<span class=\"ez-toc-section-end\"><\/span><\/h4>\n<p data-start=\"909\" data-end=\"1079\">Der Anh\u00e4nger mit Andenopal Oval Rosa ist ein handgefertigtes Unikat, bei dem Sie exakt den abgebildeten facettierten Andenopal in hochwertiger Silberfassung erhalten.<\/p>\n<hr data-start=\"2497\" data-end=\"2500\" \/>\n<h4 data-start=\"1081\" data-end=\"1106\"><span class=\"ez-toc-section\" id=\"_Merkmale_Herkunft\"><\/span>\u00a0Zna\u010dilnosti in izvor<span class=\"ez-toc-section-end\"><\/span><\/h4>\n<p data-start=\"1107\" data-end=\"1438\">Barva: roza<br data-start=\"1118\" data-end=\"1121\" \/>Form: Oval, facettiert<br data-start=\"1143\" data-end=\"1146\" \/>Herkunft: Andenregion (S\u00fcdamerika)<br data-start=\"1202\" data-end=\"1205\" \/>Ma\u00dfe: Stein ca. 1.1 \u00d7 1.0 cm<br data-start=\"1233\" data-end=\"1236\" \/>\u010cistost: pristen naravni kamen<br data-start=\"1263\" data-end=\"1266\" \/>Zdravljenje: nezdravljeno<br data-start=\"1323\" data-end=\"1326\" \/>Steinart: Andenopal<br data-start=\"1345\" data-end=\"1348\" \/>Material: srebro 925<br data-start=\"1377\" data-end=\"1380\" \/>Vrsta nakita: Obesek<br data-start=\"1400\" data-end=\"1403\" \/>Gesamtl\u00e4nge: ca. 1.9 cm (inkl. \u00d6se)<\/p>\n<hr data-start=\"2497\" data-end=\"2500\" \/>\n<h4 data-start=\"1440\" data-end=\"1460\"><span class=\"ez-toc-section\" id=\"_Besonderheiten\"><\/span>\u00a0Posebne funkcije<span class=\"ez-toc-section-end\"><\/span><\/h4>\n<p data-start=\"1461\" data-end=\"1779\">Der Anh\u00e4nger mit Andenopal Oval Rosa steht f\u00fcr eine sanfte, liebevolle und offene Energie. Andenopal wird traditionell mit sozialer Offenheit, Herzensw\u00e4rme und innerer Ruhe in Verbindung gebracht. Seine ruhige Ausstrahlung f\u00f6rdert Empathie, Gastfreundschaft und echte Verbundenheit im zwischenmenschlichen Kontakt.<\/p>\n<p data-start=\"1781\" data-end=\"2165\">Auf emotionaler Ebene unterst\u00fctzt Andenopal dabei, Sch\u00fcchternheit, innere Hemmungen und alte emotionale Blockaden loszulassen. Er kann Ihnen helfen, Gef\u00fchle nat\u00fcrlicher auszudr\u00fccken, Vertrauen aufzubauen und N\u00e4he zuzulassen. Durch seine enge Verbindung zum Herzchakra f\u00f6rdert dieser Edelstein emotionale Heilung, Selbstakzeptanz und einen liebevollen Blick auf sich selbst und andere.<\/p>\n<hr data-start=\"2497\" data-end=\"2500\" \/>\n<h4 data-start=\"2167\" data-end=\"2201\"><span class=\"ez-toc-section\" id=\"_Mehr_uber_Opale_Heilsteine\"><\/span>\u00a0Ve\u010d o opalih in zdravilnih kamnih<span class=\"ez-toc-section-end\"><\/span><\/h4>\n<p data-start=\"2280\" data-end=\"2344\"><a href=\"https:\/\/saphirsmaragd.com\/sl\/product-category\/heilsteine-kristalle-kaufen\/\">Safir in smaragd<\/a><br data-start=\"2297\" data-end=\"2300\" \/><a class=\"decorated-link cursor-pointer\" target=\"_new\" rel=\"noopener\" data-start=\"2300\" data-end=\"2342\"><br \/>\n<\/a><\/p>\n<hr data-start=\"2497\" data-end=\"2500\" \/>\n<h4 data-start=\"2346\" data-end=\"2365\"><span class=\"ez-toc-section\" id=\"_Weitere_Infos\"><\/span>\u00a0Dodatne informacije<span class=\"ez-toc-section-end\"><\/span><\/h4>\n<p data-start=\"2424\" data-end=\"2495\">Wikipedija -<a href=\"https:\/\/de.wikipedia.org\/wiki\/Opal#Andenopal\" target=\"_blank\" rel=\"noopener\"> Andenopal<\/a><\/p>","protected":false},"excerpt":{"rendered":"<p><em>Der Anh\u00e4nger mit Andenopal Oval Rosa ist ein einzigartiges Schmuckst\u00fcck aus 925 Sterling Silber. Ein liebevoller Edelsteinanh\u00e4nger f\u00fcr Offenheit, Herzensw\u00e4rme und emotionale Entspannung.<\/em><\/p>","protected":false},"featured_media":6074,"comment_status":"open","ping_status":"closed","template":"","meta":{"_glsr_average":0,"_glsr_ranking":0,"_glsr_reviews":0},"product_brand":[],"product_cat":[87],"product_tag":[],"class_list":{"0":"post-6073","1":"product","2":"type-product","3":"status-publish","4":"has-post-thumbnail","6":"product_cat-edelstein-anhaenger","8":"first","9":"instock","10":"shipping-taxable","11":"purchasable","12":"product-type-simple","13":"add-to-wishlist-before_image"},"jetpack_sharing_enabled":true,"_links":{"self":[{"href":"https:\/\/saphirsmaragd.com\/sl\/wp-json\/wp\/v2\/product\/6073","targetHints":{"allow":["GET"]}}],"collection":[{"href":"https:\/\/saphirsmaragd.com\/sl\/wp-json\/wp\/v2\/product"}],"about":[{"href":"https:\/\/saphirsmaragd.com\/sl\/wp-json\/wp\/v2\/types\/product"}],"replies":[{"embeddable":true,"href":"https:\/\/saphirsmaragd.com\/sl\/wp-json\/wp\/v2\/comments?post=6073"}],"version-history":[{"count":1,"href":"https:\/\/saphirsmaragd.com\/sl\/wp-json\/wp\/v2\/product\/6073\/revisions"}],"predecessor-version":[{"id":6076,"href":"https:\/\/saphirsmaragd.com\/sl\/wp-json\/wp\/v2\/product\/6073\/revisions\/6076"}],"wp:featuredmedia":[{"embeddable":true,"href":"https:\/\/saphirsmaragd.com\/sl\/wp-json\/wp\/v2\/media\/6074"}],"wp:attachment":[{"href":"https:\/\/saphirsmaragd.com\/sl\/wp-json\/wp\/v2\/media?parent=6073"}],"wp:term":[{"taxonomy":"product_brand","embeddable":true,"href":"https:\/\/saphirsmaragd.com\/sl\/wp-json\/wp\/v2\/product_brand?post=6073"},{"taxonomy":"product_cat","embeddable":true,"href":"https:\/\/saphirsmaragd.com\/sl\/wp-json\/wp\/v2\/product_cat?post=6073"},{"taxonomy":"product_tag","embeddable":true,"href":"https:\/\/saphirsmaragd.com\/sl\/wp-json\/wp\/v2\/product_tag?post=6073"}],"curies":[{"name":"wp","href":"https:\/\/api.w.org\/{rel}","templated":true}]}}