{"id":6434,"date":"2025-12-19T23:23:54","date_gmt":"2025-12-19T23:23:54","guid":{"rendered":"https:\/\/saphirsmaragd.com\/?post_type=product&#038;p=6434"},"modified":"2025-12-19T23:23:55","modified_gmt":"2025-12-19T23:23:55","slug":"anhaenger-mit-moldavit-oval","status":"publish","type":"product","link":"https:\/\/saphirsmaragd.com\/sl\/izdelek\/anhaenger-mit-moldavit-oval\/","title":{"rendered":"\u00a0Anh\u00e4nger mit Moldavit Oval facettiert \u2013 teilpoliert in Silber 925"},"content":{"rendered":"<div id=\"ez-toc-container\" class=\"ez-toc-v2_0_82_2 counter-hierarchy ez-toc-counter ez-toc-grey ez-toc-container-direction\">\n<div class=\"ez-toc-title-container\">\n<p class=\"ez-toc-title\" style=\"cursor:inherit\">Kazalo vsebine<\/p>\n<span class=\"ez-toc-title-toggle\"><a href=\"#\" class=\"ez-toc-pull-right ez-toc-btn ez-toc-btn-xs ez-toc-btn-default ez-toc-toggle\" aria-label=\"Toggle Table of Content\"><span class=\"ez-toc-js-icon-con\"><span class=\"\"><span class=\"eztoc-hide\" style=\"display:none;\">Preklopi<\/span><span class=\"ez-toc-icon-toggle-span\"><svg style=\"fill: #999;color:#999\" xmlns=\"http:\/\/www.w3.org\/2000\/svg\" class=\"list-377408\" width=\"20px\" height=\"20px\" viewbox=\"0 0 24 24\" fill=\"none\"><path d=\"M6 6H4v2h2V6zm14 0H8v2h12V6zM4 11h2v2H4v-2zm16 0H8v2h12v-2zM4 16h2v2H4v-2zm16 0H8v2h12v-2z\" fill=\"currentColor\"><\/path><\/svg><svg style=\"fill: #999;color:#999\" class=\"arrow-unsorted-368013\" xmlns=\"http:\/\/www.w3.org\/2000\/svg\" width=\"10px\" height=\"10px\" viewbox=\"0 0 24 24\" version=\"1.2\" baseprofile=\"tiny\"><path d=\"M18.2 9.3l-6.2-6.3-6.2 6.3c-.2.2-.3.4-.3.7s.1.5.3.7c.2.2.4.3.7.3h11c.3 0 .5-.1.7-.3.2-.2.3-.5.3-.7s-.1-.5-.3-.7zM5.8 14.7l6.2 6.3 6.2-6.3c.2-.2.3-.5.3-.7s-.1-.5-.3-.7c-.2-.2-.4-.3-.7-.3h-11c-.3 0-.5.1-.7.3-.2.2-.3.5-.3.7s.1.5.3.7z\"\/><\/svg><\/span><\/span><\/span><\/a><\/span><\/div>\n<nav><ul class='ez-toc-list ez-toc-list-level-1' ><li class='ez-toc-page-1 ez-toc-heading-level-4'><a class=\"ez-toc-link ez-toc-heading-1\" href=\"https:\/\/saphirsmaragd.com\/sl\/izdelek\/anhaenger-mit-moldavit-oval\/#_Anhanger_mit_Moldavit_Oval_facettiert_%E2%80%93_teilpoliert_in_Silber_925\" >\u00a0Anh\u00e4nger mit Moldavit Oval facettiert \u2013 teilpoliert in Silber 925<\/a><\/li><li class='ez-toc-page-1 ez-toc-heading-level-4'><a class=\"ez-toc-link ez-toc-heading-2\" href=\"https:\/\/saphirsmaragd.com\/sl\/izdelek\/anhaenger-mit-moldavit-oval\/#_Merkmale_Herkunft\" >\u00a0Zna\u010dilnosti in izvor<\/a><\/li><li class='ez-toc-page-1 ez-toc-heading-level-4'><a class=\"ez-toc-link ez-toc-heading-3\" href=\"https:\/\/saphirsmaragd.com\/sl\/izdelek\/anhaenger-mit-moldavit-oval\/#_Besonderheiten\" >\u00a0Posebne funkcije<\/a><\/li><li class='ez-toc-page-1 ez-toc-heading-level-4'><a class=\"ez-toc-link ez-toc-heading-4\" href=\"https:\/\/saphirsmaragd.com\/sl\/izdelek\/anhaenger-mit-moldavit-oval\/#_Mehr_uber_Moldavite_Heilsteine\" >\u00a0Mehr \u00fcber Moldavite &amp; Heilsteine<\/a><\/li><li class='ez-toc-page-1 ez-toc-heading-level-4'><a class=\"ez-toc-link ez-toc-heading-5\" href=\"https:\/\/saphirsmaragd.com\/sl\/izdelek\/anhaenger-mit-moldavit-oval\/#_Weitere_Infos\" >\u00a0Dodatne informacije<\/a><\/li><\/ul><\/nav><\/div>\n<h4 data-start=\"636\" data-end=\"708\"><span class=\"ez-toc-section\" id=\"_Anhanger_mit_Moldavit_Oval_facettiert_%E2%80%93_teilpoliert_in_Silber_925\"><\/span>\u00a0Anh\u00e4nger mit Moldavit Oval facettiert \u2013 teilpoliert in Silber 925<span class=\"ez-toc-section-end\"><\/span><\/h4>\n<p data-start=\"709\" data-end=\"944\">Der Anh\u00e4nger mit Moldavit Oval facettiert vereint die kraftvolle kosmische Energie des Moldavits mit einer eleganten, teilpolierten Facettierung und eignet sich ideal f\u00fcr Meditation, spirituelle Entwicklung und energetische Arbeit.<\/p>\n<hr data-start=\"2677\" data-end=\"2680\" \/>\n<h4 data-start=\"946\" data-end=\"972\"><span class=\"ez-toc-section\" id=\"_Merkmale_Herkunft\"><\/span>\u00a0Zna\u010dilnosti in izvor<span class=\"ez-toc-section-end\"><\/span><\/h4>\n<p data-start=\"973\" data-end=\"1326\">Barva: zelena<br data-start=\"984\" data-end=\"987\" \/>Form: Oval, facettiert, teilpoliert<br data-start=\"1022\" data-end=\"1025\" \/>Herkunft: Tschechien<br data-start=\"1045\" data-end=\"1048\" \/>Steingr\u00f6\u00dfe: ca. 1.3 x 1.1 cm<br data-start=\"1076\" data-end=\"1079\" \/>Gesamtl\u00e4nge Anh\u00e4nger: ca. 2.1 cm (inklusive \u00d6se)<br data-start=\"1127\" data-end=\"1130\" \/>Material: srebro (925)<br data-start=\"1160\" data-end=\"1163\" \/>\u010cistost: naravni kamen<br data-start=\"1183\" data-end=\"1186\" \/>Behandlung: Teilpoliert<br data-start=\"1243\" data-end=\"1246\" \/>Steinart: Moldavit<br data-start=\"1264\" data-end=\"1267\" \/>Posamezen element: Prejeli boste to\u010dno tak\u0161en obesek, kot je prikazan na sliki<\/p>\n<hr data-start=\"2677\" data-end=\"2680\" \/>\n<h4 data-start=\"1328\" data-end=\"1389\"><span class=\"ez-toc-section\" id=\"_Besonderheiten\"><\/span>\u00a0Posebne funkcije<span class=\"ez-toc-section-end\"><\/span><\/h4>\n<p data-start=\"1390\" data-end=\"1796\">Der Anh\u00e4nger mit Moldavit Oval facettiert enth\u00e4lt einen seltenen Tektiten, der durch einen Meteoriteneinschlag entstanden ist und sowohl irdische als auch kosmische Energie in sich tr\u00e4gt. Moldavit besitzt eine sehr hohe Schwingung und gilt als einer der st\u00e4rksten Steine f\u00fcr Transformation und spirituelles Wachstum. Er hilft Ihnen dabei, Einsicht in Ihre Seelenaufgabe und Ihren Lebensweg zu gewinnen.<\/p>\n<p data-start=\"1798\" data-end=\"2120\">Spirituell \u00f6ffnet Moldavit die h\u00f6heren Chakren und unterst\u00fctzt den Kontakt zu spirituellen F\u00fchrern, anderen Dimensionen und dem h\u00f6heren Selbst. Er f\u00f6rdert Intuition, Hellsichtigkeit, Divination und mediale F\u00e4higkeiten und hilft dabei, alte Seelenthemen wie Reinkarnationserfahrungen bewusst zu erkennen und zu integrieren.<\/p>\n<hr data-start=\"2677\" data-end=\"2680\" \/>\n<h4 data-start=\"2496\" data-end=\"2535\"><span class=\"ez-toc-section\" id=\"_Mehr_uber_Moldavite_Heilsteine\"><\/span>\u00a0Mehr \u00fcber Moldavite &amp; Heilsteine<span class=\"ez-toc-section-end\"><\/span><\/h4>\n<p data-start=\"2536\" data-end=\"2584\">Zdravilni kamni in kristali |<a href=\"https:\/\/saphirsmaragd.com\/sl\/product-category\/heilsteine-kristalle-kaufen\/\"> Safir in smaragd<\/a><strong><br \/>\n<\/strong><\/p>\n<hr data-start=\"2677\" data-end=\"2680\" \/>\n<h4 data-start=\"2586\" data-end=\"2606\"><span class=\"ez-toc-section\" id=\"_Weitere_Infos\"><\/span>\u00a0Dodatne informacije<span class=\"ez-toc-section-end\"><\/span><\/h4>\n<p data-start=\"2607\" data-end=\"2675\">Wikipedija - <a href=\"https:\/\/de.wikipedia.org\/wiki\/Moldavit\" target=\"_blank\" rel=\"noopener\">Moldavit<\/a><br data-start=\"2634\" data-end=\"2637\" \/><\/p>","protected":false},"excerpt":{"rendered":"<p>\u00a0Anh\u00e4nger mit Moldavit Oval facettiert \u2013 teilpoliert in Silber 925 Der Anh\u00e4nger mit Moldavit Oval facettiert vereint die kraftvolle kosmische Energie des Moldavits mit einer eleganten, teilpolierten Facettierung und eignet<\/p>","protected":false},"featured_media":6435,"comment_status":"open","ping_status":"closed","template":"","meta":{"_glsr_average":0,"_glsr_ranking":0,"_glsr_reviews":0},"product_brand":[],"product_cat":[87],"product_tag":[],"class_list":{"0":"post-6434","1":"product","2":"type-product","3":"status-publish","4":"has-post-thumbnail","6":"product_cat-edelstein-anhaenger","8":"first","9":"instock","10":"shipping-taxable","11":"purchasable","12":"product-type-simple","13":"add-to-wishlist-before_image"},"jetpack_sharing_enabled":true,"_links":{"self":[{"href":"https:\/\/saphirsmaragd.com\/sl\/wp-json\/wp\/v2\/product\/6434","targetHints":{"allow":["GET"]}}],"collection":[{"href":"https:\/\/saphirsmaragd.com\/sl\/wp-json\/wp\/v2\/product"}],"about":[{"href":"https:\/\/saphirsmaragd.com\/sl\/wp-json\/wp\/v2\/types\/product"}],"replies":[{"embeddable":true,"href":"https:\/\/saphirsmaragd.com\/sl\/wp-json\/wp\/v2\/comments?post=6434"}],"version-history":[{"count":2,"href":"https:\/\/saphirsmaragd.com\/sl\/wp-json\/wp\/v2\/product\/6434\/revisions"}],"predecessor-version":[{"id":6439,"href":"https:\/\/saphirsmaragd.com\/sl\/wp-json\/wp\/v2\/product\/6434\/revisions\/6439"}],"wp:featuredmedia":[{"embeddable":true,"href":"https:\/\/saphirsmaragd.com\/sl\/wp-json\/wp\/v2\/media\/6435"}],"wp:attachment":[{"href":"https:\/\/saphirsmaragd.com\/sl\/wp-json\/wp\/v2\/media?parent=6434"}],"wp:term":[{"taxonomy":"product_brand","embeddable":true,"href":"https:\/\/saphirsmaragd.com\/sl\/wp-json\/wp\/v2\/product_brand?post=6434"},{"taxonomy":"product_cat","embeddable":true,"href":"https:\/\/saphirsmaragd.com\/sl\/wp-json\/wp\/v2\/product_cat?post=6434"},{"taxonomy":"product_tag","embeddable":true,"href":"https:\/\/saphirsmaragd.com\/sl\/wp-json\/wp\/v2\/product_tag?post=6434"}],"curies":[{"name":"wp","href":"https:\/\/api.w.org\/{rel}","templated":true}]}}