{"id":6575,"date":"2025-12-21T14:59:32","date_gmt":"2025-12-21T14:59:32","guid":{"rendered":"https:\/\/saphirsmaragd.com\/?post_type=product&#038;p=6575"},"modified":"2025-12-29T18:47:13","modified_gmt":"2025-12-29T18:47:13","slug":"spinell-kissen-2-97-karat-rot","status":"publish","type":"product","link":"https:\/\/saphirsmaragd.com\/sl\/izdelek\/spinell-kissen-2-97-karat-rot\/","title":{"rendered":"Spinell Kissen 2.97 Karat Rot \u2013 nat\u00fcrlicher roter Spinell aus Myanmar"},"content":{"rendered":"<div id=\"ez-toc-container\" class=\"ez-toc-v2_0_82_2 counter-hierarchy ez-toc-counter ez-toc-grey ez-toc-container-direction\">\n<div class=\"ez-toc-title-container\">\n<p class=\"ez-toc-title\" style=\"cursor:inherit\">Kazalo vsebine<\/p>\n<span class=\"ez-toc-title-toggle\"><a href=\"#\" class=\"ez-toc-pull-right ez-toc-btn ez-toc-btn-xs ez-toc-btn-default ez-toc-toggle\" aria-label=\"Toggle Table of Content\"><span class=\"ez-toc-js-icon-con\"><span class=\"\"><span class=\"eztoc-hide\" style=\"display:none;\">Preklopi<\/span><span class=\"ez-toc-icon-toggle-span\"><svg style=\"fill: #999;color:#999\" xmlns=\"http:\/\/www.w3.org\/2000\/svg\" class=\"list-377408\" width=\"20px\" height=\"20px\" viewbox=\"0 0 24 24\" fill=\"none\"><path d=\"M6 6H4v2h2V6zm14 0H8v2h12V6zM4 11h2v2H4v-2zm16 0H8v2h12v-2zM4 16h2v2H4v-2zm16 0H8v2h12v-2z\" fill=\"currentColor\"><\/path><\/svg><svg style=\"fill: #999;color:#999\" class=\"arrow-unsorted-368013\" xmlns=\"http:\/\/www.w3.org\/2000\/svg\" width=\"10px\" height=\"10px\" viewbox=\"0 0 24 24\" version=\"1.2\" baseprofile=\"tiny\"><path d=\"M18.2 9.3l-6.2-6.3-6.2 6.3c-.2.2-.3.4-.3.7s.1.5.3.7c.2.2.4.3.7.3h11c.3 0 .5-.1.7-.3.2-.2.3-.5.3-.7s-.1-.5-.3-.7zM5.8 14.7l6.2 6.3 6.2-6.3c.2-.2.3-.5.3-.7s-.1-.5-.3-.7c-.2-.2-.4-.3-.7-.3h-11c-.3 0-.5.1-.7.3-.2.2-.3.5-.3.7s.1.5.3.7z\"\/><\/svg><\/span><\/span><\/span><\/a><\/span><\/div>\n<nav><ul class='ez-toc-list ez-toc-list-level-1' ><li class='ez-toc-page-1 ez-toc-heading-level-4'><a class=\"ez-toc-link ez-toc-heading-1\" href=\"https:\/\/saphirsmaragd.com\/sl\/izdelek\/spinell-kissen-2-97-karat-rot\/#Spinell_Kissen_297_Karat_Rot\" >Spinell Kissen 2.97 Karat Rot<\/a><\/li><li class='ez-toc-page-1 ez-toc-heading-level-4'><a class=\"ez-toc-link ez-toc-heading-2\" href=\"https:\/\/saphirsmaragd.com\/sl\/izdelek\/spinell-kissen-2-97-karat-rot\/#Merkmale_Herkunft\" >Zna\u010dilnosti in izvor<\/a><\/li><li class='ez-toc-page-1 ez-toc-heading-level-4'><a class=\"ez-toc-link ez-toc-heading-3\" href=\"https:\/\/saphirsmaragd.com\/sl\/izdelek\/spinell-kissen-2-97-karat-rot\/#Besonderheiten\" >Posebne funkcije<\/a><\/li><li class='ez-toc-page-1 ez-toc-heading-level-4'><a class=\"ez-toc-link ez-toc-heading-4\" href=\"https:\/\/saphirsmaragd.com\/sl\/izdelek\/spinell-kissen-2-97-karat-rot\/#Mehr_uber_unsere_Edelsteine\" >Ve\u010d o na\u0161ih dragih kamnih<\/a><\/li><li class='ez-toc-page-1 ez-toc-heading-level-4'><a class=\"ez-toc-link ez-toc-heading-5\" href=\"https:\/\/saphirsmaragd.com\/sl\/izdelek\/spinell-kissen-2-97-karat-rot\/#Weitere_Infos\" >Dodatne informacije<\/a><\/li><\/ul><\/nav><\/div>\n<h4 data-start=\"1201\" data-end=\"1238\"><span class=\"ez-toc-section\" id=\"Spinell_Kissen_297_Karat_Rot\"><\/span><strong data-start=\"1205\" data-end=\"1238\">Spinell Kissen 2.97 Karat Rot<\/strong><span class=\"ez-toc-section-end\"><\/span><\/h4>\n<p data-start=\"1240\" data-end=\"1531\">Na spletni strani . <strong data-start=\"1247\" data-end=\"1280\">Spinell Kissen 2.97 Karat Rot<\/strong> beeindruckt durch seine tiefe, intensive rote Farbe und seine au\u00dfergew\u00f6hnliche nat\u00fcrliche Qualit\u00e4t. Rote Spinelle aus Myanmar z\u00e4hlen zu den seltensten und begehrtesten Farbsteinen und werden zunehmend als hochwertige Alternative zu Rubinen gesch\u00e4tzt.<\/p>\n<hr data-start=\"1533\" data-end=\"1536\" \/>\n<h4 data-start=\"1538\" data-end=\"1562\"><span class=\"ez-toc-section\" id=\"Merkmale_Herkunft\"><\/span>Zna\u010dilnosti in izvor<span class=\"ez-toc-section-end\"><\/span><\/h4>\n<p data-start=\"1564\" data-end=\"1772\">Vrsta kamna: Spinel<br data-start=\"1581\" data-end=\"1584\" \/>Oblika: .<br data-start=\"1596\" data-end=\"1599\" \/>Barva: rde\u010da<br data-start=\"1609\" data-end=\"1612\" \/>Gewicht: 2.97 Karat<br data-start=\"1631\" data-end=\"1634\" \/>Abmessungen: 8.8 x 8.2 mm<br data-start=\"1659\" data-end=\"1662\" \/>Herkunft: Myanmar (Burma)<br data-start=\"1687\" data-end=\"1690\" \/>\u010cistost: \u010cisto za o\u010di<br data-start=\"1709\" data-end=\"1712\" \/>Zdravljenje: nezdravljeno<br data-start=\"1735\" data-end=\"1738\" \/>Mohs-H\u00e4rte: 8<\/p>\n<hr data-start=\"1774\" data-end=\"1777\" \/>\n<h4 data-start=\"1779\" data-end=\"1798\"><span class=\"ez-toc-section\" id=\"Besonderheiten\"><\/span>Posebne funkcije<span class=\"ez-toc-section-end\"><\/span><\/h4>\n<p data-start=\"1800\" data-end=\"2214\">Spletna stran <strong data-start=\"1804\" data-end=\"1837\">Spinell Kissen 2.97 Karat Rot<\/strong> zeichnet sich durch seine nat\u00fcrliche Entstehung ohne jegliche Behandlung aus \u2013 ein entscheidender Qualit\u00e4tsfaktor f\u00fcr Kenner und Sammler. Die satte rote Farbgebung, kombiniert mit dem eleganten Kissenschliff, macht diesen Edelstein ideal f\u00fcr luxuri\u00f6se Ringe oder individuelle Einzelanfertigungen. Nat\u00fcrliche rote Spinelle dieser Gr\u00f6\u00dfe und Herkunft sind nur begrenzt verf\u00fcgbar.<\/p>\n<hr data-start=\"2071\" data-end=\"2074\" \/>\n<h4 data-start=\"1931\" data-end=\"1971\"><span class=\"ez-toc-section\" id=\"Mehr_uber_unsere_Edelsteine\"><\/span>Ve\u010d o na\u0161ih dragih kamnih<span class=\"ez-toc-section-end\"><\/span><\/h4>\n<p data-start=\"1972\" data-end=\"2069\"><a href=\"https:\/\/saphirsmaragd.com\/sl\/product-category\/edelsteine-kaufen\/\">dragi kamni<\/a><\/p>\n<hr data-start=\"2071\" data-end=\"2074\" \/>\n<h4 data-start=\"2076\" data-end=\"2096\"><span class=\"ez-toc-section\" id=\"Weitere_Infos\"><\/span>Dodatne informacije<span class=\"ez-toc-section-end\"><\/span><\/h4>\n<p><a href=\"https:\/\/de.wikipedia.org\/wiki\/Spinell\" target=\"_blank\" rel=\"noopener\">Wikipedija: Spinel<\/a><\/p>","protected":false},"excerpt":{"rendered":"<p data-start=\"461\" data-end=\"633\"><em>Spinell Kissen 2.97 Karat Rot aus Myanmar mit intensiver roter Farbe, nat\u00fcrlicher Qualit\u00e4t und kissenf\u00f6rmigem Schliff. Hochwertiger Spinell f\u00fcr exklusive Schmuckst\u00fccke.<\/em><\/p>\n<h3 data-start=\"466\" data-end=\"497\"><\/h3>\n<h3 data-start=\"660\" data-end=\"684\"><\/h3>\n<p data-start=\"575\" data-end=\"606\">","protected":false},"featured_media":6576,"comment_status":"open","ping_status":"closed","template":"","meta":{"_glsr_average":0,"_glsr_ranking":0,"_glsr_reviews":0},"product_brand":[],"product_cat":[290],"product_tag":[],"class_list":{"0":"post-6575","1":"product","2":"type-product","3":"status-publish","4":"has-post-thumbnail","6":"product_cat-spinell","7":"pa_edelsteinart-spinell","8":"pa_farbe-rot","9":"pa_form-kissen","10":"pa_gewicht-karat-1-0-3-0-karat","11":"pa_herkunft-myanmar","12":"pa_reinheit-augenrein","13":"pa_veredelung-behandlung-unbehandelt","14":"pa_zustand-neu","16":"first","17":"instock","18":"featured","19":"sold-individually","20":"shipping-taxable","21":"purchasable","22":"product-type-simple","23":"add-to-wishlist-before_image"},"jetpack_sharing_enabled":true,"_links":{"self":[{"href":"https:\/\/saphirsmaragd.com\/sl\/wp-json\/wp\/v2\/product\/6575","targetHints":{"allow":["GET"]}}],"collection":[{"href":"https:\/\/saphirsmaragd.com\/sl\/wp-json\/wp\/v2\/product"}],"about":[{"href":"https:\/\/saphirsmaragd.com\/sl\/wp-json\/wp\/v2\/types\/product"}],"replies":[{"embeddable":true,"href":"https:\/\/saphirsmaragd.com\/sl\/wp-json\/wp\/v2\/comments?post=6575"}],"version-history":[{"count":1,"href":"https:\/\/saphirsmaragd.com\/sl\/wp-json\/wp\/v2\/product\/6575\/revisions"}],"predecessor-version":[{"id":6577,"href":"https:\/\/saphirsmaragd.com\/sl\/wp-json\/wp\/v2\/product\/6575\/revisions\/6577"}],"wp:featuredmedia":[{"embeddable":true,"href":"https:\/\/saphirsmaragd.com\/sl\/wp-json\/wp\/v2\/media\/6576"}],"wp:attachment":[{"href":"https:\/\/saphirsmaragd.com\/sl\/wp-json\/wp\/v2\/media?parent=6575"}],"wp:term":[{"taxonomy":"product_brand","embeddable":true,"href":"https:\/\/saphirsmaragd.com\/sl\/wp-json\/wp\/v2\/product_brand?post=6575"},{"taxonomy":"product_cat","embeddable":true,"href":"https:\/\/saphirsmaragd.com\/sl\/wp-json\/wp\/v2\/product_cat?post=6575"},{"taxonomy":"product_tag","embeddable":true,"href":"https:\/\/saphirsmaragd.com\/sl\/wp-json\/wp\/v2\/product_tag?post=6575"}],"curies":[{"name":"wp","href":"https:\/\/api.w.org\/{rel}","templated":true}]}}