{"id":6597,"date":"2025-12-21T15:39:33","date_gmt":"2025-12-21T15:39:33","guid":{"rendered":"https:\/\/saphirsmaragd.com\/?post_type=product&#038;p=6597"},"modified":"2025-12-29T18:47:07","modified_gmt":"2025-12-29T18:47:07","slug":"rubin-ohrstecker-akelei-gelbgold-birne","status":"publish","type":"product","link":"https:\/\/saphirsmaragd.com\/sl\/izdelek\/rubin-ohrstecker-akelei-gelbgold-birne\/","title":{"rendered":"Rubinski uhani Columbine rumeno zlato hru\u0161ka - naravni rubini v 18-karatnem zlatu"},"content":{"rendered":"<div id=\"ez-toc-container\" class=\"ez-toc-v2_0_82_2 counter-hierarchy ez-toc-counter ez-toc-grey ez-toc-container-direction\">\n<div class=\"ez-toc-title-container\">\n<p class=\"ez-toc-title\" style=\"cursor:inherit\">Kazalo vsebine<\/p>\n<span class=\"ez-toc-title-toggle\"><a href=\"#\" class=\"ez-toc-pull-right ez-toc-btn ez-toc-btn-xs ez-toc-btn-default ez-toc-toggle\" aria-label=\"Toggle Table of Content\"><span class=\"ez-toc-js-icon-con\"><span class=\"\"><span class=\"eztoc-hide\" style=\"display:none;\">Preklopi<\/span><span class=\"ez-toc-icon-toggle-span\"><svg style=\"fill: #999;color:#999\" xmlns=\"http:\/\/www.w3.org\/2000\/svg\" class=\"list-377408\" width=\"20px\" height=\"20px\" viewbox=\"0 0 24 24\" fill=\"none\"><path d=\"M6 6H4v2h2V6zm14 0H8v2h12V6zM4 11h2v2H4v-2zm16 0H8v2h12v-2zM4 16h2v2H4v-2zm16 0H8v2h12v-2z\" fill=\"currentColor\"><\/path><\/svg><svg style=\"fill: #999;color:#999\" class=\"arrow-unsorted-368013\" xmlns=\"http:\/\/www.w3.org\/2000\/svg\" width=\"10px\" height=\"10px\" viewbox=\"0 0 24 24\" version=\"1.2\" baseprofile=\"tiny\"><path d=\"M18.2 9.3l-6.2-6.3-6.2 6.3c-.2.2-.3.4-.3.7s.1.5.3.7c.2.2.4.3.7.3h11c.3 0 .5-.1.7-.3.2-.2.3-.5.3-.7s-.1-.5-.3-.7zM5.8 14.7l6.2 6.3 6.2-6.3c.2-.2.3-.5.3-.7s-.1-.5-.3-.7c-.2-.2-.4-.3-.7-.3h-11c-.3 0-.5.1-.7.3-.2.2-.3.5-.3.7s.1.5.3.7z\"\/><\/svg><\/span><\/span><\/span><\/a><\/span><\/div>\n<nav><ul class='ez-toc-list ez-toc-list-level-1' ><li class='ez-toc-page-1 ez-toc-heading-level-4'><a class=\"ez-toc-link ez-toc-heading-1\" href=\"https:\/\/saphirsmaragd.com\/sl\/izdelek\/rubin-ohrstecker-akelei-gelbgold-birne\/#Rubin_Ohrstecker_Akelei_Gelbgold_Birne\" >Rubin Ohrstecker Akelei Gelbgold Birne<\/a><\/li><li class='ez-toc-page-1 ez-toc-heading-level-4'><a class=\"ez-toc-link ez-toc-heading-2\" href=\"https:\/\/saphirsmaragd.com\/sl\/izdelek\/rubin-ohrstecker-akelei-gelbgold-birne\/#Merkmale_Herkunft\" >Zna\u010dilnosti in izvor<\/a><\/li><li class='ez-toc-page-1 ez-toc-heading-level-4'><a class=\"ez-toc-link ez-toc-heading-3\" href=\"https:\/\/saphirsmaragd.com\/sl\/izdelek\/rubin-ohrstecker-akelei-gelbgold-birne\/#Besonderheiten\" >Posebne funkcije<\/a><\/li><li class='ez-toc-page-1 ez-toc-heading-level-4'><a class=\"ez-toc-link ez-toc-heading-4\" href=\"https:\/\/saphirsmaragd.com\/sl\/izdelek\/rubin-ohrstecker-akelei-gelbgold-birne\/#Mehr_uber_unsere_Edelsteine\" >Ve\u010d o na\u0161ih dragih kamnih<\/a><\/li><li class='ez-toc-page-1 ez-toc-heading-level-4'><a class=\"ez-toc-link ez-toc-heading-5\" href=\"https:\/\/saphirsmaragd.com\/sl\/izdelek\/rubin-ohrstecker-akelei-gelbgold-birne\/#Weitere_Infos\" >Dodatne informacije<\/a><\/li><\/ul><\/nav><\/div>\n<h4 data-start=\"1280\" data-end=\"1326\"><span class=\"ez-toc-section\" id=\"Rubin_Ohrstecker_Akelei_Gelbgold_Birne\"><\/span><strong data-start=\"1284\" data-end=\"1326\">Rubin Ohrstecker Akelei Gelbgold Birne<\/strong><span class=\"ez-toc-section-end\"><\/span><\/h4>\n<p data-start=\"1328\" data-end=\"1618\">Na spletni strani . <strong data-start=\"1334\" data-end=\"1376\">Rubin Ohrstecker Akelei Gelbgold Birne<\/strong> vereinen warme Goldt\u00f6ne mit der intensiven roten Leuchtkraft nat\u00fcrlicher Rubine. Die birnenf\u00f6rmig facettierten Edelsteine werden von einer eleganten Krappenfassung gehalten und verleihen dem Schmuckst\u00fcck eine zeitlose, feminine Ausstrahlung.<\/p>\n<hr data-start=\"1620\" data-end=\"1623\" \/>\n<h4 data-start=\"1625\" data-end=\"1649\"><span class=\"ez-toc-section\" id=\"Merkmale_Herkunft\"><\/span>Zna\u010dilnosti in izvor<span class=\"ez-toc-section-end\"><\/span><\/h4>\n<p data-start=\"1651\" data-end=\"1897\">Vrsta nakita: Stud uhani<br data-start=\"1673\" data-end=\"1676\" \/>Edelsteinart: Rubin<br data-start=\"1695\" data-end=\"1698\" \/>Oblika: hru\u0161ka<br data-start=\"1709\" data-end=\"1712\" \/>Barva: rde\u010da<br data-start=\"1722\" data-end=\"1725\" \/>Gewicht Rubine (gesamt): 1.15 Karat<br data-start=\"1760\" data-end=\"1763\" \/>Abmessungen Rubine: 6 x 4 mm<br data-start=\"1791\" data-end=\"1794\" \/>Izvor: naravni<br data-start=\"1813\" data-end=\"1816\" \/>Reinheit: Leuchtend, transparent und rein<br data-start=\"1857\" data-end=\"1860\" \/>Zdravljenje: Ogrevano<br data-start=\"1879\" data-end=\"1882\" \/>Mohsova trdota: 9<\/p>\n<p data-start=\"1899\" data-end=\"2082\">Metall: 18-kar\u00e4tiges Gelbgold (750\/1000)<br data-start=\"1939\" data-end=\"1942\" \/>Gewicht Schmuckst\u00fcck: 2.13 g<br data-start=\"1970\" data-end=\"1973\" \/>Fassung: Alpa-Montage<br data-start=\"1994\" data-end=\"1997\" \/>Produkcija: Francija<br data-start=\"2020\" data-end=\"2023\" \/>Potrdilo: Potrdilo o pristnosti (Val\u00e9rie DURAFFOURG, Gem-A)<\/p>\n<hr data-start=\"2084\" data-end=\"2087\" \/>\n<h4 data-start=\"2089\" data-end=\"2108\"><span class=\"ez-toc-section\" id=\"Besonderheiten\"><\/span>Posebne funkcije<span class=\"ez-toc-section-end\"><\/span><\/h4>\n<p data-start=\"2110\" data-end=\"2520\">Spletna stran <strong data-start=\"2114\" data-end=\"2156\">Rubin Ohrstecker Akelei Gelbgold Birne<\/strong> sind ein eleganter Begleiter f\u00fcr den Alltag wie auch f\u00fcr besondere Anl\u00e4sse. Die Kombination aus tiefroten Rubinen und warmem Gelbgold unterstreicht die nat\u00fcrliche Sch\u00f6nheit der Edelsteine. Dank der hochwertigen Alpa-Montage bieten die Ohrstecker einen sicheren und komfortablen Halt. Ideal als edles Geschenk oder als klassisches Schmuckst\u00fcck mit bleibendem Wert.<\/p>\n<hr data-start=\"1926\" data-end=\"1929\" \/>\n<h4 data-start=\"1931\" data-end=\"1971\"><span class=\"ez-toc-section\" id=\"Mehr_uber_unsere_Edelsteine\"><\/span>Ve\u010d o na\u0161ih dragih kamnih<span class=\"ez-toc-section-end\"><\/span><\/h4>\n<p data-start=\"1972\" data-end=\"2069\"><a href=\"https:\/\/saphirsmaragd.com\/sl\/product-category\/edelsteine-kaufen\/\">dragi kamni<\/a><\/p>\n<hr data-start=\"2071\" data-end=\"2074\" \/>\n<h4 data-start=\"2076\" data-end=\"2096\"><span class=\"ez-toc-section\" id=\"Weitere_Infos\"><\/span>Dodatne informacije<span class=\"ez-toc-section-end\"><\/span><\/h4>\n<p data-start=\"2097\" data-end=\"2160\"><a class=\"decorated-link cursor-pointer\" href=\"https:\/\/de.wikipedia.org\/wiki\/Citrin\" target=\"_new\" rel=\"noopener\" data-start=\"2097\" data-end=\"2160\">Wikipedija: Citrin<\/a><\/p>","protected":false},"excerpt":{"rendered":"<p data-start=\"541\" data-end=\"694\"><em>Rubin Ohrstecker Akelei aus 18-kar\u00e4tigem Gelbgold mit nat\u00fcrlichen birnenf\u00f6rmigen Rubinen. Franz\u00f6sischer Schmuck mit zertifizierter Edelsteinqualit\u00e4t.<\/em><\/p>\n<p data-start=\"575\" data-end=\"606\">","protected":false},"featured_media":6598,"comment_status":"open","ping_status":"closed","template":"","meta":{"_glsr_average":0,"_glsr_ranking":0,"_glsr_reviews":0},"product_brand":[],"product_cat":[82,72],"product_tag":[],"class_list":{"0":"post-6597","1":"product","2":"type-product","3":"status-publish","4":"has-post-thumbnail","6":"product_cat-ohrringe-kaufen","7":"product_cat-rubine-kaufen","8":"pa_edelsteinart-rubin","9":"pa_farbe-rot","10":"pa_form-birne","11":"pa_gewicht-karat-1-0-3-0-karat","12":"pa_reinheit-augenrein","13":"pa_veredelung-behandlung-erhitzt","14":"pa_zertifikat-ja","15":"pa_zustand-neu","17":"first","18":"instock","19":"featured","20":"sold-individually","21":"shipping-taxable","22":"purchasable","23":"product-type-simple","24":"add-to-wishlist-before_image"},"jetpack_sharing_enabled":true,"_links":{"self":[{"href":"https:\/\/saphirsmaragd.com\/sl\/wp-json\/wp\/v2\/product\/6597","targetHints":{"allow":["GET"]}}],"collection":[{"href":"https:\/\/saphirsmaragd.com\/sl\/wp-json\/wp\/v2\/product"}],"about":[{"href":"https:\/\/saphirsmaragd.com\/sl\/wp-json\/wp\/v2\/types\/product"}],"replies":[{"embeddable":true,"href":"https:\/\/saphirsmaragd.com\/sl\/wp-json\/wp\/v2\/comments?post=6597"}],"version-history":[{"count":1,"href":"https:\/\/saphirsmaragd.com\/sl\/wp-json\/wp\/v2\/product\/6597\/revisions"}],"predecessor-version":[{"id":6599,"href":"https:\/\/saphirsmaragd.com\/sl\/wp-json\/wp\/v2\/product\/6597\/revisions\/6599"}],"wp:featuredmedia":[{"embeddable":true,"href":"https:\/\/saphirsmaragd.com\/sl\/wp-json\/wp\/v2\/media\/6598"}],"wp:attachment":[{"href":"https:\/\/saphirsmaragd.com\/sl\/wp-json\/wp\/v2\/media?parent=6597"}],"wp:term":[{"taxonomy":"product_brand","embeddable":true,"href":"https:\/\/saphirsmaragd.com\/sl\/wp-json\/wp\/v2\/product_brand?post=6597"},{"taxonomy":"product_cat","embeddable":true,"href":"https:\/\/saphirsmaragd.com\/sl\/wp-json\/wp\/v2\/product_cat?post=6597"},{"taxonomy":"product_tag","embeddable":true,"href":"https:\/\/saphirsmaragd.com\/sl\/wp-json\/wp\/v2\/product_tag?post=6597"}],"curies":[{"name":"wp","href":"https:\/\/api.w.org\/{rel}","templated":true}]}}