{"id":8587,"date":"2026-04-14T17:50:00","date_gmt":"2026-04-14T17:50:00","guid":{"rendered":"https:\/\/saphirsmaragd.com\/?post_type=product&#038;p=8587"},"modified":"2026-04-14T17:52:07","modified_gmt":"2026-04-14T17:52:07","slug":"smaragd-oval-gruen-1-16-karat","status":"publish","type":"product","link":"https:\/\/saphirsmaragd.com\/sl\/izdelek\/smaragd-oval-gruen-1-16-karat\/","title":{"rendered":"Smaragd Oval Gr\u00fcn 1.16 Karat aus Sambia \u2013 Hochwertiger Edelstein mit eleganter Form"},"content":{"rendered":"<p data-start=\"682\" data-end=\"942\">Der Smaragd Oval Gr\u00fcn 1.16 Karat aus Sambia vereint eine elegante Form mit einer intensiven gr\u00fcnen Farbwirkung. Durch den klassischen Ovalschliff entsteht ein besonders harmonisches Lichtspiel, das die nat\u00fcrliche Sch\u00f6nheit dieses Edelsteins perfekt hervorhebt.<\/p>\n<hr data-start=\"944\" data-end=\"947\" \/>\n<div id=\"ez-toc-container\" class=\"ez-toc-v2_0_82_2 counter-hierarchy ez-toc-counter ez-toc-grey ez-toc-container-direction\">\n<div class=\"ez-toc-title-container\">\n<p class=\"ez-toc-title\" style=\"cursor:inherit\">Kazalo vsebine<\/p>\n<span class=\"ez-toc-title-toggle\"><a href=\"#\" class=\"ez-toc-pull-right ez-toc-btn ez-toc-btn-xs ez-toc-btn-default ez-toc-toggle\" aria-label=\"Toggle Table of Content\"><span class=\"ez-toc-js-icon-con\"><span class=\"\"><span class=\"eztoc-hide\" style=\"display:none;\">Preklopi<\/span><span class=\"ez-toc-icon-toggle-span\"><svg style=\"fill: #999;color:#999\" xmlns=\"http:\/\/www.w3.org\/2000\/svg\" class=\"list-377408\" width=\"20px\" height=\"20px\" viewbox=\"0 0 24 24\" fill=\"none\"><path d=\"M6 6H4v2h2V6zm14 0H8v2h12V6zM4 11h2v2H4v-2zm16 0H8v2h12v-2zM4 16h2v2H4v-2zm16 0H8v2h12v-2z\" fill=\"currentColor\"><\/path><\/svg><svg style=\"fill: #999;color:#999\" class=\"arrow-unsorted-368013\" xmlns=\"http:\/\/www.w3.org\/2000\/svg\" width=\"10px\" height=\"10px\" viewbox=\"0 0 24 24\" version=\"1.2\" baseprofile=\"tiny\"><path d=\"M18.2 9.3l-6.2-6.3-6.2 6.3c-.2.2-.3.4-.3.7s.1.5.3.7c.2.2.4.3.7.3h11c.3 0 .5-.1.7-.3.2-.2.3-.5.3-.7s-.1-.5-.3-.7zM5.8 14.7l6.2 6.3 6.2-6.3c.2-.2.3-.5.3-.7s-.1-.5-.3-.7c-.2-.2-.4-.3-.7-.3h-11c-.3 0-.5.1-.7.3-.2.2-.3.5-.3.7s.1.5.3.7z\"\/><\/svg><\/span><\/span><\/span><\/a><\/span><\/div>\n<nav><ul class='ez-toc-list ez-toc-list-level-1' ><li class='ez-toc-page-1 ez-toc-heading-level-4'><a class=\"ez-toc-link ez-toc-heading-1\" href=\"https:\/\/saphirsmaragd.com\/sl\/izdelek\/smaragd-oval-gruen-1-16-karat\/#Merkmale_Herkunft\" >Zna\u010dilnosti in izvor<\/a><\/li><li class='ez-toc-page-1 ez-toc-heading-level-4'><a class=\"ez-toc-link ez-toc-heading-2\" href=\"https:\/\/saphirsmaragd.com\/sl\/izdelek\/smaragd-oval-gruen-1-16-karat\/#Besonderheiten\" >Posebne funkcije<\/a><\/li><li class='ez-toc-page-1 ez-toc-heading-level-4'><a class=\"ez-toc-link ez-toc-heading-3\" href=\"https:\/\/saphirsmaragd.com\/sl\/izdelek\/smaragd-oval-gruen-1-16-karat\/#Mehr_uber_Heilsteine_Kristalle\" >Ve\u010d o zdravilnih kamnih in kristalih<\/a><\/li><li class='ez-toc-page-1 ez-toc-heading-level-4'><a class=\"ez-toc-link ez-toc-heading-4\" href=\"https:\/\/saphirsmaragd.com\/sl\/izdelek\/smaragd-oval-gruen-1-16-karat\/#Weitere_Infos\" >Dodatne informacije<\/a><\/li><\/ul><\/nav><\/div>\n<h4 data-start=\"949\" data-end=\"975\"><span class=\"ez-toc-section\" id=\"Merkmale_Herkunft\"><\/span>Zna\u010dilnosti in izvor<span class=\"ez-toc-section-end\"><\/span><\/h4>\n<p data-start=\"977\" data-end=\"1203\">Steinart: Smaragd<br data-start=\"994\" data-end=\"997\" \/>Barva: zelena<br data-start=\"1008\" data-end=\"1011\" \/>Oblika: Ovalna<br data-start=\"1021\" data-end=\"1024\" \/>Gewicht: 1.16 Karat<br data-start=\"1043\" data-end=\"1046\" \/>Abmessungen: 8.0 x 6.0 mm<br data-start=\"1071\" data-end=\"1074\" \/>Herkunft: Sambia<br data-start=\"1090\" data-end=\"1093\" \/>Jasnost: Jasni vklju\u010dki<br data-start=\"1121\" data-end=\"1124\" \/>Behandlung: Ge\u00f6lt<br data-start=\"1141\" data-end=\"1144\" \/>Beobachtung: Nat\u00fcrlich<br data-start=\"1166\" data-end=\"1169\" \/>Mohs-H\u00e4rte: 7.5\u20138<br data-start=\"1186\" data-end=\"1189\" \/>Stanje: Novo<\/p>\n<hr data-start=\"1205\" data-end=\"1208\" \/>\n<h4 data-start=\"1210\" data-end=\"1231\"><span class=\"ez-toc-section\" id=\"Besonderheiten\"><\/span>Posebne funkcije<span class=\"ez-toc-section-end\"><\/span><\/h4>\n<p data-start=\"1233\" data-end=\"1508\">Der Smaragd Oval Gr\u00fcn 1.16 Karat geh\u00f6rt zur gefragten Kategorie hochwertiger Edelsteine \u00fcber einem Karat und bietet eine ideale Balance zwischen Gr\u00f6\u00dfe, Eleganz und Preis. Seine ovale Form sorgt f\u00fcr eine weiche, flie\u00dfende Optik und l\u00e4sst den Stein optisch gr\u00f6\u00dfer erscheinen.<\/p>\n<p data-start=\"1510\" data-end=\"1761\">Oval geschliffene Smaragde sind besonders beliebt f\u00fcr Schmuckst\u00fccke wie Verlobungsringe oder Anh\u00e4nger, da sie die Farbe gleichm\u00e4\u00dfig reflektieren und eine intensive Leuchtkraft erzeugen. Diese Form verbindet klassische Sch\u00f6nheit mit moderner Eleganz.<\/p>\n<p data-start=\"1763\" data-end=\"1997\">Smaragde aus Sambia sind bekannt f\u00fcr ihre kr\u00e4ftige, leicht k\u00fchle Gr\u00fcnf\u00e4rbung und ihre hohe Qualit\u00e4t. Die nat\u00fcrlichen Einschl\u00fcsse sind charakteristisch f\u00fcr echte Smaragde und unterstreichen die Einzigartigkeit jedes einzelnen Steins.<\/p>\n<hr data-start=\"1670\" data-end=\"1673\" \/>\n<h4 data-start=\"1448\" data-end=\"1473\"><span class=\"ez-toc-section\" id=\"Mehr_uber_Heilsteine_Kristalle\"><\/span>Ve\u010d o zdravilnih kamnih in kristalih<span class=\"ez-toc-section-end\"><\/span><\/h4>\n<p data-start=\"1475\" data-end=\"1668\"><a class=\"\" href=\"https:\/\/saphirsmaragd.com\/sl\/product-category\/heilsteine-kristalle-kaufen\/\" target=\"_new\" rel=\"noopener\" data-start=\"1571\" data-end=\"1668\">Zdravilni kamni in kristali<\/a><\/p>\n<hr data-start=\"1670\" data-end=\"1673\" \/>\n<h4 data-start=\"1675\" data-end=\"1695\"><span class=\"ez-toc-section\" id=\"Weitere_Infos\"><\/span>Dodatne informacije<span class=\"ez-toc-section-end\"><\/span><\/h4>\n<p data-start=\"1697\" data-end=\"1801\"><a class=\"\" href=\"https:\/\/de.wikipedia.org\/wiki\/Smaragd\" target=\"_new\" rel=\"noopener\" data-start=\"1741\" data-end=\"1801\">Wikipedija - Smaragd<\/a><\/p>","protected":false},"excerpt":{"rendered":"<p data-start=\"378\" data-end=\"502\"><em>Smaragd Oval Gr\u00fcn 1.16 Karat aus Sambia, ge\u00f6lt. Edler Edelstein mit intensiver gr\u00fcner Farbe und klassischem Ovalschliff.<\/em><\/p>","protected":false},"featured_media":8588,"comment_status":"open","ping_status":"closed","template":"","meta":{"_glsr_average":0,"_glsr_ranking":0,"_glsr_reviews":0},"product_brand":[],"product_cat":[262],"product_tag":[],"class_list":{"0":"post-8587","1":"product","2":"type-product","3":"status-publish","4":"has-post-thumbnail","6":"product_cat-smaragd","7":"pa_edelsteinart-smaragd","8":"pa_farbe-gruen","9":"pa_form-oval","10":"pa_gewicht-karat-1-0-3-0-karat","11":"pa_herkunft-sambia","12":"pa_reinheit-deutliche-einschluesse","13":"pa_veredelung-behandlung-geoelt","14":"pa_zustand-neu","16":"first","17":"instock","18":"sold-individually","19":"shipping-taxable","20":"purchasable","21":"product-type-simple","22":"add-to-wishlist-before_image"},"jetpack_sharing_enabled":true,"_links":{"self":[{"href":"https:\/\/saphirsmaragd.com\/sl\/wp-json\/wp\/v2\/product\/8587","targetHints":{"allow":["GET"]}}],"collection":[{"href":"https:\/\/saphirsmaragd.com\/sl\/wp-json\/wp\/v2\/product"}],"about":[{"href":"https:\/\/saphirsmaragd.com\/sl\/wp-json\/wp\/v2\/types\/product"}],"replies":[{"embeddable":true,"href":"https:\/\/saphirsmaragd.com\/sl\/wp-json\/wp\/v2\/comments?post=8587"}],"version-history":[{"count":1,"href":"https:\/\/saphirsmaragd.com\/sl\/wp-json\/wp\/v2\/product\/8587\/revisions"}],"predecessor-version":[{"id":8589,"href":"https:\/\/saphirsmaragd.com\/sl\/wp-json\/wp\/v2\/product\/8587\/revisions\/8589"}],"wp:featuredmedia":[{"embeddable":true,"href":"https:\/\/saphirsmaragd.com\/sl\/wp-json\/wp\/v2\/media\/8588"}],"wp:attachment":[{"href":"https:\/\/saphirsmaragd.com\/sl\/wp-json\/wp\/v2\/media?parent=8587"}],"wp:term":[{"taxonomy":"product_brand","embeddable":true,"href":"https:\/\/saphirsmaragd.com\/sl\/wp-json\/wp\/v2\/product_brand?post=8587"},{"taxonomy":"product_cat","embeddable":true,"href":"https:\/\/saphirsmaragd.com\/sl\/wp-json\/wp\/v2\/product_cat?post=8587"},{"taxonomy":"product_tag","embeddable":true,"href":"https:\/\/saphirsmaragd.com\/sl\/wp-json\/wp\/v2\/product_tag?post=8587"}],"curies":[{"name":"wp","href":"https:\/\/api.w.org\/{rel}","templated":true}]}}