{"id":8683,"date":"2026-04-27T14:52:06","date_gmt":"2026-04-27T14:52:06","guid":{"rendered":"https:\/\/saphirsmaragd.com\/?post_type=product&#038;p=8683"},"modified":"2026-04-27T14:56:19","modified_gmt":"2026-04-27T14:56:19","slug":"smaragd-rechteck-gruen-0-96-karat-2","status":"publish","type":"product","link":"https:\/\/saphirsmaragd.com\/sl\/izdelek\/smaragd-rechteck-gruen-0-96-karat-2\/","title":{"rendered":"Smaragd Rechteck Gr\u00fcn 0.96 Karat aus Sambia \u2013 Eleganter Smaragdschliff Edelstein mit intensiver Farbe"},"content":{"rendered":"<p data-start=\"896\" data-end=\"1151\">Der Smaragd Rechteck Gr\u00fcn 0.96 Karat aus Sambia \u00fcberzeugt durch seinen klassischen Smaragdschliff und seine intensive gr\u00fcne Farbwirkung. Mit seiner nahezu 1-Karat-Gr\u00f6\u00dfe bietet dieser Edelstein eine besonders attraktive Kombination aus Pr\u00e4senz und Eleganz.<\/p>\n<hr data-start=\"1153\" data-end=\"1156\" \/>\n<div id=\"ez-toc-container\" class=\"ez-toc-v2_0_82_2 counter-hierarchy ez-toc-counter ez-toc-grey ez-toc-container-direction\">\n<div class=\"ez-toc-title-container\">\n<p class=\"ez-toc-title\" style=\"cursor:inherit\">Kazalo vsebine<\/p>\n<span class=\"ez-toc-title-toggle\"><a href=\"#\" class=\"ez-toc-pull-right ez-toc-btn ez-toc-btn-xs ez-toc-btn-default ez-toc-toggle\" aria-label=\"Toggle Table of Content\"><span class=\"ez-toc-js-icon-con\"><span class=\"\"><span class=\"eztoc-hide\" style=\"display:none;\">Preklopi<\/span><span class=\"ez-toc-icon-toggle-span\"><svg style=\"fill: #999;color:#999\" xmlns=\"http:\/\/www.w3.org\/2000\/svg\" class=\"list-377408\" width=\"20px\" height=\"20px\" viewbox=\"0 0 24 24\" fill=\"none\"><path d=\"M6 6H4v2h2V6zm14 0H8v2h12V6zM4 11h2v2H4v-2zm16 0H8v2h12v-2zM4 16h2v2H4v-2zm16 0H8v2h12v-2z\" fill=\"currentColor\"><\/path><\/svg><svg style=\"fill: #999;color:#999\" class=\"arrow-unsorted-368013\" xmlns=\"http:\/\/www.w3.org\/2000\/svg\" width=\"10px\" height=\"10px\" viewbox=\"0 0 24 24\" version=\"1.2\" baseprofile=\"tiny\"><path d=\"M18.2 9.3l-6.2-6.3-6.2 6.3c-.2.2-.3.4-.3.7s.1.5.3.7c.2.2.4.3.7.3h11c.3 0 .5-.1.7-.3.2-.2.3-.5.3-.7s-.1-.5-.3-.7zM5.8 14.7l6.2 6.3 6.2-6.3c.2-.2.3-.5.3-.7s-.1-.5-.3-.7c-.2-.2-.4-.3-.7-.3h-11c-.3 0-.5.1-.7.3-.2.2-.3.5-.3.7s.1.5.3.7z\"\/><\/svg><\/span><\/span><\/span><\/a><\/span><\/div>\n<nav><ul class='ez-toc-list ez-toc-list-level-1' ><li class='ez-toc-page-1 ez-toc-heading-level-4'><a class=\"ez-toc-link ez-toc-heading-1\" href=\"https:\/\/saphirsmaragd.com\/sl\/izdelek\/smaragd-rechteck-gruen-0-96-karat-2\/#Merkmale_Herkunft\" >Zna\u010dilnosti in izvor<\/a><\/li><li class='ez-toc-page-1 ez-toc-heading-level-4'><a class=\"ez-toc-link ez-toc-heading-2\" href=\"https:\/\/saphirsmaragd.com\/sl\/izdelek\/smaragd-rechteck-gruen-0-96-karat-2\/#Besonderheiten\" >Posebne funkcije<\/a><\/li><li class='ez-toc-page-1 ez-toc-heading-level-4'><a class=\"ez-toc-link ez-toc-heading-3\" href=\"https:\/\/saphirsmaragd.com\/sl\/izdelek\/smaragd-rechteck-gruen-0-96-karat-2\/#Mehr_uber_Heilsteine_Kristalle\" >Ve\u010d o zdravilnih kamnih in kristalih<\/a><\/li><li class='ez-toc-page-1 ez-toc-heading-level-4'><a class=\"ez-toc-link ez-toc-heading-4\" href=\"https:\/\/saphirsmaragd.com\/sl\/izdelek\/smaragd-rechteck-gruen-0-96-karat-2\/#Weitere_Infos\" >Dodatne informacije<\/a><\/li><\/ul><\/nav><\/div>\n<h4 data-start=\"1158\" data-end=\"1184\"><span class=\"ez-toc-section\" id=\"Merkmale_Herkunft\"><\/span>Zna\u010dilnosti in izvor<span class=\"ez-toc-section-end\"><\/span><\/h4>\n<p data-start=\"1186\" data-end=\"1435\">Steinart: Smaragd<br data-start=\"1203\" data-end=\"1206\" \/>Barva: zelena<br data-start=\"1217\" data-end=\"1220\" \/>Form: Rechteck (Smaragdschliff)<br data-start=\"1251\" data-end=\"1254\" \/>Gewicht: 0.96 Karat<br data-start=\"1273\" data-end=\"1276\" \/>Abmessungen: ca. 6.9 x 5 mm<br data-start=\"1303\" data-end=\"1306\" \/>Herkunft: Sambia<br data-start=\"1322\" data-end=\"1325\" \/>Jasnost: Jasni vklju\u010dki<br data-start=\"1353\" data-end=\"1356\" \/>Behandlung: Ge\u00f6lt<br data-start=\"1373\" data-end=\"1376\" \/>Beobachtung: Nat\u00fcrlich<br data-start=\"1398\" data-end=\"1401\" \/>Mohs-H\u00e4rte: 7.5\u20138<br data-start=\"1418\" data-end=\"1421\" \/>Stanje: Novo<\/p>\n<hr data-start=\"1437\" data-end=\"1440\" \/>\n<h4 data-start=\"1442\" data-end=\"1463\"><span class=\"ez-toc-section\" id=\"Besonderheiten\"><\/span>Posebne funkcije<span class=\"ez-toc-section-end\"><\/span><\/h4>\n<p data-start=\"1465\" data-end=\"1761\">Der Smaragd Rechteck Gr\u00fcn 0.96 Karat geh\u00f6rt zu den besonders gefragten Edelsteinen, da er sich optisch bereits im Bereich hochwertiger 1-Karat-Steine bewegt. Der rechteckige Smaragdschliff bringt die Tiefe und Struktur des Steins optimal zur Geltung und sorgt f\u00fcr ein edles, ruhiges Lichtspiel.<\/p>\n<p data-start=\"1763\" data-end=\"2057\">Diese Schliffform ist vor allem f\u00fcr klassische Schmuckst\u00fccke wie Ringe oder hochwertige Anh\u00e4nger bekannt und wird h\u00e4ufig in luxuri\u00f6sen Designs verwendet. Gleichzeitig bleibt dieser Stein preislich deutlich unter vergleichbaren Edelsteinen mit \u00fcber einem Karat \u2013 ein klarer Vorteil f\u00fcr K\u00e4ufer.<\/p>\n<p data-start=\"2059\" data-end=\"2262\">Smaragde aus Sambia zeichnen sich durch ihre satte gr\u00fcne Farbe und ihre hohe Qualit\u00e4t aus. Die nat\u00fcrlichen Einschl\u00fcsse unterstreichen die Echtheit des Edelsteins und machen jedes St\u00fcck zu einem Unikat.<\/p>\n<hr data-start=\"1670\" data-end=\"1673\" \/>\n<h4 data-start=\"1448\" data-end=\"1473\"><span class=\"ez-toc-section\" id=\"Mehr_uber_Heilsteine_Kristalle\"><\/span>Ve\u010d o zdravilnih kamnih in kristalih<span class=\"ez-toc-section-end\"><\/span><\/h4>\n<p data-start=\"1475\" data-end=\"1668\"><a class=\"\" href=\"https:\/\/saphirsmaragd.com\/sl\/product-category\/heilsteine-kristalle-kaufen\/\" target=\"_new\" rel=\"noopener\" data-start=\"1571\" data-end=\"1668\">Zdravilni kamni in kristali<\/a><\/p>\n<hr data-start=\"1670\" data-end=\"1673\" \/>\n<h4 data-start=\"1675\" data-end=\"1695\"><span class=\"ez-toc-section\" id=\"Weitere_Infos\"><\/span>Dodatne informacije<span class=\"ez-toc-section-end\"><\/span><\/h4>\n<p data-start=\"1697\" data-end=\"1801\"><a class=\"\" href=\"https:\/\/de.wikipedia.org\/wiki\/Smaragd\" target=\"_new\" rel=\"noopener\" data-start=\"1741\" data-end=\"1801\">Wikipedija - Smaragd<\/a><\/p>","protected":false},"excerpt":{"rendered":"<p data-start=\"557\" data-end=\"694\"><em>Smaragd Rechteck Gr\u00fcn 0.96 Karat aus Sambia, ge\u00f6lt. Hochwertiger Edelstein im klassischen Smaragdschliff mit intensiver gr\u00fcner Farbe.<\/em><\/p>","protected":false},"featured_media":8684,"comment_status":"open","ping_status":"closed","template":"","meta":{"_glsr_average":0,"_glsr_ranking":0,"_glsr_reviews":0},"product_brand":[],"product_cat":[262],"product_tag":[],"class_list":{"0":"post-8683","1":"product","2":"type-product","3":"status-publish","4":"has-post-thumbnail","6":"product_cat-smaragd","7":"pa_edelsteinart-smaragd","8":"pa_farbe-gruen","9":"pa_form-rechteck","10":"pa_gewicht-karat-0-5-1-0-karat","11":"pa_herkunft-sambia","12":"pa_reinheit-deutliche-einschluesse","13":"pa_veredelung-behandlung-geoelt","14":"pa_zustand-neu","16":"first","17":"instock","18":"sold-individually","19":"taxable","20":"shipping-taxable","21":"purchasable","22":"product-type-simple","23":"add-to-wishlist-before_image"},"jetpack_sharing_enabled":true,"_links":{"self":[{"href":"https:\/\/saphirsmaragd.com\/sl\/wp-json\/wp\/v2\/product\/8683","targetHints":{"allow":["GET"]}}],"collection":[{"href":"https:\/\/saphirsmaragd.com\/sl\/wp-json\/wp\/v2\/product"}],"about":[{"href":"https:\/\/saphirsmaragd.com\/sl\/wp-json\/wp\/v2\/types\/product"}],"replies":[{"embeddable":true,"href":"https:\/\/saphirsmaragd.com\/sl\/wp-json\/wp\/v2\/comments?post=8683"}],"version-history":[{"count":1,"href":"https:\/\/saphirsmaragd.com\/sl\/wp-json\/wp\/v2\/product\/8683\/revisions"}],"predecessor-version":[{"id":8685,"href":"https:\/\/saphirsmaragd.com\/sl\/wp-json\/wp\/v2\/product\/8683\/revisions\/8685"}],"wp:featuredmedia":[{"embeddable":true,"href":"https:\/\/saphirsmaragd.com\/sl\/wp-json\/wp\/v2\/media\/8684"}],"wp:attachment":[{"href":"https:\/\/saphirsmaragd.com\/sl\/wp-json\/wp\/v2\/media?parent=8683"}],"wp:term":[{"taxonomy":"product_brand","embeddable":true,"href":"https:\/\/saphirsmaragd.com\/sl\/wp-json\/wp\/v2\/product_brand?post=8683"},{"taxonomy":"product_cat","embeddable":true,"href":"https:\/\/saphirsmaragd.com\/sl\/wp-json\/wp\/v2\/product_cat?post=8683"},{"taxonomy":"product_tag","embeddable":true,"href":"https:\/\/saphirsmaragd.com\/sl\/wp-json\/wp\/v2\/product_tag?post=8683"}],"curies":[{"name":"wp","href":"https:\/\/api.w.org\/{rel}","templated":true}]}}