{"id":8722,"date":"2026-05-01T14:35:06","date_gmt":"2026-05-01T14:35:06","guid":{"rendered":"https:\/\/saphirsmaragd.com\/?post_type=product&#038;p=8722"},"modified":"2026-05-01T14:37:21","modified_gmt":"2026-05-01T14:37:21","slug":"smaragd-oval-gruen-0-85-karat","status":"publish","type":"product","link":"https:\/\/saphirsmaragd.com\/sl\/izdelek\/smaragd-oval-gruen-0-85-karat\/","title":{"rendered":"Smaragd Oval Gr\u00fcn 0.85 Karat aus Sambia \u2013 Klassischer Ovalschliff Edelstein"},"content":{"rendered":"<p data-start=\"760\" data-end=\"1027\">Der Smaragd Oval Gr\u00fcn 0.85 Karat aus Sambia \u00fcberzeugt durch seinen klassischen Ovalschliff und eine ausgewogene, intensive gr\u00fcne Farbgebung. Diese Form geh\u00f6rt zu den beliebtesten Schliffen f\u00fcr Edelsteine und bietet eine perfekte Balance zwischen Eleganz und Brillanz.<\/p>\n<hr data-start=\"1029\" data-end=\"1032\" \/>\n<div id=\"ez-toc-container\" class=\"ez-toc-v2_0_82_2 counter-hierarchy ez-toc-counter ez-toc-grey ez-toc-container-direction\">\n<div class=\"ez-toc-title-container\">\n<p class=\"ez-toc-title\" style=\"cursor:inherit\">Kazalo vsebine<\/p>\n<span class=\"ez-toc-title-toggle\"><a href=\"#\" class=\"ez-toc-pull-right ez-toc-btn ez-toc-btn-xs ez-toc-btn-default ez-toc-toggle\" aria-label=\"Toggle Table of Content\"><span class=\"ez-toc-js-icon-con\"><span class=\"\"><span class=\"eztoc-hide\" style=\"display:none;\">Preklopi<\/span><span class=\"ez-toc-icon-toggle-span\"><svg style=\"fill: #999;color:#999\" xmlns=\"http:\/\/www.w3.org\/2000\/svg\" class=\"list-377408\" width=\"20px\" height=\"20px\" viewbox=\"0 0 24 24\" fill=\"none\"><path d=\"M6 6H4v2h2V6zm14 0H8v2h12V6zM4 11h2v2H4v-2zm16 0H8v2h12v-2zM4 16h2v2H4v-2zm16 0H8v2h12v-2z\" fill=\"currentColor\"><\/path><\/svg><svg style=\"fill: #999;color:#999\" class=\"arrow-unsorted-368013\" xmlns=\"http:\/\/www.w3.org\/2000\/svg\" width=\"10px\" height=\"10px\" viewbox=\"0 0 24 24\" version=\"1.2\" baseprofile=\"tiny\"><path d=\"M18.2 9.3l-6.2-6.3-6.2 6.3c-.2.2-.3.4-.3.7s.1.5.3.7c.2.2.4.3.7.3h11c.3 0 .5-.1.7-.3.2-.2.3-.5.3-.7s-.1-.5-.3-.7zM5.8 14.7l6.2 6.3 6.2-6.3c.2-.2.3-.5.3-.7s-.1-.5-.3-.7c-.2-.2-.4-.3-.7-.3h-11c-.3 0-.5.1-.7.3-.2.2-.3.5-.3.7s.1.5.3.7z\"\/><\/svg><\/span><\/span><\/span><\/a><\/span><\/div>\n<nav><ul class='ez-toc-list ez-toc-list-level-1' ><li class='ez-toc-page-1 ez-toc-heading-level-4'><a class=\"ez-toc-link ez-toc-heading-1\" href=\"https:\/\/saphirsmaragd.com\/sl\/izdelek\/smaragd-oval-gruen-0-85-karat\/#Merkmale_Herkunft\" >Zna\u010dilnosti in izvor<\/a><\/li><li class='ez-toc-page-1 ez-toc-heading-level-4'><a class=\"ez-toc-link ez-toc-heading-2\" href=\"https:\/\/saphirsmaragd.com\/sl\/izdelek\/smaragd-oval-gruen-0-85-karat\/#Besonderheiten\" >Posebne funkcije<\/a><\/li><li class='ez-toc-page-1 ez-toc-heading-level-4'><a class=\"ez-toc-link ez-toc-heading-3\" href=\"https:\/\/saphirsmaragd.com\/sl\/izdelek\/smaragd-oval-gruen-0-85-karat\/#Mehr_uber_Heilsteine_Kristalle\" >Ve\u010d o zdravilnih kamnih in kristalih<\/a><\/li><li class='ez-toc-page-1 ez-toc-heading-level-4'><a class=\"ez-toc-link ez-toc-heading-4\" href=\"https:\/\/saphirsmaragd.com\/sl\/izdelek\/smaragd-oval-gruen-0-85-karat\/#Weitere_Infos\" >Dodatne informacije<\/a><\/li><\/ul><\/nav><\/div>\n<h4 data-start=\"1034\" data-end=\"1060\"><span class=\"ez-toc-section\" id=\"Merkmale_Herkunft\"><\/span>Zna\u010dilnosti in izvor<span class=\"ez-toc-section-end\"><\/span><\/h4>\n<p data-start=\"1062\" data-end=\"1292\">Steinart: Smaragd<br data-start=\"1079\" data-end=\"1082\" \/>Barva: zelena<br data-start=\"1093\" data-end=\"1096\" \/>Oblika: Ovalna<br data-start=\"1106\" data-end=\"1109\" \/>Gewicht: 0.85 Karat<br data-start=\"1128\" data-end=\"1131\" \/>Abmessungen: ca. 7.1 x 5.1 mm<br data-start=\"1160\" data-end=\"1163\" \/>Herkunft: Sambia<br data-start=\"1179\" data-end=\"1182\" \/>\u010cistost: majhni vklju\u010dki<br data-start=\"1210\" data-end=\"1213\" \/>Behandlung: Ge\u00f6lt<br data-start=\"1230\" data-end=\"1233\" \/>Beobachtung: Nat\u00fcrlich<br data-start=\"1255\" data-end=\"1258\" \/>Mohs-H\u00e4rte: 7.5\u20138<br data-start=\"1275\" data-end=\"1278\" \/>Stanje: Novo<\/p>\n<hr data-start=\"1294\" data-end=\"1297\" \/>\n<h4 data-start=\"1299\" data-end=\"1320\"><span class=\"ez-toc-section\" id=\"Besonderheiten\"><\/span>Posebne funkcije<span class=\"ez-toc-section-end\"><\/span><\/h4>\n<p data-start=\"1322\" data-end=\"1546\">Der Smaragd Oval Gr\u00fcn 0.85 Karat z\u00e4hlt zu den gefragtesten Varianten im Edelsteinbereich, da der Ovalschliff das Licht optimal reflektiert und den Stein gr\u00f6\u00dfer erscheinen l\u00e4sst als andere Formen mit vergleichbarem Gewicht.<\/p>\n<p data-start=\"1548\" data-end=\"1778\">Mit 0.85 Karat liegt dieser Smaragd im idealen Bereich f\u00fcr vielseitige Schmuckst\u00fccke wie Ringe, Anh\u00e4nger oder Ohrringe. Die ovale Form ist besonders beliebt, da sie klassisch wirkt und gleichzeitig modern eingesetzt werden kann.<\/p>\n<p data-start=\"1780\" data-end=\"1962\">Smaragde aus Sambia sind international gesch\u00e4tzt f\u00fcr ihre tiefgr\u00fcne Farbe und gute Transparenz. Die nat\u00fcrlichen Einschl\u00fcsse sind typisch und best\u00e4tigen die Echtheit des Edelsteins.<\/p>\n<hr data-start=\"1670\" data-end=\"1673\" \/>\n<h4 data-start=\"1448\" data-end=\"1473\"><span class=\"ez-toc-section\" id=\"Mehr_uber_Heilsteine_Kristalle\"><\/span>Ve\u010d o zdravilnih kamnih in kristalih<span class=\"ez-toc-section-end\"><\/span><\/h4>\n<p data-start=\"1475\" data-end=\"1668\"><a class=\"\" href=\"https:\/\/saphirsmaragd.com\/sl\/product-category\/heilsteine-kristalle-kaufen\/\" target=\"_new\" rel=\"noopener\" data-start=\"1571\" data-end=\"1668\">Zdravilni kamni in kristali<\/a><\/p>\n<hr data-start=\"1670\" data-end=\"1673\" \/>\n<h4 data-start=\"1675\" data-end=\"1695\"><span class=\"ez-toc-section\" id=\"Weitere_Infos\"><\/span>Dodatne informacije<span class=\"ez-toc-section-end\"><\/span><\/h4>\n<p data-start=\"1697\" data-end=\"1801\"><a class=\"\" href=\"https:\/\/de.wikipedia.org\/wiki\/Smaragd\" target=\"_new\" rel=\"noopener\" data-start=\"1741\" data-end=\"1801\">Wikipedija - Smaragd<\/a><\/p>","protected":false},"excerpt":{"rendered":"<p data-start=\"459\" data-end=\"590\"><em>Smaragd Oval Gr\u00fcn 0.85 Karat aus Sambia, ge\u00f6lt. Klassischer Ovalschliff mit intensiver gr\u00fcner Farbe f\u00fcr elegante Schmuckst\u00fccke.<\/em><\/p>","protected":false},"featured_media":8723,"comment_status":"open","ping_status":"closed","template":"","meta":{"_glsr_average":0,"_glsr_ranking":0,"_glsr_reviews":0},"product_brand":[],"product_cat":[262],"product_tag":[],"class_list":{"0":"post-8722","1":"product","2":"type-product","3":"status-publish","4":"has-post-thumbnail","6":"product_cat-smaragd","7":"pa_edelsteinart-smaragd","8":"pa_farbe-gruen","9":"pa_form-oval","10":"pa_gewicht-karat-0-5-1-0-karat","11":"pa_herkunft-sambia","12":"pa_reinheit-kleine-einschluesse","13":"pa_veredelung-behandlung-geoelt","14":"pa_zustand-neu","16":"first","17":"instock","18":"sold-individually","19":"taxable","20":"shipping-taxable","21":"purchasable","22":"product-type-simple","23":"add-to-wishlist-before_image"},"jetpack_sharing_enabled":true,"_links":{"self":[{"href":"https:\/\/saphirsmaragd.com\/sl\/wp-json\/wp\/v2\/product\/8722","targetHints":{"allow":["GET"]}}],"collection":[{"href":"https:\/\/saphirsmaragd.com\/sl\/wp-json\/wp\/v2\/product"}],"about":[{"href":"https:\/\/saphirsmaragd.com\/sl\/wp-json\/wp\/v2\/types\/product"}],"replies":[{"embeddable":true,"href":"https:\/\/saphirsmaragd.com\/sl\/wp-json\/wp\/v2\/comments?post=8722"}],"version-history":[{"count":1,"href":"https:\/\/saphirsmaragd.com\/sl\/wp-json\/wp\/v2\/product\/8722\/revisions"}],"predecessor-version":[{"id":8724,"href":"https:\/\/saphirsmaragd.com\/sl\/wp-json\/wp\/v2\/product\/8722\/revisions\/8724"}],"wp:featuredmedia":[{"embeddable":true,"href":"https:\/\/saphirsmaragd.com\/sl\/wp-json\/wp\/v2\/media\/8723"}],"wp:attachment":[{"href":"https:\/\/saphirsmaragd.com\/sl\/wp-json\/wp\/v2\/media?parent=8722"}],"wp:term":[{"taxonomy":"product_brand","embeddable":true,"href":"https:\/\/saphirsmaragd.com\/sl\/wp-json\/wp\/v2\/product_brand?post=8722"},{"taxonomy":"product_cat","embeddable":true,"href":"https:\/\/saphirsmaragd.com\/sl\/wp-json\/wp\/v2\/product_cat?post=8722"},{"taxonomy":"product_tag","embeddable":true,"href":"https:\/\/saphirsmaragd.com\/sl\/wp-json\/wp\/v2\/product_tag?post=8722"}],"curies":[{"name":"wp","href":"https:\/\/api.w.org\/{rel}","templated":true}]}}