{"id":8811,"date":"2026-05-15T19:17:16","date_gmt":"2026-05-15T19:17:16","guid":{"rendered":"https:\/\/saphirsmaragd.com\/?post_type=product&#038;p=8811"},"modified":"2026-05-15T19:19:06","modified_gmt":"2026-05-15T19:19:06","slug":"smaragd-oval-gruen-0-76-karat","status":"publish","type":"product","link":"https:\/\/saphirsmaragd.com\/sl\/izdelek\/smaragd-oval-gruen-0-76-karat\/","title":{"rendered":"Smaragd Oval Gr\u00fcn 0.76 Karat aus Sambia \u2013 Nat\u00fcrlicher Edelstein mit elegantem Ovalschliff"},"content":{"rendered":"<div id=\"ez-toc-container\" class=\"ez-toc-v2_0_83 counter-hierarchy ez-toc-counter ez-toc-grey ez-toc-container-direction\">\n<div class=\"ez-toc-title-container\">\n<p class=\"ez-toc-title\" style=\"cursor:inherit\">Kazalo vsebine<\/p>\n<span class=\"ez-toc-title-toggle\"><a href=\"#\" class=\"ez-toc-pull-right ez-toc-btn ez-toc-btn-xs ez-toc-btn-default ez-toc-toggle\" aria-label=\"Toggle Table of Content\"><span class=\"ez-toc-js-icon-con\"><span class=\"\"><span class=\"eztoc-hide\" style=\"display:none;\">Preklopi<\/span><span class=\"ez-toc-icon-toggle-span\"><svg style=\"fill: #999;color:#999\" xmlns=\"http:\/\/www.w3.org\/2000\/svg\" class=\"list-377408\" width=\"20px\" height=\"20px\" viewbox=\"0 0 24 24\" fill=\"none\"><path d=\"M6 6H4v2h2V6zm14 0H8v2h12V6zM4 11h2v2H4v-2zm16 0H8v2h12v-2zM4 16h2v2H4v-2zm16 0H8v2h12v-2z\" fill=\"currentColor\"><\/path><\/svg><svg style=\"fill: #999;color:#999\" class=\"arrow-unsorted-368013\" xmlns=\"http:\/\/www.w3.org\/2000\/svg\" width=\"10px\" height=\"10px\" viewbox=\"0 0 24 24\" version=\"1.2\" baseprofile=\"tiny\"><path d=\"M18.2 9.3l-6.2-6.3-6.2 6.3c-.2.2-.3.4-.3.7s.1.5.3.7c.2.2.4.3.7.3h11c.3 0 .5-.1.7-.3.2-.2.3-.5.3-.7s-.1-.5-.3-.7zM5.8 14.7l6.2 6.3 6.2-6.3c.2-.2.3-.5.3-.7s-.1-.5-.3-.7c-.2-.2-.4-.3-.7-.3h-11c-.3 0-.5.1-.7.3-.2.2-.3.5-.3.7s.1.5.3.7z\"\/><\/svg><\/span><\/span><\/span><\/a><\/span><\/div>\n<nav><ul class='ez-toc-list ez-toc-list-level-1' ><li class='ez-toc-page-1 ez-toc-heading-level-4'><a class=\"ez-toc-link ez-toc-heading-1\" href=\"https:\/\/saphirsmaragd.com\/sl\/izdelek\/smaragd-oval-gruen-0-76-karat\/#Smaragd_Oval_Grun_076_Karat\" >Smaragd Oval Gr\u00fcn 0.76 Karat<\/a><\/li><li class='ez-toc-page-1 ez-toc-heading-level-4'><a class=\"ez-toc-link ez-toc-heading-2\" href=\"https:\/\/saphirsmaragd.com\/sl\/izdelek\/smaragd-oval-gruen-0-76-karat\/#Merkmale_Herkunft\" >Zna\u010dilnosti in izvor<\/a><\/li><li class='ez-toc-page-1 ez-toc-heading-level-4'><a class=\"ez-toc-link ez-toc-heading-3\" href=\"https:\/\/saphirsmaragd.com\/sl\/izdelek\/smaragd-oval-gruen-0-76-karat\/#Besonderheiten_zu_Smaragd_Oval_Grun_076_Karat\" >Besonderheiten zu Smaragd Oval Gr\u00fcn 0.76 Karat<\/a><\/li><li class='ez-toc-page-1 ez-toc-heading-level-4'><a class=\"ez-toc-link ez-toc-heading-4\" href=\"https:\/\/saphirsmaragd.com\/sl\/izdelek\/smaragd-oval-gruen-0-76-karat\/#Mehr_uber_Heilsteine_Kristalle\" >Ve\u010d o zdravilnih kamnih in kristalih<\/a><\/li><li class='ez-toc-page-1 ez-toc-heading-level-4'><a class=\"ez-toc-link ez-toc-heading-5\" href=\"https:\/\/saphirsmaragd.com\/sl\/izdelek\/smaragd-oval-gruen-0-76-karat\/#Weitere_Infos\" >Dodatne informacije<\/a><\/li><\/ul><\/nav><\/div>\n<h4 data-start=\"540\" data-end=\"573\"><span class=\"ez-toc-section\" id=\"Smaragd_Oval_Grun_076_Karat\"><\/span>Smaragd Oval Gr\u00fcn 0.76 Karat<span class=\"ez-toc-section-end\"><\/span><\/h4>\n<p data-start=\"575\" data-end=\"819\">Dieser nat\u00fcrliche Edelstein aus Sambia \u00fcberzeugt durch seine intensive gr\u00fcne Farbwirkung und seine harmonische ovale Form. Der zeitlose Schliff sorgt f\u00fcr eine elegante Ausstrahlung und eignet sich hervorragend f\u00fcr hochwertige Schmuckkreationen.<\/p>\n<hr data-start=\"821\" data-end=\"824\" \/>\n<h4 data-start=\"826\" data-end=\"850\"><span class=\"ez-toc-section\" id=\"Merkmale_Herkunft\"><\/span>Zna\u010dilnosti in izvor<span class=\"ez-toc-section-end\"><\/span><\/h4>\n<p data-start=\"852\" data-end=\"1077\">Steinart: Smaragd<br data-start=\"869\" data-end=\"872\" \/>Barva: zelena<br data-start=\"883\" data-end=\"886\" \/>Oblika: Ovalna<br data-start=\"896\" data-end=\"899\" \/>Gewicht: 0.76 Karat<br data-start=\"918\" data-end=\"921\" \/>Abmessungen: 7 x 5 mm<br data-start=\"942\" data-end=\"945\" \/>Herkunft: Sambia<br data-start=\"961\" data-end=\"964\" \/>Jasnost: Jasni vklju\u010dki<br data-start=\"995\" data-end=\"998\" \/>Behandlung: Ge\u00f6lt<br data-start=\"1015\" data-end=\"1018\" \/>Beobachtung: Nat\u00fcrlich<br data-start=\"1040\" data-end=\"1043\" \/>Mohs-H\u00e4rte: 7.5\u20138<br data-start=\"1060\" data-end=\"1063\" \/>Stanje: Novo<\/p>\n<hr data-start=\"1079\" data-end=\"1082\" \/>\n<h4 data-start=\"1084\" data-end=\"1135\"><span class=\"ez-toc-section\" id=\"Besonderheiten_zu_Smaragd_Oval_Grun_076_Karat\"><\/span>Besonderheiten zu Smaragd Oval Gr\u00fcn 0.76 Karat<span class=\"ez-toc-section-end\"><\/span><\/h4>\n<p data-start=\"1137\" data-end=\"1423\">Der Ovalschliff z\u00e4hlt zu den beliebtesten Edelsteinformen im hochwertigen Schmuckbereich. Die Form erzeugt eine ausgewogene Lichtreflexion und l\u00e4sst Edelsteine optisch gr\u00f6\u00dfer wirken. Dadurch eignet sich dieser Schliff besonders f\u00fcr Ringe, Anh\u00e4nger und individuelle Schmuckanfertigungen.<\/p>\n<p data-start=\"1425\" data-end=\"1654\">Smaragde aus Sambia genie\u00dfen weltweit hohes Ansehen und sind f\u00fcr ihre intensiven Gr\u00fcnt\u00f6ne sowie ihre nat\u00fcrliche Struktur bekannt. Die ge\u00f6lte Veredelung unterst\u00fctzt zus\u00e4tzlich die Farbtiefe und die optische Wirkung des Edelsteins.<\/p>\n<p data-start=\"1656\" data-end=\"1800\">Der Smaragd Oval Gr\u00fcn 0.76 Karat verbindet zeitlose Eleganz mit nat\u00fcrlicher Sch\u00f6nheit und eignet sich hervorragend f\u00fcr exklusive Schmuckdesigns.<\/p>\n<hr data-start=\"1670\" data-end=\"1673\" \/>\n<h4 data-start=\"1448\" data-end=\"1473\"><span class=\"ez-toc-section\" id=\"Mehr_uber_Heilsteine_Kristalle\"><\/span>Ve\u010d o zdravilnih kamnih in kristalih<span class=\"ez-toc-section-end\"><\/span><\/h4>\n<p data-start=\"1475\" data-end=\"1668\"><a class=\"\" href=\"https:\/\/saphirsmaragd.com\/sl\/product-category\/heilsteine-kristalle-kaufen\/\" target=\"_new\" rel=\"noopener\" data-start=\"1571\" data-end=\"1668\">Zdravilni kamni in kristali<\/a><\/p>\n<hr data-start=\"1670\" data-end=\"1673\" \/>\n<h4 data-start=\"1675\" data-end=\"1695\"><span class=\"ez-toc-section\" id=\"Weitere_Infos\"><\/span>Dodatne informacije<span class=\"ez-toc-section-end\"><\/span><\/h4>\n<p data-start=\"1697\" data-end=\"1801\"><a class=\"\" href=\"https:\/\/de.wikipedia.org\/wiki\/Smaragd\" target=\"_new\" rel=\"noopener\" data-start=\"1741\" data-end=\"1801\">Wikipedija - Smaragd<\/a><\/p>","protected":false},"excerpt":{"rendered":"<p data-start=\"242\" data-end=\"412\"><em>Smaragd Oval Gr\u00fcn 0.76 Karat aus Sambia mit ge\u00f6lter Veredelung. Nat\u00fcrlicher Edelstein mit intensiver gr\u00fcner Farbe und klassischem Ovalschliff f\u00fcr exklusive Schmuckst\u00fccke.<\/em><\/p>","protected":false},"featured_media":8812,"comment_status":"open","ping_status":"closed","template":"","meta":{"_glsr_average":0,"_glsr_ranking":0,"_glsr_reviews":0},"product_brand":[],"product_cat":[262],"product_tag":[],"class_list":{"0":"post-8811","1":"product","2":"type-product","3":"status-publish","4":"has-post-thumbnail","6":"product_cat-smaragd","7":"pa_edelsteinart-smaragd","8":"pa_farbe-gruen","9":"pa_form-oval","10":"pa_gewicht-karat-0-5-1-0-karat","11":"pa_herkunft-sambia","12":"pa_reinheit-deutliche-einschluesse","13":"pa_veredelung-behandlung-geoelt","14":"pa_zustand-neu","16":"first","17":"instock","18":"sold-individually","19":"shipping-taxable","20":"purchasable","21":"product-type-simple","22":"add-to-wishlist-before_image"},"jetpack_sharing_enabled":true,"_links":{"self":[{"href":"https:\/\/saphirsmaragd.com\/sl\/wp-json\/wp\/v2\/product\/8811","targetHints":{"allow":["GET"]}}],"collection":[{"href":"https:\/\/saphirsmaragd.com\/sl\/wp-json\/wp\/v2\/product"}],"about":[{"href":"https:\/\/saphirsmaragd.com\/sl\/wp-json\/wp\/v2\/types\/product"}],"replies":[{"embeddable":true,"href":"https:\/\/saphirsmaragd.com\/sl\/wp-json\/wp\/v2\/comments?post=8811"}],"version-history":[{"count":1,"href":"https:\/\/saphirsmaragd.com\/sl\/wp-json\/wp\/v2\/product\/8811\/revisions"}],"predecessor-version":[{"id":8813,"href":"https:\/\/saphirsmaragd.com\/sl\/wp-json\/wp\/v2\/product\/8811\/revisions\/8813"}],"wp:featuredmedia":[{"embeddable":true,"href":"https:\/\/saphirsmaragd.com\/sl\/wp-json\/wp\/v2\/media\/8812"}],"wp:attachment":[{"href":"https:\/\/saphirsmaragd.com\/sl\/wp-json\/wp\/v2\/media?parent=8811"}],"wp:term":[{"taxonomy":"product_brand","embeddable":true,"href":"https:\/\/saphirsmaragd.com\/sl\/wp-json\/wp\/v2\/product_brand?post=8811"},{"taxonomy":"product_cat","embeddable":true,"href":"https:\/\/saphirsmaragd.com\/sl\/wp-json\/wp\/v2\/product_cat?post=8811"},{"taxonomy":"product_tag","embeddable":true,"href":"https:\/\/saphirsmaragd.com\/sl\/wp-json\/wp\/v2\/product_tag?post=8811"}],"curies":[{"name":"wp","href":"https:\/\/api.w.org\/{rel}","templated":true}]}}