{"id":1723,"date":"2025-07-12T16:16:49","date_gmt":"2025-07-12T16:16:49","guid":{"rendered":"https:\/\/saphirsmaragd.com\/?post_type=product&#038;p=1723"},"modified":"2025-12-29T19:03:33","modified_gmt":"2025-12-29T19:03:33","slug":"saphir-2-23-karat-blau-rund","status":"publish","type":"product","link":"https:\/\/saphirsmaragd.com\/sv\/produkt\/saphir-2-23-karat-blau-rund\/","title":{"rendered":"Saphir 2.23 Karat Blau Rund \u2013 Intensivblauer Edelstein aus Kambodscha mit Zertifikat"},"content":{"rendered":"<div id=\"ez-toc-container\" class=\"ez-toc-v2_0_82_2 counter-hierarchy ez-toc-counter ez-toc-grey ez-toc-container-direction\">\n<div class=\"ez-toc-title-container\">\n<p class=\"ez-toc-title\" style=\"cursor:inherit\">Table of Contents<\/p>\n<span class=\"ez-toc-title-toggle\"><a href=\"#\" class=\"ez-toc-pull-right ez-toc-btn ez-toc-btn-xs ez-toc-btn-default ez-toc-toggle\" aria-label=\"Toggle Table of Content\"><span class=\"ez-toc-js-icon-con\"><span class=\"\"><span class=\"eztoc-hide\" style=\"display:none;\">Toggle<\/span><span class=\"ez-toc-icon-toggle-span\"><svg style=\"fill: #999;color:#999\" xmlns=\"http:\/\/www.w3.org\/2000\/svg\" class=\"list-377408\" width=\"20px\" height=\"20px\" viewBox=\"0 0 24 24\" fill=\"none\"><path d=\"M6 6H4v2h2V6zm14 0H8v2h12V6zM4 11h2v2H4v-2zm16 0H8v2h12v-2zM4 16h2v2H4v-2zm16 0H8v2h12v-2z\" fill=\"currentColor\"><\/path><\/svg><svg style=\"fill: #999;color:#999\" class=\"arrow-unsorted-368013\" xmlns=\"http:\/\/www.w3.org\/2000\/svg\" width=\"10px\" height=\"10px\" viewBox=\"0 0 24 24\" version=\"1.2\" baseProfile=\"tiny\"><path d=\"M18.2 9.3l-6.2-6.3-6.2 6.3c-.2.2-.3.4-.3.7s.1.5.3.7c.2.2.4.3.7.3h11c.3 0 .5-.1.7-.3.2-.2.3-.5.3-.7s-.1-.5-.3-.7zM5.8 14.7l6.2 6.3 6.2-6.3c.2-.2.3-.5.3-.7s-.1-.5-.3-.7c-.2-.2-.4-.3-.7-.3h-11c-.3 0-.5.1-.7.3-.2.2-.3.5-.3.7s.1.5.3.7z\"\/><\/svg><\/span><\/span><\/span><\/a><\/span><\/div>\n<nav><ul class='ez-toc-list ez-toc-list-level-1 ' ><li class='ez-toc-page-1 ez-toc-heading-level-4'><a class=\"ez-toc-link ez-toc-heading-1\" href=\"https:\/\/saphirsmaragd.com\/sv\/produkt\/saphir-2-23-karat-blau-rund\/#Saphir_223_Karat_Blau_Rund\" >Saphir 2.23 Karat Blau Rund<\/a><\/li><li class='ez-toc-page-1 ez-toc-heading-level-4'><a class=\"ez-toc-link ez-toc-heading-2\" href=\"https:\/\/saphirsmaragd.com\/sv\/produkt\/saphir-2-23-karat-blau-rund\/#Merkmale_Herkunft\" >Merkmale &amp; Herkunft<\/a><\/li><li class='ez-toc-page-1 ez-toc-heading-level-4'><a class=\"ez-toc-link ez-toc-heading-3\" href=\"https:\/\/saphirsmaragd.com\/sv\/produkt\/saphir-2-23-karat-blau-rund\/#Besonderheiten\" >Besonderheiten<\/a><\/li><li class='ez-toc-page-1 ez-toc-heading-level-4'><a class=\"ez-toc-link ez-toc-heading-4\" href=\"https:\/\/saphirsmaragd.com\/sv\/produkt\/saphir-2-23-karat-blau-rund\/#Mehr_uber_Heilsteine\" >Mehr \u00fcber Heilsteine<\/a><\/li><li class='ez-toc-page-1 ez-toc-heading-level-4'><a class=\"ez-toc-link ez-toc-heading-5\" href=\"https:\/\/saphirsmaragd.com\/sv\/produkt\/saphir-2-23-karat-blau-rund\/#Weitere_Infos\" >Weitere Infos<\/a><\/li><\/ul><\/nav><\/div>\n<h4 data-start=\"44\" data-end=\"132\"><span class=\"ez-toc-section\" id=\"Saphir_223_Karat_Blau_Rund\"><\/span><em>Saphir 2.23 Karat Blau Rund<\/em><span class=\"ez-toc-section-end\"><\/span><\/h4>\n<p data-start=\"133\" data-end=\"170\"><span class=\"relative -mx-px my-[-0.2rem] rounded px-px py-[0.2rem] transition-colors duration-100 ease-in-out\">Ein eindrucksvoller, tieftiefblauer Saphir aus Pailin (Kambodscha), rund facettiert und mit \u00fcber 2\u202fct ein Starkst\u00fcck f\u00fcr Schmuckliebhaber und Sammler.<\/span><\/p>\n<hr data-start=\"172\" data-end=\"175\" \/>\n<h4 data-start=\"177\" data-end=\"203\"><span class=\"ez-toc-section\" id=\"Merkmale_Herkunft\"><\/span>Merkmale &amp; Herkunft<span class=\"ez-toc-section-end\"><\/span><\/h4>\n<p data-start=\"204\" data-end=\"525\"><span class=\"relative -mx-px my-[-0.2rem] rounded px-px py-[0.2rem] transition-colors duration-100 ease-in-out\">Gewicht: 2.23\u202fKarat<\/span><br data-start=\"241\" data-end=\"244\" \/>Farbe: Blau<br data-start=\"255\" data-end=\"258\" \/>Form: Rund<br data-start=\"268\" data-end=\"271\" \/><span class=\"relative -mx-px my-[-0.2rem] rounded px-px py-[0.2rem] transition-colors duration-100 ease-in-out\">Gr\u00f6\u00dfe: 7.9\u202fmm Durchmesser<\/span><br data-start=\"308\" data-end=\"311\" \/><span class=\"relative -mx-px my-[-0.2rem] rounded px-px py-[0.2rem] transition-colors duration-100 ease-in-out\">Herkunft: Pailin, Kambodscha<\/span><br data-start=\"388\" data-end=\"391\" \/><span class=\"relative -mx-px my-[-0.2rem] rounded px-px py-[0.2rem] transition-colors duration-100 ease-in-out\">Reinheit: Sehr kleine Einschl\u00fcsse (sichtbar nur unter 10\u00d7 Vergr\u00f6\u00dferung)<\/span><br data-start=\"428\" data-end=\"431\" \/><span class=\"relative -mx-px my-[-0.2rem] rounded px-px py-[0.2rem] transition-colors duration-100 ease-in-out\">Zertifikat: Ja, durch Gemmologin (Gem\u2011A)<\/span><br data-start=\"508\" data-end=\"511\" \/>Zustand: Neu<\/p>\n<hr data-start=\"527\" data-end=\"530\" \/>\n<h4 data-start=\"532\" data-end=\"553\"><span class=\"ez-toc-section\" id=\"Besonderheiten\"><\/span>Besonderheiten<span class=\"ez-toc-section-end\"><\/span><\/h4>\n<p data-start=\"554\" data-end=\"591\"><span class=\"relative -mx-px my-[-0.2rem] rounded px-px py-[0.2rem] transition-colors duration-100 ease-in-out\">Sein bemerkenswertes Gewicht kombiniert mit der intensiven, gleichm\u00e4\u00dfigen blauen Farbe macht ihn zu einem seltenen Sammlerst\u00fcck. Die hohe Transparenz und exakte Rundform erh\u00f6hen seine Attraktivit\u00e4t in hochwertigen Schmuckdesigns.<\/span><\/p>\n<hr data-start=\"593\" data-end=\"596\" \/>\n<h4 data-start=\"598\" data-end=\"625\"><span class=\"ez-toc-section\" id=\"Mehr_uber_Heilsteine\"><\/span>Mehr \u00fcber Heilsteine<span class=\"ez-toc-section-end\"><\/span><\/h4>\n<p data-start=\"626\" data-end=\"665\"><span class=\"relative -mx-px my-[-0.2rem] rounded px-px py-[0.2rem] transition-colors duration-100 ease-in-out\"><a href=\"https:\/\/saphirsmaragd.com\/product-category\/heilsteine-kristalle-kaufen\/\" target=\"_new\" rel=\"noopener noreferrer\" data-start=\"0\" data-end=\"85\" data-is-last-node=\"\" data-is-only-node=\"\">Heilsteine<\/a><\/span><\/p>\n<hr data-start=\"667\" data-end=\"670\" \/>\n<h4 data-start=\"672\" data-end=\"692\"><span class=\"ez-toc-section\" id=\"Weitere_Infos\"><\/span>Weitere Infos<span class=\"ez-toc-section-end\"><\/span><\/h4>\n<p data-start=\"693\" data-end=\"732\"><span class=\"relative -mx-px my-[-0.2rem] rounded px-px py-[0.2rem] transition-colors duration-100 ease-in-out\"><a href=\"https:\/\/de.wikipedia.org\/wiki\/Saphir\" target=\"_new\" rel=\"noopener noreferrer\" data-start=\"0\" data-end=\"49\" data-is-last-node=\"\" data-is-only-node=\"\">Wikipedia<\/a><\/span><\/p>\n","protected":false},"excerpt":{"rendered":"<p data-start=\"524\" data-end=\"686\"><em>Ein seltener Saphir 2.23 Karat Blau Rund aus Pailin, Kambodscha \u2013 intensiv in der Farbe, brillant geschliffen und mit Gem-A Zertifikat. F\u00fcr exklusive Schmuckdesigns.<\/em><\/p>\n<p data-start=\"378\" data-end=\"474\">","protected":false},"featured_media":1726,"comment_status":"open","ping_status":"closed","template":"","meta":{"_glsr_average":0,"_glsr_ranking":0,"_glsr_reviews":0},"product_brand":[],"product_cat":[74],"product_tag":[],"class_list":{"0":"post-1723","1":"product","2":"type-product","3":"status-publish","4":"has-post-thumbnail","6":"product_cat-saphire-kaufen","7":"pa_edelsteinart-saphir","8":"pa_farbe-blau","9":"pa_form-rund","10":"pa_gewicht-karat-1-0-3-0-karat","11":"pa_herkunft-kambodscha","12":"pa_reinheit-sehr-kleine-einschluesse","13":"pa_zertifikat-ja","14":"pa_zustand-neu","16":"first","17":"instock","18":"featured","19":"sold-individually","20":"shipping-taxable","21":"purchasable","22":"product-type-simple","23":"add-to-wishlist-before_image"},"jetpack_sharing_enabled":true,"_links":{"self":[{"href":"https:\/\/saphirsmaragd.com\/sv\/wp-json\/wp\/v2\/product\/1723","targetHints":{"allow":["GET"]}}],"collection":[{"href":"https:\/\/saphirsmaragd.com\/sv\/wp-json\/wp\/v2\/product"}],"about":[{"href":"https:\/\/saphirsmaragd.com\/sv\/wp-json\/wp\/v2\/types\/product"}],"replies":[{"embeddable":true,"href":"https:\/\/saphirsmaragd.com\/sv\/wp-json\/wp\/v2\/comments?post=1723"}],"version-history":[{"count":5,"href":"https:\/\/saphirsmaragd.com\/sv\/wp-json\/wp\/v2\/product\/1723\/revisions"}],"predecessor-version":[{"id":4474,"href":"https:\/\/saphirsmaragd.com\/sv\/wp-json\/wp\/v2\/product\/1723\/revisions\/4474"}],"wp:featuredmedia":[{"embeddable":true,"href":"https:\/\/saphirsmaragd.com\/sv\/wp-json\/wp\/v2\/media\/1726"}],"wp:attachment":[{"href":"https:\/\/saphirsmaragd.com\/sv\/wp-json\/wp\/v2\/media?parent=1723"}],"wp:term":[{"taxonomy":"product_brand","embeddable":true,"href":"https:\/\/saphirsmaragd.com\/sv\/wp-json\/wp\/v2\/product_brand?post=1723"},{"taxonomy":"product_cat","embeddable":true,"href":"https:\/\/saphirsmaragd.com\/sv\/wp-json\/wp\/v2\/product_cat?post=1723"},{"taxonomy":"product_tag","embeddable":true,"href":"https:\/\/saphirsmaragd.com\/sv\/wp-json\/wp\/v2\/product_tag?post=1723"}],"curies":[{"name":"wp","href":"https:\/\/api.w.org\/{rel}","templated":true}]}}