{"id":1885,"date":"2025-07-16T11:35:52","date_gmt":"2025-07-16T11:35:52","guid":{"rendered":"https:\/\/saphirsmaragd.com\/?post_type=product&#038;p=1885"},"modified":"2025-12-29T19:03:25","modified_gmt":"2025-12-29T19:03:25","slug":"rubin-0-05-karat-rot-quadrat","status":"publish","type":"product","link":"https:\/\/saphirsmaragd.com\/sv\/produkt\/rubin-0-05-karat-rot-quadrat\/","title":{"rendered":"Rubin 0.05 Karat Rot Quadrat \u2013 feiner Facettenschliff mit zartem Rosaton"},"content":{"rendered":"<div id=\"ez-toc-container\" class=\"ez-toc-v2_0_82_2 counter-hierarchy ez-toc-counter ez-toc-grey ez-toc-container-direction\">\n<div class=\"ez-toc-title-container\">\n<p class=\"ez-toc-title\" style=\"cursor:inherit\">Inneh\u00e5llsf\u00f6rteckning<\/p>\n<span class=\"ez-toc-title-toggle\"><a href=\"#\" class=\"ez-toc-pull-right ez-toc-btn ez-toc-btn-xs ez-toc-btn-default ez-toc-toggle\" aria-label=\"Toggle Table of Content\"><span class=\"ez-toc-js-icon-con\"><span class=\"\"><span class=\"eztoc-hide\" style=\"display:none;\">Toggle<\/span><span class=\"ez-toc-icon-toggle-span\"><svg style=\"fill: #999;color:#999\" xmlns=\"http:\/\/www.w3.org\/2000\/svg\" class=\"list-377408\" width=\"20px\" height=\"20px\" viewbox=\"0 0 24 24\" fill=\"none\"><path d=\"M6 6H4v2h2V6zm14 0H8v2h12V6zM4 11h2v2H4v-2zm16 0H8v2h12v-2zM4 16h2v2H4v-2zm16 0H8v2h12v-2z\" fill=\"currentColor\"><\/path><\/svg><svg style=\"fill: #999;color:#999\" class=\"arrow-unsorted-368013\" xmlns=\"http:\/\/www.w3.org\/2000\/svg\" width=\"10px\" height=\"10px\" viewbox=\"0 0 24 24\" version=\"1.2\" baseprofile=\"tiny\"><path d=\"M18.2 9.3l-6.2-6.3-6.2 6.3c-.2.2-.3.4-.3.7s.1.5.3.7c.2.2.4.3.7.3h11c.3 0 .5-.1.7-.3.2-.2.3-.5.3-.7s-.1-.5-.3-.7zM5.8 14.7l6.2 6.3 6.2-6.3c.2-.2.3-.5.3-.7s-.1-.5-.3-.7c-.2-.2-.4-.3-.7-.3h-11c-.3 0-.5.1-.7.3-.2.2-.3.5-.3.7s.1.5.3.7z\"\/><\/svg><\/span><\/span><\/span><\/a><\/span><\/div>\n<nav><ul class='ez-toc-list ez-toc-list-level-1' ><li class='ez-toc-page-1 ez-toc-heading-level-4'><a class=\"ez-toc-link ez-toc-heading-1\" href=\"https:\/\/saphirsmaragd.com\/sv\/produkt\/rubin-0-05-karat-rot-quadrat\/#Rubin_005_Karat_Rot_Quadrat_%E2%80%93_Klar_geschliffen_mit_Zertifikat\" >Rubin 0.05 Karat Rot Quadrat \u2013 Klar geschliffen mit Zertifikat<\/a><\/li><li class='ez-toc-page-1 ez-toc-heading-level-4'><a class=\"ez-toc-link ez-toc-heading-2\" href=\"https:\/\/saphirsmaragd.com\/sv\/produkt\/rubin-0-05-karat-rot-quadrat\/#Merkmale_Herkunft\" >Egenskaper &amp; ursprung<\/a><\/li><li class='ez-toc-page-1 ez-toc-heading-level-4'><a class=\"ez-toc-link ez-toc-heading-3\" href=\"https:\/\/saphirsmaragd.com\/sv\/produkt\/rubin-0-05-karat-rot-quadrat\/#Besonderheiten\" >Specialfunktioner<\/a><\/li><li class='ez-toc-page-1 ez-toc-heading-level-4'><a class=\"ez-toc-link ez-toc-heading-4\" href=\"https:\/\/saphirsmaragd.com\/sv\/produkt\/rubin-0-05-karat-rot-quadrat\/#Mehr_uber_unsere_Edelsteine\" >Mer om v\u00e5ra \u00e4delstenar<\/a><\/li><li class='ez-toc-page-1 ez-toc-heading-level-4'><a class=\"ez-toc-link ez-toc-heading-5\" href=\"https:\/\/saphirsmaragd.com\/sv\/produkt\/rubin-0-05-karat-rot-quadrat\/#Weitere_Infos\" >Mer information<\/a><\/li><\/ul><\/nav><\/div>\n<h4 data-start=\"638\" data-end=\"704\"><span class=\"ez-toc-section\" id=\"Rubin_005_Karat_Rot_Quadrat_%E2%80%93_Klar_geschliffen_mit_Zertifikat\"><\/span>Rubin 0.05 Karat Rot Quadrat \u2013 Klar geschliffen mit Zertifikat<span class=\"ez-toc-section-end\"><\/span><\/h4>\n<p data-start=\"705\" data-end=\"885\">Ein kompakter, nat\u00fcrlicher Rubin im quadratischen Schliff mit intensivem Rot und leichtem Pinkton. Trotz seiner kleinen Gr\u00f6\u00dfe \u00fcberzeugt er durch Transparenz und feine Facettierung.<\/p>\n<hr data-start=\"887\" data-end=\"890\" \/>\n<h4 data-start=\"892\" data-end=\"918\"><span class=\"ez-toc-section\" id=\"Merkmale_Herkunft\"><\/span>Egenskaper &amp; ursprung<span class=\"ez-toc-section-end\"><\/span><\/h4>\n<p data-start=\"919\" data-end=\"1106\">Farbe: Rot<br data-start=\"929\" data-end=\"932\" \/>Form: Quadrat<br data-start=\"945\" data-end=\"948\" \/>Gewicht: 0.05 Karat<br data-start=\"964\" data-end=\"967\" \/>Dimension: 2\u00d72 mm<br data-start=\"984\" data-end=\"987\" \/>Behandlung: Erhitzt<br data-start=\"1006\" data-end=\"1009\" \/>Reinheit: Kleine Einschl\u00fcsse<br data-start=\"1037\" data-end=\"1040\" \/>Skick: Nytt<br data-start=\"1052\" data-end=\"1055\" \/>Zertifikat: Ja<br data-start=\"1069\" data-end=\"1072\" \/>Mohsh\u00e4rte: 9<\/p>\n<hr data-start=\"1108\" data-end=\"1111\" \/>\n<h4 data-start=\"1113\" data-end=\"1134\"><span class=\"ez-toc-section\" id=\"Besonderheiten\"><\/span>Specialfunktioner<span class=\"ez-toc-section-end\"><\/span><\/h4>\n<p data-start=\"1135\" data-end=\"1417\">Dieser Rubin kombiniert kleine Gr\u00f6\u00dfe mit brillanter Transparenz und pr\u00e4zisem Schliff. Seine Reinheit unterstreicht die nat\u00fcrliche Herkunft \u2013 einige feine Einschl\u00fcsse sind unter 10-facher Vergr\u00f6\u00dferung sichtbar. Das Zertifikat wurde ausgestellt von Val\u00e9rie DURAFFOURG (Gem-A, London).<\/p>\n<hr data-start=\"1419\" data-end=\"1422\" \/>\n<h4 data-start=\"1931\" data-end=\"1971\"><span class=\"ez-toc-section\" id=\"Mehr_uber_unsere_Edelsteine\"><\/span>Mer om v\u00e5ra \u00e4delstenar<span class=\"ez-toc-section-end\"><\/span><\/h4>\n<p data-start=\"1972\" data-end=\"2069\"><a href=\"https:\/\/saphirsmaragd.com\/sv\/product-category\/edelsteine-kaufen\/\">\u00e4delstenar<\/a><\/p>\n<hr data-start=\"1560\" data-end=\"1563\" \/>\n<h4 data-start=\"1565\" data-end=\"1585\"><span class=\"ez-toc-section\" id=\"Weitere_Infos\"><\/span>Mer information<span class=\"ez-toc-section-end\"><\/span><\/h4>\n<p data-start=\"1586\" data-end=\"1641\"><a class=\"\" href=\"https:\/\/de.wikipedia.org\/wiki\/Rubin\" target=\"_new\" rel=\"noopener\" data-start=\"1586\" data-end=\"1641\">Wikipedia: Rubin<\/a><\/p>","protected":false},"excerpt":{"rendered":"<p data-start=\"391\" data-end=\"480\"><em>Rubin 0.05 Karat Rot Quadratisch mit feiner Transparenz, facettiert, gepr\u00fcft mit Zertifikat.<\/em><\/p>\n<p data-start=\"378\" data-end=\"474\">","protected":false},"featured_media":1889,"comment_status":"open","ping_status":"closed","template":"","meta":{"_glsr_average":0,"_glsr_ranking":0,"_glsr_reviews":0},"product_brand":[],"product_cat":[72],"product_tag":[],"class_list":{"0":"post-1885","1":"product","2":"type-product","3":"status-publish","4":"has-post-thumbnail","6":"product_cat-rubine-kaufen","7":"pa_edelsteinart-rubin","8":"pa_farbe-rot","9":"pa_form-quadrat","10":"pa_gewicht-karat-under-0-1-karat","11":"pa_reinheit-kleine-einschluesse","12":"pa_veredelung-behandlung-erhitzt","13":"pa_zertifikat-ja","14":"pa_zustand-neu","16":"first","17":"instock","18":"featured","19":"sold-individually","20":"shipping-taxable","21":"purchasable","22":"product-type-simple","23":"add-to-wishlist-before_image"},"jetpack_sharing_enabled":true,"_links":{"self":[{"href":"https:\/\/saphirsmaragd.com\/sv\/wp-json\/wp\/v2\/product\/1885","targetHints":{"allow":["GET"]}}],"collection":[{"href":"https:\/\/saphirsmaragd.com\/sv\/wp-json\/wp\/v2\/product"}],"about":[{"href":"https:\/\/saphirsmaragd.com\/sv\/wp-json\/wp\/v2\/types\/product"}],"replies":[{"embeddable":true,"href":"https:\/\/saphirsmaragd.com\/sv\/wp-json\/wp\/v2\/comments?post=1885"}],"version-history":[{"count":5,"href":"https:\/\/saphirsmaragd.com\/sv\/wp-json\/wp\/v2\/product\/1885\/revisions"}],"predecessor-version":[{"id":4478,"href":"https:\/\/saphirsmaragd.com\/sv\/wp-json\/wp\/v2\/product\/1885\/revisions\/4478"}],"wp:featuredmedia":[{"embeddable":true,"href":"https:\/\/saphirsmaragd.com\/sv\/wp-json\/wp\/v2\/media\/1889"}],"wp:attachment":[{"href":"https:\/\/saphirsmaragd.com\/sv\/wp-json\/wp\/v2\/media?parent=1885"}],"wp:term":[{"taxonomy":"product_brand","embeddable":true,"href":"https:\/\/saphirsmaragd.com\/sv\/wp-json\/wp\/v2\/product_brand?post=1885"},{"taxonomy":"product_cat","embeddable":true,"href":"https:\/\/saphirsmaragd.com\/sv\/wp-json\/wp\/v2\/product_cat?post=1885"},{"taxonomy":"product_tag","embeddable":true,"href":"https:\/\/saphirsmaragd.com\/sv\/wp-json\/wp\/v2\/product_tag?post=1885"}],"curies":[{"name":"wp","href":"https:\/\/api.w.org\/{rel}","templated":true}]}}