{"id":2109,"date":"2025-10-07T23:29:12","date_gmt":"2025-10-07T23:29:12","guid":{"rendered":"https:\/\/saphirsmaragd.com\/?post_type=product&#038;p=2109"},"modified":"2025-12-05T10:12:11","modified_gmt":"2025-12-05T10:12:11","slug":"amethyst-rosa-auf-staender","status":"publish","type":"product","link":"https:\/\/saphirsmaragd.com\/sv\/produkt\/amethyst-rosa-auf-staender\/","title":{"rendered":"Amethyst Rosa auf St\u00e4nder 11 x 10.5 x 4 cm \u2013 A-Qualit\u00e4t Naturstein aus Brasilien"},"content":{"rendered":"<div id=\"ez-toc-container\" class=\"ez-toc-v2_0_82_2 counter-hierarchy ez-toc-counter ez-toc-grey ez-toc-container-direction\">\n<div class=\"ez-toc-title-container\">\n<p class=\"ez-toc-title\" style=\"cursor:inherit\">Inneh\u00e5llsf\u00f6rteckning<\/p>\n<span class=\"ez-toc-title-toggle\"><a href=\"#\" class=\"ez-toc-pull-right ez-toc-btn ez-toc-btn-xs ez-toc-btn-default ez-toc-toggle\" aria-label=\"Toggle Table of Content\"><span class=\"ez-toc-js-icon-con\"><span class=\"\"><span class=\"eztoc-hide\" style=\"display:none;\">Toggle<\/span><span class=\"ez-toc-icon-toggle-span\"><svg style=\"fill: #999;color:#999\" xmlns=\"http:\/\/www.w3.org\/2000\/svg\" class=\"list-377408\" width=\"20px\" height=\"20px\" viewbox=\"0 0 24 24\" fill=\"none\"><path d=\"M6 6H4v2h2V6zm14 0H8v2h12V6zM4 11h2v2H4v-2zm16 0H8v2h12v-2zM4 16h2v2H4v-2zm16 0H8v2h12v-2z\" fill=\"currentColor\"><\/path><\/svg><svg style=\"fill: #999;color:#999\" class=\"arrow-unsorted-368013\" xmlns=\"http:\/\/www.w3.org\/2000\/svg\" width=\"10px\" height=\"10px\" viewbox=\"0 0 24 24\" version=\"1.2\" baseprofile=\"tiny\"><path d=\"M18.2 9.3l-6.2-6.3-6.2 6.3c-.2.2-.3.4-.3.7s.1.5.3.7c.2.2.4.3.7.3h11c.3 0 .5-.1.7-.3.2-.2.3-.5.3-.7s-.1-.5-.3-.7zM5.8 14.7l6.2 6.3 6.2-6.3c.2-.2.3-.5.3-.7s-.1-.5-.3-.7c-.2-.2-.4-.3-.7-.3h-11c-.3 0-.5.1-.7.3-.2.2-.3.5-.3.7s.1.5.3.7z\"\/><\/svg><\/span><\/span><\/span><\/a><\/span><\/div>\n<nav><ul class='ez-toc-list ez-toc-list-level-1' ><li class='ez-toc-page-1 ez-toc-heading-level-4'><a class=\"ez-toc-link ez-toc-heading-1\" href=\"https:\/\/saphirsmaragd.com\/sv\/produkt\/amethyst-rosa-auf-staender\/#Amethyst_Rosa_auf_Stander_11_x_105_x_4_cm_%E2%80%93_A-Qualitat_Naturstein_aus_Brasilien\" >Amethyst Rosa auf St\u00e4nder 11 x 10.5 x 4 cm \u2013 A-Qualit\u00e4t Naturstein aus Brasilien<\/a><\/li><li class='ez-toc-page-1 ez-toc-heading-level-4'><a class=\"ez-toc-link ez-toc-heading-2\" href=\"https:\/\/saphirsmaragd.com\/sv\/produkt\/amethyst-rosa-auf-staender\/#_Merkmale_Herkunft\" >\u00a0Egenskaper &amp; ursprung<\/a><\/li><li class='ez-toc-page-1 ez-toc-heading-level-4'><a class=\"ez-toc-link ez-toc-heading-3\" href=\"https:\/\/saphirsmaragd.com\/sv\/produkt\/amethyst-rosa-auf-staender\/#_Besonderheiten\" >\u00a0Specialfunktioner<\/a><\/li><li class='ez-toc-page-1 ez-toc-heading-level-4'><a class=\"ez-toc-link ez-toc-heading-4\" href=\"https:\/\/saphirsmaragd.com\/sv\/produkt\/amethyst-rosa-auf-staender\/#_Mehr_uber_Amethyste_Heilsteine\" >\u00a0Mehr \u00fcber Amethyste &amp; Heilsteine<\/a><\/li><li class='ez-toc-page-1 ez-toc-heading-level-4'><a class=\"ez-toc-link ez-toc-heading-5\" href=\"https:\/\/saphirsmaragd.com\/sv\/produkt\/amethyst-rosa-auf-staender\/#Weitere_Infos\" >Mer information<\/a><\/li><\/ul><\/nav><\/div>\n<h4 data-start=\"142\" data-end=\"228\"><span class=\"ez-toc-section\" id=\"Amethyst_Rosa_auf_Stander_11_x_105_x_4_cm_%E2%80%93_A-Qualitat_Naturstein_aus_Brasilien\"><\/span><strong data-start=\"144\" data-end=\"228\">Amethyst Rosa auf St\u00e4nder 11 x 10.5 x 4 cm \u2013 A-Qualit\u00e4t Naturstein aus Brasilien<\/strong><span class=\"ez-toc-section-end\"><\/span><\/h4>\n<p data-start=\"230\" data-end=\"512\">Der Amethyst Rosa auf St\u00e4nder 11 x 10.5 x 4 cm ist ein wundersch\u00f6ner Heilstein in A-Qualit\u00e4t, der durch seine sanfte Farbe und harmonisierende Energie besticht. Er eignet sich ideal als Dekoration, f\u00fcr Meditation oder als unterst\u00fctzender Begleiter in Heil- und Therapier\u00e4umen.<\/p>\n<hr data-start=\"514\" data-end=\"517\" \/>\n<h4 data-start=\"519\" data-end=\"544\"><span class=\"ez-toc-section\" id=\"_Merkmale_Herkunft\"><\/span>\u00a0Egenskaper &amp; ursprung<span class=\"ez-toc-section-end\"><\/span><\/h4>\n<p data-start=\"546\" data-end=\"827\">Farbe: Rosa bis Hellviolett<br data-start=\"573\" data-end=\"576\" \/>Form: Polierte Freiform auf Metallst\u00e4nder<br data-start=\"617\" data-end=\"620\" \/>Herkunft: Brasilien<br data-start=\"639\" data-end=\"642\" \/>Gewicht: 573 g (inkl. St\u00e4nder)<br data-start=\"672\" data-end=\"675\" \/>Ma\u00dfe: 11 x 10.5 x 4 cm (Gesamth\u00f6he: ca. 18.5 cm)<br data-start=\"723\" data-end=\"726\" \/>Reinheit: Nat\u00fcrlich<br data-start=\"799\" data-end=\"802\" \/>Steinart: Amethyst Rosa<\/p>\n<hr data-start=\"829\" data-end=\"832\" \/>\n<h4 data-start=\"834\" data-end=\"854\"><span class=\"ez-toc-section\" id=\"_Besonderheiten\"><\/span>\u00a0Specialfunktioner<span class=\"ez-toc-section-end\"><\/span><\/h4>\n<p data-start=\"856\" data-end=\"1184\">Der Amethyst Rosa auf St\u00e4nder 11 x 10.5 x 4 cm verbindet Sch\u00f6nheit mit tiefer energetischer Wirkung. Durch seine sanfte Schwingung wirkt dieser Naturstein besonders beruhigend und ausgleichend auf das Herzchakra. Er f\u00f6rdert Liebe, Heilung und emotionale Balance und hilft, Blockaden zu l\u00f6sen und innere Harmonie zu finden.<\/p>\n<p data-start=\"1186\" data-end=\"1514\">Mit seiner friedlichen, liebevollen Energie unterst\u00fctzt er die emotionale Verarbeitung und Heilung, lindert innere Unruhe und bringt Gelassenheit. Besonders f\u00fcr sensible Menschen ist der rosa Amethyst geeignet, da er auf einer h\u00f6heren Schwingungsebene wirkt als der klassische violette Amethyst, jedoch sanfter und tr\u00f6stender.<\/p>\n<p data-start=\"1516\" data-end=\"1663\">Dieser Heilstein ist ideal f\u00fcr Meditationen, R\u00fcckzugsorte oder Praxisr\u00e4ume und schafft eine Atmosph\u00e4re von Frieden, Geborgenheit und Selbstliebe.<\/p>\n<hr data-start=\"1665\" data-end=\"1668\" \/>\n<h4 data-start=\"1670\" data-end=\"1708\"><span class=\"ez-toc-section\" id=\"_Mehr_uber_Amethyste_Heilsteine\"><\/span>\u00a0Mehr \u00fcber Amethyste &amp; Heilsteine<span class=\"ez-toc-section-end\"><\/span><\/h4>\n<p data-start=\"1710\" data-end=\"1886\">Erfahren Sie mehr \u00fcber die faszinierende Welt der Heilsteine &amp; Kristalle auf unserer Seite:<br data-start=\"1805\" data-end=\"1808\" \/><a class=\"decorated-link cursor-pointer\" href=\"\/sv\/edelsteine\/saphir-und-smaragd\/\" rel=\"noopener\" data-start=\"1811\" data-end=\"1886\">Heilsteine &amp; Kristalle | Saphir &amp; Smaragd<\/a><\/p>\n<hr data-start=\"1888\" data-end=\"1891\" \/>\n<h4 data-start=\"1893\" data-end=\"1912\"><span class=\"ez-toc-section\" id=\"Weitere_Infos\"><\/span>Mer information<span class=\"ez-toc-section-end\"><\/span><\/h4>\n<p data-start=\"1914\" data-end=\"1975\"><a class=\"decorated-link cursor-pointer\" href=\"https:\/\/de.wikipedia.org\/wiki\/Amethyst\" target=\"_new\" rel=\"noopener\" data-start=\"1914\" data-end=\"1975\">Wikipedia: Amethyst<\/a><\/p>","protected":false},"excerpt":{"rendered":"<p>Amethyst Rosa auf St\u00e4nder 11 x 10.5 x 4 cm \u2013 A-Qualit\u00e4t Naturstein aus Brasilien Der Amethyst Rosa auf St\u00e4nder 11 x 10.5 x 4 cm ist ein wundersch\u00f6ner Heilstein<\/p>","protected":false},"featured_media":2110,"comment_status":"open","ping_status":"closed","template":"","meta":{"_glsr_average":0,"_glsr_ranking":0,"_glsr_reviews":0},"product_brand":[],"product_cat":[84],"product_tag":[],"class_list":{"0":"post-2109","1":"product","2":"type-product","3":"status-publish","4":"has-post-thumbnail","6":"product_cat-rohsteine-kaufen","8":"first","9":"instock","10":"shipping-taxable","11":"purchasable","12":"product-type-simple","13":"add-to-wishlist-before_image"},"jetpack_sharing_enabled":true,"_links":{"self":[{"href":"https:\/\/saphirsmaragd.com\/sv\/wp-json\/wp\/v2\/product\/2109","targetHints":{"allow":["GET"]}}],"collection":[{"href":"https:\/\/saphirsmaragd.com\/sv\/wp-json\/wp\/v2\/product"}],"about":[{"href":"https:\/\/saphirsmaragd.com\/sv\/wp-json\/wp\/v2\/types\/product"}],"replies":[{"embeddable":true,"href":"https:\/\/saphirsmaragd.com\/sv\/wp-json\/wp\/v2\/comments?post=2109"}],"version-history":[{"count":1,"href":"https:\/\/saphirsmaragd.com\/sv\/wp-json\/wp\/v2\/product\/2109\/revisions"}],"predecessor-version":[{"id":2113,"href":"https:\/\/saphirsmaragd.com\/sv\/wp-json\/wp\/v2\/product\/2109\/revisions\/2113"}],"wp:featuredmedia":[{"embeddable":true,"href":"https:\/\/saphirsmaragd.com\/sv\/wp-json\/wp\/v2\/media\/2110"}],"wp:attachment":[{"href":"https:\/\/saphirsmaragd.com\/sv\/wp-json\/wp\/v2\/media?parent=2109"}],"wp:term":[{"taxonomy":"product_brand","embeddable":true,"href":"https:\/\/saphirsmaragd.com\/sv\/wp-json\/wp\/v2\/product_brand?post=2109"},{"taxonomy":"product_cat","embeddable":true,"href":"https:\/\/saphirsmaragd.com\/sv\/wp-json\/wp\/v2\/product_cat?post=2109"},{"taxonomy":"product_tag","embeddable":true,"href":"https:\/\/saphirsmaragd.com\/sv\/wp-json\/wp\/v2\/product_tag?post=2109"}],"curies":[{"name":"wp","href":"https:\/\/api.w.org\/{rel}","templated":true}]}}