{"id":2713,"date":"2025-10-12T13:18:15","date_gmt":"2025-10-12T13:18:15","guid":{"rendered":"https:\/\/saphirsmaragd.com\/?post_type=product&#038;p=2713"},"modified":"2025-12-29T19:00:06","modified_gmt":"2025-12-29T19:00:06","slug":"granat-0-41-karat-gruen-quadrat","status":"publish","type":"product","link":"https:\/\/saphirsmaragd.com\/sv\/produkt\/granat-0-41-karat-gruen-quadrat\/","title":{"rendered":"Granat 0,41 karat gr\u00f6n fyrkant \u2013 Tsavorit (Grossul\u00e4r), 4,10 \u00d7 4,10 mm fasetterad, \u00f6gonren med certifikat"},"content":{"rendered":"<div id=\"ez-toc-container\" class=\"ez-toc-v2_0_82_2 counter-hierarchy ez-toc-counter ez-toc-grey ez-toc-container-direction\">\n<div class=\"ez-toc-title-container\">\n<p class=\"ez-toc-title\" style=\"cursor:inherit\">Inneh\u00e5llsf\u00f6rteckning<\/p>\n<span class=\"ez-toc-title-toggle\"><a href=\"#\" class=\"ez-toc-pull-right ez-toc-btn ez-toc-btn-xs ez-toc-btn-default ez-toc-toggle\" aria-label=\"Toggle Table of Content\"><span class=\"ez-toc-js-icon-con\"><span class=\"\"><span class=\"eztoc-hide\" style=\"display:none;\">Toggle<\/span><span class=\"ez-toc-icon-toggle-span\"><svg style=\"fill: #999;color:#999\" xmlns=\"http:\/\/www.w3.org\/2000\/svg\" class=\"list-377408\" width=\"20px\" height=\"20px\" viewbox=\"0 0 24 24\" fill=\"none\"><path d=\"M6 6H4v2h2V6zm14 0H8v2h12V6zM4 11h2v2H4v-2zm16 0H8v2h12v-2zM4 16h2v2H4v-2zm16 0H8v2h12v-2z\" fill=\"currentColor\"><\/path><\/svg><svg style=\"fill: #999;color:#999\" class=\"arrow-unsorted-368013\" xmlns=\"http:\/\/www.w3.org\/2000\/svg\" width=\"10px\" height=\"10px\" viewbox=\"0 0 24 24\" version=\"1.2\" baseprofile=\"tiny\"><path d=\"M18.2 9.3l-6.2-6.3-6.2 6.3c-.2.2-.3.4-.3.7s.1.5.3.7c.2.2.4.3.7.3h11c.3 0 .5-.1.7-.3.2-.2.3-.5.3-.7s-.1-.5-.3-.7zM5.8 14.7l6.2 6.3 6.2-6.3c.2-.2.3-.5.3-.7s-.1-.5-.3-.7c-.2-.2-.4-.3-.7-.3h-11c-.3 0-.5.1-.7.3-.2.2-.3.5-.3.7s.1.5.3.7z\"\/><\/svg><\/span><\/span><\/span><\/a><\/span><\/div>\n<nav><ul class='ez-toc-list ez-toc-list-level-1' ><li class='ez-toc-page-1 ez-toc-heading-level-4'><a class=\"ez-toc-link ez-toc-heading-1\" href=\"https:\/\/saphirsmaragd.com\/sv\/produkt\/granat-0-41-karat-gruen-quadrat\/#Granat_041_Karat_Grun_Quadrat_%E2%80%93_Tsavorit_mit_leuchtender_Brillanz\" >Granat 0.41 Karat Gr\u00fcn Quadrat \u2013 Tsavorit mit leuchtender Brillanz<\/a><\/li><li class='ez-toc-page-1 ez-toc-heading-level-4'><a class=\"ez-toc-link ez-toc-heading-2\" href=\"https:\/\/saphirsmaragd.com\/sv\/produkt\/granat-0-41-karat-gruen-quadrat\/#Merkmale_Herkunft_%E2%80%93_Granat_041_Karat_Grun_Quadrat\" >Merkmale &amp; Herkunft \u2013 Granat 0.41 Karat Gr\u00fcn Quadrat<\/a><\/li><li class='ez-toc-page-1 ez-toc-heading-level-4'><a class=\"ez-toc-link ez-toc-heading-3\" href=\"https:\/\/saphirsmaragd.com\/sv\/produkt\/granat-0-41-karat-gruen-quadrat\/#Besonderheiten\" >Specialfunktioner<\/a><\/li><li class='ez-toc-page-1 ez-toc-heading-level-4'><a class=\"ez-toc-link ez-toc-heading-4\" href=\"https:\/\/saphirsmaragd.com\/sv\/produkt\/granat-0-41-karat-gruen-quadrat\/#Mehr_uber_unsere_Edelsteine\" >Mer om v\u00e5ra \u00e4delstenar<\/a><\/li><li class='ez-toc-page-1 ez-toc-heading-level-4'><a class=\"ez-toc-link ez-toc-heading-5\" href=\"https:\/\/saphirsmaragd.com\/sv\/produkt\/granat-0-41-karat-gruen-quadrat\/#Weitere_Infos\" >Mer information<\/a><\/li><\/ul><\/nav><\/div>\n<h4 data-start=\"602\" data-end=\"673\"><span class=\"ez-toc-section\" id=\"Granat_041_Karat_Grun_Quadrat_%E2%80%93_Tsavorit_mit_leuchtender_Brillanz\"><\/span>Granat 0.41 Karat Gr\u00fcn Quadrat \u2013 Tsavorit mit leuchtender Brillanz<span class=\"ez-toc-section-end\"><\/span><\/h4>\n<p data-start=\"674\" data-end=\"862\">Dieser Einzelstein zeigt intensives, frisches Gr\u00fcn und klares Funkeln. Granat 0.41 Karat Gr\u00fcn-Quadrat eignet sich perfekt f\u00fcr zarte Fassungen \u2013 nat\u00fcrlich, unbehandelt und zertifiziert.<\/p>\n<hr data-start=\"864\" data-end=\"867\" \/>\n<h4 data-start=\"869\" data-end=\"926\"><span class=\"ez-toc-section\" id=\"Merkmale_Herkunft_%E2%80%93_Granat_041_Karat_Grun_Quadrat\"><\/span>Merkmale &amp; Herkunft \u2013 Granat 0.41 Karat Gr\u00fcn Quadrat<span class=\"ez-toc-section-end\"><\/span><\/h4>\n<p data-start=\"927\" data-end=\"1237\">Steinart: Granat (Tsavorit \/ Grossular)<br data-start=\"966\" data-end=\"969\" \/>Farbe: Gr\u00fcn<br data-start=\"980\" data-end=\"983\" \/>Form: Quadrat facettiert (Princess)<br data-start=\"1018\" data-end=\"1021\" \/>Gr\u00f6\u00dfe: 4.10 \u00d7 4.10 mm<br data-start=\"1042\" data-end=\"1045\" \/>Gewicht: 0.41 Karat<br data-start=\"1064\" data-end=\"1067\" \/>Reinheit: Augenrein (Einschl\u00fcsse nur unter 10\u00d7 sichtbar)<br data-start=\"1123\" data-end=\"1126\" \/>Behandling: Obehandlad<br data-start=\"1149\" data-end=\"1152\" \/>H\u00e5rdhet: 6,5 p\u00e5 Mohs-skalan<br data-start=\"1181\" data-end=\"1184\" \/>Certifikat: Val\u00e9rie DURAFFOURG (Gem-A)<br data-start=\"1222\" data-end=\"1225\" \/>Skick: Nytt<\/p>\n<hr data-start=\"1239\" data-end=\"1242\" \/>\n<h4 data-start=\"1244\" data-end=\"1263\"><span class=\"ez-toc-section\" id=\"Besonderheiten\"><\/span>Specialfunktioner<span class=\"ez-toc-section-end\"><\/span><\/h4>\n<p data-start=\"1264\" data-end=\"1593\">Der Granat 0.41 Karat Gr\u00fcn-Quadrat kombiniert eine seltene quadratische Form mit strahlender Tsavorit-Farbe. Der pr\u00e4zise Princess-Schliff bringt lebendige Lichtreflexe, die best\u00e4tigte Augenreinheit sorgt f\u00fcr eine klare, hochwertige Optik. Unbehandelte, zertifizierte Qualit\u00e4t \u2013 ideal f\u00fcr Ringe, Anh\u00e4nger oder edle Ohrstecker.<\/p>\n<hr data-start=\"1926\" data-end=\"1929\" \/>\n<h4 data-start=\"1931\" data-end=\"1971\"><span class=\"ez-toc-section\" id=\"Mehr_uber_unsere_Edelsteine\"><\/span>Mer om v\u00e5ra \u00e4delstenar<span class=\"ez-toc-section-end\"><\/span><\/h4>\n<p data-start=\"1972\" data-end=\"2069\"><a href=\"https:\/\/saphirsmaragd.com\/sv\/product-category\/edelsteine-kaufen\/\">\u00e4delstenar<\/a><\/p>\n<hr data-start=\"2071\" data-end=\"2074\" \/>\n<h4 data-start=\"2076\" data-end=\"2096\"><span class=\"ez-toc-section\" id=\"Weitere_Infos\"><\/span>Mer information<span class=\"ez-toc-section-end\"><\/span><\/h4>\n<p data-start=\"2097\" data-end=\"2160\"><a class=\"decorated-link cursor-pointer\" href=\"https:\/\/de.wikipedia.org\/wiki\/Granat\" target=\"_new\" rel=\"noopener\" data-start=\"2097\" data-end=\"2160\">Wikipedia: Granat<\/a><\/p>","protected":false},"excerpt":{"rendered":"<p data-start=\"259\" data-end=\"461\"><em>Granat 0.41 Karat Gr\u00fcn Quadrat \u2013 Tsavorit (Grossular), 4.10 \u00d7 4.10 mm facettiert, augenrein, unbehandelt, mit Zertifikat. Leuchtendes Gr\u00fcn f\u00fcr feine Fassungen und Sammler.<\/em><\/p>\n<p data-start=\"463\" data-end=\"595\">\n<h3 data-start=\"660\" data-end=\"684\"><\/h3>\n<p data-start=\"575\" data-end=\"606\">","protected":false},"featured_media":2715,"comment_status":"open","ping_status":"closed","template":"","meta":{"_glsr_average":0,"_glsr_ranking":0,"_glsr_reviews":0},"product_brand":[],"product_cat":[111],"product_tag":[],"class_list":{"0":"post-2713","1":"product","2":"type-product","3":"status-publish","4":"has-post-thumbnail","6":"product_cat-granat-kaufen","7":"pa_edelsteinart-granat","8":"pa_farbe-gruen","9":"pa_form-quadrat","10":"pa_gewicht-karat-0-1-0-5-karat","11":"pa_reinheit-augenrein","12":"pa_veredelung-behandlung-unbehandelt","13":"pa_zertifikat-ja","14":"pa_zustand-neu","16":"first","17":"instock","18":"featured","19":"sold-individually","20":"shipping-taxable","21":"purchasable","22":"product-type-simple","23":"add-to-wishlist-before_image"},"jetpack_sharing_enabled":true,"_links":{"self":[{"href":"https:\/\/saphirsmaragd.com\/sv\/wp-json\/wp\/v2\/product\/2713","targetHints":{"allow":["GET"]}}],"collection":[{"href":"https:\/\/saphirsmaragd.com\/sv\/wp-json\/wp\/v2\/product"}],"about":[{"href":"https:\/\/saphirsmaragd.com\/sv\/wp-json\/wp\/v2\/types\/product"}],"replies":[{"embeddable":true,"href":"https:\/\/saphirsmaragd.com\/sv\/wp-json\/wp\/v2\/comments?post=2713"}],"version-history":[{"count":1,"href":"https:\/\/saphirsmaragd.com\/sv\/wp-json\/wp\/v2\/product\/2713\/revisions"}],"predecessor-version":[{"id":2717,"href":"https:\/\/saphirsmaragd.com\/sv\/wp-json\/wp\/v2\/product\/2713\/revisions\/2717"}],"wp:featuredmedia":[{"embeddable":true,"href":"https:\/\/saphirsmaragd.com\/sv\/wp-json\/wp\/v2\/media\/2715"}],"wp:attachment":[{"href":"https:\/\/saphirsmaragd.com\/sv\/wp-json\/wp\/v2\/media?parent=2713"}],"wp:term":[{"taxonomy":"product_brand","embeddable":true,"href":"https:\/\/saphirsmaragd.com\/sv\/wp-json\/wp\/v2\/product_brand?post=2713"},{"taxonomy":"product_cat","embeddable":true,"href":"https:\/\/saphirsmaragd.com\/sv\/wp-json\/wp\/v2\/product_cat?post=2713"},{"taxonomy":"product_tag","embeddable":true,"href":"https:\/\/saphirsmaragd.com\/sv\/wp-json\/wp\/v2\/product_tag?post=2713"}],"curies":[{"name":"wp","href":"https:\/\/api.w.org\/{rel}","templated":true}]}}