{"id":3143,"date":"2025-10-15T09:40:23","date_gmt":"2025-10-15T09:40:23","guid":{"rendered":"https:\/\/saphirsmaragd.com\/?post_type=product&#038;p=3143"},"modified":"2025-12-29T18:58:51","modified_gmt":"2025-12-29T18:58:51","slug":"spinell-0-26-karat-blau-rund","status":"publish","type":"product","link":"https:\/\/saphirsmaragd.com\/sv\/produkt\/spinell-0-26-karat-blau-rund\/","title":{"rendered":"Spinell 0.26 Karat Blau Rund Facettiert Edelstein"},"content":{"rendered":"<div id=\"ez-toc-container\" class=\"ez-toc-v2_0_82_2 counter-hierarchy ez-toc-counter ez-toc-grey ez-toc-container-direction\">\n<div class=\"ez-toc-title-container\">\n<p class=\"ez-toc-title\" style=\"cursor:inherit\">Inneh\u00e5llsf\u00f6rteckning<\/p>\n<span class=\"ez-toc-title-toggle\"><a href=\"#\" class=\"ez-toc-pull-right ez-toc-btn ez-toc-btn-xs ez-toc-btn-default ez-toc-toggle\" aria-label=\"Toggle Table of Content\"><span class=\"ez-toc-js-icon-con\"><span class=\"\"><span class=\"eztoc-hide\" style=\"display:none;\">Toggle<\/span><span class=\"ez-toc-icon-toggle-span\"><svg style=\"fill: #999;color:#999\" xmlns=\"http:\/\/www.w3.org\/2000\/svg\" class=\"list-377408\" width=\"20px\" height=\"20px\" viewbox=\"0 0 24 24\" fill=\"none\"><path d=\"M6 6H4v2h2V6zm14 0H8v2h12V6zM4 11h2v2H4v-2zm16 0H8v2h12v-2zM4 16h2v2H4v-2zm16 0H8v2h12v-2z\" fill=\"currentColor\"><\/path><\/svg><svg style=\"fill: #999;color:#999\" class=\"arrow-unsorted-368013\" xmlns=\"http:\/\/www.w3.org\/2000\/svg\" width=\"10px\" height=\"10px\" viewbox=\"0 0 24 24\" version=\"1.2\" baseprofile=\"tiny\"><path d=\"M18.2 9.3l-6.2-6.3-6.2 6.3c-.2.2-.3.4-.3.7s.1.5.3.7c.2.2.4.3.7.3h11c.3 0 .5-.1.7-.3.2-.2.3-.5.3-.7s-.1-.5-.3-.7zM5.8 14.7l6.2 6.3 6.2-6.3c.2-.2.3-.5.3-.7s-.1-.5-.3-.7c-.2-.2-.4-.3-.7-.3h-11c-.3 0-.5.1-.7.3-.2.2-.3.5-.3.7s.1.5.3.7z\"\/><\/svg><\/span><\/span><\/span><\/a><\/span><\/div>\n<nav><ul class='ez-toc-list ez-toc-list-level-1' ><li class='ez-toc-page-1 ez-toc-heading-level-4'><a class=\"ez-toc-link ez-toc-heading-1\" href=\"https:\/\/saphirsmaragd.com\/sv\/produkt\/spinell-0-26-karat-blau-rund\/#Spinell_026_Karat_Blau_Rund_%E2%80%93_naturlicher_Edelstein_mit_strahlender_Tiefe\" >Spinell 0.26 Karat Blau Rund \u2013 nat\u00fcrlicher Edelstein mit strahlender Tiefe<\/a><\/li><li class='ez-toc-page-1 ez-toc-heading-level-4'><a class=\"ez-toc-link ez-toc-heading-2\" href=\"https:\/\/saphirsmaragd.com\/sv\/produkt\/spinell-0-26-karat-blau-rund\/#Merkmale_Herkunft\" >Egenskaper &amp; ursprung<\/a><\/li><li class='ez-toc-page-1 ez-toc-heading-level-4'><a class=\"ez-toc-link ez-toc-heading-3\" href=\"https:\/\/saphirsmaragd.com\/sv\/produkt\/spinell-0-26-karat-blau-rund\/#Besonderheiten\" >Specialfunktioner<\/a><\/li><li class='ez-toc-page-1 ez-toc-heading-level-4'><a class=\"ez-toc-link ez-toc-heading-4\" href=\"https:\/\/saphirsmaragd.com\/sv\/produkt\/spinell-0-26-karat-blau-rund\/#Mehr_uber_unsere_Edelsteine\" >Mer om v\u00e5ra \u00e4delstenar<\/a><\/li><li class='ez-toc-page-1 ez-toc-heading-level-4'><a class=\"ez-toc-link ez-toc-heading-5\" href=\"https:\/\/saphirsmaragd.com\/sv\/produkt\/spinell-0-26-karat-blau-rund\/#Weitere_Infos\" >Mer information<\/a><\/li><\/ul><\/nav><\/div>\n<h4 data-start=\"722\" data-end=\"804\"><span class=\"ez-toc-section\" id=\"Spinell_026_Karat_Blau_Rund_%E2%80%93_naturlicher_Edelstein_mit_strahlender_Tiefe\"><\/span><strong data-start=\"726\" data-end=\"804\">Spinell 0.26 Karat Blau Rund \u2013 nat\u00fcrlicher Edelstein mit strahlender Tiefe<\/strong><span class=\"ez-toc-section-end\"><\/span><\/h4>\n<p data-start=\"806\" data-end=\"1045\">Dieser facettierte Rundschliff-Stein \u00fcberzeugt durch seine intensive blaue Farbe, hohe Reinheit und brillante Lichtreflexion. Der Spinell 0.26 Karat Blau-Rund eignet sich perfekt f\u00fcr individuelle Schmuckanfertigungen oder als Sammlerst\u00fcck.<\/p>\n<hr data-start=\"1047\" data-end=\"1050\" \/>\n<h4 data-start=\"1052\" data-end=\"1080\"><span class=\"ez-toc-section\" id=\"Merkmale_Herkunft\"><\/span><strong data-start=\"1057\" data-end=\"1080\">Egenskaper &amp; ursprung<\/strong><span class=\"ez-toc-section-end\"><\/span><\/h4>\n<p data-start=\"1082\" data-end=\"1250\">Steinart: Spinell<br data-start=\"195\" data-end=\"198\" data-is-only-node=\"\" \/>Farbe: Blau<br data-start=\"213\" data-end=\"216\" \/>Form: Rund facettiert<br data-start=\"241\" data-end=\"244\" \/>Gewicht: 0.26 Karat<br data-start=\"267\" data-end=\"270\" \/>Ma\u00dfe: \u00d8 3.60 mm<br data-start=\"289\" data-end=\"292\" \/>Dicke: 2.54 mm<br data-start=\"310\" data-end=\"313\" \/>H\u00e4rte: 8 (Mohs)<br data-start=\"332\" data-end=\"335\" \/>Reinheit: Lupenrein<br data-start=\"358\" data-end=\"361\" \/>Behandling: Obehandlad<br data-start=\"388\" data-end=\"391\" \/>Skick: Nytt<br data-start=\"407\" data-end=\"410\" \/>Zertifikat: Ja \u2013 Val\u00e9rie Duraffourg (Gem-A)<\/p>\n<hr data-start=\"1252\" data-end=\"1255\" \/>\n<h4 data-start=\"1257\" data-end=\"1280\"><span class=\"ez-toc-section\" id=\"Besonderheiten\"><\/span><strong data-start=\"1262\" data-end=\"1280\">Specialfunktioner<\/strong><span class=\"ez-toc-section-end\"><\/span><\/h4>\n<p data-start=\"1282\" data-end=\"1523\">Der Spinell 0.26 Karat Blau Rund zeigt ein tiefes Blau mit lebendigen Lichtreflexen. Durch den pr\u00e4zisen facettierten Rundschliff wirkt der Edelstein besonders brillant und klar. Seine H\u00e4rte macht ihn langlebig und ideal f\u00fcr Schmuckfassungen.<\/p>\n<hr data-start=\"1926\" data-end=\"1929\" \/>\n<h4 data-start=\"1931\" data-end=\"1971\"><span class=\"ez-toc-section\" id=\"Mehr_uber_unsere_Edelsteine\"><\/span>Mer om v\u00e5ra \u00e4delstenar<span class=\"ez-toc-section-end\"><\/span><\/h4>\n<p data-start=\"1972\" data-end=\"2069\"><a href=\"https:\/\/saphirsmaragd.com\/sv\/product-category\/edelsteine-kaufen\/\">\u00e4delstenar<\/a><\/p>\n<hr data-start=\"2071\" data-end=\"2074\" \/>\n<h4 data-start=\"2076\" data-end=\"2096\"><span class=\"ez-toc-section\" id=\"Weitere_Infos\"><\/span>Mer information<span class=\"ez-toc-section-end\"><\/span><\/h4>\n<p><a href=\"https:\/\/de.wikipedia.org\/wiki\/Spinell\" target=\"_blank\" rel=\"noopener\">Wikipedia: Spinell<\/a><\/p>","protected":false},"excerpt":{"rendered":"<p data-start=\"384\" data-end=\"530\"><em>Spinell 0.26 Karat Blau Rund \u2013 nat\u00fcrlicher, facettierter Edelstein mit intensiver Farbe und hoher Reinheit. Ideal f\u00fcr Schmuck oder Sammlungen.<\/em><\/p>\n<h3 data-start=\"660\" data-end=\"684\"><\/h3>\n<p data-start=\"575\" data-end=\"606\">","protected":false},"featured_media":3146,"comment_status":"open","ping_status":"closed","template":"","meta":{"_glsr_average":0,"_glsr_ranking":0,"_glsr_reviews":0},"product_brand":[],"product_cat":[290],"product_tag":[],"class_list":{"0":"post-3143","1":"product","2":"type-product","3":"status-publish","4":"has-post-thumbnail","6":"product_cat-spinell","7":"pa_edelsteinart-spinell","8":"pa_farbe-blau","9":"pa_form-rund","10":"pa_gewicht-karat-0-1-0-5-karat","11":"pa_reinheit-lupenrein","12":"pa_veredelung-behandlung-unbehandelt","13":"pa_zertifikat-ja","14":"pa_zustand-neu","16":"first","17":"instock","18":"featured","19":"sold-individually","20":"shipping-taxable","21":"purchasable","22":"product-type-simple","23":"add-to-wishlist-before_image"},"jetpack_sharing_enabled":true,"_links":{"self":[{"href":"https:\/\/saphirsmaragd.com\/sv\/wp-json\/wp\/v2\/product\/3143","targetHints":{"allow":["GET"]}}],"collection":[{"href":"https:\/\/saphirsmaragd.com\/sv\/wp-json\/wp\/v2\/product"}],"about":[{"href":"https:\/\/saphirsmaragd.com\/sv\/wp-json\/wp\/v2\/types\/product"}],"replies":[{"embeddable":true,"href":"https:\/\/saphirsmaragd.com\/sv\/wp-json\/wp\/v2\/comments?post=3143"}],"version-history":[{"count":1,"href":"https:\/\/saphirsmaragd.com\/sv\/wp-json\/wp\/v2\/product\/3143\/revisions"}],"predecessor-version":[{"id":3147,"href":"https:\/\/saphirsmaragd.com\/sv\/wp-json\/wp\/v2\/product\/3143\/revisions\/3147"}],"wp:featuredmedia":[{"embeddable":true,"href":"https:\/\/saphirsmaragd.com\/sv\/wp-json\/wp\/v2\/media\/3146"}],"wp:attachment":[{"href":"https:\/\/saphirsmaragd.com\/sv\/wp-json\/wp\/v2\/media?parent=3143"}],"wp:term":[{"taxonomy":"product_brand","embeddable":true,"href":"https:\/\/saphirsmaragd.com\/sv\/wp-json\/wp\/v2\/product_brand?post=3143"},{"taxonomy":"product_cat","embeddable":true,"href":"https:\/\/saphirsmaragd.com\/sv\/wp-json\/wp\/v2\/product_cat?post=3143"},{"taxonomy":"product_tag","embeddable":true,"href":"https:\/\/saphirsmaragd.com\/sv\/wp-json\/wp\/v2\/product_tag?post=3143"}],"curies":[{"name":"wp","href":"https:\/\/api.w.org\/{rel}","templated":true}]}}