{"id":3241,"date":"2025-10-15T12:31:35","date_gmt":"2025-10-15T12:31:35","guid":{"rendered":"https:\/\/saphirsmaragd.com\/?post_type=product&#038;p=3241"},"modified":"2025-12-29T18:57:11","modified_gmt":"2025-12-29T18:57:11","slug":"spinell-3-32-karat-violett-cushion","status":"publish","type":"product","link":"https:\/\/saphirsmaragd.com\/sv\/produkt\/spinell-3-32-karat-violett-cushion\/","title":{"rendered":"Spinell 3.32 Karat Violett Cushion \u2013 Unbehandelt &#038; Zertifiziert"},"content":{"rendered":"<div id=\"ez-toc-container\" class=\"ez-toc-v2_0_82_2 counter-hierarchy ez-toc-counter ez-toc-grey ez-toc-container-direction\">\n<div class=\"ez-toc-title-container\">\n<p class=\"ez-toc-title\" style=\"cursor:inherit\">Inneh\u00e5llsf\u00f6rteckning<\/p>\n<span class=\"ez-toc-title-toggle\"><a href=\"#\" class=\"ez-toc-pull-right ez-toc-btn ez-toc-btn-xs ez-toc-btn-default ez-toc-toggle\" aria-label=\"Toggle Table of Content\"><span class=\"ez-toc-js-icon-con\"><span class=\"\"><span class=\"eztoc-hide\" style=\"display:none;\">Toggle<\/span><span class=\"ez-toc-icon-toggle-span\"><svg style=\"fill: #999;color:#999\" xmlns=\"http:\/\/www.w3.org\/2000\/svg\" class=\"list-377408\" width=\"20px\" height=\"20px\" viewbox=\"0 0 24 24\" fill=\"none\"><path d=\"M6 6H4v2h2V6zm14 0H8v2h12V6zM4 11h2v2H4v-2zm16 0H8v2h12v-2zM4 16h2v2H4v-2zm16 0H8v2h12v-2z\" fill=\"currentColor\"><\/path><\/svg><svg style=\"fill: #999;color:#999\" class=\"arrow-unsorted-368013\" xmlns=\"http:\/\/www.w3.org\/2000\/svg\" width=\"10px\" height=\"10px\" viewbox=\"0 0 24 24\" version=\"1.2\" baseprofile=\"tiny\"><path d=\"M18.2 9.3l-6.2-6.3-6.2 6.3c-.2.2-.3.4-.3.7s.1.5.3.7c.2.2.4.3.7.3h11c.3 0 .5-.1.7-.3.2-.2.3-.5.3-.7s-.1-.5-.3-.7zM5.8 14.7l6.2 6.3 6.2-6.3c.2-.2.3-.5.3-.7s-.1-.5-.3-.7c-.2-.2-.4-.3-.7-.3h-11c-.3 0-.5.1-.7.3-.2.2-.3.5-.3.7s.1.5.3.7z\"\/><\/svg><\/span><\/span><\/span><\/a><\/span><\/div>\n<nav><ul class='ez-toc-list ez-toc-list-level-1' ><li class='ez-toc-page-1 ez-toc-heading-level-4'><a class=\"ez-toc-link ez-toc-heading-1\" href=\"https:\/\/saphirsmaragd.com\/sv\/produkt\/spinell-3-32-karat-violett-cushion\/#Spinell_332_Karat_Violett_Cushion_%E2%80%93_Unbehandelt_Zertifiziert\" >Spinell 3.32 Karat Violett Cushion \u2013 Unbehandelt &amp; Zertifiziert<\/a><\/li><li class='ez-toc-page-1 ez-toc-heading-level-4'><a class=\"ez-toc-link ez-toc-heading-2\" href=\"https:\/\/saphirsmaragd.com\/sv\/produkt\/spinell-3-32-karat-violett-cushion\/#Merkmale_Herkunft\" >Egenskaper &amp; ursprung<\/a><\/li><li class='ez-toc-page-1 ez-toc-heading-level-4'><a class=\"ez-toc-link ez-toc-heading-3\" href=\"https:\/\/saphirsmaragd.com\/sv\/produkt\/spinell-3-32-karat-violett-cushion\/#Besonderheiten\" >Specialfunktioner<\/a><\/li><li class='ez-toc-page-1 ez-toc-heading-level-4'><a class=\"ez-toc-link ez-toc-heading-4\" href=\"https:\/\/saphirsmaragd.com\/sv\/produkt\/spinell-3-32-karat-violett-cushion\/#Mehr_uber_unsere_Edelsteine\" >Mer om v\u00e5ra \u00e4delstenar<\/a><\/li><li class='ez-toc-page-1 ez-toc-heading-level-4'><a class=\"ez-toc-link ez-toc-heading-5\" href=\"https:\/\/saphirsmaragd.com\/sv\/produkt\/spinell-3-32-karat-violett-cushion\/#Weitere_Infos\" >Mer information<\/a><\/li><\/ul><\/nav><\/div>\n<h4 data-start=\"707\" data-end=\"784\"><span class=\"ez-toc-section\" id=\"Spinell_332_Karat_Violett_Cushion_%E2%80%93_Unbehandelt_Zertifiziert\"><\/span>Spinell 3.32 Karat Violett Cushion \u2013 Unbehandelt &amp; Zertifiziert<span class=\"ez-toc-section-end\"><\/span><\/h4>\n<p data-start=\"728\" data-end=\"911\">Ein beeindruckender violetter Spinell im modernen Cushion-Schliff, mit hoher Brillanz und au\u00dfergew\u00f6hnlicher Reinheit \u2013 ideal f\u00fcr ma\u00dfgeschneiderte Schmuckst\u00fccke oder exklusive Sammler.<\/p>\n<hr data-start=\"1311\" data-end=\"1314\" \/>\n<h4 data-start=\"1040\" data-end=\"1066\"><span class=\"ez-toc-section\" id=\"Merkmale_Herkunft\"><\/span>Egenskaper &amp; ursprung<span class=\"ez-toc-section-end\"><\/span><\/h4>\n<p data-start=\"1067\" data-end=\"1309\">Stein: Spinell<br data-start=\"962\" data-end=\"965\" \/>Farbe: Violett<br data-start=\"979\" data-end=\"982\" \/>Form: Cushion<br data-start=\"995\" data-end=\"998\" \/>Gewicht: 3.32 Karat<br data-start=\"1017\" data-end=\"1020\" \/>H\u00e4rte: 8 auf der Mohs-Skala<br data-start=\"1047\" data-end=\"1050\" \/>Reinheit: Lupenrein<br data-start=\"1069\" data-end=\"1072\" \/>Behandling: Obehandlad<br data-start=\"1095\" data-end=\"1098\" \/>Zertifikat: Ja (Val\u00e9rie Duraffourg, Gem-A)<br data-start=\"1140\" data-end=\"1143\" \/>Ma\u00dfe: 8.9 \u00d7 8.08 mm<br data-start=\"1190\" data-end=\"1193\" \/>Dicke: 6.28 mm<\/p>\n<hr data-start=\"1311\" data-end=\"1314\" \/>\n<h4 data-start=\"1316\" data-end=\"1337\"><span class=\"ez-toc-section\" id=\"Besonderheiten\"><\/span>Specialfunktioner<span class=\"ez-toc-section-end\"><\/span><\/h4>\n<p data-start=\"1239\" data-end=\"1497\">Der Spinell 3.32 Karat Violett-Cushion \u00fcberzeugt durch seine satte Farbe, hohe Klarheit und exzellente Lichtreflexion. Edelsteine in dieser Gr\u00f6\u00dfe und Qualit\u00e4t sind selten und besonders gefragt f\u00fcr repr\u00e4sentative Schmuckdesigns und hochwertige Sammlungen.<\/p>\n<hr data-start=\"1926\" data-end=\"1929\" \/>\n<h4 data-start=\"1931\" data-end=\"1971\"><span class=\"ez-toc-section\" id=\"Mehr_uber_unsere_Edelsteine\"><\/span>Mer om v\u00e5ra \u00e4delstenar<span class=\"ez-toc-section-end\"><\/span><\/h4>\n<p data-start=\"1972\" data-end=\"2069\"><a href=\"https:\/\/saphirsmaragd.com\/sv\/product-category\/edelsteine-kaufen\/\">\u00e4delstenar<\/a><\/p>\n<hr data-start=\"2071\" data-end=\"2074\" \/>\n<h4 data-start=\"2076\" data-end=\"2096\"><span class=\"ez-toc-section\" id=\"Weitere_Infos\"><\/span>Mer information<span class=\"ez-toc-section-end\"><\/span><\/h4>\n<p><a href=\"https:\/\/de.wikipedia.org\/wiki\/Spinell\" target=\"_blank\" rel=\"noopener\">Wikipedia: Spinell<\/a><\/p>","protected":false},"excerpt":{"rendered":"<p data-start=\"365\" data-end=\"516\"><em>Spinell 3.32 Karat Violett Cushion \u2013 nat\u00fcrlicher, unbehandelter Edelstein mit Zertifikat, intensiver Farbe und perfektem Schliff f\u00fcr edlen Schmuck.<\/em><\/p>\n<p data-start=\"518\" data-end=\"544\">\n<h3 data-start=\"660\" data-end=\"684\"><\/h3>\n<p data-start=\"575\" data-end=\"606\">","protected":false},"featured_media":3245,"comment_status":"open","ping_status":"closed","template":"","meta":{"_glsr_average":0,"_glsr_ranking":0,"_glsr_reviews":0},"product_brand":[],"product_cat":[290],"product_tag":[],"class_list":{"0":"post-3241","1":"product","2":"type-product","3":"status-publish","4":"has-post-thumbnail","6":"product_cat-spinell","7":"pa_edelsteinart-spinell","8":"pa_farbe-violett","9":"pa_form-cushion","10":"pa_gewicht-karat-3-0-5-0-karat","11":"pa_reinheit-lupenrein","12":"pa_veredelung-behandlung-unbehandelt","13":"pa_zertifikat-ja","14":"pa_zustand-neu","16":"first","17":"instock","18":"featured","19":"sold-individually","20":"shipping-taxable","21":"purchasable","22":"product-type-simple","23":"add-to-wishlist-before_image"},"jetpack_sharing_enabled":true,"_links":{"self":[{"href":"https:\/\/saphirsmaragd.com\/sv\/wp-json\/wp\/v2\/product\/3241","targetHints":{"allow":["GET"]}}],"collection":[{"href":"https:\/\/saphirsmaragd.com\/sv\/wp-json\/wp\/v2\/product"}],"about":[{"href":"https:\/\/saphirsmaragd.com\/sv\/wp-json\/wp\/v2\/types\/product"}],"replies":[{"embeddable":true,"href":"https:\/\/saphirsmaragd.com\/sv\/wp-json\/wp\/v2\/comments?post=3241"}],"version-history":[{"count":1,"href":"https:\/\/saphirsmaragd.com\/sv\/wp-json\/wp\/v2\/product\/3241\/revisions"}],"predecessor-version":[{"id":3246,"href":"https:\/\/saphirsmaragd.com\/sv\/wp-json\/wp\/v2\/product\/3241\/revisions\/3246"}],"wp:featuredmedia":[{"embeddable":true,"href":"https:\/\/saphirsmaragd.com\/sv\/wp-json\/wp\/v2\/media\/3245"}],"wp:attachment":[{"href":"https:\/\/saphirsmaragd.com\/sv\/wp-json\/wp\/v2\/media?parent=3241"}],"wp:term":[{"taxonomy":"product_brand","embeddable":true,"href":"https:\/\/saphirsmaragd.com\/sv\/wp-json\/wp\/v2\/product_brand?post=3241"},{"taxonomy":"product_cat","embeddable":true,"href":"https:\/\/saphirsmaragd.com\/sv\/wp-json\/wp\/v2\/product_cat?post=3241"},{"taxonomy":"product_tag","embeddable":true,"href":"https:\/\/saphirsmaragd.com\/sv\/wp-json\/wp\/v2\/product_tag?post=3241"}],"curies":[{"name":"wp","href":"https:\/\/api.w.org\/{rel}","templated":true}]}}