{"id":3262,"date":"2025-10-15T12:51:30","date_gmt":"2025-10-15T12:51:30","guid":{"rendered":"https:\/\/saphirsmaragd.com\/?post_type=product&#038;p=3262"},"modified":"2025-12-29T18:57:01","modified_gmt":"2025-12-29T18:57:01","slug":"spinell-0-69-karat-rot-rund","status":"publish","type":"product","link":"https:\/\/saphirsmaragd.com\/sv\/produkt\/spinell-0-69-karat-rot-rund\/","title":{"rendered":"Spinell 0.69 Karat Rot Rund \u2013 Brillanter Edelstein mit Zertifikat"},"content":{"rendered":"<div id=\"ez-toc-container\" class=\"ez-toc-v2_0_82_2 counter-hierarchy ez-toc-counter ez-toc-grey ez-toc-container-direction\">\n<div class=\"ez-toc-title-container\">\n<p class=\"ez-toc-title\" style=\"cursor:inherit\">Inneh\u00e5llsf\u00f6rteckning<\/p>\n<span class=\"ez-toc-title-toggle\"><a href=\"#\" class=\"ez-toc-pull-right ez-toc-btn ez-toc-btn-xs ez-toc-btn-default ez-toc-toggle\" aria-label=\"Toggle Table of Content\"><span class=\"ez-toc-js-icon-con\"><span class=\"\"><span class=\"eztoc-hide\" style=\"display:none;\">Toggle<\/span><span class=\"ez-toc-icon-toggle-span\"><svg style=\"fill: #999;color:#999\" xmlns=\"http:\/\/www.w3.org\/2000\/svg\" class=\"list-377408\" width=\"20px\" height=\"20px\" viewbox=\"0 0 24 24\" fill=\"none\"><path d=\"M6 6H4v2h2V6zm14 0H8v2h12V6zM4 11h2v2H4v-2zm16 0H8v2h12v-2zM4 16h2v2H4v-2zm16 0H8v2h12v-2z\" fill=\"currentColor\"><\/path><\/svg><svg style=\"fill: #999;color:#999\" class=\"arrow-unsorted-368013\" xmlns=\"http:\/\/www.w3.org\/2000\/svg\" width=\"10px\" height=\"10px\" viewbox=\"0 0 24 24\" version=\"1.2\" baseprofile=\"tiny\"><path d=\"M18.2 9.3l-6.2-6.3-6.2 6.3c-.2.2-.3.4-.3.7s.1.5.3.7c.2.2.4.3.7.3h11c.3 0 .5-.1.7-.3.2-.2.3-.5.3-.7s-.1-.5-.3-.7zM5.8 14.7l6.2 6.3 6.2-6.3c.2-.2.3-.5.3-.7s-.1-.5-.3-.7c-.2-.2-.4-.3-.7-.3h-11c-.3 0-.5.1-.7.3-.2.2-.3.5-.3.7s.1.5.3.7z\"\/><\/svg><\/span><\/span><\/span><\/a><\/span><\/div>\n<nav><ul class='ez-toc-list ez-toc-list-level-1' ><li class='ez-toc-page-1 ez-toc-heading-level-4'><a class=\"ez-toc-link ez-toc-heading-1\" href=\"https:\/\/saphirsmaragd.com\/sv\/produkt\/spinell-0-69-karat-rot-rund\/#Spinell_069_Karat_Rot_Rund_%E2%80%93_naturlicher_Edelstein_mit_intensiver_Farbe\" >Spinell 0.69 Karat Rot Rund \u2013 nat\u00fcrlicher Edelstein mit intensiver Farbe<\/a><\/li><li class='ez-toc-page-1 ez-toc-heading-level-4'><a class=\"ez-toc-link ez-toc-heading-2\" href=\"https:\/\/saphirsmaragd.com\/sv\/produkt\/spinell-0-69-karat-rot-rund\/#Merkmale_Herkunft\" >Egenskaper &amp; ursprung<\/a><\/li><li class='ez-toc-page-1 ez-toc-heading-level-4'><a class=\"ez-toc-link ez-toc-heading-3\" href=\"https:\/\/saphirsmaragd.com\/sv\/produkt\/spinell-0-69-karat-rot-rund\/#Besonderheiten\" >Specialfunktioner<\/a><\/li><li class='ez-toc-page-1 ez-toc-heading-level-4'><a class=\"ez-toc-link ez-toc-heading-4\" href=\"https:\/\/saphirsmaragd.com\/sv\/produkt\/spinell-0-69-karat-rot-rund\/#Mehr_uber_unsere_Edelsteine\" >Mer om v\u00e5ra \u00e4delstenar<\/a><\/li><li class='ez-toc-page-1 ez-toc-heading-level-4'><a class=\"ez-toc-link ez-toc-heading-5\" href=\"https:\/\/saphirsmaragd.com\/sv\/produkt\/spinell-0-69-karat-rot-rund\/#Weitere_Infos\" >Mer information<\/a><\/li><\/ul><\/nav><\/div>\n<h4 data-start=\"652\" data-end=\"719\"><span class=\"ez-toc-section\" id=\"Spinell_069_Karat_Rot_Rund_%E2%80%93_naturlicher_Edelstein_mit_intensiver_Farbe\"><\/span><strong data-start=\"668\" data-end=\"744\">Spinell 0.69 Karat Rot Rund \u2013 nat\u00fcrlicher Edelstein mit intensiver Farbe<\/strong><span class=\"ez-toc-section-end\"><\/span><\/h4>\n<p data-start=\"652\" data-end=\"719\">Dieser hochwertige rote Spinell zeichnet sich durch seinen brillanten Rundschliff, seine nat\u00fcrliche Herkunft und seine leuchtende Farbintensit\u00e4t aus. Mit 0.69 Karat ist er ideal f\u00fcr Schmuckanfertigungen oder Sammlungen geeignet.<\/p>\n<hr data-start=\"1195\" data-end=\"1198\" \/>\n<h4 data-start=\"1200\" data-end=\"1227\"><span class=\"ez-toc-section\" id=\"Merkmale_Herkunft\"><\/span>Egenskaper &amp; ursprung<span class=\"ez-toc-section-end\"><\/span><\/h4>\n<p data-start=\"1229\" data-end=\"1451\">Steinart: Spinell<br data-start=\"1029\" data-end=\"1032\" \/>Farbe: Rot<br data-start=\"1042\" data-end=\"1045\" \/>Form: Rund<br data-start=\"1055\" data-end=\"1058\" \/>Gewicht: 0.69 Karat<br data-start=\"1077\" data-end=\"1080\" \/>Ma\u00dfe: 5 mm<br data-start=\"1090\" data-end=\"1093\" \/>H\u00e4rte: 8 auf der Mohs-Skala<br data-start=\"1120\" data-end=\"1123\" \/>Behandling: Obehandlad<br data-start=\"1154\" data-end=\"1157\" \/>Reinheit: Kleine Einschl\u00fcsse<br data-start=\"1185\" data-end=\"1188\" \/>Zertifikat: Val\u00e9rie DURARFFOURG (Gem-A)<\/p>\n<hr data-start=\"1453\" data-end=\"1456\" \/>\n<h4 data-start=\"1458\" data-end=\"1480\"><span class=\"ez-toc-section\" id=\"Besonderheiten\"><\/span>Specialfunktioner<span class=\"ez-toc-section-end\"><\/span><\/h4>\n<p data-start=\"1259\" data-end=\"1548\">Dieser Spinell 0.69 Karat Rot-Rund besticht durch seinen brillanten Facettenschliff und die nat\u00fcrliche, unbehandelte Farbe. Die Lichtreflexion sorgt f\u00fcr eine intensive Strahlkraft, die ihn besonders wertvoll macht. Kleine Einschl\u00fcsse unter 10-facher Vergr\u00f6\u00dferung best\u00e4tigen seine Echtheit.<\/p>\n<hr data-start=\"1926\" data-end=\"1929\" \/>\n<h4 data-start=\"1931\" data-end=\"1971\"><span class=\"ez-toc-section\" id=\"Mehr_uber_unsere_Edelsteine\"><\/span>Mer om v\u00e5ra \u00e4delstenar<span class=\"ez-toc-section-end\"><\/span><\/h4>\n<p data-start=\"1972\" data-end=\"2069\"><a href=\"https:\/\/saphirsmaragd.com\/sv\/product-category\/edelsteine-kaufen\/\">\u00e4delstenar<\/a><\/p>\n<hr data-start=\"2071\" data-end=\"2074\" \/>\n<h4 data-start=\"2076\" data-end=\"2096\"><span class=\"ez-toc-section\" id=\"Weitere_Infos\"><\/span>Mer information<span class=\"ez-toc-section-end\"><\/span><\/h4>\n<p><a href=\"https:\/\/de.wikipedia.org\/wiki\/Spinell\" target=\"_blank\" rel=\"noopener\">Wikipedia: Spinell<\/a><\/p>","protected":false},"excerpt":{"rendered":"<p data-start=\"350\" data-end=\"476\"><em>Spinell 0.69 Karat Rot Rund \u2013 nat\u00fcrlicher Edelstein mit Zertifikat, unbehandelt und mit brillanter Farbe. Jetzt entdecken.<\/em><\/p>\n<p data-start=\"478\" data-end=\"514\">\n<h3 data-start=\"660\" data-end=\"684\"><\/h3>\n<p data-start=\"575\" data-end=\"606\">","protected":false},"featured_media":3265,"comment_status":"open","ping_status":"closed","template":"","meta":{"_glsr_average":0,"_glsr_ranking":0,"_glsr_reviews":0},"product_brand":[],"product_cat":[290],"product_tag":[],"class_list":{"0":"post-3262","1":"product","2":"type-product","3":"status-publish","4":"has-post-thumbnail","6":"product_cat-spinell","7":"pa_edelsteinart-spinell","8":"pa_farbe-rot","9":"pa_form-rund","10":"pa_gewicht-karat-0-5-1-0-karat","11":"pa_reinheit-kleine-einschluesse","12":"pa_veredelung-behandlung-unbehandelt","13":"pa_zertifikat-ja","14":"pa_zustand-neu","16":"first","17":"instock","18":"featured","19":"sold-individually","20":"shipping-taxable","21":"purchasable","22":"product-type-simple","23":"add-to-wishlist-before_image"},"jetpack_sharing_enabled":true,"_links":{"self":[{"href":"https:\/\/saphirsmaragd.com\/sv\/wp-json\/wp\/v2\/product\/3262","targetHints":{"allow":["GET"]}}],"collection":[{"href":"https:\/\/saphirsmaragd.com\/sv\/wp-json\/wp\/v2\/product"}],"about":[{"href":"https:\/\/saphirsmaragd.com\/sv\/wp-json\/wp\/v2\/types\/product"}],"replies":[{"embeddable":true,"href":"https:\/\/saphirsmaragd.com\/sv\/wp-json\/wp\/v2\/comments?post=3262"}],"version-history":[{"count":1,"href":"https:\/\/saphirsmaragd.com\/sv\/wp-json\/wp\/v2\/product\/3262\/revisions"}],"predecessor-version":[{"id":3266,"href":"https:\/\/saphirsmaragd.com\/sv\/wp-json\/wp\/v2\/product\/3262\/revisions\/3266"}],"wp:featuredmedia":[{"embeddable":true,"href":"https:\/\/saphirsmaragd.com\/sv\/wp-json\/wp\/v2\/media\/3265"}],"wp:attachment":[{"href":"https:\/\/saphirsmaragd.com\/sv\/wp-json\/wp\/v2\/media?parent=3262"}],"wp:term":[{"taxonomy":"product_brand","embeddable":true,"href":"https:\/\/saphirsmaragd.com\/sv\/wp-json\/wp\/v2\/product_brand?post=3262"},{"taxonomy":"product_cat","embeddable":true,"href":"https:\/\/saphirsmaragd.com\/sv\/wp-json\/wp\/v2\/product_cat?post=3262"},{"taxonomy":"product_tag","embeddable":true,"href":"https:\/\/saphirsmaragd.com\/sv\/wp-json\/wp\/v2\/product_tag?post=3262"}],"curies":[{"name":"wp","href":"https:\/\/api.w.org\/{rel}","templated":true}]}}