{"id":3272,"date":"2025-10-15T13:01:06","date_gmt":"2025-10-15T13:01:06","guid":{"rendered":"https:\/\/saphirsmaragd.com\/?post_type=product&#038;p=3272"},"modified":"2025-12-29T18:56:57","modified_gmt":"2025-12-29T18:56:57","slug":"spinell-0-95-karat-violett-herz","status":"publish","type":"product","link":"https:\/\/saphirsmaragd.com\/sv\/produkt\/spinell-0-95-karat-violett-herz\/","title":{"rendered":"Spinell 0.95 Karat Violett Herz facettiert Edelstein"},"content":{"rendered":"<div id=\"ez-toc-container\" class=\"ez-toc-v2_0_82_2 counter-hierarchy ez-toc-counter ez-toc-grey ez-toc-container-direction\">\n<div class=\"ez-toc-title-container\">\n<p class=\"ez-toc-title\" style=\"cursor:inherit\">Inneh\u00e5llsf\u00f6rteckning<\/p>\n<span class=\"ez-toc-title-toggle\"><a href=\"#\" class=\"ez-toc-pull-right ez-toc-btn ez-toc-btn-xs ez-toc-btn-default ez-toc-toggle\" aria-label=\"Toggle Table of Content\"><span class=\"ez-toc-js-icon-con\"><span class=\"\"><span class=\"eztoc-hide\" style=\"display:none;\">Toggle<\/span><span class=\"ez-toc-icon-toggle-span\"><svg style=\"fill: #999;color:#999\" xmlns=\"http:\/\/www.w3.org\/2000\/svg\" class=\"list-377408\" width=\"20px\" height=\"20px\" viewbox=\"0 0 24 24\" fill=\"none\"><path d=\"M6 6H4v2h2V6zm14 0H8v2h12V6zM4 11h2v2H4v-2zm16 0H8v2h12v-2zM4 16h2v2H4v-2zm16 0H8v2h12v-2z\" fill=\"currentColor\"><\/path><\/svg><svg style=\"fill: #999;color:#999\" class=\"arrow-unsorted-368013\" xmlns=\"http:\/\/www.w3.org\/2000\/svg\" width=\"10px\" height=\"10px\" viewbox=\"0 0 24 24\" version=\"1.2\" baseprofile=\"tiny\"><path d=\"M18.2 9.3l-6.2-6.3-6.2 6.3c-.2.2-.3.4-.3.7s.1.5.3.7c.2.2.4.3.7.3h11c.3 0 .5-.1.7-.3.2-.2.3-.5.3-.7s-.1-.5-.3-.7zM5.8 14.7l6.2 6.3 6.2-6.3c.2-.2.3-.5.3-.7s-.1-.5-.3-.7c-.2-.2-.4-.3-.7-.3h-11c-.3 0-.5.1-.7.3-.2.2-.3.5-.3.7s.1.5.3.7z\"\/><\/svg><\/span><\/span><\/span><\/a><\/span><\/div>\n<nav><ul class='ez-toc-list ez-toc-list-level-1' ><li class='ez-toc-page-1 ez-toc-heading-level-4'><a class=\"ez-toc-link ez-toc-heading-1\" href=\"https:\/\/saphirsmaragd.com\/sv\/produkt\/spinell-0-95-karat-violett-herz\/#Spinell_095_Karat_Violett_Herz_%E2%80%93_exklusiver_Edelstein_mit_Zertifikat\" >Spinell 0.95 Karat Violett Herz \u2013 exklusiver Edelstein mit Zertifikat<\/a><\/li><li class='ez-toc-page-1 ez-toc-heading-level-4'><a class=\"ez-toc-link ez-toc-heading-2\" href=\"https:\/\/saphirsmaragd.com\/sv\/produkt\/spinell-0-95-karat-violett-herz\/#Merkmale_Herkunft\" >Egenskaper &amp; ursprung<\/a><\/li><li class='ez-toc-page-1 ez-toc-heading-level-4'><a class=\"ez-toc-link ez-toc-heading-3\" href=\"https:\/\/saphirsmaragd.com\/sv\/produkt\/spinell-0-95-karat-violett-herz\/#Besonderheiten\" >Specialfunktioner<\/a><\/li><li class='ez-toc-page-1 ez-toc-heading-level-4'><a class=\"ez-toc-link ez-toc-heading-4\" href=\"https:\/\/saphirsmaragd.com\/sv\/produkt\/spinell-0-95-karat-violett-herz\/#Mehr_uber_unsere_Edelsteine\" >Mer om v\u00e5ra \u00e4delstenar<\/a><\/li><li class='ez-toc-page-1 ez-toc-heading-level-4'><a class=\"ez-toc-link ez-toc-heading-5\" href=\"https:\/\/saphirsmaragd.com\/sv\/produkt\/spinell-0-95-karat-violett-herz\/#Weitere_Infos\" >Mer information<\/a><\/li><\/ul><\/nav><\/div>\n<h4 data-start=\"794\" data-end=\"870\"><span class=\"ez-toc-section\" id=\"Spinell_095_Karat_Violett_Herz_%E2%80%93_exklusiver_Edelstein_mit_Zertifikat\"><\/span>Spinell 0.95 Karat Violett Herz \u2013 exklusiver Edelstein mit Zertifikat<span class=\"ez-toc-section-end\"><\/span><\/h4>\n<p data-start=\"871\" data-end=\"1104\">Der Spinell 0.95 Karat Violett Herz vereint eine elegante Farbgebung mit au\u00dfergew\u00f6hnlicher Reinheit und einem seltenen Herzschliff. Dieser facettierte Naturstein eignet sich ideal f\u00fcr hochwertige Schmuckanfertigungen oder Sammlungen.<\/p>\n<hr data-start=\"1195\" data-end=\"1198\" \/>\n<h4 data-start=\"1200\" data-end=\"1227\"><span class=\"ez-toc-section\" id=\"Merkmale_Herkunft\"><\/span>Egenskaper &amp; ursprung<span class=\"ez-toc-section-end\"><\/span><\/h4>\n<p data-start=\"1229\" data-end=\"1451\">Stein: Spinell<br data-start=\"846\" data-end=\"849\" \/>Farbe: Violett\/Grau<br data-start=\"1160\" data-end=\"1163\" \/>Form: Herz<br data-start=\"1173\" data-end=\"1176\" \/>Gewicht: 0.95 Karat<br data-start=\"1195\" data-end=\"1198\" \/>Ma\u00dfe: 6.5 \u00d7 5.7 mm<br data-start=\"1216\" data-end=\"1219\" \/>H\u00e4rte: 8 auf der Mohs-Skala<br data-start=\"1246\" data-end=\"1249\" \/>Reinheit: Augenrein<br data-start=\"1268\" data-end=\"1271\" \/>Behandling: Obehandlad<br data-start=\"1294\" data-end=\"1297\" \/>Zertifikat: Val\u00e9rie Duraffourg (Gem-A, London)<\/p>\n<hr data-start=\"1453\" data-end=\"1456\" \/>\n<h4 data-start=\"1458\" data-end=\"1480\"><span class=\"ez-toc-section\" id=\"Besonderheiten\"><\/span>Specialfunktioner<span class=\"ez-toc-section-end\"><\/span><\/h4>\n<p data-start=\"1256\" data-end=\"1425\">Durch seinen besonderen Herzschliff besitzt der Spinell 0.95 Karat-Violett Herz eine ausdrucksstarke und emotionale Wirkung. Die nat\u00fcrliche violett-graue Farbe sorgt f\u00fcr ein dezentes, elegantes Funkeln, das durch die augenreine Qualit\u00e4t betont wird.<\/p>\n<hr data-start=\"1926\" data-end=\"1929\" \/>\n<h4 data-start=\"1931\" data-end=\"1971\"><span class=\"ez-toc-section\" id=\"Mehr_uber_unsere_Edelsteine\"><\/span>Mer om v\u00e5ra \u00e4delstenar<span class=\"ez-toc-section-end\"><\/span><\/h4>\n<p data-start=\"1972\" data-end=\"2069\"><a href=\"https:\/\/saphirsmaragd.com\/sv\/product-category\/edelsteine-kaufen\/\">\u00e4delstenar<\/a><\/p>\n<hr data-start=\"2071\" data-end=\"2074\" \/>\n<h4 data-start=\"2076\" data-end=\"2096\"><span class=\"ez-toc-section\" id=\"Weitere_Infos\"><\/span>Mer information<span class=\"ez-toc-section-end\"><\/span><\/h4>\n<p><a href=\"https:\/\/de.wikipedia.org\/wiki\/Spinell\" target=\"_blank\" rel=\"noopener\">Wikipedia: Spinell<\/a><\/p>","protected":false},"excerpt":{"rendered":"<p data-start=\"465\" data-end=\"595\"><em>Spinell 0.95 Karat Violett Herz \u2013 nat\u00fcrlicher Edelstein, augenrein, unbehandelt und mit Zertifikat von Val\u00e9rie Duraffourg (Gem-A).<\/em><\/p>\n<p data-start=\"597\" data-end=\"641\">\n<h3 data-start=\"660\" data-end=\"684\"><\/h3>\n<p data-start=\"575\" data-end=\"606\">","protected":false},"featured_media":3275,"comment_status":"open","ping_status":"closed","template":"","meta":{"_glsr_average":0,"_glsr_ranking":0,"_glsr_reviews":0},"product_brand":[],"product_cat":[290],"product_tag":[],"class_list":{"0":"post-3272","1":"product","2":"type-product","3":"status-publish","4":"has-post-thumbnail","6":"product_cat-spinell","7":"pa_edelsteinart-spinell","8":"pa_farbe-grau","9":"pa_farbe-violett","10":"pa_form-herz","11":"pa_gewicht-karat-0-5-1-0-karat","12":"pa_reinheit-augenrein","13":"pa_veredelung-behandlung-unbehandelt","14":"pa_zertifikat-ja","15":"pa_zustand-neu","17":"first","18":"instock","19":"featured","20":"sold-individually","21":"shipping-taxable","22":"purchasable","23":"product-type-simple","24":"add-to-wishlist-before_image"},"jetpack_sharing_enabled":true,"_links":{"self":[{"href":"https:\/\/saphirsmaragd.com\/sv\/wp-json\/wp\/v2\/product\/3272","targetHints":{"allow":["GET"]}}],"collection":[{"href":"https:\/\/saphirsmaragd.com\/sv\/wp-json\/wp\/v2\/product"}],"about":[{"href":"https:\/\/saphirsmaragd.com\/sv\/wp-json\/wp\/v2\/types\/product"}],"replies":[{"embeddable":true,"href":"https:\/\/saphirsmaragd.com\/sv\/wp-json\/wp\/v2\/comments?post=3272"}],"version-history":[{"count":1,"href":"https:\/\/saphirsmaragd.com\/sv\/wp-json\/wp\/v2\/product\/3272\/revisions"}],"predecessor-version":[{"id":3276,"href":"https:\/\/saphirsmaragd.com\/sv\/wp-json\/wp\/v2\/product\/3272\/revisions\/3276"}],"wp:featuredmedia":[{"embeddable":true,"href":"https:\/\/saphirsmaragd.com\/sv\/wp-json\/wp\/v2\/media\/3275"}],"wp:attachment":[{"href":"https:\/\/saphirsmaragd.com\/sv\/wp-json\/wp\/v2\/media?parent=3272"}],"wp:term":[{"taxonomy":"product_brand","embeddable":true,"href":"https:\/\/saphirsmaragd.com\/sv\/wp-json\/wp\/v2\/product_brand?post=3272"},{"taxonomy":"product_cat","embeddable":true,"href":"https:\/\/saphirsmaragd.com\/sv\/wp-json\/wp\/v2\/product_cat?post=3272"},{"taxonomy":"product_tag","embeddable":true,"href":"https:\/\/saphirsmaragd.com\/sv\/wp-json\/wp\/v2\/product_tag?post=3272"}],"curies":[{"name":"wp","href":"https:\/\/api.w.org\/{rel}","templated":true}]}}