{"id":4374,"date":"2025-11-02T15:10:58","date_gmt":"2025-11-02T15:10:58","guid":{"rendered":"https:\/\/saphirsmaragd.com\/?post_type=product&#038;p=4374"},"modified":"2025-12-29T18:49:56","modified_gmt":"2025-12-29T18:49:56","slug":"topas-imperial-0-81-karat-orange-gelb-oval","status":"publish","type":"product","link":"https:\/\/saphirsmaragd.com\/sv\/produkt\/topas-imperial-0-81-karat-orange-gelb-oval\/","title":{"rendered":"Topas Imperial 0.81 Karat Orange-Gelb Oval \u2013 nat\u00fcrlicher brasilianischer Edelstein mit Zertifikat"},"content":{"rendered":"<div id=\"ez-toc-container\" class=\"ez-toc-v2_0_82_2 counter-hierarchy ez-toc-counter ez-toc-grey ez-toc-container-direction\">\n<div class=\"ez-toc-title-container\">\n<p class=\"ez-toc-title\" style=\"cursor:inherit\">Inneh\u00e5llsf\u00f6rteckning<\/p>\n<span class=\"ez-toc-title-toggle\"><a href=\"#\" class=\"ez-toc-pull-right ez-toc-btn ez-toc-btn-xs ez-toc-btn-default ez-toc-toggle\" aria-label=\"Toggle Table of Content\"><span class=\"ez-toc-js-icon-con\"><span class=\"\"><span class=\"eztoc-hide\" style=\"display:none;\">Toggle<\/span><span class=\"ez-toc-icon-toggle-span\"><svg style=\"fill: #999;color:#999\" xmlns=\"http:\/\/www.w3.org\/2000\/svg\" class=\"list-377408\" width=\"20px\" height=\"20px\" viewbox=\"0 0 24 24\" fill=\"none\"><path d=\"M6 6H4v2h2V6zm14 0H8v2h12V6zM4 11h2v2H4v-2zm16 0H8v2h12v-2zM4 16h2v2H4v-2zm16 0H8v2h12v-2z\" fill=\"currentColor\"><\/path><\/svg><svg style=\"fill: #999;color:#999\" class=\"arrow-unsorted-368013\" xmlns=\"http:\/\/www.w3.org\/2000\/svg\" width=\"10px\" height=\"10px\" viewbox=\"0 0 24 24\" version=\"1.2\" baseprofile=\"tiny\"><path d=\"M18.2 9.3l-6.2-6.3-6.2 6.3c-.2.2-.3.4-.3.7s.1.5.3.7c.2.2.4.3.7.3h11c.3 0 .5-.1.7-.3.2-.2.3-.5.3-.7s-.1-.5-.3-.7zM5.8 14.7l6.2 6.3 6.2-6.3c.2-.2.3-.5.3-.7s-.1-.5-.3-.7c-.2-.2-.4-.3-.7-.3h-11c-.3 0-.5.1-.7.3-.2.2-.3.5-.3.7s.1.5.3.7z\"\/><\/svg><\/span><\/span><\/span><\/a><\/span><\/div>\n<nav><ul class='ez-toc-list ez-toc-list-level-1' ><li class='ez-toc-page-1 ez-toc-heading-level-4'><a class=\"ez-toc-link ez-toc-heading-1\" href=\"https:\/\/saphirsmaragd.com\/sv\/produkt\/topas-imperial-0-81-karat-orange-gelb-oval\/#Topas_Imperial_081_Karat_Orange-Gelb_Oval_%E2%80%93_klein_leuchtend_perfekt_geschliffen\" >Topas Imperial 0.81 Karat Orange-Gelb Oval \u2013 klein, leuchtend, perfekt geschliffen<\/a><\/li><li class='ez-toc-page-1 ez-toc-heading-level-4'><a class=\"ez-toc-link ez-toc-heading-2\" href=\"https:\/\/saphirsmaragd.com\/sv\/produkt\/topas-imperial-0-81-karat-orange-gelb-oval\/#Merkmale_Herkunft\" >Egenskaper &amp; ursprung<\/a><\/li><li class='ez-toc-page-1 ez-toc-heading-level-4'><a class=\"ez-toc-link ez-toc-heading-3\" href=\"https:\/\/saphirsmaragd.com\/sv\/produkt\/topas-imperial-0-81-karat-orange-gelb-oval\/#Besonderheiten\" >Specialfunktioner<\/a><\/li><li class='ez-toc-page-1 ez-toc-heading-level-4'><a class=\"ez-toc-link ez-toc-heading-4\" href=\"https:\/\/saphirsmaragd.com\/sv\/produkt\/topas-imperial-0-81-karat-orange-gelb-oval\/#Mehr_uber_unsere_Edelsteine\" >Mer om v\u00e5ra \u00e4delstenar<\/a><\/li><li class='ez-toc-page-1 ez-toc-heading-level-4'><a class=\"ez-toc-link ez-toc-heading-5\" href=\"https:\/\/saphirsmaragd.com\/sv\/produkt\/topas-imperial-0-81-karat-orange-gelb-oval\/#Weitere_Infos\" >Mer information<\/a><\/li><\/ul><\/nav><\/div>\n<h4 data-start=\"897\" data-end=\"986\"><span class=\"ez-toc-section\" id=\"Topas_Imperial_081_Karat_Orange-Gelb_Oval_%E2%80%93_klein_leuchtend_perfekt_geschliffen\"><\/span>Topas Imperial 0.81 Karat Orange-Gelb Oval \u2013 klein, leuchtend, perfekt geschliffen<span class=\"ez-toc-section-end\"><\/span><\/h4>\n<p data-start=\"987\" data-end=\"1282\">Der <strong data-start=\"991\" data-end=\"1037\">Topas Imperial 0.81 Karat Orange-Gelb Oval<\/strong> vereint Klarheit und Eleganz in einem pr\u00e4zise facettierten, ovalen Schliff von <strong data-start=\"1117\" data-end=\"1131\">8.6 \u00d7 4 mm<\/strong>. Sein warmer Gold-Orange-Farbton reflektiert das Licht auf faszinierende Weise und macht ihn zu einem Edelstein von hoher Brillanz und feinem Feuer.<\/p>\n<p data-start=\"1284\" data-end=\"1571\">Dieser Edelstein stammt aus Brasilien und ist <strong data-start=\"1330\" data-end=\"1345\">unbehandelt<\/strong>, was seine Nat\u00fcrlichkeit und Echtheit bewahrt. Jeder Stein wird sorgf\u00e4ltig gepr\u00fcft und mit einem <strong data-start=\"1443\" data-end=\"1505\">Echtheitszertifikat von Val\u00e9rie DURAFFOURG (Gem-A, London)<\/strong> geliefert \u2013 ein Siegel f\u00fcr gepr\u00fcfte Qualit\u00e4t und Authentizit\u00e4t.<\/p>\n<hr data-start=\"1573\" data-end=\"1576\" \/>\n<h4 data-start=\"1578\" data-end=\"1607\"><span class=\"ez-toc-section\" id=\"Merkmale_Herkunft\"><\/span>Egenskaper &amp; ursprung<span class=\"ez-toc-section-end\"><\/span><\/h4>\n<p data-start=\"1608\" data-end=\"1925\">Steinart: Topas<br data-start=\"1623\" data-end=\"1626\" \/>Variet\u00e4t: Imperial Topas<br data-start=\"1650\" data-end=\"1653\" \/>Farbe: Orange-Gelb<br data-start=\"1671\" data-end=\"1674\" \/>Form: Oval facettiert<br data-start=\"1695\" data-end=\"1698\" \/>Gewicht: 0.81 Karat<br data-start=\"1717\" data-end=\"1720\" \/>H\u00e4rte: 8 auf der Mohs-Skala<br data-start=\"1747\" data-end=\"1750\" \/>Gr\u00f6\u00dfe: 8.6 \u00d7 4 mm<br data-start=\"1767\" data-end=\"1770\" \/>Reinheit: Lupenrein (unter 10x-Lupe klar)<br data-start=\"1811\" data-end=\"1814\" \/>Behandling: Obehandlad<br data-start=\"1837\" data-end=\"1840\" \/>Herkunft: Brasilien<br data-start=\"1859\" data-end=\"1862\" \/>Zertifikat: Val\u00e9rie DURAFFOURG (Gem-A, London)<br data-start=\"1908\" data-end=\"1911\" \/>Skick: Nytt<\/p>\n<hr data-start=\"1927\" data-end=\"1930\" \/>\n<h4 data-start=\"1932\" data-end=\"1956\"><span class=\"ez-toc-section\" id=\"Besonderheiten\"><\/span>Specialfunktioner<span class=\"ez-toc-section-end\"><\/span><\/h4>\n<p data-start=\"1957\" data-end=\"2215\">Der <strong data-start=\"1961\" data-end=\"2007\">Topas Imperial 0.81 Karat Orange-Gelb Oval<\/strong> ist ein seltener, kleiner Edelstein mit beeindruckender Reinheit und intensiver Leuchtkraft. Seine nat\u00fcrliche Farbe und hohe Transparenz machen ihn ideal f\u00fcr feine Schmuckst\u00fccke, z. B. Ringe oder Anh\u00e4nger.<\/p>\n<hr data-start=\"1926\" data-end=\"1929\" \/>\n<h4 data-start=\"1931\" data-end=\"1971\"><span class=\"ez-toc-section\" id=\"Mehr_uber_unsere_Edelsteine\"><\/span>Mer om v\u00e5ra \u00e4delstenar<span class=\"ez-toc-section-end\"><\/span><\/h4>\n<p data-start=\"1972\" data-end=\"2069\"><a href=\"https:\/\/saphirsmaragd.com\/sv\/product-category\/edelsteine-kaufen\/\">\u00e4delstenar<\/a><\/p>\n<hr data-start=\"2071\" data-end=\"2074\" \/>\n<h4 data-start=\"2076\" data-end=\"2096\"><span class=\"ez-toc-section\" id=\"Weitere_Infos\"><\/span>Mer information<span class=\"ez-toc-section-end\"><\/span><\/h4>\n<p><a href=\"https:\/\/de.wikipedia.org\/wiki\/Topas\" target=\"_blank\" rel=\"noopener\">Wikipedia: Topas<\/a><\/p>","protected":false},"excerpt":{"rendered":"<p data-start=\"526\" data-end=\"740\"><em>Der Topas Imperial 0.81 Karat Orange-Gelb Oval \u00fcberzeugt durch seine klare Transparenz und elegante Farbintensit\u00e4t. Ein unbehandelter, zertifizierter Edelstein aus Brasilien \u2013 klein, aber leuchtend und authentisch.<\/em><\/p>\n<h2 data-start=\"523\" data-end=\"548\"><\/h2>","protected":false},"featured_media":4377,"comment_status":"open","ping_status":"closed","template":"","meta":{"_glsr_average":0,"_glsr_ranking":0,"_glsr_reviews":0},"product_brand":[],"product_cat":[108],"product_tag":[],"class_list":{"0":"post-4374","1":"product","2":"type-product","3":"status-publish","4":"has-post-thumbnail","6":"product_cat-topas-kaufen","7":"pa_edelsteinart-topas","8":"pa_farbe-orange","9":"pa_form-oval","10":"pa_gewicht-karat-1-0-3-0-karat","11":"pa_herkunft-brasilien","12":"pa_reinheit-lupenrein","13":"pa_veredelung-behandlung-unbehandelt","14":"pa_zertifikat-ja","15":"pa_zustand-neu","17":"first","18":"instock","19":"featured","20":"sold-individually","21":"shipping-taxable","22":"purchasable","23":"product-type-simple","24":"add-to-wishlist-before_image"},"jetpack_sharing_enabled":true,"_links":{"self":[{"href":"https:\/\/saphirsmaragd.com\/sv\/wp-json\/wp\/v2\/product\/4374","targetHints":{"allow":["GET"]}}],"collection":[{"href":"https:\/\/saphirsmaragd.com\/sv\/wp-json\/wp\/v2\/product"}],"about":[{"href":"https:\/\/saphirsmaragd.com\/sv\/wp-json\/wp\/v2\/types\/product"}],"replies":[{"embeddable":true,"href":"https:\/\/saphirsmaragd.com\/sv\/wp-json\/wp\/v2\/comments?post=4374"}],"version-history":[{"count":1,"href":"https:\/\/saphirsmaragd.com\/sv\/wp-json\/wp\/v2\/product\/4374\/revisions"}],"predecessor-version":[{"id":4378,"href":"https:\/\/saphirsmaragd.com\/sv\/wp-json\/wp\/v2\/product\/4374\/revisions\/4378"}],"wp:featuredmedia":[{"embeddable":true,"href":"https:\/\/saphirsmaragd.com\/sv\/wp-json\/wp\/v2\/media\/4377"}],"wp:attachment":[{"href":"https:\/\/saphirsmaragd.com\/sv\/wp-json\/wp\/v2\/media?parent=4374"}],"wp:term":[{"taxonomy":"product_brand","embeddable":true,"href":"https:\/\/saphirsmaragd.com\/sv\/wp-json\/wp\/v2\/product_brand?post=4374"},{"taxonomy":"product_cat","embeddable":true,"href":"https:\/\/saphirsmaragd.com\/sv\/wp-json\/wp\/v2\/product_cat?post=4374"},{"taxonomy":"product_tag","embeddable":true,"href":"https:\/\/saphirsmaragd.com\/sv\/wp-json\/wp\/v2\/product_tag?post=4374"}],"curies":[{"name":"wp","href":"https:\/\/api.w.org\/{rel}","templated":true}]}}