{"id":5110,"date":"2025-11-14T10:55:40","date_gmt":"2025-11-14T10:55:40","guid":{"rendered":"https:\/\/saphirsmaragd.com\/?post_type=product&#038;p=5110"},"modified":"2025-12-29T18:49:24","modified_gmt":"2025-12-29T18:49:24","slug":"beryll-0-99-karat-farbe-hellgruen","status":"publish","type":"product","link":"https:\/\/saphirsmaragd.com\/sv\/produkt\/beryll-0-99-karat-farbe-hellgruen\/","title":{"rendered":"Beryll 0.99 Karat Farbe Hellgr\u00fcn \u2013 Kissenf\u00f6rmig facettierter Naturstein"},"content":{"rendered":"<div id=\"ez-toc-container\" class=\"ez-toc-v2_0_82_2 counter-hierarchy ez-toc-counter ez-toc-grey ez-toc-container-direction\">\n<div class=\"ez-toc-title-container\">\n<p class=\"ez-toc-title\" style=\"cursor:inherit\">Inneh\u00e5llsf\u00f6rteckning<\/p>\n<span class=\"ez-toc-title-toggle\"><a href=\"#\" class=\"ez-toc-pull-right ez-toc-btn ez-toc-btn-xs ez-toc-btn-default ez-toc-toggle\" aria-label=\"Toggle Table of Content\"><span class=\"ez-toc-js-icon-con\"><span class=\"\"><span class=\"eztoc-hide\" style=\"display:none;\">Toggle<\/span><span class=\"ez-toc-icon-toggle-span\"><svg style=\"fill: #999;color:#999\" xmlns=\"http:\/\/www.w3.org\/2000\/svg\" class=\"list-377408\" width=\"20px\" height=\"20px\" viewbox=\"0 0 24 24\" fill=\"none\"><path d=\"M6 6H4v2h2V6zm14 0H8v2h12V6zM4 11h2v2H4v-2zm16 0H8v2h12v-2zM4 16h2v2H4v-2zm16 0H8v2h12v-2z\" fill=\"currentColor\"><\/path><\/svg><svg style=\"fill: #999;color:#999\" class=\"arrow-unsorted-368013\" xmlns=\"http:\/\/www.w3.org\/2000\/svg\" width=\"10px\" height=\"10px\" viewbox=\"0 0 24 24\" version=\"1.2\" baseprofile=\"tiny\"><path d=\"M18.2 9.3l-6.2-6.3-6.2 6.3c-.2.2-.3.4-.3.7s.1.5.3.7c.2.2.4.3.7.3h11c.3 0 .5-.1.7-.3.2-.2.3-.5.3-.7s-.1-.5-.3-.7zM5.8 14.7l6.2 6.3 6.2-6.3c.2-.2.3-.5.3-.7s-.1-.5-.3-.7c-.2-.2-.4-.3-.7-.3h-11c-.3 0-.5.1-.7.3-.2.2-.3.5-.3.7s.1.5.3.7z\"\/><\/svg><\/span><\/span><\/span><\/a><\/span><\/div>\n<nav><ul class='ez-toc-list ez-toc-list-level-1' ><li class='ez-toc-page-1 ez-toc-heading-level-4'><a class=\"ez-toc-link ez-toc-heading-1\" href=\"https:\/\/saphirsmaragd.com\/sv\/produkt\/beryll-0-99-karat-farbe-hellgruen\/#Gruner_Beryll_099_Karat_Farbe_Hellgrun_%E2%80%93_naturlicher_Edelstein_mit_feinem_Blaugrun-Schimmer\" >Gr\u00fcner Beryll 0.99 Karat Farbe Hellgr\u00fcn \u2013 nat\u00fcrlicher Edelstein mit feinem Blaugr\u00fcn-Schimmer<\/a><\/li><li class='ez-toc-page-1 ez-toc-heading-level-4'><a class=\"ez-toc-link ez-toc-heading-2\" href=\"https:\/\/saphirsmaragd.com\/sv\/produkt\/beryll-0-99-karat-farbe-hellgruen\/#Merkmale_Herkunft\" >Egenskaper &amp; ursprung<\/a><\/li><li class='ez-toc-page-1 ez-toc-heading-level-4'><a class=\"ez-toc-link ez-toc-heading-3\" href=\"https:\/\/saphirsmaragd.com\/sv\/produkt\/beryll-0-99-karat-farbe-hellgruen\/#Besonderheiten\" >Specialfunktioner<\/a><\/li><li class='ez-toc-page-1 ez-toc-heading-level-4'><a class=\"ez-toc-link ez-toc-heading-4\" href=\"https:\/\/saphirsmaragd.com\/sv\/produkt\/beryll-0-99-karat-farbe-hellgruen\/#Mehr_uber_unsere_Edelsteine\" >Mer om v\u00e5ra \u00e4delstenar<\/a><\/li><li class='ez-toc-page-1 ez-toc-heading-level-4'><a class=\"ez-toc-link ez-toc-heading-5\" href=\"https:\/\/saphirsmaragd.com\/sv\/produkt\/beryll-0-99-karat-farbe-hellgruen\/#Weitere_Infos\" >Mer information<\/a><\/li><\/ul><\/nav><\/div>\n<h4 data-start=\"1264\" data-end=\"1365\"><span class=\"ez-toc-section\" id=\"Gruner_Beryll_099_Karat_Farbe_Hellgrun_%E2%80%93_naturlicher_Edelstein_mit_feinem_Blaugrun-Schimmer\"><\/span><strong data-start=\"1267\" data-end=\"1363\">Gr\u00fcner Beryll 0.99 Karat Farbe Hellgr\u00fcn \u2013 nat\u00fcrlicher Edelstein mit feinem Blaugr\u00fcn-Schimmer<\/strong><span class=\"ez-toc-section-end\"><\/span><\/h4>\n<p data-start=\"1366\" data-end=\"1667\">Dieser exquisite <strong data-start=\"1383\" data-end=\"1426\">Gr\u00fcner Beryll 0.99 Karat Farbe Hellgr\u00fcn<\/strong> besticht durch seinen sanften hellgr\u00fcnen Farbton mit einem leichten Blau-Schimmer. Der kissenf\u00f6rmig facettierte Stein zeigt eine sch\u00f6ne Transparenz und sichtbare, aber nat\u00fcrliche Einschl\u00fcsse, die f\u00fcr Berylle dieser Kategorie typisch sind.<\/p>\n<p data-start=\"1669\" data-end=\"1890\">Jeder Stein wird mit einem Echtheitszertifikat von Val\u00e9rie Duraffourg (Gem-A) geliefert, das die Qualit\u00e4t und Authentizit\u00e4t best\u00e4tigt. Ein hochwertiges St\u00fcck f\u00fcr Schmuckanfertigungen oder als feines Sammlerst\u00fcck geeignet.<\/p>\n<hr data-start=\"1892\" data-end=\"1895\" \/>\n<h4 data-start=\"1897\" data-end=\"1930\"><span class=\"ez-toc-section\" id=\"Merkmale_Herkunft\"><\/span><strong data-start=\"1902\" data-end=\"1928\">Egenskaper &amp; ursprung<\/strong><span class=\"ez-toc-section-end\"><\/span><\/h4>\n<p data-start=\"1931\" data-end=\"2255\">Steinart: Beryll<br data-start=\"1947\" data-end=\"1950\" \/>Farbe: Hellgr\u00fcn<br data-start=\"1965\" data-end=\"1968\" \/>Form: Kissen<br data-start=\"1980\" data-end=\"1983\" \/>Gewicht: 0.99 Karat<br data-start=\"2002\" data-end=\"2005\" \/>Gr\u00f6\u00dfe: 8.70 \u00d7 6.08 mm<br data-start=\"2026\" data-end=\"2029\" \/>Reinheit: Kleine Einschl\u00fcsse (sichtbar mit blo\u00dfem Auge)<br data-start=\"2084\" data-end=\"2087\" \/>H\u00e4rte: 7 auf der Mohs-Skala<br data-start=\"2142\" data-end=\"2145\" \/>Zertifikat: Ja (Val\u00e9rie Duraffourg, Gem-A)<br data-start=\"2238\" data-end=\"2241\" \/>Skick: Nytt<\/p>\n<hr data-start=\"2257\" data-end=\"2260\" \/>\n<h4 data-start=\"2262\" data-end=\"2290\"><span class=\"ez-toc-section\" id=\"Besonderheiten\"><\/span><strong data-start=\"2267\" data-end=\"2288\">Specialfunktioner<\/strong><span class=\"ez-toc-section-end\"><\/span><\/h4>\n<p data-start=\"2291\" data-end=\"2496\">Dieser <strong data-start=\"2298\" data-end=\"2341\">Gr\u00fcner Beryll 0.99 Karat Farbe Hellgr\u00fcn<\/strong> vereint ein feines Pastellgr\u00fcn mit zarter Brillanz und nat\u00fcrlicher Transparenz. Die facettierte Kissenschliff-Form sorgt f\u00fcr angenehme Lichtreflexionen.<\/p>\n<p data-start=\"2498\" data-end=\"2740\">Der Stein weist einige nat\u00fcrliche Einschl\u00fcsse auf, die f\u00fcr Berylle dieser Gr\u00f6\u00dfe \u00fcblich und vollst\u00e4ndig akzeptiert sind. Der leichte Blaustich macht die Farbe besonders attraktiv und verleiht dem Edelstein einen frisch wirkenden Farbcharakter.<\/p>\n<p data-start=\"2742\" data-end=\"2897\">Dank seiner H\u00e4rte von 7 eignet sich der Stein ideal f\u00fcr Anh\u00e4nger, Ohrringe oder zarte Schmuckst\u00fccke \u2013 ebenso f\u00fcr Sammler, die hochwertige Berylle sch\u00e4tzen.<\/p>\n<hr data-start=\"2070\" data-end=\"2073\" \/>\n<h4 data-start=\"1931\" data-end=\"1971\"><span class=\"ez-toc-section\" id=\"Mehr_uber_unsere_Edelsteine\"><\/span>Mer om v\u00e5ra \u00e4delstenar<span class=\"ez-toc-section-end\"><\/span><\/h4>\n<p data-start=\"1972\" data-end=\"2069\"><a href=\"https:\/\/saphirsmaragd.com\/sv\/product-category\/edelsteine-kaufen\/\">\u00e4delstenar<\/a><\/p>\n<hr data-start=\"2744\" data-end=\"2747\" \/>\n<h4 data-start=\"2665\" data-end=\"2688\"><span class=\"ez-toc-section\" id=\"Weitere_Infos\"><\/span>Mer information<span class=\"ez-toc-section-end\"><\/span><\/h4>\n<p data-start=\"2892\" data-end=\"2949\"><a class=\"decorated-link cursor-pointer\" href=\"https:\/\/de.wikipedia.org\/wiki\/Beryll\" target=\"_new\" rel=\"noopener\" data-start=\"2892\" data-end=\"2949\">Wikipedia: Beryll<\/a><\/p>","protected":false},"excerpt":{"rendered":"<p data-start=\"801\" data-end=\"1057\"><em>Gr\u00fcner Beryll 0.99 Karat Farbe Hellgr\u00fcn \u2013 ein nat\u00fcrlich facettierter Edelstein mit zartem hellgr\u00fcnem Farbton, leichter Blau-Note und guter Transparenz. Mit Zertifikat von Val\u00e9rie Duraffourg (Gem-A). Ideal f\u00fcr Anh\u00e4nger, Schmuckfassungen oder Sammlungen.<\/em><\/p>\n<h2 data-start=\"523\" data-end=\"548\"><\/h2>","protected":false},"featured_media":5113,"comment_status":"open","ping_status":"closed","template":"","meta":{"_glsr_average":0,"_glsr_ranking":0,"_glsr_reviews":0},"product_brand":[],"product_cat":[305],"product_tag":[],"class_list":{"0":"post-5110","1":"product","2":"type-product","3":"status-publish","4":"has-post-thumbnail","6":"product_cat-seltene-edelsteine","7":"pa_edelsteinart-seltene-edelsteine","8":"pa_farbe-gruen","9":"pa_form-kissen","10":"pa_gewicht-karat-0-5-1-0-karat","11":"pa_reinheit-augenrein","12":"pa_zertifikat-ja","13":"pa_zustand-neu","15":"first","16":"instock","17":"featured","18":"sold-individually","19":"shipping-taxable","20":"purchasable","21":"product-type-simple","22":"add-to-wishlist-before_image"},"jetpack_sharing_enabled":true,"_links":{"self":[{"href":"https:\/\/saphirsmaragd.com\/sv\/wp-json\/wp\/v2\/product\/5110","targetHints":{"allow":["GET"]}}],"collection":[{"href":"https:\/\/saphirsmaragd.com\/sv\/wp-json\/wp\/v2\/product"}],"about":[{"href":"https:\/\/saphirsmaragd.com\/sv\/wp-json\/wp\/v2\/types\/product"}],"replies":[{"embeddable":true,"href":"https:\/\/saphirsmaragd.com\/sv\/wp-json\/wp\/v2\/comments?post=5110"}],"version-history":[{"count":3,"href":"https:\/\/saphirsmaragd.com\/sv\/wp-json\/wp\/v2\/product\/5110\/revisions"}],"predecessor-version":[{"id":5116,"href":"https:\/\/saphirsmaragd.com\/sv\/wp-json\/wp\/v2\/product\/5110\/revisions\/5116"}],"wp:featuredmedia":[{"embeddable":true,"href":"https:\/\/saphirsmaragd.com\/sv\/wp-json\/wp\/v2\/media\/5113"}],"wp:attachment":[{"href":"https:\/\/saphirsmaragd.com\/sv\/wp-json\/wp\/v2\/media?parent=5110"}],"wp:term":[{"taxonomy":"product_brand","embeddable":true,"href":"https:\/\/saphirsmaragd.com\/sv\/wp-json\/wp\/v2\/product_brand?post=5110"},{"taxonomy":"product_cat","embeddable":true,"href":"https:\/\/saphirsmaragd.com\/sv\/wp-json\/wp\/v2\/product_cat?post=5110"},{"taxonomy":"product_tag","embeddable":true,"href":"https:\/\/saphirsmaragd.com\/sv\/wp-json\/wp\/v2\/product_tag?post=5110"}],"curies":[{"name":"wp","href":"https:\/\/api.w.org\/{rel}","templated":true}]}}