{"id":5339,"date":"2025-11-18T01:29:03","date_gmt":"2025-11-18T01:29:03","guid":{"rendered":"https:\/\/saphirsmaragd.com\/?post_type=product&#038;p=5339"},"modified":"2025-12-05T10:21:00","modified_gmt":"2025-12-05T10:21:00","slug":"kristall-super-seven-szepterquarz-stehend","status":"publish","type":"product","link":"https:\/\/saphirsmaragd.com\/sv\/produkt\/kristall-super-seven-szepterquarz-stehend\/","title":{"rendered":"Kristall Super Seven Szepterquarz Stehend \u2013 Kraftvoller Transformationsstein | 673 g"},"content":{"rendered":"<div id=\"ez-toc-container\" class=\"ez-toc-v2_0_82_2 counter-hierarchy ez-toc-counter ez-toc-grey ez-toc-container-direction\">\n<div class=\"ez-toc-title-container\">\n<p class=\"ez-toc-title\" style=\"cursor:inherit\">Inneh\u00e5llsf\u00f6rteckning<\/p>\n<span class=\"ez-toc-title-toggle\"><a href=\"#\" class=\"ez-toc-pull-right ez-toc-btn ez-toc-btn-xs ez-toc-btn-default ez-toc-toggle\" aria-label=\"Toggle Table of Content\"><span class=\"ez-toc-js-icon-con\"><span class=\"\"><span class=\"eztoc-hide\" style=\"display:none;\">Toggle<\/span><span class=\"ez-toc-icon-toggle-span\"><svg style=\"fill: #999;color:#999\" xmlns=\"http:\/\/www.w3.org\/2000\/svg\" class=\"list-377408\" width=\"20px\" height=\"20px\" viewbox=\"0 0 24 24\" fill=\"none\"><path d=\"M6 6H4v2h2V6zm14 0H8v2h12V6zM4 11h2v2H4v-2zm16 0H8v2h12v-2zM4 16h2v2H4v-2zm16 0H8v2h12v-2z\" fill=\"currentColor\"><\/path><\/svg><svg style=\"fill: #999;color:#999\" class=\"arrow-unsorted-368013\" xmlns=\"http:\/\/www.w3.org\/2000\/svg\" width=\"10px\" height=\"10px\" viewbox=\"0 0 24 24\" version=\"1.2\" baseprofile=\"tiny\"><path d=\"M18.2 9.3l-6.2-6.3-6.2 6.3c-.2.2-.3.4-.3.7s.1.5.3.7c.2.2.4.3.7.3h11c.3 0 .5-.1.7-.3.2-.2.3-.5.3-.7s-.1-.5-.3-.7zM5.8 14.7l6.2 6.3 6.2-6.3c.2-.2.3-.5.3-.7s-.1-.5-.3-.7c-.2-.2-.4-.3-.7-.3h-11c-.3 0-.5.1-.7.3-.2.2-.3.5-.3.7s.1.5.3.7z\"\/><\/svg><\/span><\/span><\/span><\/a><\/span><\/div>\n<nav><ul class='ez-toc-list ez-toc-list-level-1' ><li class='ez-toc-page-1 ez-toc-heading-level-4'><a class=\"ez-toc-link ez-toc-heading-1\" href=\"https:\/\/saphirsmaragd.com\/sv\/produkt\/kristall-super-seven-szepterquarz-stehend\/#Kristall_Super_Seven_Szepterquarz_Stehend_%E2%80%93_Kraftvoller_Transformationsstein_673_g\" >Kristall Super Seven Szepterquarz Stehend \u2013 Kraftvoller Transformationsstein | 673 g<\/a><\/li><li class='ez-toc-page-1 ez-toc-heading-level-4'><a class=\"ez-toc-link ez-toc-heading-2\" href=\"https:\/\/saphirsmaragd.com\/sv\/produkt\/kristall-super-seven-szepterquarz-stehend\/#Merkmale_Herkunft\" >Egenskaper &amp; ursprung<\/a><\/li><li class='ez-toc-page-1 ez-toc-heading-level-4'><a class=\"ez-toc-link ez-toc-heading-3\" href=\"https:\/\/saphirsmaragd.com\/sv\/produkt\/kristall-super-seven-szepterquarz-stehend\/#Besonderheiten\" >Specialfunktioner<\/a><\/li><li class='ez-toc-page-1 ez-toc-heading-level-4'><a class=\"ez-toc-link ez-toc-heading-4\" href=\"https:\/\/saphirsmaragd.com\/sv\/produkt\/kristall-super-seven-szepterquarz-stehend\/#Mehr_uber_Kristalle_Heilsteine\" >Mehr \u00fcber Kristalle &amp; Heilsteine<\/a><\/li><li class='ez-toc-page-1 ez-toc-heading-level-4'><a class=\"ez-toc-link ez-toc-heading-5\" href=\"https:\/\/saphirsmaragd.com\/sv\/produkt\/kristall-super-seven-szepterquarz-stehend\/#Weitere_Infos\" >Mer information<\/a><\/li><\/ul><\/nav><\/div>\n<h4 data-start=\"1018\" data-end=\"1108\"><span class=\"ez-toc-section\" id=\"Kristall_Super_Seven_Szepterquarz_Stehend_%E2%80%93_Kraftvoller_Transformationsstein_673_g\"><\/span><strong data-start=\"1020\" data-end=\"1108\">Kristall Super Seven Szepterquarz Stehend \u2013 Kraftvoller Transformationsstein | 673 g<\/strong><span class=\"ez-toc-section-end\"><\/span><\/h4>\n<p data-start=\"1110\" data-end=\"1280\">Der Kristall Super Seven Szepterquarz Stehend vereint die starke transformierende Energie von Super Seven mit der motivierenden, befreienden Kraft des Szepterquarzes.<\/p>\n<hr data-start=\"1282\" data-end=\"1285\" \/>\n<h4 data-start=\"1287\" data-end=\"1316\"><span class=\"ez-toc-section\" id=\"Merkmale_Herkunft\"><\/span><strong data-start=\"1293\" data-end=\"1316\">Egenskaper &amp; ursprung<\/strong><span class=\"ez-toc-section-end\"><\/span><\/h4>\n<p data-start=\"1317\" data-end=\"1575\">Farbe: Violett, Transparent<br data-start=\"1344\" data-end=\"1347\" \/>Form: Szepter, Stehend, Facettiert (Cut)<br data-start=\"1387\" data-end=\"1390\" \/>Herkunft: Madagaskar<br data-start=\"1410\" data-end=\"1413\" \/>Gewicht: 673 g<br data-start=\"1427\" data-end=\"1430\" \/>Ma\u00dfe: 10 x 8.5 x 5.5 cm<br data-start=\"1453\" data-end=\"1456\" \/>Reinheit: Nat\u00fcrlich<br data-start=\"1475\" data-end=\"1478\" \/>Behandling: Obehandlad<br data-start=\"1535\" data-end=\"1538\" \/>Steinart: Super Seven, Szepterquarz<\/p>\n<hr data-start=\"1577\" data-end=\"1580\" \/>\n<h4 data-start=\"1582\" data-end=\"1606\"><span class=\"ez-toc-section\" id=\"Besonderheiten\"><\/span><strong data-start=\"1588\" data-end=\"1606\">Specialfunktioner<\/strong><span class=\"ez-toc-section-end\"><\/span><\/h4>\n<p data-start=\"1607\" data-end=\"2110\">Der Kristall Super Seven Szepterquarz Stehend ist ein au\u00dfergew\u00f6hnlich kraftvoller spiritueller Begleiter. Super Seven wirkt tief transformierend und unterst\u00fctzt pers\u00f6nliche und spirituelle Entwicklung. Er verst\u00e4rkt intuitive F\u00e4higkeiten, schafft Zugang zu h\u00f6heren Ebenen, geistigen F\u00fchrern, vergangenen Leben und energetischem Wissen. Zudem \u00f6ffnet und aktiviert er alle Chakren und erh\u00f6ht damit spirituelle Kraft sowie mediale F\u00e4higkeiten wie Heilung, Intuition, Hellsehen oder energetische Wahrnehmung.<\/p>\n<p data-start=\"2112\" data-end=\"2628\">Der Szepterquarz bringt motivierende, anregende Energie in den Transformationsprozess. Er f\u00f6rdert aktives Handeln, Mut und die Umsetzung von Ideen. Gleichzeitig hilft er, blockierte Emotionen wie Angst oder Wut loszulassen und stagnierte Energie wieder in Fluss zu bringen. W\u00e4hrend Super Seven spirituell \u00f6ffnet, sorgt der Szepterquarz f\u00fcr Erdung, Durchsetzungsf\u00e4higkeit und gesunde emotionale Verarbeitung. Gemeinsam wirken sie besonders stark in Meditation, schamanischen Reisen und energetischen Heilbehandlungen.<\/p>\n<hr data-start=\"2630\" data-end=\"2633\" \/>\n<h4 data-start=\"2635\" data-end=\"2677\"><span class=\"ez-toc-section\" id=\"Mehr_uber_Kristalle_Heilsteine\"><\/span><strong data-start=\"2641\" data-end=\"2677\">Mehr \u00fcber Kristalle &amp; Heilsteine<\/strong><span class=\"ez-toc-section-end\"><\/span><\/h4>\n<p data-start=\"2678\" data-end=\"2719\"><a href=\"https:\/\/saphirsmaragd.com\/sv\/product-category\/heilsteine-kristalle-kaufen\/\">L\u00e4kande stenar och kristaller<\/a> | Saphir &amp; Smaragd<\/p>\n<hr data-start=\"2721\" data-end=\"2724\" \/>\n<h4 data-start=\"2726\" data-end=\"2749\"><span class=\"ez-toc-section\" id=\"Weitere_Infos\"><\/span><strong data-start=\"2732\" data-end=\"2749\">Mer information<\/strong><span class=\"ez-toc-section-end\"><\/span><\/h4>\n<p data-start=\"2750\" data-end=\"2826\"><a href=\"https:\/\/de.wikipedia.org\/wiki\/Super_Seven\" target=\"_blank\" rel=\"noopener\">Wikipedia: Super Seven<\/a><\/p>","protected":false},"excerpt":{"rendered":"<p><em>Der Kristall Super Seven Szepterquarz Stehend ist ein kraftvoller Transformationsstein aus Madagaskar. Er f\u00f6rdert spirituelle Entwicklung, Motivation und positive Ver\u00e4nderung.<\/em><\/p>","protected":false},"featured_media":5340,"comment_status":"open","ping_status":"closed","template":"","meta":{"_glsr_average":0,"_glsr_ranking":0,"_glsr_reviews":0},"product_brand":[],"product_cat":[84],"product_tag":[],"class_list":{"0":"post-5339","1":"product","2":"type-product","3":"status-publish","4":"has-post-thumbnail","6":"product_cat-rohsteine-kaufen","8":"first","9":"instock","10":"taxable","11":"shipping-taxable","12":"purchasable","13":"product-type-simple","14":"add-to-wishlist-before_image"},"jetpack_sharing_enabled":true,"_links":{"self":[{"href":"https:\/\/saphirsmaragd.com\/sv\/wp-json\/wp\/v2\/product\/5339","targetHints":{"allow":["GET"]}}],"collection":[{"href":"https:\/\/saphirsmaragd.com\/sv\/wp-json\/wp\/v2\/product"}],"about":[{"href":"https:\/\/saphirsmaragd.com\/sv\/wp-json\/wp\/v2\/types\/product"}],"replies":[{"embeddable":true,"href":"https:\/\/saphirsmaragd.com\/sv\/wp-json\/wp\/v2\/comments?post=5339"}],"version-history":[{"count":2,"href":"https:\/\/saphirsmaragd.com\/sv\/wp-json\/wp\/v2\/product\/5339\/revisions"}],"predecessor-version":[{"id":5345,"href":"https:\/\/saphirsmaragd.com\/sv\/wp-json\/wp\/v2\/product\/5339\/revisions\/5345"}],"wp:featuredmedia":[{"embeddable":true,"href":"https:\/\/saphirsmaragd.com\/sv\/wp-json\/wp\/v2\/media\/5340"}],"wp:attachment":[{"href":"https:\/\/saphirsmaragd.com\/sv\/wp-json\/wp\/v2\/media?parent=5339"}],"wp:term":[{"taxonomy":"product_brand","embeddable":true,"href":"https:\/\/saphirsmaragd.com\/sv\/wp-json\/wp\/v2\/product_brand?post=5339"},{"taxonomy":"product_cat","embeddable":true,"href":"https:\/\/saphirsmaragd.com\/sv\/wp-json\/wp\/v2\/product_cat?post=5339"},{"taxonomy":"product_tag","embeddable":true,"href":"https:\/\/saphirsmaragd.com\/sv\/wp-json\/wp\/v2\/product_tag?post=5339"}],"curies":[{"name":"wp","href":"https:\/\/api.w.org\/{rel}","templated":true}]}}