{"id":5540,"date":"2025-11-20T21:50:41","date_gmt":"2025-11-20T21:50:41","guid":{"rendered":"https:\/\/saphirsmaragd.com\/?post_type=product&#038;p=5540"},"modified":"2025-11-20T21:50:42","modified_gmt":"2025-11-20T21:50:42","slug":"bergkristall-enhydro-kristall-natur-7480g","status":"publish","type":"product","link":"https:\/\/saphirsmaragd.com\/sv\/produkt\/bergkristall-enhydro-kristall-natur-7480g\/","title":{"rendered":"Bergkristall Enhydro Kristall Natur \u2013 7480 g Einzelst\u00fcck aus Brasilien"},"content":{"rendered":"<div id=\"ez-toc-container\" class=\"ez-toc-v2_0_82_2 counter-hierarchy ez-toc-counter ez-toc-grey ez-toc-container-direction\">\n<div class=\"ez-toc-title-container\">\n<p class=\"ez-toc-title\" style=\"cursor:inherit\">Inneh\u00e5llsf\u00f6rteckning<\/p>\n<span class=\"ez-toc-title-toggle\"><a href=\"#\" class=\"ez-toc-pull-right ez-toc-btn ez-toc-btn-xs ez-toc-btn-default ez-toc-toggle\" aria-label=\"Toggle Table of Content\"><span class=\"ez-toc-js-icon-con\"><span class=\"\"><span class=\"eztoc-hide\" style=\"display:none;\">Toggle<\/span><span class=\"ez-toc-icon-toggle-span\"><svg style=\"fill: #999;color:#999\" xmlns=\"http:\/\/www.w3.org\/2000\/svg\" class=\"list-377408\" width=\"20px\" height=\"20px\" viewbox=\"0 0 24 24\" fill=\"none\"><path d=\"M6 6H4v2h2V6zm14 0H8v2h12V6zM4 11h2v2H4v-2zm16 0H8v2h12v-2zM4 16h2v2H4v-2zm16 0H8v2h12v-2z\" fill=\"currentColor\"><\/path><\/svg><svg style=\"fill: #999;color:#999\" class=\"arrow-unsorted-368013\" xmlns=\"http:\/\/www.w3.org\/2000\/svg\" width=\"10px\" height=\"10px\" viewbox=\"0 0 24 24\" version=\"1.2\" baseprofile=\"tiny\"><path d=\"M18.2 9.3l-6.2-6.3-6.2 6.3c-.2.2-.3.4-.3.7s.1.5.3.7c.2.2.4.3.7.3h11c.3 0 .5-.1.7-.3.2-.2.3-.5.3-.7s-.1-.5-.3-.7zM5.8 14.7l6.2 6.3 6.2-6.3c.2-.2.3-.5.3-.7s-.1-.5-.3-.7c-.2-.2-.4-.3-.7-.3h-11c-.3 0-.5.1-.7.3-.2.2-.3.5-.3.7s.1.5.3.7z\"\/><\/svg><\/span><\/span><\/span><\/a><\/span><\/div>\n<nav><ul class='ez-toc-list ez-toc-list-level-1' ><li class='ez-toc-page-1 ez-toc-heading-level-4'><a class=\"ez-toc-link ez-toc-heading-1\" href=\"https:\/\/saphirsmaragd.com\/sv\/produkt\/bergkristall-enhydro-kristall-natur-7480g\/#Bergkristall_Enhydro_Kristall_Natur_%E2%80%93_7480_g_Einzelstuck_aus_Brasilien\" >Bergkristall Enhydro Kristall Natur \u2013 7480 g Einzelst\u00fcck aus Brasilien<\/a><\/li><li class='ez-toc-page-1 ez-toc-heading-level-4'><a class=\"ez-toc-link ez-toc-heading-2\" href=\"https:\/\/saphirsmaragd.com\/sv\/produkt\/bergkristall-enhydro-kristall-natur-7480g\/#_Merkmale_Herkunft\" >\u00a0Egenskaper &amp; ursprung<\/a><\/li><li class='ez-toc-page-1 ez-toc-heading-level-4'><a class=\"ez-toc-link ez-toc-heading-3\" href=\"https:\/\/saphirsmaragd.com\/sv\/produkt\/bergkristall-enhydro-kristall-natur-7480g\/#_Besonderheiten\" >\u00a0Specialfunktioner<\/a><\/li><li class='ez-toc-page-1 ez-toc-heading-level-4'><a class=\"ez-toc-link ez-toc-heading-4\" href=\"https:\/\/saphirsmaragd.com\/sv\/produkt\/bergkristall-enhydro-kristall-natur-7480g\/#_Mehr_uber_Bergkristalle_Heilsteine\" >\u00a0Mehr \u00fcber Bergkristalle &amp; Heilsteine<\/a><\/li><li class='ez-toc-page-1 ez-toc-heading-level-4'><a class=\"ez-toc-link ez-toc-heading-5\" href=\"https:\/\/saphirsmaragd.com\/sv\/produkt\/bergkristall-enhydro-kristall-natur-7480g\/#_Weitere_Infos\" >\u00a0Mer information<\/a><\/li><\/ul><\/nav><\/div>\n<h4 data-start=\"950\" data-end=\"1026\"><span class=\"ez-toc-section\" id=\"Bergkristall_Enhydro_Kristall_Natur_%E2%80%93_7480_g_Einzelstuck_aus_Brasilien\"><\/span><strong data-start=\"952\" data-end=\"1026\">Bergkristall Enhydro Kristall Natur \u2013 7480 g Einzelst\u00fcck aus Brasilien<\/strong><span class=\"ez-toc-section-end\"><\/span><\/h4>\n<p data-start=\"1028\" data-end=\"1307\">Der Bergkristall Enhydro Kristall Natur ist ein au\u00dfergew\u00f6hnlich seltenes Einzelst\u00fcck mit eingeschlossenem Wasser und einem wundersch\u00f6nen Regenbogeneffekt. Er vereint die hohe Lichtkraft des Bergkristalls mit der tiefen Reinigungs- und Loslass-Energie eines Enhydro-Kristalls.<\/p>\n<hr data-start=\"1309\" data-end=\"1312\" \/>\n<h4 data-start=\"1314\" data-end=\"1339\"><span class=\"ez-toc-section\" id=\"_Merkmale_Herkunft\"><\/span>\u00a0Egenskaper &amp; ursprung<span class=\"ez-toc-section-end\"><\/span><\/h4>\n<p data-start=\"1340\" data-end=\"1580\">Farbe: Transparent<br data-start=\"1358\" data-end=\"1361\" \/>Form: Enhydro Kristall, aufrecht geschnitten<br data-start=\"1405\" data-end=\"1408\" \/>Herkunft: Brasilien<br data-start=\"1427\" data-end=\"1430\" \/>Gewicht: 7480 g<br data-start=\"1445\" data-end=\"1448\" \/>Ma\u00dfe: 27 x 15.5 x 14.5 cm<br data-start=\"1473\" data-end=\"1476\" \/>Reinheit: Nat\u00fcrlich<br data-start=\"1495\" data-end=\"1498\" \/>Behandling: Obehandlad<br data-start=\"1555\" data-end=\"1558\" \/>Steinart: Bergkristall<\/p>\n<hr data-start=\"1582\" data-end=\"1585\" \/>\n<h4 data-start=\"1587\" data-end=\"1607\"><span class=\"ez-toc-section\" id=\"_Besonderheiten\"><\/span>\u00a0Specialfunktioner<span class=\"ez-toc-section-end\"><\/span><\/h4>\n<p data-start=\"1608\" data-end=\"2078\">Der Bergkristall Enhydro Kristall Natur besitzt eine starke, reine und kraftvoll kl\u00e4rende Energie. Das eingeschlossene Wasser (\u201eEnhydro\u201c) ist Millionen Jahre alt und symbolisiert innere Wahrheit, Reinigung und die Verbindung zwischen Vergangenheit und Gegenwart. Enhydros f\u00f6rdern tiefes Loslassen, emotionale Heilung und energetische Balance. Die Wasserblase hilft dabei, alte Muster und Blockaden zu l\u00f6sen und unterst\u00fctzt Transformation, Klarheit und innere Stabilit\u00e4t.<\/p>\n<p data-start=\"2080\" data-end=\"2475\">Bergkristall verst\u00e4rkt diese Wirkung zus\u00e4tzlich durch seine intensive Reinigungskraft. Er kl\u00e4rt das Energiefeld, harmonisiert Chakren und sch\u00fctzt vor negativen Einfl\u00fcssen wie elektromagnetischer Strahlung, Fremdenergien und Umweltbelastungen. Der Stein passt sich dem energetischen Zustand an \u2013 beruhigend oder aktivierend \u2013 und bringt dadurch emotionale Ausgeglichenheit sowie mentale Klarheit.<\/p>\n<p data-start=\"2477\" data-end=\"2923\">Physisch wirkt Bergkristall vitalisierend, k\u00fchlend, entz\u00fcndungshemmend und schmerzlindernd. Er unterst\u00fctzt das Immunsystem, die Selbstheilungskr\u00e4fte des K\u00f6rpers und kann bei Beschwerden wie Entz\u00fcndungen, Hautreizungen, Allergien, Kopfschmerzen, \u00dcbelkeit oder Stresssymptomen hilfreich sein. Als programmierbarer Kristall kann er gezielt auf Affirmationen oder energetische Ziele ausgerichtet werden und verst\u00e4rkt zudem die Wirkung anderer Steine.<\/p>\n<hr data-start=\"2925\" data-end=\"2928\" \/>\n<h4 data-start=\"2930\" data-end=\"2972\"><span class=\"ez-toc-section\" id=\"_Mehr_uber_Bergkristalle_Heilsteine\"><\/span>\u00a0Mehr \u00fcber Bergkristalle &amp; Heilsteine<span class=\"ez-toc-section-end\"><\/span><\/h4>\n<p data-start=\"2973\" data-end=\"3020\"><a href=\"https:\/\/saphirsmaragd.com\/sv\/product-category\/heilsteine-kristalle-kaufen\/\">L\u00e4kande stenar och kristaller<\/a> | Quarze &amp; Bergkristalle<\/p>\n<hr data-start=\"3022\" data-end=\"3025\" \/>\n<h4 data-start=\"3027\" data-end=\"3048\"><span class=\"ez-toc-section\" id=\"_Weitere_Infos\"><\/span>\u00a0Mer information<span class=\"ez-toc-section-end\"><\/span><\/h4>\n<p data-start=\"3049\" data-end=\"3102\">Wikipedia: <a class=\"decorated-link\" href=\"https:\/\/de.wikipedia.org\/wiki\/Bergkristall\" target=\"_new\" rel=\"noopener\" data-start=\"3060\" data-end=\"3102\">Bergkristall<\/a><\/p>","protected":false},"excerpt":{"rendered":"<p><em>Der Bergkristall Enhydro Kristall Natur ist ein 7480 g schweres Einzelst\u00fcck aus Brasilien. Dieser seltene Heilstein enth\u00e4lt eingeschlossenes Wasser, wirkt stark reinigend, harmonisierend und f\u00f6rdert Klarheit, Balance und tiefes energetisches Loslassen.<\/em><\/p>","protected":false},"featured_media":5541,"comment_status":"open","ping_status":"closed","template":"","meta":{"_glsr_average":0,"_glsr_ranking":0,"_glsr_reviews":0},"product_brand":[],"product_cat":[84],"product_tag":[],"class_list":{"0":"post-5540","1":"product","2":"type-product","3":"status-publish","4":"has-post-thumbnail","6":"product_cat-rohsteine-kaufen","8":"first","9":"instock","10":"taxable","11":"shipping-taxable","12":"purchasable","13":"product-type-simple","14":"add-to-wishlist-before_image"},"jetpack_sharing_enabled":true,"_links":{"self":[{"href":"https:\/\/saphirsmaragd.com\/sv\/wp-json\/wp\/v2\/product\/5540","targetHints":{"allow":["GET"]}}],"collection":[{"href":"https:\/\/saphirsmaragd.com\/sv\/wp-json\/wp\/v2\/product"}],"about":[{"href":"https:\/\/saphirsmaragd.com\/sv\/wp-json\/wp\/v2\/types\/product"}],"replies":[{"embeddable":true,"href":"https:\/\/saphirsmaragd.com\/sv\/wp-json\/wp\/v2\/comments?post=5540"}],"version-history":[{"count":1,"href":"https:\/\/saphirsmaragd.com\/sv\/wp-json\/wp\/v2\/product\/5540\/revisions"}],"predecessor-version":[{"id":5550,"href":"https:\/\/saphirsmaragd.com\/sv\/wp-json\/wp\/v2\/product\/5540\/revisions\/5550"}],"wp:featuredmedia":[{"embeddable":true,"href":"https:\/\/saphirsmaragd.com\/sv\/wp-json\/wp\/v2\/media\/5541"}],"wp:attachment":[{"href":"https:\/\/saphirsmaragd.com\/sv\/wp-json\/wp\/v2\/media?parent=5540"}],"wp:term":[{"taxonomy":"product_brand","embeddable":true,"href":"https:\/\/saphirsmaragd.com\/sv\/wp-json\/wp\/v2\/product_brand?post=5540"},{"taxonomy":"product_cat","embeddable":true,"href":"https:\/\/saphirsmaragd.com\/sv\/wp-json\/wp\/v2\/product_cat?post=5540"},{"taxonomy":"product_tag","embeddable":true,"href":"https:\/\/saphirsmaragd.com\/sv\/wp-json\/wp\/v2\/product_tag?post=5540"}],"curies":[{"name":"wp","href":"https:\/\/api.w.org\/{rel}","templated":true}]}}