{"id":5650,"date":"2025-11-23T21:31:14","date_gmt":"2025-11-23T21:31:14","guid":{"rendered":"https:\/\/saphirsmaragd.com\/?post_type=product&#038;p=5650"},"modified":"2025-12-05T10:28:33","modified_gmt":"2025-12-05T10:28:33","slug":"herz-amethyst-pink-poliert-818g","status":"publish","type":"product","link":"https:\/\/saphirsmaragd.com\/sv\/produkt\/herz-amethyst-pink-poliert-818g\/","title":{"rendered":"Herz Amethyst Pink Poliert auf St\u00e4nder \u2013 818 g \u2013 Naturstein &#038; Unikat"},"content":{"rendered":"<article class=\"text-token-text-primary w-full focus:outline-none [--shadow-height:45px] has-data-writing-block:pointer-events-none has-data-writing-block:-mt-(--shadow-height) has-data-writing-block:pt-(--shadow-height) [&amp;:has([data-writing-block])&gt;*]:pointer-events-auto [content-visibility:auto] supports-[content-visibility:auto]:[contain-intrinsic-size:auto_100lvh] scroll-mt-[calc(var(--header-height)+min(200px,max(70px,20svh)))]\" dir=\"auto\" tabindex=\"-1\" data-turn-id=\"request-692301ff-e9d8-832d-9d36-6ba103cc319c-22\" data-testid=\"conversation-turn-42\" data-scroll-anchor=\"true\" data-turn=\"assistant\">\n<div class=\"text-base my-auto mx-auto pb-10 [--thread-content-margin:--spacing(4)] thread-sm:[--thread-content-margin:--spacing(6)] thread-lg:[--thread-content-margin:--spacing(16)] px-(--thread-content-margin)\">\n<div class=\"[--thread-content-max-width:40rem] thread-lg:[--thread-content-max-width:48rem] mx-auto max-w-(--thread-content-max-width) flex-1 group\/turn-messages focus-visible:outline-hidden relative flex w-full min-w-0 flex-col agent-turn\" tabindex=\"-1\">\n<div class=\"flex max-w-full flex-col grow\">\n<div class=\"min-h-8 text-message relative flex w-full flex-col items-end gap-2 text-start break-words whitespace-normal [.text-message+&amp;]:mt-1\" dir=\"auto\" data-message-author-role=\"assistant\" data-message-id=\"a2884990-6e0d-4a8c-8533-7b6200003cdb\" data-message-model-slug=\"gpt-5-mini\">\n<div class=\"flex w-full flex-col gap-1 empty:hidden first:pt-[1px]\">\n<div class=\"streaming-animation markdown prose dark:prose-invert w-full break-words light markdown-new-styling\">\n<div id=\"ez-toc-container\" class=\"ez-toc-v2_0_82_2 counter-hierarchy ez-toc-counter ez-toc-grey ez-toc-container-direction\">\n<div class=\"ez-toc-title-container\">\n<p class=\"ez-toc-title\" style=\"cursor:inherit\">Table of Contents<\/p>\n<span class=\"ez-toc-title-toggle\"><a href=\"#\" class=\"ez-toc-pull-right ez-toc-btn ez-toc-btn-xs ez-toc-btn-default ez-toc-toggle\" aria-label=\"Toggle Table of Content\"><span class=\"ez-toc-js-icon-con\"><span class=\"\"><span class=\"eztoc-hide\" style=\"display:none;\">Toggle<\/span><span class=\"ez-toc-icon-toggle-span\"><svg style=\"fill: #999;color:#999\" xmlns=\"http:\/\/www.w3.org\/2000\/svg\" class=\"list-377408\" width=\"20px\" height=\"20px\" viewBox=\"0 0 24 24\" fill=\"none\"><path d=\"M6 6H4v2h2V6zm14 0H8v2h12V6zM4 11h2v2H4v-2zm16 0H8v2h12v-2zM4 16h2v2H4v-2zm16 0H8v2h12v-2z\" fill=\"currentColor\"><\/path><\/svg><svg style=\"fill: #999;color:#999\" class=\"arrow-unsorted-368013\" xmlns=\"http:\/\/www.w3.org\/2000\/svg\" width=\"10px\" height=\"10px\" viewBox=\"0 0 24 24\" version=\"1.2\" baseProfile=\"tiny\"><path d=\"M18.2 9.3l-6.2-6.3-6.2 6.3c-.2.2-.3.4-.3.7s.1.5.3.7c.2.2.4.3.7.3h11c.3 0 .5-.1.7-.3.2-.2.3-.5.3-.7s-.1-.5-.3-.7zM5.8 14.7l6.2 6.3 6.2-6.3c.2-.2.3-.5.3-.7s-.1-.5-.3-.7c-.2-.2-.4-.3-.7-.3h-11c-.3 0-.5.1-.7.3-.2.2-.3.5-.3.7s.1.5.3.7z\"\/><\/svg><\/span><\/span><\/span><\/a><\/span><\/div>\n<nav><ul class='ez-toc-list ez-toc-list-level-1 ' ><li class='ez-toc-page-1 ez-toc-heading-level-4'><a class=\"ez-toc-link ez-toc-heading-1\" href=\"https:\/\/saphirsmaragd.com\/sv\/produkt\/herz-amethyst-pink-poliert-818g\/#Herz_Amethyst_Pink_Poliert_auf_Stander_%E2%80%93_818_g_%E2%80%93_Naturstein_Unikat\" >Herz Amethyst Pink Poliert auf St\u00e4nder \u2013 818 g \u2013 Naturstein &amp; Unikat<\/a><\/li><li class='ez-toc-page-1 ez-toc-heading-level-4'><a class=\"ez-toc-link ez-toc-heading-2\" href=\"https:\/\/saphirsmaragd.com\/sv\/produkt\/herz-amethyst-pink-poliert-818g\/#Merkmale_Herkunft\" >Merkmale &amp; Herkunft<\/a><\/li><li class='ez-toc-page-1 ez-toc-heading-level-4'><a class=\"ez-toc-link ez-toc-heading-3\" href=\"https:\/\/saphirsmaragd.com\/sv\/produkt\/herz-amethyst-pink-poliert-818g\/#Besonderheiten\" >Besonderheiten\u00a0<\/a><\/li><li class='ez-toc-page-1 ez-toc-heading-level-4'><a class=\"ez-toc-link ez-toc-heading-4\" href=\"https:\/\/saphirsmaragd.com\/sv\/produkt\/herz-amethyst-pink-poliert-818g\/#Mehr_uber_Amethyste_Heilsteine\" >Mehr \u00fcber Amethyste &amp; Heilsteine<\/a><\/li><\/ul><\/nav><\/div>\n<h4 data-start=\"737\" data-end=\"809\"><span class=\"ez-toc-section\" id=\"Herz_Amethyst_Pink_Poliert_auf_Stander_%E2%80%93_818_g_%E2%80%93_Naturstein_Unikat\"><\/span><strong data-start=\"737\" data-end=\"809\">Herz Amethyst Pink Poliert auf St\u00e4nder \u2013 818 g \u2013 Naturstein &amp; Unikat<\/strong><span class=\"ez-toc-section-end\"><\/span><\/h4>\n<p data-start=\"811\" data-end=\"1076\">Dieses Herz aus pinkem Amethyst auf St\u00e4nder ist ein sanfter, liebevoller Heilstein, der Herz\u00f6ffnung, emotionale Heilung und Balance f\u00f6rdert.<br data-start=\"951\" data-end=\"954\" \/>Das St\u00fcck zeigt nat\u00fcrliche Vertiefungen und Imperfektionen, die seine Echtheit und Qualit\u00e4t als Naturstein unterstreichen.<\/p>\n<hr data-start=\"1078\" data-end=\"1081\" \/>\n<h4 data-start=\"1083\" data-end=\"1112\"><span class=\"ez-toc-section\" id=\"Merkmale_Herkunft\"><\/span><strong data-start=\"1089\" data-end=\"1112\">Merkmale &amp; Herkunft<\/strong><span class=\"ez-toc-section-end\"><\/span><\/h4>\n<p data-start=\"1114\" data-end=\"1381\">Farbe: Rosa<br data-start=\"1129\" data-end=\"1132\" \/>Form: Herz (poliert) auf St\u00e4nder<br data-start=\"1203\" data-end=\"1206\" \/>Gewicht: 818 g<br data-start=\"1224\" data-end=\"1227\" \/>Ma\u00dfe: 13 \u00d7 11.5 \u00d7 4 cm<br data-start=\"1253\" data-end=\"1256\" \/>Reinheit: Nat\u00fcrlich<br data-start=\"1279\" data-end=\"1282\" \/>Behandlung: Poliert<br data-start=\"1347\" data-end=\"1350\" \/>Steinart: Amethyst (pink)<\/p>\n<hr data-start=\"1383\" data-end=\"1386\" \/>\n<h4 data-start=\"1388\" data-end=\"1422\"><span class=\"ez-toc-section\" id=\"Besonderheiten\"><\/span><strong data-start=\"1394\" data-end=\"1422\">Besonderheiten\u00a0<\/strong><span class=\"ez-toc-section-end\"><\/span><\/h4>\n<p data-start=\"1424\" data-end=\"1763\">Pinker Amethyst wirkt sanft, liebevoll und harmonisierend. Er \u00f6ffnet das Herzchakra, l\u00f6st Blockaden und unterst\u00fctzt die emotionale Heilung. Seine beruhigende Energie lindert emotionale Schmerzen, f\u00f6rdert Selbstliebe und inneres Gleichgewicht.<br data-start=\"1666\" data-end=\"1669\" \/>Ideal f\u00fcr Meditation, Praxisr\u00e4ume, Therapie oder als dekorativer Heilstein in Ihrem Zuhause.<\/p>\n<hr data-start=\"1765\" data-end=\"1768\" \/>\n<h4 data-start=\"1770\" data-end=\"1812\"><span class=\"ez-toc-section\" id=\"Mehr_uber_Amethyste_Heilsteine\"><\/span><strong data-start=\"1776\" data-end=\"1812\">Mehr \u00fcber Amethyste &amp; Heilsteine<\/strong><span class=\"ez-toc-section-end\"><\/span><\/h4>\n<p data-start=\"1814\" data-end=\"1850\"><a href=\"https:\/\/saphirsmaragd.com\/product-category\/heilsteine-kristalle-kaufen\/\">Heilsteine &amp; Kristalle<\/a> | Amethyste<\/p>\n<hr data-start=\"1383\" data-end=\"1386\" \/>\n<p data-start=\"1852\" data-end=\"1920\"><strong data-start=\"1852\" data-end=\"1866\">Wikipedia:<\/strong><br data-start=\"1866\" data-end=\"1869\" \/>Amethyst \u2192<a class=\"decorated-link\" href=\"https:\/\/de.wikipedia.org\/wiki\/Amethyst\" target=\"_new\" rel=\"noopener\" data-start=\"1880\" data-end=\"1918\">wikipediaAmethyst<\/a><\/p>\n<p data-start=\"2239\" data-end=\"2292\" data-is-last-node=\"\" data-is-only-node=\"\">\n<\/div>\n<\/div>\n<\/div>\n<\/div>\n<\/div>\n<\/div>\n<\/article>\n<div class=\"pointer-events-none h-px w-px\" aria-hidden=\"true\" data-edge=\"true\"><\/div>\n","protected":false},"excerpt":{"rendered":"<p><em>Das Herz Amethyst Pink Poliert auf St\u00e4nder mit 818 g ist ein liebevoller Heilstein f\u00fcr Herz\u00f6ffnung, emotionale Heilung und Balance. Ein poliertes Unikat \u2013 ideal f\u00fcr Meditation, Praxis- oder Therapier\u00e4ume.<\/em><\/p>","protected":false},"featured_media":5651,"comment_status":"open","ping_status":"closed","template":"","meta":{"_glsr_average":0,"_glsr_ranking":0,"_glsr_reviews":0},"product_brand":[],"product_cat":[84],"product_tag":[],"class_list":{"0":"post-5650","1":"product","2":"type-product","3":"status-publish","4":"has-post-thumbnail","6":"product_cat-rohsteine-kaufen","8":"first","9":"instock","10":"taxable","11":"shipping-taxable","12":"purchasable","13":"product-type-simple","14":"add-to-wishlist-before_image"},"jetpack_sharing_enabled":true,"_links":{"self":[{"href":"https:\/\/saphirsmaragd.com\/sv\/wp-json\/wp\/v2\/product\/5650","targetHints":{"allow":["GET"]}}],"collection":[{"href":"https:\/\/saphirsmaragd.com\/sv\/wp-json\/wp\/v2\/product"}],"about":[{"href":"https:\/\/saphirsmaragd.com\/sv\/wp-json\/wp\/v2\/types\/product"}],"replies":[{"embeddable":true,"href":"https:\/\/saphirsmaragd.com\/sv\/wp-json\/wp\/v2\/comments?post=5650"}],"version-history":[{"count":1,"href":"https:\/\/saphirsmaragd.com\/sv\/wp-json\/wp\/v2\/product\/5650\/revisions"}],"predecessor-version":[{"id":5654,"href":"https:\/\/saphirsmaragd.com\/sv\/wp-json\/wp\/v2\/product\/5650\/revisions\/5654"}],"wp:featuredmedia":[{"embeddable":true,"href":"https:\/\/saphirsmaragd.com\/sv\/wp-json\/wp\/v2\/media\/5651"}],"wp:attachment":[{"href":"https:\/\/saphirsmaragd.com\/sv\/wp-json\/wp\/v2\/media?parent=5650"}],"wp:term":[{"taxonomy":"product_brand","embeddable":true,"href":"https:\/\/saphirsmaragd.com\/sv\/wp-json\/wp\/v2\/product_brand?post=5650"},{"taxonomy":"product_cat","embeddable":true,"href":"https:\/\/saphirsmaragd.com\/sv\/wp-json\/wp\/v2\/product_cat?post=5650"},{"taxonomy":"product_tag","embeddable":true,"href":"https:\/\/saphirsmaragd.com\/sv\/wp-json\/wp\/v2\/product_tag?post=5650"}],"curies":[{"name":"wp","href":"https:\/\/api.w.org\/{rel}","templated":true}]}}