{"id":6040,"date":"2025-11-30T16:08:16","date_gmt":"2025-11-30T16:08:16","guid":{"rendered":"https:\/\/saphirsmaragd.com\/?post_type=product&#038;p=6040"},"modified":"2025-12-05T10:33:04","modified_gmt":"2025-12-05T10:33:04","slug":"anhaenger-mit-peridot-gruen","status":"publish","type":"product","link":"https:\/\/saphirsmaragd.com\/sv\/produkt\/anhaenger-mit-peridot-gruen\/","title":{"rendered":"Anh\u00e4nger mit Peridot Gr\u00fcn \u2013 Handgefertigt mit 14k Gold\u00f6se"},"content":{"rendered":"<div id=\"ez-toc-container\" class=\"ez-toc-v2_0_82_2 counter-hierarchy ez-toc-counter ez-toc-grey ez-toc-container-direction\">\n<div class=\"ez-toc-title-container\">\n<p class=\"ez-toc-title\" style=\"cursor:inherit\">Inneh\u00e5llsf\u00f6rteckning<\/p>\n<span class=\"ez-toc-title-toggle\"><a href=\"#\" class=\"ez-toc-pull-right ez-toc-btn ez-toc-btn-xs ez-toc-btn-default ez-toc-toggle\" aria-label=\"Toggle Table of Content\"><span class=\"ez-toc-js-icon-con\"><span class=\"\"><span class=\"eztoc-hide\" style=\"display:none;\">Toggle<\/span><span class=\"ez-toc-icon-toggle-span\"><svg style=\"fill: #999;color:#999\" xmlns=\"http:\/\/www.w3.org\/2000\/svg\" class=\"list-377408\" width=\"20px\" height=\"20px\" viewbox=\"0 0 24 24\" fill=\"none\"><path d=\"M6 6H4v2h2V6zm14 0H8v2h12V6zM4 11h2v2H4v-2zm16 0H8v2h12v-2zM4 16h2v2H4v-2zm16 0H8v2h12v-2z\" fill=\"currentColor\"><\/path><\/svg><svg style=\"fill: #999;color:#999\" class=\"arrow-unsorted-368013\" xmlns=\"http:\/\/www.w3.org\/2000\/svg\" width=\"10px\" height=\"10px\" viewbox=\"0 0 24 24\" version=\"1.2\" baseprofile=\"tiny\"><path d=\"M18.2 9.3l-6.2-6.3-6.2 6.3c-.2.2-.3.4-.3.7s.1.5.3.7c.2.2.4.3.7.3h11c.3 0 .5-.1.7-.3.2-.2.3-.5.3-.7s-.1-.5-.3-.7zM5.8 14.7l6.2 6.3 6.2-6.3c.2-.2.3-.5.3-.7s-.1-.5-.3-.7c-.2-.2-.4-.3-.7-.3h-11c-.3 0-.5.1-.7.3-.2.2-.3.5-.3.7s.1.5.3.7z\"\/><\/svg><\/span><\/span><\/span><\/a><\/span><\/div>\n<nav><ul class='ez-toc-list ez-toc-list-level-1' ><li class='ez-toc-page-1 ez-toc-heading-level-4'><a class=\"ez-toc-link ez-toc-heading-1\" href=\"https:\/\/saphirsmaragd.com\/sv\/produkt\/anhaenger-mit-peridot-gruen\/#Anhanger_mit_Peridot_Grun_%E2%80%93_Handgefertigt_mit_14k_Goldose\" >Anh\u00e4nger mit Peridot Gr\u00fcn \u2013 Handgefertigt mit 14k Gold\u00f6se<\/a><\/li><li class='ez-toc-page-1 ez-toc-heading-level-4'><a class=\"ez-toc-link ez-toc-heading-2\" href=\"https:\/\/saphirsmaragd.com\/sv\/produkt\/anhaenger-mit-peridot-gruen\/#_Merkmale_Herkunft\" >\u00a0Egenskaper &amp; ursprung<\/a><\/li><li class='ez-toc-page-1 ez-toc-heading-level-4'><a class=\"ez-toc-link ez-toc-heading-3\" href=\"https:\/\/saphirsmaragd.com\/sv\/produkt\/anhaenger-mit-peridot-gruen\/#_Besonderheiten\" >\u00a0Specialfunktioner<\/a><\/li><li class='ez-toc-page-1 ez-toc-heading-level-4'><a class=\"ez-toc-link ez-toc-heading-4\" href=\"https:\/\/saphirsmaragd.com\/sv\/produkt\/anhaenger-mit-peridot-gruen\/#_Mehr_uber_Peridote_Heilsteine\" >\u00a0Mehr \u00fcber Peridote &amp; Heilsteine<\/a><\/li><li class='ez-toc-page-1 ez-toc-heading-level-4'><a class=\"ez-toc-link ez-toc-heading-5\" href=\"https:\/\/saphirsmaragd.com\/sv\/produkt\/anhaenger-mit-peridot-gruen\/#_Weitere_Infos\" >\u00a0Mer information<\/a><\/li><\/ul><\/nav><\/div>\n<h4 data-start=\"744\" data-end=\"809\"><span class=\"ez-toc-section\" id=\"Anhanger_mit_Peridot_Grun_%E2%80%93_Handgefertigt_mit_14k_Goldose\"><\/span><strong data-start=\"746\" data-end=\"807\">Anh\u00e4nger mit Peridot Gr\u00fcn \u2013 Handgefertigt mit 14k Gold\u00f6se<\/strong><span class=\"ez-toc-section-end\"><\/span><\/h4>\n<p data-start=\"810\" data-end=\"971\">Dieser elegante <em data-start=\"826\" data-end=\"853\">Anh\u00e4nger mit Peridot Gr\u00fcn<\/em> vereint nat\u00fcrliche Sch\u00f6nheit mit hochwertigem Goldschmuck und ist ein einzigartiges St\u00fcck aus A-qualitativem Peridot.<\/p>\n<hr data-start=\"2239\" data-end=\"2242\" \/>\n<h4 data-start=\"973\" data-end=\"1000\"><span class=\"ez-toc-section\" id=\"_Merkmale_Herkunft\"><\/span>\u00a0Egenskaper &amp; ursprung<span class=\"ez-toc-section-end\"><\/span><\/h4>\n<p data-start=\"1001\" data-end=\"1291\">Farbe: Gr\u00fcn<br data-start=\"1012\" data-end=\"1015\" \/>Form: Freiform \/ Naturform<br data-start=\"1041\" data-end=\"1044\" \/>Herkunft: Arizona, USA<br data-start=\"1079\" data-end=\"1082\" \/>Ma\u00dfe: ca. 1.5 \u00d7 1.2 cm<br data-start=\"1104\" data-end=\"1107\" \/>Reinheit: Nat\u00fcrlich<br data-start=\"1197\" data-end=\"1200\" \/>Steinart: Peridot<br data-start=\"1217\" data-end=\"1220\" \/>Material: 14 Karat Gold (\u00d6se)<br data-start=\"1249\" data-end=\"1252\" \/>Schmuckart: Anh\u00e4nger<\/p>\n<hr data-start=\"2239\" data-end=\"2242\" \/>\n<h4 data-start=\"1293\" data-end=\"1315\"><span class=\"ez-toc-section\" id=\"_Besonderheiten\"><\/span>\u00a0Specialfunktioner<span class=\"ez-toc-section-end\"><\/span><\/h4>\n<p data-start=\"1316\" data-end=\"1721\">Der Anh\u00e4nger mit Peridot Gr\u00fcn \u00fcberzeugt durch seine kr\u00e4ftige Naturfarbe und seine starke symbolische Bedeutung. Peridot gilt als Stein des pers\u00f6nlichen Wachstums und unterst\u00fctzt dabei, emotionale Altlasten loszulassen, Blockaden zu l\u00f6sen und wieder mehr Leichtigkeit in das Leben zu bringen. Durch seine reinigende Wirkung kl\u00e4rt er das Energiefeld und reduziert Spannungen, \u00c4rger und belastende Einfl\u00fcsse.<\/p>\n<p data-start=\"1723\" data-end=\"2112\">Emotional st\u00e4rkt Peridot Selbstbewusstsein, Selbstliebe und die F\u00e4higkeit zur Vergebung. Er hilft dabei, Gef\u00fchle wie Schuld, Scham, Angst oder Eifersucht zu transformieren und Raum f\u00fcr Liebe, Verst\u00e4ndnis und innere Ruhe zu schaffen. Dieser Stein ist besonders hilfreich in Zeiten des emotionalen Heilens, nach toxischen Situationen oder zur Begleitung pers\u00f6nlicher Transformationsprozesse.<\/p>\n<hr data-start=\"2239\" data-end=\"2242\" \/>\n<h4 data-start=\"2114\" data-end=\"2153\"><span class=\"ez-toc-section\" id=\"_Mehr_uber_Peridote_Heilsteine\"><\/span>\u00a0Mehr \u00fcber Peridote &amp; Heilsteine<span class=\"ez-toc-section-end\"><\/span><\/h4>\n<p data-start=\"2154\" data-end=\"2195\"><a href=\"https:\/\/saphirsmaragd.com\/sv\/product-category\/heilsteine-kristalle-kaufen\/\">L\u00e4kande stenar och kristaller<\/a> | Saphir &amp; Smaragd<\/p>\n<hr data-start=\"2239\" data-end=\"2242\" \/>\n<h4 data-start=\"2197\" data-end=\"2218\"><span class=\"ez-toc-section\" id=\"_Weitere_Infos\"><\/span>\u00a0Mer information<span class=\"ez-toc-section-end\"><\/span><\/h4>\n<p data-start=\"2219\" data-end=\"2237\">Wikipedia: <a href=\"https:\/\/en.wikipedia.org\/wiki\/Peridot\" target=\"_blank\" rel=\"noopener\">Peridot<\/a><\/p>","protected":false},"excerpt":{"rendered":"<p><em>Der Anh\u00e4nger mit Peridot Gr\u00fcn besticht durch seine kr\u00e4ftige Naturfarbe und eine hochwertige 14-Karat-Gold\u00f6se. Jeder Anh\u00e4nger ist ein Unikat und wird sorgf\u00e4ltig ausgew\u00e4hlt, um h\u00f6chste A-Qualit\u00e4t zu garantieren.<\/em><\/p>","protected":false},"featured_media":6041,"comment_status":"open","ping_status":"closed","template":"","meta":{"_glsr_average":0,"_glsr_ranking":0,"_glsr_reviews":0},"product_brand":[],"product_cat":[87],"product_tag":[],"class_list":{"0":"post-6040","1":"product","2":"type-product","3":"status-publish","4":"has-post-thumbnail","6":"product_cat-edelstein-anhaenger","8":"first","9":"instock","10":"shipping-taxable","11":"purchasable","12":"product-type-simple","13":"add-to-wishlist-before_image"},"jetpack_sharing_enabled":true,"_links":{"self":[{"href":"https:\/\/saphirsmaragd.com\/sv\/wp-json\/wp\/v2\/product\/6040","targetHints":{"allow":["GET"]}}],"collection":[{"href":"https:\/\/saphirsmaragd.com\/sv\/wp-json\/wp\/v2\/product"}],"about":[{"href":"https:\/\/saphirsmaragd.com\/sv\/wp-json\/wp\/v2\/types\/product"}],"replies":[{"embeddable":true,"href":"https:\/\/saphirsmaragd.com\/sv\/wp-json\/wp\/v2\/comments?post=6040"}],"version-history":[{"count":1,"href":"https:\/\/saphirsmaragd.com\/sv\/wp-json\/wp\/v2\/product\/6040\/revisions"}],"predecessor-version":[{"id":6043,"href":"https:\/\/saphirsmaragd.com\/sv\/wp-json\/wp\/v2\/product\/6040\/revisions\/6043"}],"wp:featuredmedia":[{"embeddable":true,"href":"https:\/\/saphirsmaragd.com\/sv\/wp-json\/wp\/v2\/media\/6041"}],"wp:attachment":[{"href":"https:\/\/saphirsmaragd.com\/sv\/wp-json\/wp\/v2\/media?parent=6040"}],"wp:term":[{"taxonomy":"product_brand","embeddable":true,"href":"https:\/\/saphirsmaragd.com\/sv\/wp-json\/wp\/v2\/product_brand?post=6040"},{"taxonomy":"product_cat","embeddable":true,"href":"https:\/\/saphirsmaragd.com\/sv\/wp-json\/wp\/v2\/product_cat?post=6040"},{"taxonomy":"product_tag","embeddable":true,"href":"https:\/\/saphirsmaragd.com\/sv\/wp-json\/wp\/v2\/product_tag?post=6040"}],"curies":[{"name":"wp","href":"https:\/\/api.w.org\/{rel}","templated":true}]}}