{"id":7786,"date":"2026-01-14T17:40:42","date_gmt":"2026-01-14T17:40:42","guid":{"rendered":"https:\/\/saphirsmaragd.com\/?post_type=product&#038;p=7786"},"modified":"2026-01-14T17:40:43","modified_gmt":"2026-01-14T17:40:43","slug":"armband-mit-peridot-oval-cabochon","status":"publish","type":"product","link":"https:\/\/saphirsmaragd.com\/sv\/produkt\/armband-mit-peridot-oval-cabochon\/","title":{"rendered":"Armband mit Peridot Oval Cabochon \u2013 Handgefertigt aus 925 Silber"},"content":{"rendered":"<div id=\"ez-toc-container\" class=\"ez-toc-v2_0_82_2 counter-hierarchy ez-toc-counter ez-toc-grey ez-toc-container-direction\">\n<div class=\"ez-toc-title-container\">\n<p class=\"ez-toc-title\" style=\"cursor:inherit\">Inneh\u00e5llsf\u00f6rteckning<\/p>\n<span class=\"ez-toc-title-toggle\"><a href=\"#\" class=\"ez-toc-pull-right ez-toc-btn ez-toc-btn-xs ez-toc-btn-default ez-toc-toggle\" aria-label=\"Toggle Table of Content\"><span class=\"ez-toc-js-icon-con\"><span class=\"\"><span class=\"eztoc-hide\" style=\"display:none;\">Toggle<\/span><span class=\"ez-toc-icon-toggle-span\"><svg style=\"fill: #999;color:#999\" xmlns=\"http:\/\/www.w3.org\/2000\/svg\" class=\"list-377408\" width=\"20px\" height=\"20px\" viewbox=\"0 0 24 24\" fill=\"none\"><path d=\"M6 6H4v2h2V6zm14 0H8v2h12V6zM4 11h2v2H4v-2zm16 0H8v2h12v-2zM4 16h2v2H4v-2zm16 0H8v2h12v-2z\" fill=\"currentColor\"><\/path><\/svg><svg style=\"fill: #999;color:#999\" class=\"arrow-unsorted-368013\" xmlns=\"http:\/\/www.w3.org\/2000\/svg\" width=\"10px\" height=\"10px\" viewbox=\"0 0 24 24\" version=\"1.2\" baseprofile=\"tiny\"><path d=\"M18.2 9.3l-6.2-6.3-6.2 6.3c-.2.2-.3.4-.3.7s.1.5.3.7c.2.2.4.3.7.3h11c.3 0 .5-.1.7-.3.2-.2.3-.5.3-.7s-.1-.5-.3-.7zM5.8 14.7l6.2 6.3 6.2-6.3c.2-.2.3-.5.3-.7s-.1-.5-.3-.7c-.2-.2-.4-.3-.7-.3h-11c-.3 0-.5.1-.7.3-.2.2-.3.5-.3.7s.1.5.3.7z\"\/><\/svg><\/span><\/span><\/span><\/a><\/span><\/div>\n<nav><ul class='ez-toc-list ez-toc-list-level-1' ><li class='ez-toc-page-1 ez-toc-heading-level-4'><a class=\"ez-toc-link ez-toc-heading-1\" href=\"https:\/\/saphirsmaragd.com\/sv\/produkt\/armband-mit-peridot-oval-cabochon\/#Armband_mit_Peridot_Oval_Cabochon_%E2%80%93_Handgefertigt_aus_925_Silber\" >Armband mit Peridot Oval Cabochon \u2013 Handgefertigt aus 925 Silber<\/a><\/li><li class='ez-toc-page-1 ez-toc-heading-level-4'><a class=\"ez-toc-link ez-toc-heading-2\" href=\"https:\/\/saphirsmaragd.com\/sv\/produkt\/armband-mit-peridot-oval-cabochon\/#Besonderheiten\" >Specialfunktioner<\/a><\/li><li class='ez-toc-page-1 ez-toc-heading-level-4'><a class=\"ez-toc-link ez-toc-heading-3\" href=\"https:\/\/saphirsmaragd.com\/sv\/produkt\/armband-mit-peridot-oval-cabochon\/#Mehr_uber_Peridote_Heilsteine_Heilsteine_Kristalle_Saphir_Smaragd\" >Mehr \u00fcber Peridote &amp; Heilsteine \nHeilsteine &amp; Kristalle |\u00a0Saphir &amp; Smaragd<\/a><\/li><li class='ez-toc-page-1 ez-toc-heading-level-4'><a class=\"ez-toc-link ez-toc-heading-4\" href=\"https:\/\/saphirsmaragd.com\/sv\/produkt\/armband-mit-peridot-oval-cabochon\/#Weitere_Infoswikipedia_Peridot\" >Weitere Infoswikipedia:Peridot<\/a><\/li><\/ul><\/nav><\/div>\n<h4 data-start=\"781\" data-end=\"849\"><span class=\"ez-toc-section\" id=\"Armband_mit_Peridot_Oval_Cabochon_%E2%80%93_Handgefertigt_aus_925_Silber\"><\/span>Armband mit Peridot Oval Cabochon \u2013 Handgefertigt aus 925 Silber<span class=\"ez-toc-section-end\"><\/span><\/h4>\n<p data-start=\"851\" data-end=\"1032\">Dieses Armband mit Peridot Oval Cabochon ist ein handgefertigtes Schmuckst\u00fcck, bei dem Sie ein Armband mit \u00e4hnlicher Farbe erhalten, da jeder Peridot ein nat\u00fcrliches Unikat ist.<\/p>\n<hr data-start=\"1034\" data-end=\"1037\" \/>\n<p><strong data-start=\"1042\" data-end=\"1065\">Egenskaper &amp; ursprung<\/strong><br data-start=\"1065\" data-end=\"1068\" \/>Farbe: Gr\u00fcn in nat\u00fcrlichen Nuancen<br data-start=\"1102\" data-end=\"1105\" \/>Form: Oval Cabochon<br data-start=\"1169\" data-end=\"1172\" \/>Ma\u00dfe: Peridot ca. 8 \u00d7 6 mm<br data-start=\"1198\" data-end=\"1201\" \/>Reinheit: Nat\u00fcrlicher Edelstein<br data-start=\"1232\" data-end=\"1235\" \/>Behandling: Obehandlad<br data-start=\"1292\" data-end=\"1295\" \/>Steinart: Peridot<br data-start=\"1312\" data-end=\"1315\" \/>Material: Sterlingsilber 925<br data-start=\"1343\" data-end=\"1346\" \/>Schmuckart: Armband<br data-start=\"1365\" data-end=\"1368\" \/>L\u00e4nge\/Gr\u00f6\u00dfe: ca. 15,5\u201320 cm, verstellbar<\/p>\n<hr data-start=\"1412\" data-end=\"1415\" \/>\n<h4 data-start=\"1417\" data-end=\"1438\"><span class=\"ez-toc-section\" id=\"Besonderheiten\"><\/span><strong data-start=\"1420\" data-end=\"1438\">Specialfunktioner<\/strong><span class=\"ez-toc-section-end\"><\/span><\/h4>\n<p data-start=\"1440\" data-end=\"1735\">Dieses Armband mit Peridot Oval Cabochon \u00fcberzeugt durch seine frische gr\u00fcne Farbe und die sanft polierte Cabochon-Form, die den nat\u00fcrlichen Charakter des Edelsteins besonders betont. Die Kombination aus Peridot und 925 Silber verleiht dem Armband eine zeitlose und harmonische Ausstrahlung.<\/p>\n<p data-start=\"1737\" data-end=\"2196\">Dem Peridot wird eine unterst\u00fctzende Wirkung bei pers\u00f6nlichem Wachstum und innerer Entwicklung zugeschrieben. Er soll dabei helfen, alte Belastungen loszulassen, emotionale Blockaden zu erkennen und neue Klarheit zu gewinnen. Traditionell wird der Peridot dem Herzchakra zugeordnet und mit dem Element Erde verbunden. Das Armband mit Peridot Oval Cabochon eignet sich daher auch als symbolisches Schmuckst\u00fcck f\u00fcr Selbstliebe, Akzeptanz und innere Balance.<\/p>\n<hr data-start=\"2198\" data-end=\"2201\" \/>\n<h4 data-start=\"2203\" data-end=\"2364\"><span class=\"ez-toc-section\" id=\"Mehr_uber_Peridote_Heilsteine_Heilsteine_Kristalle_Saphir_Smaragd\"><\/span><strong data-start=\"2206\" data-end=\"2241\">Mehr \u00fcber Peridote &amp; Heilsteine<\/strong><br data-start=\"2241\" data-end=\"2244\" \/><br \/>\nHeilsteine &amp; Kristalle |\u00a0<a href=\"https:\/\/saphirsmaragd.com\/sv\/product-category\/heilsteine-kristalle-kaufen\/edelstein-anhaenger\/\">Safir och smaragd<\/a><span class=\"ez-toc-section-end\"><\/span><\/h4>\n<hr data-start=\"2366\" data-end=\"2369\" \/>\n<h4 data-start=\"2371\" data-end=\"2431\"><span class=\"ez-toc-section\" id=\"Weitere_Infoswikipedia_Peridot\"><\/span><strong data-start=\"2374\" data-end=\"2391\">Mer information<\/strong><br data-start=\"2391\" data-end=\"2394\" \/><a class=\"decorated-link\" href=\"https:\/\/de.wikipedia.org\/wiki\/Peridot\" target=\"_new\" rel=\"noopener\" data-start=\"2394\" data-end=\"2431\">wikipedia:Peridot<\/a><span class=\"ez-toc-section-end\"><\/span><\/h4>","protected":false},"excerpt":{"rendered":"<p><em>Armband mit Peridot Oval Cabochon aus hochwertigem 925 Silber. Jedes Armband ist ein Unikat mit nat\u00fcrlicher Farbvariation und eignet sich ideal f\u00fcr Liebhaber echter Edelsteine.<\/em><\/p>","protected":false},"featured_media":7787,"comment_status":"open","ping_status":"closed","template":"","meta":{"_glsr_average":0,"_glsr_ranking":0,"_glsr_reviews":0},"product_brand":[],"product_cat":[331],"product_tag":[],"class_list":{"0":"post-7786","1":"product","2":"type-product","3":"status-publish","4":"has-post-thumbnail","6":"product_cat-edelsteinarmbaender-kaufen","8":"first","9":"instock","10":"shipping-taxable","11":"purchasable","12":"product-type-simple","13":"add-to-wishlist-before_image"},"jetpack_sharing_enabled":true,"_links":{"self":[{"href":"https:\/\/saphirsmaragd.com\/sv\/wp-json\/wp\/v2\/product\/7786","targetHints":{"allow":["GET"]}}],"collection":[{"href":"https:\/\/saphirsmaragd.com\/sv\/wp-json\/wp\/v2\/product"}],"about":[{"href":"https:\/\/saphirsmaragd.com\/sv\/wp-json\/wp\/v2\/types\/product"}],"replies":[{"embeddable":true,"href":"https:\/\/saphirsmaragd.com\/sv\/wp-json\/wp\/v2\/comments?post=7786"}],"version-history":[{"count":1,"href":"https:\/\/saphirsmaragd.com\/sv\/wp-json\/wp\/v2\/product\/7786\/revisions"}],"predecessor-version":[{"id":7789,"href":"https:\/\/saphirsmaragd.com\/sv\/wp-json\/wp\/v2\/product\/7786\/revisions\/7789"}],"wp:featuredmedia":[{"embeddable":true,"href":"https:\/\/saphirsmaragd.com\/sv\/wp-json\/wp\/v2\/media\/7787"}],"wp:attachment":[{"href":"https:\/\/saphirsmaragd.com\/sv\/wp-json\/wp\/v2\/media?parent=7786"}],"wp:term":[{"taxonomy":"product_brand","embeddable":true,"href":"https:\/\/saphirsmaragd.com\/sv\/wp-json\/wp\/v2\/product_brand?post=7786"},{"taxonomy":"product_cat","embeddable":true,"href":"https:\/\/saphirsmaragd.com\/sv\/wp-json\/wp\/v2\/product_cat?post=7786"},{"taxonomy":"product_tag","embeddable":true,"href":"https:\/\/saphirsmaragd.com\/sv\/wp-json\/wp\/v2\/product_tag?post=7786"}],"curies":[{"name":"wp","href":"https:\/\/api.w.org\/{rel}","templated":true}]}}