{"id":7818,"date":"2026-01-15T14:46:27","date_gmt":"2026-01-15T14:46:27","guid":{"rendered":"https:\/\/saphirsmaragd.com\/?post_type=product&#038;p=7818"},"modified":"2026-01-15T14:46:29","modified_gmt":"2026-01-15T14:46:29","slug":"armband-mit-rosenquarz-oval-cabochon","status":"publish","type":"product","link":"https:\/\/saphirsmaragd.com\/sv\/produkt\/armband-mit-rosenquarz-oval-cabochon\/","title":{"rendered":"Armband mit Rosenquarz Oval Cabochon \u2013 Handgefertigt aus 925 Silber"},"content":{"rendered":"<div id=\"ez-toc-container\" class=\"ez-toc-v2_0_82_2 counter-hierarchy ez-toc-counter ez-toc-grey ez-toc-container-direction\">\n<div class=\"ez-toc-title-container\">\n<p class=\"ez-toc-title\" style=\"cursor:inherit\">Inneh\u00e5llsf\u00f6rteckning<\/p>\n<span class=\"ez-toc-title-toggle\"><a href=\"#\" class=\"ez-toc-pull-right ez-toc-btn ez-toc-btn-xs ez-toc-btn-default ez-toc-toggle\" aria-label=\"Toggle Table of Content\"><span class=\"ez-toc-js-icon-con\"><span class=\"\"><span class=\"eztoc-hide\" style=\"display:none;\">Toggle<\/span><span class=\"ez-toc-icon-toggle-span\"><svg style=\"fill: #999;color:#999\" xmlns=\"http:\/\/www.w3.org\/2000\/svg\" class=\"list-377408\" width=\"20px\" height=\"20px\" viewbox=\"0 0 24 24\" fill=\"none\"><path d=\"M6 6H4v2h2V6zm14 0H8v2h12V6zM4 11h2v2H4v-2zm16 0H8v2h12v-2zM4 16h2v2H4v-2zm16 0H8v2h12v-2z\" fill=\"currentColor\"><\/path><\/svg><svg style=\"fill: #999;color:#999\" class=\"arrow-unsorted-368013\" xmlns=\"http:\/\/www.w3.org\/2000\/svg\" width=\"10px\" height=\"10px\" viewbox=\"0 0 24 24\" version=\"1.2\" baseprofile=\"tiny\"><path d=\"M18.2 9.3l-6.2-6.3-6.2 6.3c-.2.2-.3.4-.3.7s.1.5.3.7c.2.2.4.3.7.3h11c.3 0 .5-.1.7-.3.2-.2.3-.5.3-.7s-.1-.5-.3-.7zM5.8 14.7l6.2 6.3 6.2-6.3c.2-.2.3-.5.3-.7s-.1-.5-.3-.7c-.2-.2-.4-.3-.7-.3h-11c-.3 0-.5.1-.7.3-.2.2-.3.5-.3.7s.1.5.3.7z\"\/><\/svg><\/span><\/span><\/span><\/a><\/span><\/div>\n<nav><ul class='ez-toc-list ez-toc-list-level-1' ><li class='ez-toc-page-1 ez-toc-heading-level-4'><a class=\"ez-toc-link ez-toc-heading-1\" href=\"https:\/\/saphirsmaragd.com\/sv\/produkt\/armband-mit-rosenquarz-oval-cabochon\/#Armband_mit_Rosenquarz_Oval_Cabochon_%E2%80%93_Handgefertigt_aus_925_Silber\" >Armband mit Rosenquarz Oval Cabochon \u2013 Handgefertigt aus 925 Silber<\/a><\/li><li class='ez-toc-page-1 ez-toc-heading-level-4'><a class=\"ez-toc-link ez-toc-heading-2\" href=\"https:\/\/saphirsmaragd.com\/sv\/produkt\/armband-mit-rosenquarz-oval-cabochon\/#_Merkmale_Herkunft\" >\u00a0Egenskaper &amp; ursprung<\/a><\/li><li class='ez-toc-page-1 ez-toc-heading-level-4'><a class=\"ez-toc-link ez-toc-heading-3\" href=\"https:\/\/saphirsmaragd.com\/sv\/produkt\/armband-mit-rosenquarz-oval-cabochon\/#Besonderheiten\" >Specialfunktioner<\/a><\/li><li class='ez-toc-page-1 ez-toc-heading-level-4'><a class=\"ez-toc-link ez-toc-heading-4\" href=\"https:\/\/saphirsmaragd.com\/sv\/produkt\/armband-mit-rosenquarz-oval-cabochon\/#Weitere_Infoswikipedia_Rosenquarz\" >Weitere Infoswikipedia:Rosenquarz<\/a><\/li><\/ul><\/nav><\/div>\n<h4 data-start=\"790\" data-end=\"861\"><span class=\"ez-toc-section\" id=\"Armband_mit_Rosenquarz_Oval_Cabochon_%E2%80%93_Handgefertigt_aus_925_Silber\"><\/span>Armband mit Rosenquarz Oval Cabochon \u2013 Handgefertigt aus 925 Silber<span class=\"ez-toc-section-end\"><\/span><\/h4>\n<p data-start=\"863\" data-end=\"1055\">Dieses Armband mit Rosenquarz Oval Cabochon ist ein handgefertigtes Schmuckst\u00fcck, bei dem Sie ein Armband mit \u00e4hnlicher Farbgebung erhalten, da jeder Rosenquarz ein nat\u00fcrliches Unikat ist.<\/p>\n<hr data-start=\"1428\" data-end=\"1431\" \/>\n<h4 data-start=\"1167\" data-end=\"1235\"><span class=\"ez-toc-section\" id=\"_Merkmale_Herkunft\"><\/span>\u00a0Egenskaper &amp; ursprung<span class=\"ez-toc-section-end\"><\/span><\/h4>\n<p>Farbe: Zartes Rosa<br data-start=\"1109\" data-end=\"1112\" \/>Form: Oval Cabochon<br data-start=\"1131\" data-end=\"1134\" \/>Herkunft: Nat\u00fcrlicher Rosenquarz<br data-start=\"1179\" data-end=\"1182\" \/>Ma\u00dfe: Rosenquarz ca. 8 \u00d7 6 mm<br data-start=\"1211\" data-end=\"1214\" \/>Reinheit: Nat\u00fcrlicher Edelstein<br data-start=\"1245\" data-end=\"1248\" \/>Behandling: Obehandlad<br data-start=\"1305\" data-end=\"1308\" \/>Steinart: Rosenquarz<br data-start=\"1328\" data-end=\"1331\" \/>Material: Sterlingsilber 925<br data-start=\"1359\" data-end=\"1362\" \/>Schmuckart: Armband<br data-start=\"1381\" data-end=\"1384\" \/>L\u00e4nge\/Gr\u00f6\u00dfe: ca. 15,5\u201320 cm, verstellbar<\/p>\n<hr data-start=\"1428\" data-end=\"1431\" \/>\n<h4 data-start=\"1433\" data-end=\"1454\"><span class=\"ez-toc-section\" id=\"Besonderheiten\"><\/span><strong data-start=\"1436\" data-end=\"1454\">Specialfunktioner<\/strong><span class=\"ez-toc-section-end\"><\/span><\/h4>\n<p data-start=\"1456\" data-end=\"1739\">Dieses Armband mit Rosenquarz Oval Cabochon \u00fcberzeugt durch seine sanfte Farbwirkung und die glatt polierte Cabochon-Form, die dem Stein eine ruhige und harmonische Ausstrahlung verleiht. In Kombination mit 925 Silber entsteht ein zeitloses Schmuckst\u00fcck mit liebevoller Symbolik.<\/p>\n<p data-start=\"1741\" data-end=\"2207\">Dem Rosenquarz wird traditionell eine herz\u00f6ffnende Wirkung zugeschrieben. Er steht f\u00fcr das Geben und Empfangen von Liebe, f\u00f6rdert Selbstliebe, Mitgef\u00fchl und emotionale Ausgeglichenheit und unterst\u00fctzt die Verarbeitung alter emotionaler Verletzungen. Der Rosenquarz wird dem Herzchakra zugeordnet und mit dem Element Wasser verbunden. Das Armband mit Rosenquarz Oval Cabochon gilt daher als sanfter Begleiter f\u00fcr innere Ruhe, Heilung und liebevolle Selbstannahme.<\/p>\n<hr data-start=\"2209\" data-end=\"2212\" \/>\n<p><strong data-start=\"2217\" data-end=\"2255\">Mehr \u00fcber Rosenquarze &amp; Heilsteine<\/strong><\/p>\n<p data-start=\"2240\" data-end=\"2401\">Heilsteine &amp; Kristalle | <a href=\"https:\/\/saphirsmaragd.com\/sv\/product-category\/heilsteine-kristalle-kaufen\/edelstein-anhaenger\/\">Safir och smaragd<\/a><\/p>\n<hr data-start=\"2380\" data-end=\"2383\" \/>\n<h4 data-start=\"2385\" data-end=\"2448\"><span class=\"ez-toc-section\" id=\"Weitere_Infoswikipedia_Rosenquarz\"><\/span><strong data-start=\"2388\" data-end=\"2405\">Mer information<\/strong><br data-start=\"2405\" data-end=\"2408\" \/><a class=\"decorated-link\" href=\"https:\/\/de.wikipedia.org\/wiki\/Rosenquarz\" target=\"_new\" rel=\"noopener\" data-start=\"2408\" data-end=\"2448\">wikipedia:Rosenquarz<\/a><span class=\"ez-toc-section-end\"><\/span><\/h4>","protected":false},"excerpt":{"rendered":"<p><em>Armband mit Rosenquarz Oval Cabochon aus hochwertigem 925 Silber. Jedes Armband ist ein Unikat mit sanfter Rosaf\u00e4rbung und eignet sich ideal f\u00fcr Liebhaber echter Edelsteine.<\/em><\/p>","protected":false},"featured_media":7821,"comment_status":"open","ping_status":"closed","template":"","meta":{"_glsr_average":0,"_glsr_ranking":0,"_glsr_reviews":0},"product_brand":[],"product_cat":[331],"product_tag":[],"class_list":{"0":"post-7818","1":"product","2":"type-product","3":"status-publish","4":"has-post-thumbnail","6":"product_cat-edelsteinarmbaender-kaufen","8":"first","9":"instock","10":"shipping-taxable","11":"purchasable","12":"product-type-simple","13":"add-to-wishlist-before_image"},"jetpack_sharing_enabled":true,"_links":{"self":[{"href":"https:\/\/saphirsmaragd.com\/sv\/wp-json\/wp\/v2\/product\/7818","targetHints":{"allow":["GET"]}}],"collection":[{"href":"https:\/\/saphirsmaragd.com\/sv\/wp-json\/wp\/v2\/product"}],"about":[{"href":"https:\/\/saphirsmaragd.com\/sv\/wp-json\/wp\/v2\/types\/product"}],"replies":[{"embeddable":true,"href":"https:\/\/saphirsmaragd.com\/sv\/wp-json\/wp\/v2\/comments?post=7818"}],"version-history":[{"count":1,"href":"https:\/\/saphirsmaragd.com\/sv\/wp-json\/wp\/v2\/product\/7818\/revisions"}],"predecessor-version":[{"id":7823,"href":"https:\/\/saphirsmaragd.com\/sv\/wp-json\/wp\/v2\/product\/7818\/revisions\/7823"}],"wp:featuredmedia":[{"embeddable":true,"href":"https:\/\/saphirsmaragd.com\/sv\/wp-json\/wp\/v2\/media\/7821"}],"wp:attachment":[{"href":"https:\/\/saphirsmaragd.com\/sv\/wp-json\/wp\/v2\/media?parent=7818"}],"wp:term":[{"taxonomy":"product_brand","embeddable":true,"href":"https:\/\/saphirsmaragd.com\/sv\/wp-json\/wp\/v2\/product_brand?post=7818"},{"taxonomy":"product_cat","embeddable":true,"href":"https:\/\/saphirsmaragd.com\/sv\/wp-json\/wp\/v2\/product_cat?post=7818"},{"taxonomy":"product_tag","embeddable":true,"href":"https:\/\/saphirsmaragd.com\/sv\/wp-json\/wp\/v2\/product_tag?post=7818"}],"curies":[{"name":"wp","href":"https:\/\/api.w.org\/{rel}","templated":true}]}}