{"id":7879,"date":"2026-01-22T10:51:47","date_gmt":"2026-01-22T10:51:47","guid":{"rendered":"https:\/\/saphirsmaragd.com\/?post_type=product&#038;p=7879"},"modified":"2026-01-22T11:00:18","modified_gmt":"2026-01-22T11:00:18","slug":"armband-mit-ametrin-lila-gelb","status":"publish","type":"product","link":"https:\/\/saphirsmaragd.com\/sv\/produkt\/armband-mit-ametrin-lila-gelb\/","title":{"rendered":"Armband mit Ametrin Lila-Gelb \u2013 Edelsteinarmband mit 14K Goldperle"},"content":{"rendered":"<div id=\"ez-toc-container\" class=\"ez-toc-v2_0_82_2 counter-hierarchy ez-toc-counter ez-toc-grey ez-toc-container-direction\">\n<div class=\"ez-toc-title-container\">\n<p class=\"ez-toc-title\" style=\"cursor:inherit\">Inneh\u00e5llsf\u00f6rteckning<\/p>\n<span class=\"ez-toc-title-toggle\"><a href=\"#\" class=\"ez-toc-pull-right ez-toc-btn ez-toc-btn-xs ez-toc-btn-default ez-toc-toggle\" aria-label=\"Toggle Table of Content\"><span class=\"ez-toc-js-icon-con\"><span class=\"\"><span class=\"eztoc-hide\" style=\"display:none;\">Toggle<\/span><span class=\"ez-toc-icon-toggle-span\"><svg style=\"fill: #999;color:#999\" xmlns=\"http:\/\/www.w3.org\/2000\/svg\" class=\"list-377408\" width=\"20px\" height=\"20px\" viewbox=\"0 0 24 24\" fill=\"none\"><path d=\"M6 6H4v2h2V6zm14 0H8v2h12V6zM4 11h2v2H4v-2zm16 0H8v2h12v-2zM4 16h2v2H4v-2zm16 0H8v2h12v-2z\" fill=\"currentColor\"><\/path><\/svg><svg style=\"fill: #999;color:#999\" class=\"arrow-unsorted-368013\" xmlns=\"http:\/\/www.w3.org\/2000\/svg\" width=\"10px\" height=\"10px\" viewbox=\"0 0 24 24\" version=\"1.2\" baseprofile=\"tiny\"><path d=\"M18.2 9.3l-6.2-6.3-6.2 6.3c-.2.2-.3.4-.3.7s.1.5.3.7c.2.2.4.3.7.3h11c.3 0 .5-.1.7-.3.2-.2.3-.5.3-.7s-.1-.5-.3-.7zM5.8 14.7l6.2 6.3 6.2-6.3c.2-.2.3-.5.3-.7s-.1-.5-.3-.7c-.2-.2-.4-.3-.7-.3h-11c-.3 0-.5.1-.7.3-.2.2-.3.5-.3.7s.1.5.3.7z\"\/><\/svg><\/span><\/span><\/span><\/a><\/span><\/div>\n<nav><ul class='ez-toc-list ez-toc-list-level-1' ><li class='ez-toc-page-1 ez-toc-heading-level-4'><a class=\"ez-toc-link ez-toc-heading-1\" href=\"https:\/\/saphirsmaragd.com\/sv\/produkt\/armband-mit-ametrin-lila-gelb\/#Armband_mit_Ametrin_Lila-Gelb_%E2%80%93_Elastisches_Edelsteinarmband_mit_14K_Goldperle\" >Armband mit Ametrin Lila-Gelb \u2013 Elastisches Edelsteinarmband mit 14K Goldperle<\/a><\/li><li class='ez-toc-page-1 ez-toc-heading-level-4'><a class=\"ez-toc-link ez-toc-heading-2\" href=\"https:\/\/saphirsmaragd.com\/sv\/produkt\/armband-mit-ametrin-lila-gelb\/#_Merkmale_Herkunft\" >\u00a0Egenskaper &amp; ursprung<\/a><\/li><li class='ez-toc-page-1 ez-toc-heading-level-4'><a class=\"ez-toc-link ez-toc-heading-3\" href=\"https:\/\/saphirsmaragd.com\/sv\/produkt\/armband-mit-ametrin-lila-gelb\/#_Besonderheiten\" >\u00a0Specialfunktioner<\/a><\/li><li class='ez-toc-page-1 ez-toc-heading-level-4'><a class=\"ez-toc-link ez-toc-heading-4\" href=\"https:\/\/saphirsmaragd.com\/sv\/produkt\/armband-mit-ametrin-lila-gelb\/#_Mehr_uber_Achate_Heilsteine\" >\u00a0Mehr \u00fcber Achate &amp; Heilsteine<\/a><\/li><li class='ez-toc-page-1 ez-toc-heading-level-4'><a class=\"ez-toc-link ez-toc-heading-5\" href=\"https:\/\/saphirsmaragd.com\/sv\/produkt\/armband-mit-ametrin-lila-gelb\/#_Weitere_Infos\" >\u00a0Mer information<\/a><\/li><\/ul><\/nav><\/div>\n<h4 data-start=\"977\" data-end=\"1063\"><span class=\"ez-toc-section\" id=\"Armband_mit_Ametrin_Lila-Gelb_%E2%80%93_Elastisches_Edelsteinarmband_mit_14K_Goldperle\"><\/span><strong data-start=\"981\" data-end=\"1063\">Armband mit Ametrin Lila-Gelb \u2013 Elastisches Edelsteinarmband mit 14K Goldperle<\/strong><span class=\"ez-toc-section-end\"><\/span><\/h4>\n<p data-start=\"1065\" data-end=\"1256\">Das Armband mit Ametrin Lila-Gelb ist ein hochwertiges Edelsteinarmband, das die Eigenschaften von Amethyst und Citrin in einem Stein vereint und durch seine harmonische Farbgebung \u00fcberzeugt.<\/p>\n<hr data-start=\"2365\" data-end=\"2368\" \/>\n<h4 data-start=\"1187\" data-end=\"1215\"><span class=\"ez-toc-section\" id=\"_Merkmale_Herkunft\"><\/span>\u00a0Egenskaper &amp; ursprung<span class=\"ez-toc-section-end\"><\/span><\/h4>\n<p data-start=\"1216\" data-end=\"1508\">Farbe: Lila-Gelb<br data-start=\"1303\" data-end=\"1306\" \/>Form: Kugel<br data-start=\"1352\" data-end=\"1355\" \/>Ma\u00dfe: Perlendurchmesser ca. 6 mm<br data-start=\"1387\" data-end=\"1390\" \/>Reinheit: Naturstein<br data-start=\"1436\" data-end=\"1439\" \/>Zertifikat: Nein<br data-start=\"1455\" data-end=\"1458\" \/>Skick: Nytt<br data-start=\"1470\" data-end=\"1473\" \/>Steinart: Ametrin<br data-start=\"1490\" data-end=\"1493\" \/>Material: Elastisches Band, 14 Karat Goldperle<br data-start=\"1539\" data-end=\"1542\" \/>Schmuckart: Armband<br data-start=\"1561\" data-end=\"1564\" \/>L\u00e4nge: ca. 18 cm<\/p>\n<hr data-start=\"2365\" data-end=\"2368\" \/>\n<h4 data-start=\"1510\" data-end=\"1533\"><span class=\"ez-toc-section\" id=\"_Besonderheiten\"><\/span>\u00a0Specialfunktioner<span class=\"ez-toc-section-end\"><\/span><\/h4>\n<p data-start=\"1608\" data-end=\"1963\">Der Ametrin vereint die sch\u00fctzende, kl\u00e4rende Wirkung des Amethysts mit der aktivierenden, w\u00e4rmenden Energie des Citrins. Diese Kombination unterst\u00fctzt dabei, Gef\u00fchle und Verstand in Einklang zu bringen und die eigene Intuition bewusster wahrzunehmen. Das Armband mit Ametrin Lila-Gelb f\u00f6rdert eine positive Grundhaltung und ermutigt zu konstrivem Handeln.<\/p>\n<p data-start=\"1965\" data-end=\"2322\">Dar\u00fcber hinaus wird dem Ametrin nachgesagt, Stress, innere Anspannung und negative Gedankenmuster zu reduzieren. Er unterst\u00fctzt Selbstwahrnehmung, Selbstvertrauen und innere St\u00e4rke und f\u00f6rdert Kreativit\u00e4t sowie einen freien Energiefluss. Das Armband mit Ametrin Lila-Gelb eignet sich besonders f\u00fcr Meditation, pers\u00f6nliche Entwicklung und Phasen des Wandels.<\/p>\n<hr data-start=\"2365\" data-end=\"2368\" \/>\n<h4 data-start=\"2232\" data-end=\"2270\"><span class=\"ez-toc-section\" id=\"_Mehr_uber_Achate_Heilsteine\"><\/span>\u00a0Mehr \u00fcber Achate &amp; Heilsteine<span class=\"ez-toc-section-end\"><\/span><\/h4>\n<p data-start=\"2271\" data-end=\"2322\">Heilsteine &amp; Kristalle | <a class=\"decorated-link\" href=\"https:\/\/saphirsmaragd.com\/sv\/product-category\/heilsteine-kristalle-kaufen\/\" rel=\"noopener\" data-start=\"2301\" data-end=\"2322\">Safir och smaragd<\/a><\/p>\n<hr data-start=\"2365\" data-end=\"2368\" \/>\n<h4 data-start=\"2324\" data-end=\"2346\"><span class=\"ez-toc-section\" id=\"_Weitere_Infos\"><\/span>\u00a0Mer information<span class=\"ez-toc-section-end\"><\/span><\/h4>\n<p data-start=\"2347\" data-end=\"2363\">Wikipedia:<a href=\"https:\/\/de.wikipedia.org\/wiki\/Aquamarin\" target=\"_blank\" rel=\"noopener\">Akvamarin<\/a><\/p>","protected":false},"excerpt":{"rendered":"<p><em>Das Armband mit Ametrin Lila-Gelb ist ein elastisches Edelsteinarmband mit 14-kar\u00e4tiger Goldperle und steht f\u00fcr positive Energie, Schutz und innere Balance.<\/em><\/p>","protected":false},"featured_media":7880,"comment_status":"open","ping_status":"closed","template":"","meta":{"_glsr_average":0,"_glsr_ranking":0,"_glsr_reviews":0},"product_brand":[],"product_cat":[331],"product_tag":[],"class_list":{"0":"post-7879","1":"product","2":"type-product","3":"status-publish","4":"has-post-thumbnail","6":"product_cat-edelsteinarmbaender-kaufen","8":"first","9":"instock","10":"shipping-taxable","11":"purchasable","12":"product-type-simple","13":"add-to-wishlist-before_image"},"jetpack_sharing_enabled":true,"_links":{"self":[{"href":"https:\/\/saphirsmaragd.com\/sv\/wp-json\/wp\/v2\/product\/7879","targetHints":{"allow":["GET"]}}],"collection":[{"href":"https:\/\/saphirsmaragd.com\/sv\/wp-json\/wp\/v2\/product"}],"about":[{"href":"https:\/\/saphirsmaragd.com\/sv\/wp-json\/wp\/v2\/types\/product"}],"replies":[{"embeddable":true,"href":"https:\/\/saphirsmaragd.com\/sv\/wp-json\/wp\/v2\/comments?post=7879"}],"version-history":[{"count":1,"href":"https:\/\/saphirsmaragd.com\/sv\/wp-json\/wp\/v2\/product\/7879\/revisions"}],"predecessor-version":[{"id":7881,"href":"https:\/\/saphirsmaragd.com\/sv\/wp-json\/wp\/v2\/product\/7879\/revisions\/7881"}],"wp:featuredmedia":[{"embeddable":true,"href":"https:\/\/saphirsmaragd.com\/sv\/wp-json\/wp\/v2\/media\/7880"}],"wp:attachment":[{"href":"https:\/\/saphirsmaragd.com\/sv\/wp-json\/wp\/v2\/media?parent=7879"}],"wp:term":[{"taxonomy":"product_brand","embeddable":true,"href":"https:\/\/saphirsmaragd.com\/sv\/wp-json\/wp\/v2\/product_brand?post=7879"},{"taxonomy":"product_cat","embeddable":true,"href":"https:\/\/saphirsmaragd.com\/sv\/wp-json\/wp\/v2\/product_cat?post=7879"},{"taxonomy":"product_tag","embeddable":true,"href":"https:\/\/saphirsmaragd.com\/sv\/wp-json\/wp\/v2\/product_tag?post=7879"}],"curies":[{"name":"wp","href":"https:\/\/api.w.org\/{rel}","templated":true}]}}