{"id":7893,"date":"2026-01-22T11:20:54","date_gmt":"2026-01-22T11:20:54","guid":{"rendered":"https:\/\/saphirsmaragd.com\/?post_type=product&#038;p=7893"},"modified":"2026-01-22T11:24:50","modified_gmt":"2026-01-22T11:24:50","slug":"armband-mit-aventurin-gruen","status":"publish","type":"product","link":"https:\/\/saphirsmaragd.com\/sv\/produkt\/armband-mit-aventurin-gruen\/","title":{"rendered":"Armband mit Aventurin Gr\u00fcn \u2013 Edelsteinarmband mit 14K Goldperle"},"content":{"rendered":"<div id=\"ez-toc-container\" class=\"ez-toc-v2_0_82_2 counter-hierarchy ez-toc-counter ez-toc-grey ez-toc-container-direction\">\n<div class=\"ez-toc-title-container\">\n<p class=\"ez-toc-title\" style=\"cursor:inherit\">Inneh\u00e5llsf\u00f6rteckning<\/p>\n<span class=\"ez-toc-title-toggle\"><a href=\"#\" class=\"ez-toc-pull-right ez-toc-btn ez-toc-btn-xs ez-toc-btn-default ez-toc-toggle\" aria-label=\"Toggle Table of Content\"><span class=\"ez-toc-js-icon-con\"><span class=\"\"><span class=\"eztoc-hide\" style=\"display:none;\">Toggle<\/span><span class=\"ez-toc-icon-toggle-span\"><svg style=\"fill: #999;color:#999\" xmlns=\"http:\/\/www.w3.org\/2000\/svg\" class=\"list-377408\" width=\"20px\" height=\"20px\" viewbox=\"0 0 24 24\" fill=\"none\"><path d=\"M6 6H4v2h2V6zm14 0H8v2h12V6zM4 11h2v2H4v-2zm16 0H8v2h12v-2zM4 16h2v2H4v-2zm16 0H8v2h12v-2z\" fill=\"currentColor\"><\/path><\/svg><svg style=\"fill: #999;color:#999\" class=\"arrow-unsorted-368013\" xmlns=\"http:\/\/www.w3.org\/2000\/svg\" width=\"10px\" height=\"10px\" viewbox=\"0 0 24 24\" version=\"1.2\" baseprofile=\"tiny\"><path d=\"M18.2 9.3l-6.2-6.3-6.2 6.3c-.2.2-.3.4-.3.7s.1.5.3.7c.2.2.4.3.7.3h11c.3 0 .5-.1.7-.3.2-.2.3-.5.3-.7s-.1-.5-.3-.7zM5.8 14.7l6.2 6.3 6.2-6.3c.2-.2.3-.5.3-.7s-.1-.5-.3-.7c-.2-.2-.4-.3-.7-.3h-11c-.3 0-.5.1-.7.3-.2.2-.3.5-.3.7s.1.5.3.7z\"\/><\/svg><\/span><\/span><\/span><\/a><\/span><\/div>\n<nav><ul class='ez-toc-list ez-toc-list-level-1' ><li class='ez-toc-page-1 ez-toc-heading-level-4'><a class=\"ez-toc-link ez-toc-heading-1\" href=\"https:\/\/saphirsmaragd.com\/sv\/produkt\/armband-mit-aventurin-gruen\/#Armband_mit_Aventurin_Grun_%E2%80%93_Elastisches_Edelsteinarmband_mit_14K_Goldperle\" >Armband mit Aventurin Gr\u00fcn \u2013 Elastisches Edelsteinarmband mit 14K Goldperle<\/a><\/li><li class='ez-toc-page-1 ez-toc-heading-level-4'><a class=\"ez-toc-link ez-toc-heading-2\" href=\"https:\/\/saphirsmaragd.com\/sv\/produkt\/armband-mit-aventurin-gruen\/#_Merkmale_Herkunft\" >\u00a0Egenskaper &amp; ursprung<\/a><\/li><li class='ez-toc-page-1 ez-toc-heading-level-4'><a class=\"ez-toc-link ez-toc-heading-3\" href=\"https:\/\/saphirsmaragd.com\/sv\/produkt\/armband-mit-aventurin-gruen\/#_Besonderheiten\" >\u00a0Specialfunktioner<\/a><\/li><li class='ez-toc-page-1 ez-toc-heading-level-4'><a class=\"ez-toc-link ez-toc-heading-4\" href=\"https:\/\/saphirsmaragd.com\/sv\/produkt\/armband-mit-aventurin-gruen\/#_Mehr_uber_Achate_Heilsteine\" >\u00a0Mehr \u00fcber Achate &amp; Heilsteine<\/a><\/li><li class='ez-toc-page-1 ez-toc-heading-level-4'><a class=\"ez-toc-link ez-toc-heading-5\" href=\"https:\/\/saphirsmaragd.com\/sv\/produkt\/armband-mit-aventurin-gruen\/#_Weitere_Infos\" >\u00a0Mer information<\/a><\/li><\/ul><\/nav><\/div>\n<h4 data-start=\"975\" data-end=\"1058\"><span class=\"ez-toc-section\" id=\"Armband_mit_Aventurin_Grun_%E2%80%93_Elastisches_Edelsteinarmband_mit_14K_Goldperle\"><\/span><strong data-start=\"979\" data-end=\"1058\">Armband mit Aventurin Gr\u00fcn \u2013 Elastisches Edelsteinarmband mit 14K Goldperle<\/strong><span class=\"ez-toc-section-end\"><\/span><\/h4>\n<p data-start=\"1060\" data-end=\"1346\">Das Armband mit Aventurin Gr\u00fcn ist ein hochwertiges Edelsteinarmband, das durch seine frische gr\u00fcne Farbe, seine beruhigende Ausstrahlung und seine feine Verarbeitung \u00fcberzeugt. Da es sich um ein Naturprodukt handelt, erhalten Sie ein einzigartiges Armband mit individueller Farbnuance.<\/p>\n<hr data-start=\"2365\" data-end=\"2368\" \/>\n<h4 data-start=\"1187\" data-end=\"1215\"><span class=\"ez-toc-section\" id=\"_Merkmale_Herkunft\"><\/span>\u00a0Egenskaper &amp; ursprung<span class=\"ez-toc-section-end\"><\/span><\/h4>\n<p data-start=\"1216\" data-end=\"1508\">Farbe: Gr\u00fcn<br data-start=\"1388\" data-end=\"1391\" \/>Form: Kugel<br data-start=\"1424\" data-end=\"1427\" \/>Ma\u00dfe: Perlendurchmesser ca. 6 mm<br data-start=\"1472\" data-end=\"1475\" \/>Reinheit: Naturstein<br data-start=\"1521\" data-end=\"1524\" \/>Zertifikat: Nein<br data-start=\"1540\" data-end=\"1543\" \/>Skick: Nytt<br data-start=\"1555\" data-end=\"1558\" \/>Steinart: Aventurin<br data-start=\"1577\" data-end=\"1580\" \/>Material: Elastisches Band, 14 Karat Goldperle<br data-start=\"1626\" data-end=\"1629\" \/>Schmuckart: Armband<br data-start=\"1648\" data-end=\"1651\" \/>L\u00e4nge: ca. 18 cm<\/p>\n<hr data-start=\"2365\" data-end=\"2368\" \/>\n<h4 data-start=\"1510\" data-end=\"1533\"><span class=\"ez-toc-section\" id=\"_Besonderheiten\"><\/span>\u00a0Specialfunktioner<span class=\"ez-toc-section-end\"><\/span><\/h4>\n<p data-start=\"1695\" data-end=\"2137\">Der gr\u00fcne Aventurin gilt als beruhigender und sch\u00fctzender Edelstein, der innere Ruhe, emotionale Ausgeglichenheit und eine positive Lebenseinstellung f\u00f6rdern kann. Er wird traditionell mit Gl\u00fcck, Wohlstand und Zuversicht in Verbindung gebracht und unterst\u00fctzt dabei, entspannter, geduldiger, toleranter und einf\u00fchlsamer zu werden. Negative Emotionen wie \u00c4rger, Reizbarkeit und Stress k\u00f6nnen durch seine ausgleichende Energie gemildert werden.<\/p>\n<p data-start=\"2139\" data-end=\"2622\">Dar\u00fcber hinaus st\u00e4rkt Aventurin den Optimismus und hilft dabei, Ziele klar zu fokussieren und konsequent zu verfolgen. Er f\u00f6rdert Kreativit\u00e4t, Entscheidungsfreude und pers\u00f6nliches Wachstum. Gleichzeitig wird ihm eine sch\u00fctzende Wirkung gegen negative \u00e4u\u00dfere Einfl\u00fcsse wie elektromagnetische Strahlung, Umweltbelastungen und sogenannte Wasseradern zugeschrieben. Energetisch ist der gr\u00fcne Aventurin dem Herzchakra zugeordnet und wird mit den Elementen Wasser, Erde und Luft verbunden.<\/p>\n<hr data-start=\"2365\" data-end=\"2368\" \/>\n<h4 data-start=\"2232\" data-end=\"2270\"><span class=\"ez-toc-section\" id=\"_Mehr_uber_Achate_Heilsteine\"><\/span>\u00a0Mehr \u00fcber Achate &amp; Heilsteine<span class=\"ez-toc-section-end\"><\/span><\/h4>\n<p data-start=\"2271\" data-end=\"2322\">Heilsteine &amp; Kristalle | <a class=\"decorated-link\" href=\"https:\/\/saphirsmaragd.com\/sv\/product-category\/heilsteine-kristalle-kaufen\/\" rel=\"noopener\" data-start=\"2301\" data-end=\"2322\">Safir och smaragd<\/a><\/p>\n<hr data-start=\"2365\" data-end=\"2368\" \/>\n<h4 data-start=\"2324\" data-end=\"2346\"><span class=\"ez-toc-section\" id=\"_Weitere_Infos\"><\/span>\u00a0Mer information<span class=\"ez-toc-section-end\"><\/span><\/h4>\n<p data-start=\"2347\" data-end=\"2363\">Wikipedia:<a href=\"https:\/\/de.wikipedia.org\/wiki\/Aquamarin\" target=\"_blank\" rel=\"noopener\">Akvamarin<\/a><\/p>","protected":false},"excerpt":{"rendered":"<p><em>Das Armband mit Aventurin Gr\u00fcn ist ein elastisches Edelsteinarmband mit 14-kar\u00e4tiger Goldperle und steht f\u00fcr Schutz, Entspannung und emotionales Wohlbefinden.<\/em><\/p>","protected":false},"featured_media":7894,"comment_status":"open","ping_status":"closed","template":"","meta":{"_glsr_average":0,"_glsr_ranking":0,"_glsr_reviews":0},"product_brand":[],"product_cat":[331],"product_tag":[],"class_list":{"0":"post-7893","1":"product","2":"type-product","3":"status-publish","4":"has-post-thumbnail","6":"product_cat-edelsteinarmbaender-kaufen","8":"first","9":"instock","10":"shipping-taxable","11":"purchasable","12":"product-type-simple","13":"add-to-wishlist-before_image"},"jetpack_sharing_enabled":true,"_links":{"self":[{"href":"https:\/\/saphirsmaragd.com\/sv\/wp-json\/wp\/v2\/product\/7893","targetHints":{"allow":["GET"]}}],"collection":[{"href":"https:\/\/saphirsmaragd.com\/sv\/wp-json\/wp\/v2\/product"}],"about":[{"href":"https:\/\/saphirsmaragd.com\/sv\/wp-json\/wp\/v2\/types\/product"}],"replies":[{"embeddable":true,"href":"https:\/\/saphirsmaragd.com\/sv\/wp-json\/wp\/v2\/comments?post=7893"}],"version-history":[{"count":2,"href":"https:\/\/saphirsmaragd.com\/sv\/wp-json\/wp\/v2\/product\/7893\/revisions"}],"predecessor-version":[{"id":7896,"href":"https:\/\/saphirsmaragd.com\/sv\/wp-json\/wp\/v2\/product\/7893\/revisions\/7896"}],"wp:featuredmedia":[{"embeddable":true,"href":"https:\/\/saphirsmaragd.com\/sv\/wp-json\/wp\/v2\/media\/7894"}],"wp:attachment":[{"href":"https:\/\/saphirsmaragd.com\/sv\/wp-json\/wp\/v2\/media?parent=7893"}],"wp:term":[{"taxonomy":"product_brand","embeddable":true,"href":"https:\/\/saphirsmaragd.com\/sv\/wp-json\/wp\/v2\/product_brand?post=7893"},{"taxonomy":"product_cat","embeddable":true,"href":"https:\/\/saphirsmaragd.com\/sv\/wp-json\/wp\/v2\/product_cat?post=7893"},{"taxonomy":"product_tag","embeddable":true,"href":"https:\/\/saphirsmaragd.com\/sv\/wp-json\/wp\/v2\/product_tag?post=7893"}],"curies":[{"name":"wp","href":"https:\/\/api.w.org\/{rel}","templated":true}]}}