{"id":8778,"date":"2026-05-14T18:28:40","date_gmt":"2026-05-14T18:28:40","guid":{"rendered":"https:\/\/saphirsmaragd.com\/?post_type=product&#038;p=8778"},"modified":"2026-05-14T18:31:19","modified_gmt":"2026-05-14T18:31:19","slug":"smaragd-oval-gruen-0-79-karat","status":"publish","type":"product","link":"https:\/\/saphirsmaragd.com\/sv\/produkt\/smaragd-oval-gruen-0-79-karat\/","title":{"rendered":"Smaragd Oval Gr\u00fcn 0.79 Karat aus Sambia \u2013 Eleganter ovaler Edelstein"},"content":{"rendered":"<div id=\"ez-toc-container\" class=\"ez-toc-v2_0_83 counter-hierarchy ez-toc-counter ez-toc-grey ez-toc-container-direction\">\n<div class=\"ez-toc-title-container\">\n<p class=\"ez-toc-title\" style=\"cursor:inherit\">Inneh\u00e5llsf\u00f6rteckning<\/p>\n<span class=\"ez-toc-title-toggle\"><a href=\"#\" class=\"ez-toc-pull-right ez-toc-btn ez-toc-btn-xs ez-toc-btn-default ez-toc-toggle\" aria-label=\"Toggle Table of Content\"><span class=\"ez-toc-js-icon-con\"><span class=\"\"><span class=\"eztoc-hide\" style=\"display:none;\">Toggle<\/span><span class=\"ez-toc-icon-toggle-span\"><svg style=\"fill: #999;color:#999\" xmlns=\"http:\/\/www.w3.org\/2000\/svg\" class=\"list-377408\" width=\"20px\" height=\"20px\" viewbox=\"0 0 24 24\" fill=\"none\"><path d=\"M6 6H4v2h2V6zm14 0H8v2h12V6zM4 11h2v2H4v-2zm16 0H8v2h12v-2zM4 16h2v2H4v-2zm16 0H8v2h12v-2z\" fill=\"currentColor\"><\/path><\/svg><svg style=\"fill: #999;color:#999\" class=\"arrow-unsorted-368013\" xmlns=\"http:\/\/www.w3.org\/2000\/svg\" width=\"10px\" height=\"10px\" viewbox=\"0 0 24 24\" version=\"1.2\" baseprofile=\"tiny\"><path d=\"M18.2 9.3l-6.2-6.3-6.2 6.3c-.2.2-.3.4-.3.7s.1.5.3.7c.2.2.4.3.7.3h11c.3 0 .5-.1.7-.3.2-.2.3-.5.3-.7s-.1-.5-.3-.7zM5.8 14.7l6.2 6.3 6.2-6.3c.2-.2.3-.5.3-.7s-.1-.5-.3-.7c-.2-.2-.4-.3-.7-.3h-11c-.3 0-.5.1-.7.3-.2.2-.3.5-.3.7s.1.5.3.7z\"\/><\/svg><\/span><\/span><\/span><\/a><\/span><\/div>\n<nav><ul class='ez-toc-list ez-toc-list-level-1' ><li class='ez-toc-page-1 ez-toc-heading-level-4'><a class=\"ez-toc-link ez-toc-heading-1\" href=\"https:\/\/saphirsmaragd.com\/sv\/produkt\/smaragd-oval-gruen-0-79-karat\/#Merkmale_Herkunft\" >Egenskaper &amp; ursprung<\/a><\/li><li class='ez-toc-page-1 ez-toc-heading-level-4'><a class=\"ez-toc-link ez-toc-heading-2\" href=\"https:\/\/saphirsmaragd.com\/sv\/produkt\/smaragd-oval-gruen-0-79-karat\/#Besonderheiten\" >Specialfunktioner<\/a><\/li><li class='ez-toc-page-1 ez-toc-heading-level-4'><a class=\"ez-toc-link ez-toc-heading-3\" href=\"https:\/\/saphirsmaragd.com\/sv\/produkt\/smaragd-oval-gruen-0-79-karat\/#Mehr_uber_Heilsteine_Kristalle\" >Mehr \u00fcber Heilsteine &amp; Kristalle<\/a><\/li><li class='ez-toc-page-1 ez-toc-heading-level-4'><a class=\"ez-toc-link ez-toc-heading-4\" href=\"https:\/\/saphirsmaragd.com\/sv\/produkt\/smaragd-oval-gruen-0-79-karat\/#Weitere_Infos\" >Mer information<\/a><\/li><\/ul><\/nav><\/div>\n<p data-start=\"556\" data-end=\"776\">Der Smaragd Oval Gr\u00fcn 0.79 Karat aus Sambia \u00fcberzeugt durch seine harmonische ovale Form und seine lebendige gr\u00fcne Farbwirkung. Der klassische ovale Schliff verleiht dem Edelstein eine elegante und zeitlose Ausstrahlung.<\/p>\n<hr data-start=\"778\" data-end=\"781\" \/>\n<h4 data-start=\"783\" data-end=\"809\"><span class=\"ez-toc-section\" id=\"Merkmale_Herkunft\"><\/span>Egenskaper &amp; ursprung<span class=\"ez-toc-section-end\"><\/span><\/h4>\n<p data-start=\"811\" data-end=\"1037\">Steinart: Smaragd<br data-start=\"828\" data-end=\"831\" \/>Farbe: Gr\u00fcn<br data-start=\"842\" data-end=\"845\" \/>Form: Oval<br data-start=\"855\" data-end=\"858\" \/>Gewicht: 0.79 Karat<br data-start=\"877\" data-end=\"880\" \/>Abmessungen: ca. 7 x 5 mm<br data-start=\"905\" data-end=\"908\" \/>Herkunft: Sambia<br data-start=\"924\" data-end=\"927\" \/>Reinheit: Kleine Einschl\u00fcsse<br data-start=\"955\" data-end=\"958\" \/>Behandlung: Ge\u00f6lt<br data-start=\"975\" data-end=\"978\" \/>Beobachtung: Nat\u00fcrlich<br data-start=\"1000\" data-end=\"1003\" \/>Mohs-H\u00e4rte: 7.5\u20138<br data-start=\"1020\" data-end=\"1023\" \/>Skick: Nytt<\/p>\n<hr data-start=\"1039\" data-end=\"1042\" \/>\n<h4 data-start=\"1044\" data-end=\"1065\"><span class=\"ez-toc-section\" id=\"Besonderheiten\"><\/span>Specialfunktioner<span class=\"ez-toc-section-end\"><\/span><\/h4>\n<p data-start=\"1067\" data-end=\"1192\">Der Smaragd Oval Gr\u00fcn 0.79 Karat eignet sich ideal f\u00fcr luxuri\u00f6se Ringe, elegante Anh\u00e4nger oder individuelle Schmuckdesigns.<\/p>\n<p data-start=\"1194\" data-end=\"1384\">Der ovale Schliff z\u00e4hlt zu den beliebtesten Edelsteinschliffen und sorgt f\u00fcr eine besonders ausgewogene und elegante Optik. Gleichzeitig l\u00e4sst die Form den Edelstein optisch gr\u00f6\u00dfer wirken.<\/p>\n<p data-start=\"1386\" data-end=\"1563\">Smaragde aus Sambia sind weltweit gesch\u00e4tzt f\u00fcr ihre intensive gr\u00fcne Farbe und ihre nat\u00fcrliche Struktur. Die charakteristischen Einschl\u00fcsse machen jeden Edelstein einzigartig.<\/p>\n<hr data-start=\"1670\" data-end=\"1673\" \/>\n<h4 data-start=\"1448\" data-end=\"1473\"><span class=\"ez-toc-section\" id=\"Mehr_uber_Heilsteine_Kristalle\"><\/span>Mehr \u00fcber Heilsteine &amp; Kristalle<span class=\"ez-toc-section-end\"><\/span><\/h4>\n<p data-start=\"1475\" data-end=\"1668\"><a class=\"\" href=\"https:\/\/saphirsmaragd.com\/sv\/product-category\/heilsteine-kristalle-kaufen\/\" target=\"_new\" rel=\"noopener\" data-start=\"1571\" data-end=\"1668\">L\u00e4kande stenar och kristaller<\/a><\/p>\n<hr data-start=\"1670\" data-end=\"1673\" \/>\n<h4 data-start=\"1675\" data-end=\"1695\"><span class=\"ez-toc-section\" id=\"Weitere_Infos\"><\/span>Mer information<span class=\"ez-toc-section-end\"><\/span><\/h4>\n<p data-start=\"1697\" data-end=\"1801\"><a class=\"\" href=\"https:\/\/de.wikipedia.org\/wiki\/Smaragd\" target=\"_new\" rel=\"noopener\" data-start=\"1741\" data-end=\"1801\">Wikipedia \u2013 Smaragd<\/a><\/p>","protected":false},"excerpt":{"rendered":"<p data-start=\"260\" data-end=\"393\"><em>Smaragd Oval Gr\u00fcn 0.79 Karat aus Sambia, ge\u00f6lt. Oval geschliffener Edelstein mit intensiver gr\u00fcner Farbe und nat\u00fcrlicher Eleganz.<\/em><\/p>","protected":false},"featured_media":8779,"comment_status":"open","ping_status":"closed","template":"","meta":{"_glsr_average":0,"_glsr_ranking":0,"_glsr_reviews":0},"product_brand":[],"product_cat":[262],"product_tag":[],"class_list":{"0":"post-8778","1":"product","2":"type-product","3":"status-publish","4":"has-post-thumbnail","6":"product_cat-smaragd","7":"pa_edelsteinart-smaragd","8":"pa_farbe-gruen","9":"pa_form-oval","10":"pa_gewicht-karat-0-5-1-0-karat","11":"pa_herkunft-sambia","12":"pa_reinheit-kleine-einschluesse","13":"pa_veredelung-behandlung-geoelt","14":"pa_zustand-neu","16":"first","17":"instock","18":"sold-individually","19":"shipping-taxable","20":"purchasable","21":"product-type-simple","22":"add-to-wishlist-before_image"},"jetpack_sharing_enabled":true,"_links":{"self":[{"href":"https:\/\/saphirsmaragd.com\/sv\/wp-json\/wp\/v2\/product\/8778","targetHints":{"allow":["GET"]}}],"collection":[{"href":"https:\/\/saphirsmaragd.com\/sv\/wp-json\/wp\/v2\/product"}],"about":[{"href":"https:\/\/saphirsmaragd.com\/sv\/wp-json\/wp\/v2\/types\/product"}],"replies":[{"embeddable":true,"href":"https:\/\/saphirsmaragd.com\/sv\/wp-json\/wp\/v2\/comments?post=8778"}],"version-history":[{"count":1,"href":"https:\/\/saphirsmaragd.com\/sv\/wp-json\/wp\/v2\/product\/8778\/revisions"}],"predecessor-version":[{"id":8780,"href":"https:\/\/saphirsmaragd.com\/sv\/wp-json\/wp\/v2\/product\/8778\/revisions\/8780"}],"wp:featuredmedia":[{"embeddable":true,"href":"https:\/\/saphirsmaragd.com\/sv\/wp-json\/wp\/v2\/media\/8779"}],"wp:attachment":[{"href":"https:\/\/saphirsmaragd.com\/sv\/wp-json\/wp\/v2\/media?parent=8778"}],"wp:term":[{"taxonomy":"product_brand","embeddable":true,"href":"https:\/\/saphirsmaragd.com\/sv\/wp-json\/wp\/v2\/product_brand?post=8778"},{"taxonomy":"product_cat","embeddable":true,"href":"https:\/\/saphirsmaragd.com\/sv\/wp-json\/wp\/v2\/product_cat?post=8778"},{"taxonomy":"product_tag","embeddable":true,"href":"https:\/\/saphirsmaragd.com\/sv\/wp-json\/wp\/v2\/product_tag?post=8778"}],"curies":[{"name":"wp","href":"https:\/\/api.w.org\/{rel}","templated":true}]}}