{"id":1494,"date":"2025-07-09T15:51:53","date_gmt":"2025-07-09T15:51:53","guid":{"rendered":"https:\/\/saphirsmaragd.com\/?post_type=product&#038;p=1494"},"modified":"2025-12-29T19:05:39","modified_gmt":"2025-12-29T19:05:39","slug":"saphir-0-43-karat-blau-kaufen","status":"publish","type":"product","link":"https:\/\/saphirsmaragd.com\/tr\/urun\/saphir-0-43-karat-blau-kaufen\/","title":{"rendered":"Safir 0,43 karat mavi - Oval do\u011fal ta\u015f 6\u00d74 mm sat\u0131n al\u0131n"},"content":{"rendered":"<div id=\"ez-toc-container\" class=\"ez-toc-v2_0_82_2 counter-hierarchy ez-toc-counter ez-toc-grey ez-toc-container-direction\">\n<div class=\"ez-toc-title-container\">\n<p class=\"ez-toc-title\" style=\"cursor:inherit\">\u0130\u00e7indekiler<\/p>\n<span class=\"ez-toc-title-toggle\"><a href=\"#\" class=\"ez-toc-pull-right ez-toc-btn ez-toc-btn-xs ez-toc-btn-default ez-toc-toggle\" aria-label=\"\u0130\u00e7indekiler Tablosunu A\u00e7\/Kapat\"><span class=\"ez-toc-js-icon-con\"><span class=\"\"><span class=\"eztoc-hide\" style=\"display:none;\">Ge\u00e7i\u015f<\/span><span class=\"ez-toc-icon-toggle-span\"><svg style=\"fill: #999;color:#999\" xmlns=\"http:\/\/www.w3.org\/2000\/svg\" class=\"list-377408\" width=\"20px\" height=\"20px\" viewbox=\"0 0 24 24\" fill=\"none\"><path d=\"M6 6H4v2h2V6zm14 0H8v2h12V6zM4 11h2v2H4v-2zm16 0H8v2h12v-2zM4 16h2v2H4v-2zm16 0H8v2h12v-2z\" fill=\"currentColor\"><\/path><\/svg><svg style=\"fill: #999;color:#999\" class=\"arrow-unsorted-368013\" xmlns=\"http:\/\/www.w3.org\/2000\/svg\" width=\"10px\" height=\"10px\" viewbox=\"0 0 24 24\" version=\"1.2\" baseprofile=\"tiny\"><path d=\"M18.2 9.3l-6.2-6.3-6.2 6.3c-.2.2-.3.4-.3.7s.1.5.3.7c.2.2.4.3.7.3h11c.3 0 .5-.1.7-.3.2-.2.3-.5.3-.7s-.1-.5-.3-.7zM5.8 14.7l6.2 6.3 6.2-6.3c.2-.2.3-.5.3-.7s-.1-.5-.3-.7c-.2-.2-.4-.3-.7-.3h-11c-.3 0-.5.1-.7.3-.2.2-.3.5-.3.7s.1.5.3.7z\"\/><\/svg><\/span><\/span><\/span><\/a><\/span><\/div>\n<nav><ul class='ez-toc-list ez-toc-list-level-1' ><li class='ez-toc-page-1 ez-toc-heading-level-4'><a class=\"ez-toc-link ez-toc-heading-1\" href=\"https:\/\/saphirsmaragd.com\/tr\/urun\/saphir-0-43-karat-blau-kaufen\/#Saphir_043_Karat_Blau_kaufen\" >Saphir 0.43 Karat Blau kaufen<\/a><\/li><li class='ez-toc-page-1 ez-toc-heading-level-4'><a class=\"ez-toc-link ez-toc-heading-2\" href=\"https:\/\/saphirsmaragd.com\/tr\/urun\/saphir-0-43-karat-blau-kaufen\/#Merkmale_Herkunft\" >\u00d6zellikler ve K\u00f6ken<\/a><\/li><li class='ez-toc-page-1 ez-toc-heading-level-4'><a class=\"ez-toc-link ez-toc-heading-3\" href=\"https:\/\/saphirsmaragd.com\/tr\/urun\/saphir-0-43-karat-blau-kaufen\/#Besonderheiten\" >\u00d6zel \u00f6zellikler<\/a><\/li><li class='ez-toc-page-1 ez-toc-heading-level-4'><a class=\"ez-toc-link ez-toc-heading-4\" href=\"https:\/\/saphirsmaragd.com\/tr\/urun\/saphir-0-43-karat-blau-kaufen\/#Mehr_uber_Saphire\" >Safir hakk\u0131nda daha fazla bilgi<\/a><\/li><li class='ez-toc-page-1 ez-toc-heading-level-4'><a class=\"ez-toc-link ez-toc-heading-5\" href=\"https:\/\/saphirsmaragd.com\/tr\/urun\/saphir-0-43-karat-blau-kaufen\/#Weitere_Infos\" >Daha fazla bilgi<\/a><\/li><\/ul><\/nav><\/div>\n<h4 data-start=\"603\" data-end=\"678\"><span class=\"ez-toc-section\" id=\"Saphir_043_Karat_Blau_kaufen\"><\/span>Saphir 0.43 Karat Blau kaufen<span class=\"ez-toc-section-end\"><\/span><\/h4>\n<p data-start=\"679\" data-end=\"837\">Dieser tiefblaue Saphir mit 0.43 Karat begeistert durch seinen reinen Schliff, klare Farbe und nat\u00fcrliche Sch\u00f6nheit \u2013 perfekt f\u00fcr individuelle Schmuckdesigns.<\/p>\n<hr data-start=\"839\" data-end=\"842\" \/>\n<h4 data-start=\"844\" data-end=\"870\"><span class=\"ez-toc-section\" id=\"Merkmale_Herkunft\"><\/span>\u00d6zellikler ve K\u00f6ken<span class=\"ez-toc-section-end\"><\/span><\/h4>\n<p data-start=\"652\" data-end=\"844\">Renk: Mavi<br data-start=\"404\" data-end=\"407\" \/>Gewicht: 043 Karat<br data-start=\"422\" data-end=\"425\" \/>\u015eekil Oval<br data-start=\"435\" data-end=\"438\" \/>Ma\u00dfe: 6 \u00d7 4 mm<br data-start=\"468\" data-end=\"471\" \/>Safl\u0131k: G\u00f6z temiz<br data-start=\"521\" data-end=\"524\" \/>Tedavi: Tedavi edilmemi\u015f<br data-start=\"547\" data-end=\"550\" \/>Durum: Yeni<br data-start=\"568\" data-end=\"571\" \/>Sertifika: Evet<\/p>\n<hr data-start=\"1151\" data-end=\"1154\" \/>\n<h4 data-start=\"1156\" data-end=\"1177\"><span class=\"ez-toc-section\" id=\"Besonderheiten\"><\/span>\u00d6zel \u00f6zellikler<span class=\"ez-toc-section-end\"><\/span><\/h4>\n<p data-start=\"874\" data-end=\"1158\">Der Saphir 0.43 Karat Blau-Oval \u00fcberzeugt mit seinem k\u00f6nigsblauen Farbton und klassischer Ovalform. Seine augenreine Qualit\u00e4t und der unbehandelte Zustand machen ihn zur idealen Wahl f\u00fcr hochwertige Schmuckdesigns. Das beigelegte Zertifikat unterstreicht seine Echtheit und Herkunft.<\/p>\n<hr data-start=\"1454\" data-end=\"1457\" \/>\n<h4 data-start=\"1459\" data-end=\"1485\"><span class=\"ez-toc-section\" id=\"Mehr_uber_Saphire\"><\/span>Safir hakk\u0131nda daha fazla bilgi<span class=\"ez-toc-section-end\"><\/span><\/h4>\n<p data-start=\"1486\" data-end=\"1725\"><a class=\"\" href=\"https:\/\/saphirsmaragd.com\/tr\/product-category\/heilsteine-kristalle-kaufen\/\" target=\"_new\" rel=\"noopener\" data-start=\"1618\" data-end=\"1725\">Heilsteine &amp; Kristalle entdecken<\/a><\/p>\n<hr data-start=\"1727\" data-end=\"1730\" \/>\n<h4 data-start=\"1732\" data-end=\"1754\"><span class=\"ez-toc-section\" id=\"Weitere_Infos\"><\/span>Daha fazla bilgi<span class=\"ez-toc-section-end\"><\/span><\/h4>\n<p data-start=\"1755\" data-end=\"1846\"><a class=\"\" href=\"https:\/\/de.wikipedia.org\/wiki\/Saphir\" target=\"_new\" rel=\"noopener\" data-start=\"1788\" data-end=\"1846\">Wikipedia \u2013 Saphir<\/a><\/p>","protected":false},"excerpt":{"rendered":"<p data-start=\"151\" data-end=\"486\"><em>Edler Saphir 0.43 Karat Blau kaufen \u2013 nat\u00fcrlicher, oval geschliffener Edelstein (6&#215;4 mm), unbehandelt &amp; augenrein.<\/em><\/p>\n<p data-start=\"378\" data-end=\"474\">","protected":false},"featured_media":1497,"comment_status":"open","ping_status":"closed","template":"","meta":{"_glsr_average":0,"_glsr_ranking":0,"_glsr_reviews":0},"product_brand":[],"product_cat":[74],"product_tag":[],"class_list":{"0":"post-1494","1":"product","2":"type-product","3":"status-publish","4":"has-post-thumbnail","6":"product_cat-saphire-kaufen","7":"pa_edelsteinart-saphir","8":"pa_farbe-blau","9":"pa_form-oval","10":"pa_gewicht-karat-0-1-0-5-karat","11":"pa_reinheit-augenrein","12":"pa_veredelung-behandlung-unbehandelt","13":"pa_zertifikat-ja","14":"pa_zustand-neu","16":"first","17":"instock","18":"sold-individually","19":"shipping-taxable","20":"purchasable","21":"product-type-simple","22":"add-to-wishlist-before_image"},"jetpack_sharing_enabled":true,"_links":{"self":[{"href":"https:\/\/saphirsmaragd.com\/tr\/wp-json\/wp\/v2\/product\/1494","targetHints":{"allow":["GET"]}}],"collection":[{"href":"https:\/\/saphirsmaragd.com\/tr\/wp-json\/wp\/v2\/product"}],"about":[{"href":"https:\/\/saphirsmaragd.com\/tr\/wp-json\/wp\/v2\/types\/product"}],"replies":[{"embeddable":true,"href":"https:\/\/saphirsmaragd.com\/tr\/wp-json\/wp\/v2\/comments?post=1494"}],"version-history":[{"count":6,"href":"https:\/\/saphirsmaragd.com\/tr\/wp-json\/wp\/v2\/product\/1494\/revisions"}],"predecessor-version":[{"id":4417,"href":"https:\/\/saphirsmaragd.com\/tr\/wp-json\/wp\/v2\/product\/1494\/revisions\/4417"}],"wp:featuredmedia":[{"embeddable":true,"href":"https:\/\/saphirsmaragd.com\/tr\/wp-json\/wp\/v2\/media\/1497"}],"wp:attachment":[{"href":"https:\/\/saphirsmaragd.com\/tr\/wp-json\/wp\/v2\/media?parent=1494"}],"wp:term":[{"taxonomy":"product_brand","embeddable":true,"href":"https:\/\/saphirsmaragd.com\/tr\/wp-json\/wp\/v2\/product_brand?post=1494"},{"taxonomy":"product_cat","embeddable":true,"href":"https:\/\/saphirsmaragd.com\/tr\/wp-json\/wp\/v2\/product_cat?post=1494"},{"taxonomy":"product_tag","embeddable":true,"href":"https:\/\/saphirsmaragd.com\/tr\/wp-json\/wp\/v2\/product_tag?post=1494"}],"curies":[{"name":"wp","href":"https:\/\/api.w.org\/{rel}","templated":true}]}}