{"id":2379,"date":"2025-10-10T13:20:25","date_gmt":"2025-10-10T13:20:25","guid":{"rendered":"https:\/\/saphirsmaragd.com\/?post_type=product&#038;p=2379"},"modified":"2025-12-29T19:02:39","modified_gmt":"2025-12-29T19:02:39","slug":"diamant-herz-0-23-karat","status":"publish","type":"product","link":"https:\/\/saphirsmaragd.com\/tr\/urun\/diamant-herz-0-23-karat\/","title":{"rendered":"Diamant Herz 0.23 Karat \u2013 nat\u00fcrlicher facettierter Edelstein"},"content":{"rendered":"<div id=\"ez-toc-container\" class=\"ez-toc-v2_0_82_2 counter-hierarchy ez-toc-counter ez-toc-grey ez-toc-container-direction\">\n<div class=\"ez-toc-title-container\">\n<p class=\"ez-toc-title\" style=\"cursor:inherit\">\u0130\u00e7indekiler<\/p>\n<span class=\"ez-toc-title-toggle\"><a href=\"#\" class=\"ez-toc-pull-right ez-toc-btn ez-toc-btn-xs ez-toc-btn-default ez-toc-toggle\" aria-label=\"\u0130\u00e7indekiler Tablosunu A\u00e7\/Kapat\"><span class=\"ez-toc-js-icon-con\"><span class=\"\"><span class=\"eztoc-hide\" style=\"display:none;\">Ge\u00e7i\u015f<\/span><span class=\"ez-toc-icon-toggle-span\"><svg style=\"fill: #999;color:#999\" xmlns=\"http:\/\/www.w3.org\/2000\/svg\" class=\"list-377408\" width=\"20px\" height=\"20px\" viewbox=\"0 0 24 24\" fill=\"none\"><path d=\"M6 6H4v2h2V6zm14 0H8v2h12V6zM4 11h2v2H4v-2zm16 0H8v2h12v-2zM4 16h2v2H4v-2zm16 0H8v2h12v-2z\" fill=\"currentColor\"><\/path><\/svg><svg style=\"fill: #999;color:#999\" class=\"arrow-unsorted-368013\" xmlns=\"http:\/\/www.w3.org\/2000\/svg\" width=\"10px\" height=\"10px\" viewbox=\"0 0 24 24\" version=\"1.2\" baseprofile=\"tiny\"><path d=\"M18.2 9.3l-6.2-6.3-6.2 6.3c-.2.2-.3.4-.3.7s.1.5.3.7c.2.2.4.3.7.3h11c.3 0 .5-.1.7-.3.2-.2.3-.5.3-.7s-.1-.5-.3-.7zM5.8 14.7l6.2 6.3 6.2-6.3c.2-.2.3-.5.3-.7s-.1-.5-.3-.7c-.2-.2-.4-.3-.7-.3h-11c-.3 0-.5.1-.7.3-.2.2-.3.5-.3.7s.1.5.3.7z\"\/><\/svg><\/span><\/span><\/span><\/a><\/span><\/div>\n<nav><ul class='ez-toc-list ez-toc-list-level-1' ><li class='ez-toc-page-1 ez-toc-heading-level-4'><a class=\"ez-toc-link ez-toc-heading-1\" href=\"https:\/\/saphirsmaragd.com\/tr\/urun\/diamant-herz-0-23-karat\/#Diamant_023_Karat_%E2%80%93_eleganter_Herzschliff_fur_besondere_Schmuckstucke\" >Diamant 0.23 Karat \u2013 eleganter Herzschliff f\u00fcr besondere Schmuckst\u00fccke<\/a><\/li><li class='ez-toc-page-1 ez-toc-heading-level-4'><a class=\"ez-toc-link ez-toc-heading-2\" href=\"https:\/\/saphirsmaragd.com\/tr\/urun\/diamant-herz-0-23-karat\/#Merkmale_Herkunft\" >\u00d6zellikler ve K\u00f6ken<\/a><\/li><li class='ez-toc-page-1 ez-toc-heading-level-4'><a class=\"ez-toc-link ez-toc-heading-3\" href=\"https:\/\/saphirsmaragd.com\/tr\/urun\/diamant-herz-0-23-karat\/#Besonderheiten\" >\u00d6zel \u00f6zellikler<\/a><\/li><li class='ez-toc-page-1 ez-toc-heading-level-4'><a class=\"ez-toc-link ez-toc-heading-4\" href=\"https:\/\/saphirsmaragd.com\/tr\/urun\/diamant-herz-0-23-karat\/#Mehr_uber_unsere_Edelsteine\" >De\u011ferli ta\u015flar\u0131m\u0131z hakk\u0131nda daha fazla bilgi<\/a><\/li><li class='ez-toc-page-1 ez-toc-heading-level-4'><a class=\"ez-toc-link ez-toc-heading-5\" href=\"https:\/\/saphirsmaragd.com\/tr\/urun\/diamant-herz-0-23-karat\/#Weitere_Infos\" >Daha fazla bilgi<\/a><\/li><\/ul><\/nav><\/div>\n<h4 data-start=\"633\" data-end=\"714\"><span class=\"ez-toc-section\" id=\"Diamant_023_Karat_%E2%80%93_eleganter_Herzschliff_fur_besondere_Schmuckstucke\"><\/span>Diamant 0.23 Karat \u2013 eleganter Herzschliff f\u00fcr besondere Schmuckst\u00fccke<span class=\"ez-toc-section-end\"><\/span><\/h4>\n<p data-start=\"715\" data-end=\"976\">Dieser nat\u00fcrliche Diamant vereint Romantik und Brillanz im pr\u00e4zisen Herzschliff. Mit G-Farbe (Wei\u00df) und VS-Reinheit funkelt der Diamant Herz 0.23 Karat intensiv und eignet sich perfekt als Mittelstein f\u00fcr Verlobungsringe, Anh\u00e4nger oder individuelle Designs.<\/p>\n<hr data-start=\"978\" data-end=\"981\" \/>\n<h4 data-start=\"983\" data-end=\"1009\"><span class=\"ez-toc-section\" id=\"Merkmale_Herkunft\"><\/span>\u00d6zellikler ve K\u00f6ken<span class=\"ez-toc-section-end\"><\/span><\/h4>\n<p data-start=\"1010\" data-end=\"1287\">Stein: Diamant<br data-start=\"1024\" data-end=\"1027\" \/>Farbe: G (Wei\u00df)<br data-start=\"1042\" data-end=\"1045\" \/>Form: Herz facettiert<br data-start=\"1066\" data-end=\"1069\" \/>Gewicht: 0.23 Karat<br data-start=\"1088\" data-end=\"1091\" \/>Ma\u00dfe: 3.63 \u00d7 4.06 mm<br data-start=\"1111\" data-end=\"1114\" \/>H\u00e4rte: 10 Mohs<br data-start=\"1128\" data-end=\"1131\" \/>Reinheit: Sehr kleine Einschl\u00fcsse (VS)<br data-start=\"1169\" data-end=\"1172\" \/>Zertifikat: Wird im Etui mit Zertifikat geliefert<br data-start=\"1221\" data-end=\"1224\" \/>Herkunft: Nat\u00fcrlicher Diamant, konfliktfrei (Kimberley Process)<\/p>\n<hr data-start=\"1289\" data-end=\"1292\" \/>\n<h4 data-start=\"1294\" data-end=\"1315\"><span class=\"ez-toc-section\" id=\"Besonderheiten\"><\/span>\u00d6zel \u00f6zellikler<span class=\"ez-toc-section-end\"><\/span><\/h4>\n<p data-start=\"1316\" data-end=\"1595\">Seltene Herzform mit hoher Brillanz; G-Farbe und VS-Reinheit bieten ein klares Erscheinungsbild ohne sichtbare Einschl\u00fcsse mit blo\u00dfem Auge. Zertifizierte Echtheit und konfliktfreie Herkunft machen den Diamant Herz 0.23 Karat zur sicheren Wahl f\u00fcr hochwertige Schmuckprojekte.<\/p>\n<hr data-start=\"1926\" data-end=\"1929\" \/>\n<h4 data-start=\"1931\" data-end=\"1971\"><span class=\"ez-toc-section\" id=\"Mehr_uber_unsere_Edelsteine\"><\/span>De\u011ferli ta\u015flar\u0131m\u0131z hakk\u0131nda daha fazla bilgi<span class=\"ez-toc-section-end\"><\/span><\/h4>\n<p data-start=\"1972\" data-end=\"2069\"><a href=\"https:\/\/saphirsmaragd.com\/tr\/product-category\/edelsteine-kaufen\/\">de\u011ferli ta\u015flar<\/a><\/p>\n<hr data-start=\"2071\" data-end=\"2074\" \/>\n<h4 data-start=\"2076\" data-end=\"2096\"><span class=\"ez-toc-section\" id=\"Weitere_Infos\"><\/span>Daha fazla bilgi<span class=\"ez-toc-section-end\"><\/span><\/h4>\n<p data-start=\"2097\" data-end=\"2160\"><a class=\"decorated-link cursor-pointer\" href=\"https:\/\/de.wikipedia.org\/wiki\/Diamant#:~:text=Diamant%20ist%20die%20kubische%20Modifikation,Tetraeder%2C%20Dodekaeder%20und%20der%20W%C3%BCrfel.\" target=\"_new\" rel=\"noopener\" data-start=\"2097\" data-end=\"2160\">Wikipedia: Diamant<\/a><\/p>","protected":false},"excerpt":{"rendered":"<p data-start=\"393\" data-end=\"526\">Diamant Herz 0.23 Karat \u2013 G-Farbe, VS-Reinheit, Herzschliff, zertifiziert und konfliktfrei. Ideal f\u00fcr feine Schmuckanfertigungen.<\/p>","protected":false},"featured_media":2383,"comment_status":"open","ping_status":"closed","template":"","meta":{"_glsr_average":0,"_glsr_ranking":0,"_glsr_reviews":0},"product_brand":[],"product_cat":[106],"product_tag":[],"class_list":{"0":"post-2379","1":"product","2":"type-product","3":"status-publish","4":"has-post-thumbnail","6":"product_cat-diamant-kaufen","7":"pa_edelsteinart-diamant","8":"pa_farbe-weiss","9":"pa_form-herz","10":"pa_gewicht-karat-0-1-0-5-karat","11":"pa_reinheit-sehr-kleine-einschluesse","12":"pa_veredelung-behandlung-unbehandelt","13":"pa_zertifikat-ja","14":"pa_zustand-neu","16":"first","17":"instock","18":"featured","19":"sold-individually","20":"shipping-taxable","21":"purchasable","22":"product-type-simple","23":"add-to-wishlist-before_image"},"jetpack_sharing_enabled":true,"_links":{"self":[{"href":"https:\/\/saphirsmaragd.com\/tr\/wp-json\/wp\/v2\/product\/2379","targetHints":{"allow":["GET"]}}],"collection":[{"href":"https:\/\/saphirsmaragd.com\/tr\/wp-json\/wp\/v2\/product"}],"about":[{"href":"https:\/\/saphirsmaragd.com\/tr\/wp-json\/wp\/v2\/types\/product"}],"replies":[{"embeddable":true,"href":"https:\/\/saphirsmaragd.com\/tr\/wp-json\/wp\/v2\/comments?post=2379"}],"version-history":[{"count":2,"href":"https:\/\/saphirsmaragd.com\/tr\/wp-json\/wp\/v2\/product\/2379\/revisions"}],"predecessor-version":[{"id":2385,"href":"https:\/\/saphirsmaragd.com\/tr\/wp-json\/wp\/v2\/product\/2379\/revisions\/2385"}],"wp:featuredmedia":[{"embeddable":true,"href":"https:\/\/saphirsmaragd.com\/tr\/wp-json\/wp\/v2\/media\/2383"}],"wp:attachment":[{"href":"https:\/\/saphirsmaragd.com\/tr\/wp-json\/wp\/v2\/media?parent=2379"}],"wp:term":[{"taxonomy":"product_brand","embeddable":true,"href":"https:\/\/saphirsmaragd.com\/tr\/wp-json\/wp\/v2\/product_brand?post=2379"},{"taxonomy":"product_cat","embeddable":true,"href":"https:\/\/saphirsmaragd.com\/tr\/wp-json\/wp\/v2\/product_cat?post=2379"},{"taxonomy":"product_tag","embeddable":true,"href":"https:\/\/saphirsmaragd.com\/tr\/wp-json\/wp\/v2\/product_tag?post=2379"}],"curies":[{"name":"wp","href":"https:\/\/api.w.org\/{rel}","templated":true}]}}