{"id":2765,"date":"2025-10-12T14:24:28","date_gmt":"2025-10-12T14:24:28","guid":{"rendered":"https:\/\/saphirsmaragd.com\/?post_type=product&#038;p=2765"},"modified":"2025-12-29T18:59:53","modified_gmt":"2025-12-29T18:59:53","slug":"opal-1-21-karat-orange-rund","status":"publish","type":"product","link":"https:\/\/saphirsmaragd.com\/tr\/urun\/opal-1-21-karat-orange-rund\/","title":{"rendered":"Opal 1,21 karat turuncu yuvarlak - Meksika ate\u015f opali, y\u00f6nl\u00fc, sertifikal\u0131, g\u00f6zle temizlenebilir"},"content":{"rendered":"<div id=\"ez-toc-container\" class=\"ez-toc-v2_0_82_2 counter-hierarchy ez-toc-counter ez-toc-grey ez-toc-container-direction\">\n<div class=\"ez-toc-title-container\">\n<p class=\"ez-toc-title\" style=\"cursor:inherit\">\u0130\u00e7indekiler<\/p>\n<span class=\"ez-toc-title-toggle\"><a href=\"#\" class=\"ez-toc-pull-right ez-toc-btn ez-toc-btn-xs ez-toc-btn-default ez-toc-toggle\" aria-label=\"\u0130\u00e7indekiler Tablosunu A\u00e7\/Kapat\"><span class=\"ez-toc-js-icon-con\"><span class=\"\"><span class=\"eztoc-hide\" style=\"display:none;\">Ge\u00e7i\u015f<\/span><span class=\"ez-toc-icon-toggle-span\"><svg style=\"fill: #999;color:#999\" xmlns=\"http:\/\/www.w3.org\/2000\/svg\" class=\"list-377408\" width=\"20px\" height=\"20px\" viewbox=\"0 0 24 24\" fill=\"none\"><path d=\"M6 6H4v2h2V6zm14 0H8v2h12V6zM4 11h2v2H4v-2zm16 0H8v2h12v-2zM4 16h2v2H4v-2zm16 0H8v2h12v-2z\" fill=\"currentColor\"><\/path><\/svg><svg style=\"fill: #999;color:#999\" class=\"arrow-unsorted-368013\" xmlns=\"http:\/\/www.w3.org\/2000\/svg\" width=\"10px\" height=\"10px\" viewbox=\"0 0 24 24\" version=\"1.2\" baseprofile=\"tiny\"><path d=\"M18.2 9.3l-6.2-6.3-6.2 6.3c-.2.2-.3.4-.3.7s.1.5.3.7c.2.2.4.3.7.3h11c.3 0 .5-.1.7-.3.2-.2.3-.5.3-.7s-.1-.5-.3-.7zM5.8 14.7l6.2 6.3 6.2-6.3c.2-.2.3-.5.3-.7s-.1-.5-.3-.7c-.2-.2-.4-.3-.7-.3h-11c-.3 0-.5.1-.7.3-.2.2-.3.5-.3.7s.1.5.3.7z\"\/><\/svg><\/span><\/span><\/span><\/a><\/span><\/div>\n<nav><ul class='ez-toc-list ez-toc-list-level-1' ><li class='ez-toc-page-1 ez-toc-heading-level-4'><a class=\"ez-toc-link ez-toc-heading-1\" href=\"https:\/\/saphirsmaragd.com\/tr\/urun\/opal-1-21-karat-orange-rund\/#Opal_121_Karat_Orange_Rund_%E2%80%93_Feueropal_mit_klarer_Leuchtkraft\" >Opal 1.21 Karat Orange Rund \u2013 Feueropal mit klarer Leuchtkraft<\/a><\/li><li class='ez-toc-page-1 ez-toc-heading-level-4'><a class=\"ez-toc-link ez-toc-heading-2\" href=\"https:\/\/saphirsmaragd.com\/tr\/urun\/opal-1-21-karat-orange-rund\/#Merkmale_Herkunft_%E2%80%93_Opal_121_Karat_Orange_Rund\" >Merkmale &amp; Herkunft \u2013 Opal 1.21 Karat Orange Rund<\/a><\/li><li class='ez-toc-page-1 ez-toc-heading-level-4'><a class=\"ez-toc-link ez-toc-heading-3\" href=\"https:\/\/saphirsmaragd.com\/tr\/urun\/opal-1-21-karat-orange-rund\/#Besonderheiten\" >\u00d6zel \u00f6zellikler<\/a><\/li><li class='ez-toc-page-1 ez-toc-heading-level-4'><a class=\"ez-toc-link ez-toc-heading-4\" href=\"https:\/\/saphirsmaragd.com\/tr\/urun\/opal-1-21-karat-orange-rund\/#Mehr_uber_unsere_Edelsteine\" >De\u011ferli ta\u015flar\u0131m\u0131z hakk\u0131nda daha fazla bilgi<\/a><\/li><li class='ez-toc-page-1 ez-toc-heading-level-4'><a class=\"ez-toc-link ez-toc-heading-5\" href=\"https:\/\/saphirsmaragd.com\/tr\/urun\/opal-1-21-karat-orange-rund\/#Weitere_Infos\" >Daha fazla bilgi<\/a><\/li><\/ul><\/nav><\/div>\n<h4 data-start=\"555\" data-end=\"624\"><span class=\"ez-toc-section\" id=\"Opal_121_Karat_Orange_Rund_%E2%80%93_Feueropal_mit_klarer_Leuchtkraft\"><\/span>Opal 1.21 Karat Orange Rund \u2013 Feueropal mit klarer Leuchtkraft<span class=\"ez-toc-section-end\"><\/span><\/h4>\n<p data-start=\"625\" data-end=\"850\">Dieser Einzelstein zeigt ein helles, klares Orange mit sch\u00f6ner Transparenz und starkem Funkeln. Opal 1.21 Karat Orange-Rund ist ideal f\u00fcr elegante Ringe, Anh\u00e4nger oder Ohrschmuck \u2013 nat\u00fcrlich, unbehandelt und zertifiziert.<\/p>\n<hr data-start=\"852\" data-end=\"855\" \/>\n<h4 data-start=\"857\" data-end=\"913\"><span class=\"ez-toc-section\" id=\"Merkmale_Herkunft_%E2%80%93_Opal_121_Karat_Orange_Rund\"><\/span>Merkmale &amp; Herkunft \u2013 Opal 1.21 Karat Orange Rund<span class=\"ez-toc-section-end\"><\/span><\/h4>\n<p data-start=\"914\" data-end=\"1236\">Steinart: Opal (Feueropal)<br data-start=\"940\" data-end=\"943\" \/>Farbe: Helles Orange, transluzent<br data-start=\"976\" data-end=\"979\" \/>\u015eekil: Yuvarlak y\u00f6nl\u00fc<br data-start=\"1000\" data-end=\"1003\" \/>Gr\u00f6\u00dfe: 8.0 mm<br data-start=\"1016\" data-end=\"1019\" \/>Gewicht: 1.21 Karat<br data-start=\"1038\" data-end=\"1041\" \/>Reinheit: Augenrein; kleine Einschl\u00fcsse nur unter 10\u00d7 sichtbar<br data-start=\"1103\" data-end=\"1106\" \/>Tedavi: Tedavi edilmemi\u015f<br data-start=\"1129\" data-end=\"1132\" \/>Sertlik: Mohs \u00f6l\u00e7e\u011fine g\u00f6re 6,5<br data-start=\"1161\" data-end=\"1164\" \/>Herkunft: Mexiko<br data-start=\"1180\" data-end=\"1183\" \/>Sertifika: Val\u00e9rie DURAFFOURG (Gem-A)<br data-start=\"1221\" data-end=\"1224\" \/>Durum: Yeni<\/p>\n<hr data-start=\"1238\" data-end=\"1241\" \/>\n<h4 data-start=\"1243\" data-end=\"1264\"><span class=\"ez-toc-section\" id=\"Besonderheiten\"><\/span>\u00d6zel \u00f6zellikler<span class=\"ez-toc-section-end\"><\/span><\/h4>\n<p data-start=\"1265\" data-end=\"1537\">Der Opal 1.21 Karat Orange-Rund kombiniert die begehrte 8-mm-Rundform mit lebendigem Orange und klarer Transparenz. Pr\u00e4ziser Facettenschliff sorgt f\u00fcr kr\u00e4ftige Lichtreflexe; Augenreinheit und Gem-A-Zertifikat garantieren verl\u00e4ssliche Qualit\u00e4t f\u00fcr Schmuck und Sammlung.<\/p>\n<hr data-start=\"1926\" data-end=\"1929\" \/>\n<h4 data-start=\"1931\" data-end=\"1971\"><span class=\"ez-toc-section\" id=\"Mehr_uber_unsere_Edelsteine\"><\/span>De\u011ferli ta\u015flar\u0131m\u0131z hakk\u0131nda daha fazla bilgi<span class=\"ez-toc-section-end\"><\/span><\/h4>\n<p data-start=\"1972\" data-end=\"2069\"><a href=\"https:\/\/saphirsmaragd.com\/tr\/product-category\/edelsteine-kaufen\/\">de\u011ferli ta\u015flar<\/a><\/p>\n<hr data-start=\"2071\" data-end=\"2074\" \/>\n<h4 data-start=\"2076\" data-end=\"2096\"><span class=\"ez-toc-section\" id=\"Weitere_Infos\"><\/span>Daha fazla bilgi<span class=\"ez-toc-section-end\"><\/span><\/h4>\n<p><a href=\"https:\/\/de.wikipedia.org\/wiki\/Opal\" target=\"_blank\" rel=\"noopener\">Wikipedia: Opal<\/a><\/p>","protected":false},"excerpt":{"rendered":"<p data-start=\"233\" data-end=\"429\"><em>Opal 1.21 Karat Orange Rund \u2013 leuchtender mexikanischer Feueropal, rund facettiert (8 mm), augenrein, unbehandelt, mit Zertifikat. Perfekt f\u00fcr hochwertige Fassungen.<\/em><\/p>\n<p data-start=\"431\" data-end=\"548\">\n<h3 data-start=\"660\" data-end=\"684\"><\/h3>\n<p data-start=\"575\" data-end=\"606\">","protected":false},"featured_media":2768,"comment_status":"open","ping_status":"closed","template":"","meta":{"_glsr_average":0,"_glsr_ranking":0,"_glsr_reviews":0},"product_brand":[],"product_cat":[75],"product_tag":[],"class_list":{"0":"post-2765","1":"product","2":"type-product","3":"status-publish","4":"has-post-thumbnail","6":"product_cat-opale-kaufen","7":"pa_edelsteinart-opal","8":"pa_farbe-orange","9":"pa_form-rund","10":"pa_gewicht-karat-0-5-1-0-karat","11":"pa_herkunft-mexiko","12":"pa_reinheit-augenrein","13":"pa_veredelung-behandlung-unbehandelt","14":"pa_zertifikat-ja","15":"pa_zustand-neu","17":"first","18":"instock","19":"featured","20":"sold-individually","21":"shipping-taxable","22":"purchasable","23":"product-type-simple","24":"add-to-wishlist-before_image"},"jetpack_sharing_enabled":true,"_links":{"self":[{"href":"https:\/\/saphirsmaragd.com\/tr\/wp-json\/wp\/v2\/product\/2765","targetHints":{"allow":["GET"]}}],"collection":[{"href":"https:\/\/saphirsmaragd.com\/tr\/wp-json\/wp\/v2\/product"}],"about":[{"href":"https:\/\/saphirsmaragd.com\/tr\/wp-json\/wp\/v2\/types\/product"}],"replies":[{"embeddable":true,"href":"https:\/\/saphirsmaragd.com\/tr\/wp-json\/wp\/v2\/comments?post=2765"}],"version-history":[{"count":1,"href":"https:\/\/saphirsmaragd.com\/tr\/wp-json\/wp\/v2\/product\/2765\/revisions"}],"predecessor-version":[{"id":2769,"href":"https:\/\/saphirsmaragd.com\/tr\/wp-json\/wp\/v2\/product\/2765\/revisions\/2769"}],"wp:featuredmedia":[{"embeddable":true,"href":"https:\/\/saphirsmaragd.com\/tr\/wp-json\/wp\/v2\/media\/2768"}],"wp:attachment":[{"href":"https:\/\/saphirsmaragd.com\/tr\/wp-json\/wp\/v2\/media?parent=2765"}],"wp:term":[{"taxonomy":"product_brand","embeddable":true,"href":"https:\/\/saphirsmaragd.com\/tr\/wp-json\/wp\/v2\/product_brand?post=2765"},{"taxonomy":"product_cat","embeddable":true,"href":"https:\/\/saphirsmaragd.com\/tr\/wp-json\/wp\/v2\/product_cat?post=2765"},{"taxonomy":"product_tag","embeddable":true,"href":"https:\/\/saphirsmaragd.com\/tr\/wp-json\/wp\/v2\/product_tag?post=2765"}],"curies":[{"name":"wp","href":"https:\/\/api.w.org\/{rel}","templated":true}]}}