{"id":2875,"date":"2025-10-13T08:42:18","date_gmt":"2025-10-13T08:42:18","guid":{"rendered":"https:\/\/saphirsmaragd.com\/?post_type=product&#038;p=2875"},"modified":"2025-12-29T18:59:38","modified_gmt":"2025-12-29T18:59:38","slug":"feueropal-0-35-karat-herz-rot","status":"publish","type":"product","link":"https:\/\/saphirsmaragd.com\/tr\/urun\/feueropal-0-35-karat-herz-rot\/","title":{"rendered":"Ate\u015f Opali 0,35 karat Kalp K\u0131rm\u0131z\u0131s\u0131 \u2013 fasetli, kusursuz ve sertifikal\u0131"},"content":{"rendered":"<div id=\"ez-toc-container\" class=\"ez-toc-v2_0_82_2 counter-hierarchy ez-toc-counter ez-toc-grey ez-toc-container-direction\">\n<div class=\"ez-toc-title-container\">\n<p class=\"ez-toc-title\" style=\"cursor:inherit\">\u0130\u00e7indekiler<\/p>\n<span class=\"ez-toc-title-toggle\"><a href=\"#\" class=\"ez-toc-pull-right ez-toc-btn ez-toc-btn-xs ez-toc-btn-default ez-toc-toggle\" aria-label=\"\u0130\u00e7indekiler Tablosunu A\u00e7\/Kapat\"><span class=\"ez-toc-js-icon-con\"><span class=\"\"><span class=\"eztoc-hide\" style=\"display:none;\">Ge\u00e7i\u015f<\/span><span class=\"ez-toc-icon-toggle-span\"><svg style=\"fill: #999;color:#999\" xmlns=\"http:\/\/www.w3.org\/2000\/svg\" class=\"list-377408\" width=\"20px\" height=\"20px\" viewbox=\"0 0 24 24\" fill=\"none\"><path d=\"M6 6H4v2h2V6zm14 0H8v2h12V6zM4 11h2v2H4v-2zm16 0H8v2h12v-2zM4 16h2v2H4v-2zm16 0H8v2h12v-2z\" fill=\"currentColor\"><\/path><\/svg><svg style=\"fill: #999;color:#999\" class=\"arrow-unsorted-368013\" xmlns=\"http:\/\/www.w3.org\/2000\/svg\" width=\"10px\" height=\"10px\" viewbox=\"0 0 24 24\" version=\"1.2\" baseprofile=\"tiny\"><path d=\"M18.2 9.3l-6.2-6.3-6.2 6.3c-.2.2-.3.4-.3.7s.1.5.3.7c.2.2.4.3.7.3h11c.3 0 .5-.1.7-.3.2-.2.3-.5.3-.7s-.1-.5-.3-.7zM5.8 14.7l6.2 6.3 6.2-6.3c.2-.2.3-.5.3-.7s-.1-.5-.3-.7c-.2-.2-.4-.3-.7-.3h-11c-.3 0-.5.1-.7.3-.2.2-.3.5-.3.7s.1.5.3.7z\"\/><\/svg><\/span><\/span><\/span><\/a><\/span><\/div>\n<nav><ul class='ez-toc-list ez-toc-list-level-1' ><li class='ez-toc-page-1 ez-toc-heading-level-4'><a class=\"ez-toc-link ez-toc-heading-1\" href=\"https:\/\/saphirsmaragd.com\/tr\/urun\/feueropal-0-35-karat-herz-rot\/#Feueropal_035_Karat_Herz_Rot_%E2%80%93_facettiert_lupenrein_zertifiziert\" >Feueropal 0.35 Karat Herz Rot \u2013 facettiert, lupenrein &amp; zertifiziert<\/a><\/li><li class='ez-toc-page-1 ez-toc-heading-level-4'><a class=\"ez-toc-link ez-toc-heading-2\" href=\"https:\/\/saphirsmaragd.com\/tr\/urun\/feueropal-0-35-karat-herz-rot\/#Merkmale_Herkunft\" >\u00d6zellikler ve K\u00f6ken<\/a><\/li><li class='ez-toc-page-1 ez-toc-heading-level-4'><a class=\"ez-toc-link ez-toc-heading-3\" href=\"https:\/\/saphirsmaragd.com\/tr\/urun\/feueropal-0-35-karat-herz-rot\/#Besonderheiten\" >\u00d6zel \u00f6zellikler<\/a><\/li><li class='ez-toc-page-1 ez-toc-heading-level-4'><a class=\"ez-toc-link ez-toc-heading-4\" href=\"https:\/\/saphirsmaragd.com\/tr\/urun\/feueropal-0-35-karat-herz-rot\/#Mehr_uber_unsere_Edelsteine\" >De\u011ferli ta\u015flar\u0131m\u0131z hakk\u0131nda daha fazla bilgi<\/a><\/li><li class='ez-toc-page-1 ez-toc-heading-level-4'><a class=\"ez-toc-link ez-toc-heading-5\" href=\"https:\/\/saphirsmaragd.com\/tr\/urun\/feueropal-0-35-karat-herz-rot\/#Weitere_Infos\" >Daha fazla bilgi<\/a><\/li><\/ul><\/nav><\/div>\n<h4 data-start=\"744\" data-end=\"817\"><span class=\"ez-toc-section\" id=\"Feueropal_035_Karat_Herz_Rot_%E2%80%93_facettiert_lupenrein_zertifiziert\"><\/span>Feueropal 0.35 Karat Herz Rot \u2013 facettiert, lupenrein &amp; zertifiziert<span class=\"ez-toc-section-end\"><\/span><\/h4>\n<p data-start=\"818\" data-end=\"1053\">Ein seltener, herzf\u00f6rmig facettierter Feueropal in kr\u00e4ftigem Rot mit klarer Transparenz. Unbehandelt, unter 10-facher Vergr\u00f6\u00dferung sauber und mit Zertifikat geliefert \u2013 ideal f\u00fcr feine Ringe, Anh\u00e4nger oder ein besonderes Geschenkst\u00fcck.<\/p>\n<hr data-start=\"1055\" data-end=\"1058\" \/>\n<h4 data-start=\"1060\" data-end=\"1084\"><span class=\"ez-toc-section\" id=\"Merkmale_Herkunft\"><\/span>\u00d6zellikler ve K\u00f6ken<span class=\"ez-toc-section-end\"><\/span><\/h4>\n<p data-start=\"1085\" data-end=\"1396\">Stein: Feueropal<br data-start=\"1101\" data-end=\"1104\" \/>Renk: K\u0131rm\u0131z\u0131<br data-start=\"1114\" data-end=\"1117\" \/>Form: Herz (facettiert)<br data-start=\"1140\" data-end=\"1143\" \/>Gr\u00f6\u00dfe: ca. 4.8 mm<br data-start=\"1160\" data-end=\"1163\" \/>Gewicht: 0.35 Karat<br data-start=\"1182\" data-end=\"1185\" \/>Reinheit: Lupenrein (unter 10\u00d7 Vergr\u00f6\u00dferung sauber)<br data-start=\"1236\" data-end=\"1239\" \/>Tedavi: Tedavi edilmemi\u015f<br data-start=\"1262\" data-end=\"1265\" \/>Sertlik: Mohs \u00f6l\u00e7e\u011fine g\u00f6re 6,5<br data-start=\"1294\" data-end=\"1297\" \/>Herkunft: Mexiko<br data-start=\"1313\" data-end=\"1316\" \/>Sertifika: Val\u00e9rie DURAFFOURG (Gem-A) - Sertifika ile teslimat<br data-start=\"1381\" data-end=\"1384\" \/>Durum: Yeni<\/p>\n<hr data-start=\"1398\" data-end=\"1401\" \/>\n<h4 data-start=\"1403\" data-end=\"1422\"><span class=\"ez-toc-section\" id=\"Besonderheiten\"><\/span>\u00d6zel \u00f6zellikler<span class=\"ez-toc-section-end\"><\/span><\/h4>\n<p data-start=\"1423\" data-end=\"1661\">Das intensive, homogene Rot mit lebendigen Reflexen betont die romantische Herzform und wirkt bereits bei normalem Tageslicht. Unbehandelte, lupenreine Qualit\u00e4t mit unabh\u00e4ngigem Zertifikat bietet maximale Sicherheit und Wertbest\u00e4ndigkeit.<\/p>\n<hr data-start=\"1926\" data-end=\"1929\" \/>\n<h4 data-start=\"1931\" data-end=\"1971\"><span class=\"ez-toc-section\" id=\"Mehr_uber_unsere_Edelsteine\"><\/span>De\u011ferli ta\u015flar\u0131m\u0131z hakk\u0131nda daha fazla bilgi<span class=\"ez-toc-section-end\"><\/span><\/h4>\n<p data-start=\"1972\" data-end=\"2069\"><a href=\"https:\/\/saphirsmaragd.com\/tr\/product-category\/edelsteine-kaufen\/\">de\u011ferli ta\u015flar<\/a><\/p>\n<hr data-start=\"2071\" data-end=\"2074\" \/>\n<h4 data-start=\"2076\" data-end=\"2096\"><span class=\"ez-toc-section\" id=\"Weitere_Infos\"><\/span>Daha fazla bilgi<span class=\"ez-toc-section-end\"><\/span><\/h4>\n<p><a href=\"https:\/\/de.wikipedia.org\/wiki\/Opal\" target=\"_blank\" rel=\"noopener\">Wikipedia: Opal<\/a><\/p>","protected":false},"excerpt":{"rendered":"<p data-start=\"378\" data-end=\"641\"><em>Feueropal 0.35 Karat Herz Rot &#8211; Nat\u00fcrlicher mexikanischer Feueropal, herzf\u00f6rmig facettiert (ca. 4.8 mm), intensives Rot, unbehandelt, lupenrein (unter 10\u00d7), H\u00e4rte 6.5, inkl. Zertifikat von Val\u00e9rie DURAFFOURG (Gem-A).<\/em><\/p>\n<p data-start=\"643\" data-end=\"737\">\n<h3 data-start=\"660\" data-end=\"684\"><\/h3>\n<p data-start=\"575\" data-end=\"606\">","protected":false},"featured_media":2878,"comment_status":"open","ping_status":"closed","template":"","meta":{"_glsr_average":0,"_glsr_ranking":0,"_glsr_reviews":0},"product_brand":[],"product_cat":[75],"product_tag":[],"class_list":{"0":"post-2875","1":"product","2":"type-product","3":"status-publish","4":"has-post-thumbnail","6":"product_cat-opale-kaufen","7":"pa_edelsteinart-opal","8":"pa_farbe-rot","9":"pa_form-herz","10":"pa_gewicht-karat-0-1-0-5-karat","11":"pa_herkunft-mexiko","12":"pa_reinheit-lupenrein","13":"pa_veredelung-behandlung-unbehandelt","14":"pa_zertifikat-ja","15":"pa_zustand-neu","17":"first","18":"instock","19":"featured","20":"sold-individually","21":"shipping-taxable","22":"purchasable","23":"product-type-simple","24":"add-to-wishlist-before_image"},"jetpack_sharing_enabled":true,"_links":{"self":[{"href":"https:\/\/saphirsmaragd.com\/tr\/wp-json\/wp\/v2\/product\/2875","targetHints":{"allow":["GET"]}}],"collection":[{"href":"https:\/\/saphirsmaragd.com\/tr\/wp-json\/wp\/v2\/product"}],"about":[{"href":"https:\/\/saphirsmaragd.com\/tr\/wp-json\/wp\/v2\/types\/product"}],"replies":[{"embeddable":true,"href":"https:\/\/saphirsmaragd.com\/tr\/wp-json\/wp\/v2\/comments?post=2875"}],"version-history":[{"count":1,"href":"https:\/\/saphirsmaragd.com\/tr\/wp-json\/wp\/v2\/product\/2875\/revisions"}],"predecessor-version":[{"id":2879,"href":"https:\/\/saphirsmaragd.com\/tr\/wp-json\/wp\/v2\/product\/2875\/revisions\/2879"}],"wp:featuredmedia":[{"embeddable":true,"href":"https:\/\/saphirsmaragd.com\/tr\/wp-json\/wp\/v2\/media\/2878"}],"wp:attachment":[{"href":"https:\/\/saphirsmaragd.com\/tr\/wp-json\/wp\/v2\/media?parent=2875"}],"wp:term":[{"taxonomy":"product_brand","embeddable":true,"href":"https:\/\/saphirsmaragd.com\/tr\/wp-json\/wp\/v2\/product_brand?post=2875"},{"taxonomy":"product_cat","embeddable":true,"href":"https:\/\/saphirsmaragd.com\/tr\/wp-json\/wp\/v2\/product_cat?post=2875"},{"taxonomy":"product_tag","embeddable":true,"href":"https:\/\/saphirsmaragd.com\/tr\/wp-json\/wp\/v2\/product_tag?post=2875"}],"curies":[{"name":"wp","href":"https:\/\/api.w.org\/{rel}","templated":true}]}}