{"id":2944,"date":"2025-10-13T09:54:38","date_gmt":"2025-10-13T09:54:38","guid":{"rendered":"https:\/\/saphirsmaragd.com\/?post_type=product&#038;p=2944"},"modified":"2025-12-29T18:59:23","modified_gmt":"2025-12-29T18:59:23","slug":"perle-9-15-karat-tahiti-grau-rund","status":"publish","type":"product","link":"https:\/\/saphirsmaragd.com\/tr\/urun\/perle-9-15-karat-tahiti-grau-rund\/","title":{"rendered":"Perle 9.15 Karat Tahiti Grau Rund (graviert) \u2013 handfacettiert, einzigartig &#038; zertifiziert"},"content":{"rendered":"<div id=\"ez-toc-container\" class=\"ez-toc-v2_0_82_2 counter-hierarchy ez-toc-counter ez-toc-grey ez-toc-container-direction\">\n<div class=\"ez-toc-title-container\">\n<p class=\"ez-toc-title\" style=\"cursor:inherit\">\u0130\u00e7indekiler<\/p>\n<span class=\"ez-toc-title-toggle\"><a href=\"#\" class=\"ez-toc-pull-right ez-toc-btn ez-toc-btn-xs ez-toc-btn-default ez-toc-toggle\" aria-label=\"\u0130\u00e7indekiler Tablosunu A\u00e7\/Kapat\"><span class=\"ez-toc-js-icon-con\"><span class=\"\"><span class=\"eztoc-hide\" style=\"display:none;\">Ge\u00e7i\u015f<\/span><span class=\"ez-toc-icon-toggle-span\"><svg style=\"fill: #999;color:#999\" xmlns=\"http:\/\/www.w3.org\/2000\/svg\" class=\"list-377408\" width=\"20px\" height=\"20px\" viewbox=\"0 0 24 24\" fill=\"none\"><path d=\"M6 6H4v2h2V6zm14 0H8v2h12V6zM4 11h2v2H4v-2zm16 0H8v2h12v-2zM4 16h2v2H4v-2zm16 0H8v2h12v-2z\" fill=\"currentColor\"><\/path><\/svg><svg style=\"fill: #999;color:#999\" class=\"arrow-unsorted-368013\" xmlns=\"http:\/\/www.w3.org\/2000\/svg\" width=\"10px\" height=\"10px\" viewbox=\"0 0 24 24\" version=\"1.2\" baseprofile=\"tiny\"><path d=\"M18.2 9.3l-6.2-6.3-6.2 6.3c-.2.2-.3.4-.3.7s.1.5.3.7c.2.2.4.3.7.3h11c.3 0 .5-.1.7-.3.2-.2.3-.5.3-.7s-.1-.5-.3-.7zM5.8 14.7l6.2 6.3 6.2-6.3c.2-.2.3-.5.3-.7s-.1-.5-.3-.7c-.2-.2-.4-.3-.7-.3h-11c-.3 0-.5.1-.7.3-.2.2-.3.5-.3.7s.1.5.3.7z\"\/><\/svg><\/span><\/span><\/span><\/a><\/span><\/div>\n<nav><ul class='ez-toc-list ez-toc-list-level-1' ><li class='ez-toc-page-1 ez-toc-heading-level-4'><a class=\"ez-toc-link ez-toc-heading-1\" href=\"https:\/\/saphirsmaragd.com\/tr\/urun\/perle-9-15-karat-tahiti-grau-rund\/#Perle_915_Karat_Tahiti_Grau_Rund_graviert_%E2%80%93_handfacettiert_einzigartig_zertifiziert\" >Perle 9.15 Karat Tahiti Grau Rund (graviert) \u2013 handfacettiert, einzigartig &amp; zertifiziert<\/a><\/li><li class='ez-toc-page-1 ez-toc-heading-level-4'><a class=\"ez-toc-link ez-toc-heading-2\" href=\"https:\/\/saphirsmaragd.com\/tr\/urun\/perle-9-15-karat-tahiti-grau-rund\/#Merkmale_Herkunft\" >\u00d6zellikler ve K\u00f6ken<\/a><\/li><li class='ez-toc-page-1 ez-toc-heading-level-4'><a class=\"ez-toc-link ez-toc-heading-3\" href=\"https:\/\/saphirsmaragd.com\/tr\/urun\/perle-9-15-karat-tahiti-grau-rund\/#Besonderheiten\" >\u00d6zel \u00f6zellikler<\/a><\/li><li class='ez-toc-page-1 ez-toc-heading-level-4'><a class=\"ez-toc-link ez-toc-heading-4\" href=\"https:\/\/saphirsmaragd.com\/tr\/urun\/perle-9-15-karat-tahiti-grau-rund\/#Mehr_uber_unsere_Edelsteine\" >De\u011ferli ta\u015flar\u0131m\u0131z hakk\u0131nda daha fazla bilgi<\/a><\/li><li class='ez-toc-page-1 ez-toc-heading-level-4'><a class=\"ez-toc-link ez-toc-heading-5\" href=\"https:\/\/saphirsmaragd.com\/tr\/urun\/perle-9-15-karat-tahiti-grau-rund\/#Weitere_Infos\" >Daha fazla bilgi<\/a><\/li><\/ul><\/nav><\/div>\n<h4 data-start=\"803\" data-end=\"897\"><span class=\"ez-toc-section\" id=\"Perle_915_Karat_Tahiti_Grau_Rund_graviert_%E2%80%93_handfacettiert_einzigartig_zertifiziert\"><\/span>Perle 9.15 Karat Tahiti Grau Rund (graviert) \u2013 handfacettiert, einzigartig &amp; zertifiziert<span class=\"ez-toc-section-end\"><\/span><\/h4>\n<p data-start=\"898\" data-end=\"1181\">Eine ausdrucksstarke Tahiti-Zuchtperle mit k\u00fcnstlerischer, vollst\u00e4ndig von Hand gearbeiteter Gravur. Der skulpturale Look und der seidige Schimmer machen dieses Unikat zum perfekten Mittelpunkt f\u00fcr charakterstarke Anh\u00e4nger, Ringe oder Broschen; geliefert mit unabh\u00e4ngigem Zertifikat.<\/p>\n<hr data-start=\"1183\" data-end=\"1186\" \/>\n<h4 data-start=\"1188\" data-end=\"1212\"><span class=\"ez-toc-section\" id=\"Merkmale_Herkunft\"><\/span>\u00d6zellikler ve K\u00f6ken<span class=\"ez-toc-section-end\"><\/span><\/h4>\n<p data-start=\"1213\" data-end=\"1569\">Material: Tahiti-Zuchtperle<br data-start=\"1240\" data-end=\"1243\" \/>Farbe: Grau<br data-start=\"1254\" data-end=\"1257\" \/>Form: Rund, handgraviert\/handfacettiert<br data-start=\"1296\" data-end=\"1299\" \/>Durchmesser: ca. 10.82 mm<br data-start=\"1324\" data-end=\"1327\" \/>Gewicht: 9.15 Karat<br data-start=\"1365\" data-end=\"1368\" \/>Transparenz\/Oberfl\u00e4che: Opak<br data-start=\"1396\" data-end=\"1399\" \/>Tedavi: Yok<br data-start=\"1442\" data-end=\"1445\" \/>Herkunft: Tahiti (Franz\u00f6sisch-Polynesien)<br data-start=\"1486\" data-end=\"1489\" \/>Sertifika: Val\u00e9rie DURAFFOURG (Gem-A) - Sertifika ile teslimat<br data-start=\"1554\" data-end=\"1557\" \/>Durum: Yeni<\/p>\n<hr data-start=\"1571\" data-end=\"1574\" \/>\n<h4 data-start=\"1576\" data-end=\"1595\"><span class=\"ez-toc-section\" id=\"Besonderheiten\"><\/span>\u00d6zel \u00f6zellikler<span class=\"ez-toc-section-end\"><\/span><\/h4>\n<p data-start=\"1596\" data-end=\"1899\">Die kunstvolle Handgravur erzeugt eine plastische, dekorative Oberfl\u00e4che mit lebendigem Lichtspiel und gibt der Perle eine unverwechselbare, moderne Note. Zertifizierte Herkunft und nat\u00fcrliche Farbwirkung ohne angegebene F\u00e4rbung\/Bleiche sorgen f\u00fcr Transparenz, Vertrauensw\u00fcrdigkeit und Premium-Anmutung.<\/p>\n<hr data-start=\"1926\" data-end=\"1929\" \/>\n<h4 data-start=\"1931\" data-end=\"1971\"><span class=\"ez-toc-section\" id=\"Mehr_uber_unsere_Edelsteine\"><\/span>De\u011ferli ta\u015flar\u0131m\u0131z hakk\u0131nda daha fazla bilgi<span class=\"ez-toc-section-end\"><\/span><\/h4>\n<p data-start=\"1972\" data-end=\"2069\"><a href=\"https:\/\/saphirsmaragd.com\/tr\/product-category\/edelsteine-kaufen\/\">de\u011ferli ta\u015flar<\/a><\/p>\n<hr data-start=\"2071\" data-end=\"2074\" \/>\n<h4 data-start=\"2076\" data-end=\"2096\"><span class=\"ez-toc-section\" id=\"Weitere_Infos\"><\/span>Daha fazla bilgi<span class=\"ez-toc-section-end\"><\/span><\/h4>\n<p><a href=\"https:\/\/de.wikipedia.org\/wiki\/Perle\" target=\"_blank\" rel=\"noopener\">Wikipedia: Perlen<\/a><\/p>","protected":false},"excerpt":{"rendered":"<p data-start=\"418\" data-end=\"680\"><em>Perle 9.15 Karat Tahiti Grau Rund (graviert) &#8211; Handgravierte\/handfacettierte Tahiti-Zuchtperle in elegantem Grau, \u00d8 ca. 10.8 mm, opak, ohne F\u00e4rbung\/Bleiche angegeben, inkl. Zertifikat von Val\u00e9rie DURAFFOURG (Gem-A).<\/em><\/p>\n<p data-start=\"682\" data-end=\"796\">\n<h3 data-start=\"660\" data-end=\"684\"><\/h3>\n<p data-start=\"575\" data-end=\"606\">","protected":false},"featured_media":2948,"comment_status":"open","ping_status":"closed","template":"","meta":{"_glsr_average":0,"_glsr_ranking":0,"_glsr_reviews":0},"product_brand":[],"product_cat":[127],"product_tag":[],"class_list":{"0":"post-2944","1":"product","2":"type-product","3":"status-publish","4":"has-post-thumbnail","6":"product_cat-perlen-kaufen","7":"pa_edelsteinart-perlen","8":"pa_farbe-grau","9":"pa_form-rund","10":"pa_gewicht-karat-5-0-10-karat","11":"pa_herkunft-frankreich","12":"pa_veredelung-behandlung-unbehandelt","13":"pa_zertifikat-ja","14":"pa_zustand-neu","16":"first","17":"instock","18":"featured","19":"sold-individually","20":"shipping-taxable","21":"purchasable","22":"product-type-simple","23":"add-to-wishlist-before_image"},"jetpack_sharing_enabled":true,"_links":{"self":[{"href":"https:\/\/saphirsmaragd.com\/tr\/wp-json\/wp\/v2\/product\/2944","targetHints":{"allow":["GET"]}}],"collection":[{"href":"https:\/\/saphirsmaragd.com\/tr\/wp-json\/wp\/v2\/product"}],"about":[{"href":"https:\/\/saphirsmaragd.com\/tr\/wp-json\/wp\/v2\/types\/product"}],"replies":[{"embeddable":true,"href":"https:\/\/saphirsmaragd.com\/tr\/wp-json\/wp\/v2\/comments?post=2944"}],"version-history":[{"count":1,"href":"https:\/\/saphirsmaragd.com\/tr\/wp-json\/wp\/v2\/product\/2944\/revisions"}],"predecessor-version":[{"id":2949,"href":"https:\/\/saphirsmaragd.com\/tr\/wp-json\/wp\/v2\/product\/2944\/revisions\/2949"}],"wp:featuredmedia":[{"embeddable":true,"href":"https:\/\/saphirsmaragd.com\/tr\/wp-json\/wp\/v2\/media\/2948"}],"wp:attachment":[{"href":"https:\/\/saphirsmaragd.com\/tr\/wp-json\/wp\/v2\/media?parent=2944"}],"wp:term":[{"taxonomy":"product_brand","embeddable":true,"href":"https:\/\/saphirsmaragd.com\/tr\/wp-json\/wp\/v2\/product_brand?post=2944"},{"taxonomy":"product_cat","embeddable":true,"href":"https:\/\/saphirsmaragd.com\/tr\/wp-json\/wp\/v2\/product_cat?post=2944"},{"taxonomy":"product_tag","embeddable":true,"href":"https:\/\/saphirsmaragd.com\/tr\/wp-json\/wp\/v2\/product_tag?post=2944"}],"curies":[{"name":"wp","href":"https:\/\/api.w.org\/{rel}","templated":true}]}}