{"id":3554,"date":"2025-10-18T16:19:15","date_gmt":"2025-10-18T16:19:15","guid":{"rendered":"https:\/\/saphirsmaragd.com\/?post_type=product&#038;p=3554"},"modified":"2025-12-29T18:56:07","modified_gmt":"2025-12-29T18:56:07","slug":"turmalin-2-09-karat-rosa-oval","status":"publish","type":"product","link":"https:\/\/saphirsmaragd.com\/tr\/urun\/turmalin-2-09-karat-rosa-oval\/","title":{"rendered":"Turmalin 2,09 karat pembe oval \u2013 Brezilya&#039;dan fasetli de\u011ferli ta\u015f"},"content":{"rendered":"<div id=\"ez-toc-container\" class=\"ez-toc-v2_0_82_2 counter-hierarchy ez-toc-counter ez-toc-grey ez-toc-container-direction\">\n<div class=\"ez-toc-title-container\">\n<p class=\"ez-toc-title\" style=\"cursor:inherit\">\u0130\u00e7indekiler<\/p>\n<span class=\"ez-toc-title-toggle\"><a href=\"#\" class=\"ez-toc-pull-right ez-toc-btn ez-toc-btn-xs ez-toc-btn-default ez-toc-toggle\" aria-label=\"\u0130\u00e7indekiler Tablosunu A\u00e7\/Kapat\"><span class=\"ez-toc-js-icon-con\"><span class=\"\"><span class=\"eztoc-hide\" style=\"display:none;\">Ge\u00e7i\u015f<\/span><span class=\"ez-toc-icon-toggle-span\"><svg style=\"fill: #999;color:#999\" xmlns=\"http:\/\/www.w3.org\/2000\/svg\" class=\"list-377408\" width=\"20px\" height=\"20px\" viewbox=\"0 0 24 24\" fill=\"none\"><path d=\"M6 6H4v2h2V6zm14 0H8v2h12V6zM4 11h2v2H4v-2zm16 0H8v2h12v-2zM4 16h2v2H4v-2zm16 0H8v2h12v-2z\" fill=\"currentColor\"><\/path><\/svg><svg style=\"fill: #999;color:#999\" class=\"arrow-unsorted-368013\" xmlns=\"http:\/\/www.w3.org\/2000\/svg\" width=\"10px\" height=\"10px\" viewbox=\"0 0 24 24\" version=\"1.2\" baseprofile=\"tiny\"><path d=\"M18.2 9.3l-6.2-6.3-6.2 6.3c-.2.2-.3.4-.3.7s.1.5.3.7c.2.2.4.3.7.3h11c.3 0 .5-.1.7-.3.2-.2.3-.5.3-.7s-.1-.5-.3-.7zM5.8 14.7l6.2 6.3 6.2-6.3c.2-.2.3-.5.3-.7s-.1-.5-.3-.7c-.2-.2-.4-.3-.7-.3h-11c-.3 0-.5.1-.7.3-.2.2-.3.5-.3.7s.1.5.3.7z\"\/><\/svg><\/span><\/span><\/span><\/a><\/span><\/div>\n<nav><ul class='ez-toc-list ez-toc-list-level-1' ><li class='ez-toc-page-1 ez-toc-heading-level-4'><a class=\"ez-toc-link ez-toc-heading-1\" href=\"https:\/\/saphirsmaragd.com\/tr\/urun\/turmalin-2-09-karat-rosa-oval\/#Turmalin_209_Karat_Rosa_Oval_%E2%80%93_Eleganz_mit_naturlichem_Charakter\" >Turmalin 2.09 Karat Rosa Oval \u2013 Eleganz mit nat\u00fcrlichem Charakter<\/a><\/li><li class='ez-toc-page-1 ez-toc-heading-level-4'><a class=\"ez-toc-link ez-toc-heading-2\" href=\"https:\/\/saphirsmaragd.com\/tr\/urun\/turmalin-2-09-karat-rosa-oval\/#Merkmale_Herkunft\" >\u00d6zellikler ve K\u00f6ken<\/a><\/li><li class='ez-toc-page-1 ez-toc-heading-level-4'><a class=\"ez-toc-link ez-toc-heading-3\" href=\"https:\/\/saphirsmaragd.com\/tr\/urun\/turmalin-2-09-karat-rosa-oval\/#Besonderheiten\" >\u00d6zel \u00f6zellikler<\/a><\/li><li class='ez-toc-page-1 ez-toc-heading-level-4'><a class=\"ez-toc-link ez-toc-heading-4\" href=\"https:\/\/saphirsmaragd.com\/tr\/urun\/turmalin-2-09-karat-rosa-oval\/#Mehr_uber_unsere_Edelsteine\" >De\u011ferli ta\u015flar\u0131m\u0131z hakk\u0131nda daha fazla bilgi<\/a><\/li><li class='ez-toc-page-1 ez-toc-heading-level-4'><a class=\"ez-toc-link ez-toc-heading-5\" href=\"https:\/\/saphirsmaragd.com\/tr\/urun\/turmalin-2-09-karat-rosa-oval\/#Weitere_Infos\" >Daha fazla bilgi<\/a><\/li><\/ul><\/nav><\/div>\n<h4 data-start=\"722\" data-end=\"983\"><span class=\"ez-toc-section\" id=\"Turmalin_209_Karat_Rosa_Oval_%E2%80%93_Eleganz_mit_naturlichem_Charakter\"><\/span><strong data-start=\"722\" data-end=\"791\">Turmalin 2.09 Karat Rosa Oval \u2013 Eleganz mit nat\u00fcrlichem Charakter<\/strong><span class=\"ez-toc-section-end\"><\/span><\/h4>\n<p data-start=\"722\" data-end=\"983\">Ein zart rosafarbener Turmalin mit authentischem Charme und lebendiger Transparenz. Die nat\u00fcrliche Struktur und das Lichtspiel machen diesen Edelstein zu einem Highlight f\u00fcr Schmuckdesigns.<\/p>\n<hr data-start=\"985\" data-end=\"988\" \/>\n<h4 data-start=\"990\" data-end=\"1019\"><span class=\"ez-toc-section\" id=\"Merkmale_Herkunft\"><\/span>\u00d6zellikler ve K\u00f6ken<span class=\"ez-toc-section-end\"><\/span><\/h4>\n<p data-start=\"1020\" data-end=\"1282\">Renk: Pembe<br data-start=\"1031\" data-end=\"1034\" \/>Ta\u015f t\u00fcr\u00fc: Turmalin<br data-start=\"1052\" data-end=\"1055\" \/>\u015eekil Oval<br data-start=\"1065\" data-end=\"1068\" \/>Gewicht: 2.09 Karat<br data-start=\"1087\" data-end=\"1090\" \/>Sertlik: Mohs \u00f6l\u00e7e\u011fine g\u00f6re 7<br data-start=\"1117\" data-end=\"1120\" \/>Gr\u00f6\u00dfe: 9.15 \u00d7 7.05 mm<br data-start=\"1141\" data-end=\"1144\" \/>Safl\u0131k: K\u00fc\u00e7\u00fck kal\u0131nt\u0131lar<br data-start=\"1172\" data-end=\"1175\" \/>Tedavi: Tedavi edilmemi\u015f<br data-start=\"1198\" data-end=\"1201\" \/>Zertifikat: Ja (Val\u00e9rie DURRAFFOURG \/ Gem-A)<br data-start=\"1245\" data-end=\"1248\" \/>Durum: Yeni<br data-start=\"1260\" data-end=\"1263\" \/>Men\u015fei: Brezilya<\/p>\n<hr data-start=\"1284\" data-end=\"1287\" \/>\n<h4 data-start=\"1289\" data-end=\"1313\"><span class=\"ez-toc-section\" id=\"Besonderheiten\"><\/span>\u00d6zel \u00f6zellikler<span class=\"ez-toc-section-end\"><\/span><\/h4>\n<p data-start=\"1314\" data-end=\"1454\">Dieser Turmalin verbindet sanfte Rosat\u00f6ne mit nat\u00fcrlichem Glanz und charakteristischen Einschl\u00fcssen. Ideal f\u00fcr Unikatschmuck und Sammlungen.<\/p>\n<hr data-start=\"1926\" data-end=\"1929\" \/>\n<h4 data-start=\"1931\" data-end=\"1971\"><span class=\"ez-toc-section\" id=\"Mehr_uber_unsere_Edelsteine\"><\/span>De\u011ferli ta\u015flar\u0131m\u0131z hakk\u0131nda daha fazla bilgi<span class=\"ez-toc-section-end\"><\/span><\/h4>\n<p data-start=\"1972\" data-end=\"2069\"><a href=\"https:\/\/saphirsmaragd.com\/tr\/product-category\/edelsteine-kaufen\/\">de\u011ferli ta\u015flar<\/a><\/p>\n<hr data-start=\"2071\" data-end=\"2074\" \/>\n<h4 data-start=\"2076\" data-end=\"2096\"><span class=\"ez-toc-section\" id=\"Weitere_Infos\"><\/span>Daha fazla bilgi<span class=\"ez-toc-section-end\"><\/span><\/h4>\n<p><a href=\"https:\/\/de.wikipedia.org\/wiki\/Turmalin\" target=\"_blank\" rel=\"noopener\">Vikipedi: Turmalin<\/a><\/p>","protected":false},"excerpt":{"rendered":"<p data-start=\"437\" data-end=\"581\"><em>Turmalin 2.09 Karat Rosa Oval \u2013 nat\u00fcrlicher Edelstein mit feinem Glanz und sichtbaren Einschl\u00fcssen. Ideal f\u00fcr individuelle Schmuckanfertigungen.<\/em><\/p>\n<h2 data-start=\"523\" data-end=\"548\"><\/h2>","protected":false},"featured_media":3557,"comment_status":"open","ping_status":"closed","template":"","meta":{"_glsr_average":0,"_glsr_ranking":0,"_glsr_reviews":0},"product_brand":[],"product_cat":[109],"product_tag":[],"class_list":{"0":"post-3554","1":"product","2":"type-product","3":"status-publish","4":"has-post-thumbnail","6":"product_cat-turmalin-kaufen","7":"pa_edelsteinart-turmalin","8":"pa_farbe-rosa","9":"pa_form-oval","10":"pa_gewicht-karat-0-5-1-0-karat","11":"pa_herkunft-brasilien","12":"pa_reinheit-kleine-einschluesse","13":"pa_veredelung-behandlung-unbehandelt","14":"pa_zertifikat-ja","15":"pa_zustand-neu","17":"first","18":"instock","19":"featured","20":"sold-individually","21":"shipping-taxable","22":"purchasable","23":"product-type-simple","24":"add-to-wishlist-before_image"},"jetpack_sharing_enabled":true,"_links":{"self":[{"href":"https:\/\/saphirsmaragd.com\/tr\/wp-json\/wp\/v2\/product\/3554","targetHints":{"allow":["GET"]}}],"collection":[{"href":"https:\/\/saphirsmaragd.com\/tr\/wp-json\/wp\/v2\/product"}],"about":[{"href":"https:\/\/saphirsmaragd.com\/tr\/wp-json\/wp\/v2\/types\/product"}],"replies":[{"embeddable":true,"href":"https:\/\/saphirsmaragd.com\/tr\/wp-json\/wp\/v2\/comments?post=3554"}],"version-history":[{"count":1,"href":"https:\/\/saphirsmaragd.com\/tr\/wp-json\/wp\/v2\/product\/3554\/revisions"}],"predecessor-version":[{"id":3558,"href":"https:\/\/saphirsmaragd.com\/tr\/wp-json\/wp\/v2\/product\/3554\/revisions\/3558"}],"wp:featuredmedia":[{"embeddable":true,"href":"https:\/\/saphirsmaragd.com\/tr\/wp-json\/wp\/v2\/media\/3557"}],"wp:attachment":[{"href":"https:\/\/saphirsmaragd.com\/tr\/wp-json\/wp\/v2\/media?parent=3554"}],"wp:term":[{"taxonomy":"product_brand","embeddable":true,"href":"https:\/\/saphirsmaragd.com\/tr\/wp-json\/wp\/v2\/product_brand?post=3554"},{"taxonomy":"product_cat","embeddable":true,"href":"https:\/\/saphirsmaragd.com\/tr\/wp-json\/wp\/v2\/product_cat?post=3554"},{"taxonomy":"product_tag","embeddable":true,"href":"https:\/\/saphirsmaragd.com\/tr\/wp-json\/wp\/v2\/product_tag?post=3554"}],"curies":[{"name":"wp","href":"https:\/\/api.w.org\/{rel}","templated":true}]}}