{"id":4217,"date":"2025-11-01T13:07:33","date_gmt":"2025-11-01T13:07:33","guid":{"rendered":"https:\/\/saphirsmaragd.com\/?post_type=product&#038;p=4217"},"modified":"2025-12-29T18:55:43","modified_gmt":"2025-12-29T18:55:43","slug":"turmalin-1-12-karat-blaugruen-dreieck","status":"publish","type":"product","link":"https:\/\/saphirsmaragd.com\/tr\/urun\/turmalin-1-12-karat-blaugruen-dreieck\/","title":{"rendered":"Turmalin 1,12 Karat Mavi-Ye\u015fil \u00dc\u00e7gen \u2013 do\u011fal derinli\u011fe ve canl\u0131 parlakl\u0131\u011fa sahip fasetli de\u011ferli ta\u015f"},"content":{"rendered":"<div id=\"ez-toc-container\" class=\"ez-toc-v2_0_82_2 counter-hierarchy ez-toc-counter ez-toc-grey ez-toc-container-direction\">\n<div class=\"ez-toc-title-container\">\n<p class=\"ez-toc-title\" style=\"cursor:inherit\">\u0130\u00e7indekiler<\/p>\n<span class=\"ez-toc-title-toggle\"><a href=\"#\" class=\"ez-toc-pull-right ez-toc-btn ez-toc-btn-xs ez-toc-btn-default ez-toc-toggle\" aria-label=\"\u0130\u00e7indekiler Tablosunu A\u00e7\/Kapat\"><span class=\"ez-toc-js-icon-con\"><span class=\"\"><span class=\"eztoc-hide\" style=\"display:none;\">Ge\u00e7i\u015f<\/span><span class=\"ez-toc-icon-toggle-span\"><svg style=\"fill: #999;color:#999\" xmlns=\"http:\/\/www.w3.org\/2000\/svg\" class=\"list-377408\" width=\"20px\" height=\"20px\" viewbox=\"0 0 24 24\" fill=\"none\"><path d=\"M6 6H4v2h2V6zm14 0H8v2h12V6zM4 11h2v2H4v-2zm16 0H8v2h12v-2zM4 16h2v2H4v-2zm16 0H8v2h12v-2z\" fill=\"currentColor\"><\/path><\/svg><svg style=\"fill: #999;color:#999\" class=\"arrow-unsorted-368013\" xmlns=\"http:\/\/www.w3.org\/2000\/svg\" width=\"10px\" height=\"10px\" viewbox=\"0 0 24 24\" version=\"1.2\" baseprofile=\"tiny\"><path d=\"M18.2 9.3l-6.2-6.3-6.2 6.3c-.2.2-.3.4-.3.7s.1.5.3.7c.2.2.4.3.7.3h11c.3 0 .5-.1.7-.3.2-.2.3-.5.3-.7s-.1-.5-.3-.7zM5.8 14.7l6.2 6.3 6.2-6.3c.2-.2.3-.5.3-.7s-.1-.5-.3-.7c-.2-.2-.4-.3-.7-.3h-11c-.3 0-.5.1-.7.3-.2.2-.3.5-.3.7s.1.5.3.7z\"\/><\/svg><\/span><\/span><\/span><\/a><\/span><\/div>\n<nav><ul class='ez-toc-list ez-toc-list-level-1' ><li class='ez-toc-page-1 ez-toc-heading-level-4'><a class=\"ez-toc-link ez-toc-heading-1\" href=\"https:\/\/saphirsmaragd.com\/tr\/urun\/turmalin-1-12-karat-blaugruen-dreieck\/#Turmalin_112_Karat_Blaugrun_Dreieck_%E2%80%93_intensiver_Farbstein_mit_naturlicher_Ausstrahlung\" >Turmalin 1,12 karat mavi-ye\u015fil \u00fc\u00e7gen - do\u011fal \u0131\u015f\u0131lt\u0131l\u0131 yo\u011fun renkli ta\u015f<\/a><\/li><li class='ez-toc-page-1 ez-toc-heading-level-4'><a class=\"ez-toc-link ez-toc-heading-2\" href=\"https:\/\/saphirsmaragd.com\/tr\/urun\/turmalin-1-12-karat-blaugruen-dreieck\/#Merkmale_Herkunft\" >\u00d6zellikler ve K\u00f6ken<\/a><\/li><li class='ez-toc-page-1 ez-toc-heading-level-4'><a class=\"ez-toc-link ez-toc-heading-3\" href=\"https:\/\/saphirsmaragd.com\/tr\/urun\/turmalin-1-12-karat-blaugruen-dreieck\/#Besonderheiten\" >\u00d6zel \u00f6zellikler<\/a><\/li><li class='ez-toc-page-1 ez-toc-heading-level-4'><a class=\"ez-toc-link ez-toc-heading-4\" href=\"https:\/\/saphirsmaragd.com\/tr\/urun\/turmalin-1-12-karat-blaugruen-dreieck\/#Mehr_uber_unsere_Edelsteine\" >De\u011ferli ta\u015flar\u0131m\u0131z hakk\u0131nda daha fazla bilgi<\/a><\/li><li class='ez-toc-page-1 ez-toc-heading-level-4'><a class=\"ez-toc-link ez-toc-heading-5\" href=\"https:\/\/saphirsmaragd.com\/tr\/urun\/turmalin-1-12-karat-blaugruen-dreieck\/#Weitere_Infos\" >Daha fazla bilgi<\/a><\/li><\/ul><\/nav><\/div>\n<h4 data-start=\"871\" data-end=\"966\"><span class=\"ez-toc-section\" id=\"Turmalin_112_Karat_Blaugrun_Dreieck_%E2%80%93_intensiver_Farbstein_mit_naturlicher_Ausstrahlung\"><\/span>Turmalin 1,12 karat mavi-ye\u015fil \u00fc\u00e7gen - do\u011fal \u0131\u015f\u0131lt\u0131l\u0131 yo\u011fun renkli ta\u015f<span class=\"ez-toc-section-end\"><\/span><\/h4>\n<p data-start=\"967\" data-end=\"1462\">Bu zarif turmalin, berrak okyanus renklerini an\u0131msatan b\u00fcy\u00fcleyici bir mavi ve ye\u015fil etkile\u015fimine sahiptir. 1,12 karat a\u011f\u0131rl\u0131\u011f\u0131nda ve ince fasetli \u00fc\u00e7gen kesimli (6,69 \u00d7 6,43 mm) ta\u015f, derinli\u011fi ve parlakl\u0131\u011f\u0131yla etkileyicidir. G\u00f6zle g\u00f6r\u00fclebilen birka\u00e7 inkl\u00fczyon ona otantik bir karakter verirken, parlak cilas\u0131 \u0131\u015f\u0131\u011f\u0131 m\u00fckemmel bir \u015fekilde yakalar. Koleksiyoncular, m\u00fccevher tasar\u0131mc\u0131lar\u0131 ve do\u011fal renkli de\u011ferli ta\u015f severler i\u00e7in \u015f\u0131k bir de\u011ferli ta\u015f.<\/p>\n<hr data-start=\"1464\" data-end=\"1467\" \/>\n<h4 data-start=\"1469\" data-end=\"1498\"><span class=\"ez-toc-section\" id=\"Merkmale_Herkunft\"><\/span>\u00d6zellikler ve K\u00f6ken<span class=\"ez-toc-section-end\"><\/span><\/h4>\n<p data-start=\"1499\" data-end=\"1780\">Ta\u015f t\u00fcr\u00fc: Turmalin<br data-start=\"1517\" data-end=\"1520\" \/>Renk: Mavi-ye\u015fil<br data-start=\"1535\" data-end=\"1538\" \/>\u015eekil: \u00dc\u00e7gen (y\u00f6nl\u00fc)<br data-start=\"1564\" data-end=\"1567\" \/>A\u011f\u0131rl\u0131k: 1,12 karat<br data-start=\"1586\" data-end=\"1589\" \/>Sertlik: Mohs \u00f6l\u00e7e\u011fine g\u00f6re 7<br data-start=\"1616\" data-end=\"1619\" \/>Boyut: 6,69 \u00d7 6,43 mm<br data-start=\"1640\" data-end=\"1643\" \/>Safl\u0131k: Berrak inkl\u00fczyonlar<br data-start=\"1674\" data-end=\"1677\" \/>Tedavi: Tedavi edilmemi\u015f<br data-start=\"1700\" data-end=\"1703\" \/>Men\u015fei: Brezilya<br data-start=\"1722\" data-end=\"1725\" \/>Sertifika: Val\u00e9rie DURAFFOURG (Gem-A)<br data-start=\"1763\" data-end=\"1766\" \/>Durum: Yeni<\/p>\n<hr data-start=\"1782\" data-end=\"1785\" \/>\n<h4 data-start=\"1787\" data-end=\"1811\"><span class=\"ez-toc-section\" id=\"Besonderheiten\"><\/span>\u00d6zel \u00f6zellikler<span class=\"ez-toc-section-end\"><\/span><\/h4>\n<p data-start=\"1812\" data-end=\"2194\">Turmalin 1,12 karat mavi-ye\u015fil \u00fc\u00e7gen, al\u0131\u015f\u0131lmad\u0131k bir \u015fekli b\u00fcy\u00fcleyici bir renk gradyan\u0131yla birle\u015ftirir. Y\u00f6nl\u00fc kesimi mavi ve ye\u015filin kar\u015f\u0131l\u0131kl\u0131 etkile\u015fimini uyumlu bir \u015fekilde vurgular. De\u011ferli ta\u015f d\u00fcnyas\u0131nda mavi-ye\u015fil turmalin denge, berrakl\u0131k ve yarat\u0131c\u0131 enerjinin sembol\u00fcd\u00fcr - zarafet ve do\u011fall\u0131\u011f\u0131 m\u00fckemmel bir \u015fekilde birle\u015ftiren nadir bir ta\u015ft\u0131r.<\/p>\n<hr data-start=\"1926\" data-end=\"1929\" \/>\n<h4 data-start=\"1931\" data-end=\"1971\"><span class=\"ez-toc-section\" id=\"Mehr_uber_unsere_Edelsteine\"><\/span>De\u011ferli ta\u015flar\u0131m\u0131z hakk\u0131nda daha fazla bilgi<span class=\"ez-toc-section-end\"><\/span><\/h4>\n<p data-start=\"1972\" data-end=\"2069\"><a href=\"https:\/\/saphirsmaragd.com\/tr\/product-category\/edelsteine-kaufen\/\">de\u011ferli ta\u015flar<\/a><\/p>\n<hr data-start=\"2071\" data-end=\"2074\" \/>\n<h4 data-start=\"2076\" data-end=\"2096\"><span class=\"ez-toc-section\" id=\"Weitere_Infos\"><\/span>Daha fazla bilgi<span class=\"ez-toc-section-end\"><\/span><\/h4>\n<p><a href=\"https:\/\/de.wikipedia.org\/wiki\/Turmalin\" target=\"_blank\" rel=\"noopener\">Vikipedi: Turmalin<\/a><\/p>","protected":false},"excerpt":{"rendered":"<p data-start=\"492\" data-end=\"722\"><em>Bu 1,12 karat mavi-ye\u015fil \u00fc\u00e7gen turmalin yo\u011fun rengi, do\u011fal \u015feffafl\u0131\u011f\u0131 ve hassas faset kesimi ile etkileyicidir. Sertifikal\u0131 e\u015fsiz bir de\u011ferli ta\u015f - g\u00fczel m\u00fccevher tasar\u0131mlar\u0131 i\u00e7in veya bir koleksiyon par\u00e7as\u0131 olarak ideal.<\/em><\/p>\n<h2 data-start=\"523\" data-end=\"548\"><\/h2>","protected":false},"featured_media":4220,"comment_status":"open","ping_status":"closed","template":"","meta":{"_glsr_average":0,"_glsr_ranking":0,"_glsr_reviews":0},"product_brand":[],"product_cat":[109],"product_tag":[],"class_list":{"0":"post-4217","1":"product","2":"type-product","3":"status-publish","4":"has-post-thumbnail","6":"product_cat-turmalin-kaufen","7":"pa_edelsteinart-turmalin","8":"pa_farbe-gruen","9":"pa_form-dreieck","10":"pa_gewicht-karat-1-0-3-0-karat","11":"pa_herkunft-brasilien","12":"pa_reinheit-deutliche-einschluesse","13":"pa_veredelung-behandlung-unbehandelt","14":"pa_zertifikat-ja","15":"pa_zustand-neu","17":"first","18":"instock","19":"featured","20":"sold-individually","21":"shipping-taxable","22":"purchasable","23":"product-type-simple","24":"add-to-wishlist-before_image"},"jetpack_sharing_enabled":true,"_links":{"self":[{"href":"https:\/\/saphirsmaragd.com\/tr\/wp-json\/wp\/v2\/product\/4217","targetHints":{"allow":["GET"]}}],"collection":[{"href":"https:\/\/saphirsmaragd.com\/tr\/wp-json\/wp\/v2\/product"}],"about":[{"href":"https:\/\/saphirsmaragd.com\/tr\/wp-json\/wp\/v2\/types\/product"}],"replies":[{"embeddable":true,"href":"https:\/\/saphirsmaragd.com\/tr\/wp-json\/wp\/v2\/comments?post=4217"}],"version-history":[{"count":1,"href":"https:\/\/saphirsmaragd.com\/tr\/wp-json\/wp\/v2\/product\/4217\/revisions"}],"predecessor-version":[{"id":4221,"href":"https:\/\/saphirsmaragd.com\/tr\/wp-json\/wp\/v2\/product\/4217\/revisions\/4221"}],"wp:featuredmedia":[{"embeddable":true,"href":"https:\/\/saphirsmaragd.com\/tr\/wp-json\/wp\/v2\/media\/4220"}],"wp:attachment":[{"href":"https:\/\/saphirsmaragd.com\/tr\/wp-json\/wp\/v2\/media?parent=4217"}],"wp:term":[{"taxonomy":"product_brand","embeddable":true,"href":"https:\/\/saphirsmaragd.com\/tr\/wp-json\/wp\/v2\/product_brand?post=4217"},{"taxonomy":"product_cat","embeddable":true,"href":"https:\/\/saphirsmaragd.com\/tr\/wp-json\/wp\/v2\/product_cat?post=4217"},{"taxonomy":"product_tag","embeddable":true,"href":"https:\/\/saphirsmaragd.com\/tr\/wp-json\/wp\/v2\/product_tag?post=4217"}],"curies":[{"name":"wp","href":"https:\/\/api.w.org\/{rel}","templated":true}]}}