{"id":4254,"date":"2025-11-02T11:16:39","date_gmt":"2025-11-02T11:16:39","guid":{"rendered":"https:\/\/saphirsmaragd.com\/?post_type=product&#038;p=4254"},"modified":"2025-12-29T18:50:24","modified_gmt":"2025-12-29T18:50:24","slug":"turmalin-1-15-karat-gruen-rechteck","status":"publish","type":"product","link":"https:\/\/saphirsmaragd.com\/tr\/urun\/turmalin-1-15-karat-gruen-rechteck\/","title":{"rendered":"Turmalin 1,15 karat ye\u015fil dikd\u00f6rtgen - canl\u0131 renklere sahip y\u00f6nl\u00fc do\u011fal ta\u015f"},"content":{"rendered":"<div id=\"ez-toc-container\" class=\"ez-toc-v2_0_82_2 counter-hierarchy ez-toc-counter ez-toc-grey ez-toc-container-direction\">\n<div class=\"ez-toc-title-container\">\n<p class=\"ez-toc-title\" style=\"cursor:inherit\">\u0130\u00e7indekiler<\/p>\n<span class=\"ez-toc-title-toggle\"><a href=\"#\" class=\"ez-toc-pull-right ez-toc-btn ez-toc-btn-xs ez-toc-btn-default ez-toc-toggle\" aria-label=\"\u0130\u00e7indekiler Tablosunu A\u00e7\/Kapat\"><span class=\"ez-toc-js-icon-con\"><span class=\"\"><span class=\"eztoc-hide\" style=\"display:none;\">Ge\u00e7i\u015f<\/span><span class=\"ez-toc-icon-toggle-span\"><svg style=\"fill: #999;color:#999\" xmlns=\"http:\/\/www.w3.org\/2000\/svg\" class=\"list-377408\" width=\"20px\" height=\"20px\" viewbox=\"0 0 24 24\" fill=\"none\"><path d=\"M6 6H4v2h2V6zm14 0H8v2h12V6zM4 11h2v2H4v-2zm16 0H8v2h12v-2zM4 16h2v2H4v-2zm16 0H8v2h12v-2z\" fill=\"currentColor\"><\/path><\/svg><svg style=\"fill: #999;color:#999\" class=\"arrow-unsorted-368013\" xmlns=\"http:\/\/www.w3.org\/2000\/svg\" width=\"10px\" height=\"10px\" viewbox=\"0 0 24 24\" version=\"1.2\" baseprofile=\"tiny\"><path d=\"M18.2 9.3l-6.2-6.3-6.2 6.3c-.2.2-.3.4-.3.7s.1.5.3.7c.2.2.4.3.7.3h11c.3 0 .5-.1.7-.3.2-.2.3-.5.3-.7s-.1-.5-.3-.7zM5.8 14.7l6.2 6.3 6.2-6.3c.2-.2.3-.5.3-.7s-.1-.5-.3-.7c-.2-.2-.4-.3-.7-.3h-11c-.3 0-.5.1-.7.3-.2.2-.3.5-.3.7s.1.5.3.7z\"\/><\/svg><\/span><\/span><\/span><\/a><\/span><\/div>\n<nav><ul class='ez-toc-list ez-toc-list-level-1' ><li class='ez-toc-page-1 ez-toc-heading-level-4'><a class=\"ez-toc-link ez-toc-heading-1\" href=\"https:\/\/saphirsmaragd.com\/tr\/urun\/turmalin-1-15-karat-gruen-rechteck\/#Turmalin_115_Karat_Grun_Rechteck_%E2%80%93_naturliche_Eleganz_in_intensivem_Grun\" >Turmalin 1.15 Karat Gr\u00fcn Rechteck \u2013 nat\u00fcrliche Eleganz in intensivem Gr\u00fcn<\/a><\/li><li class='ez-toc-page-1 ez-toc-heading-level-4'><a class=\"ez-toc-link ez-toc-heading-2\" href=\"https:\/\/saphirsmaragd.com\/tr\/urun\/turmalin-1-15-karat-gruen-rechteck\/#Merkmale_Herkunft\" >\u00d6zellikler ve K\u00f6ken<\/a><\/li><li class='ez-toc-page-1 ez-toc-heading-level-4'><a class=\"ez-toc-link ez-toc-heading-3\" href=\"https:\/\/saphirsmaragd.com\/tr\/urun\/turmalin-1-15-karat-gruen-rechteck\/#Besonderheiten\" >\u00d6zel \u00f6zellikler<\/a><\/li><li class='ez-toc-page-1 ez-toc-heading-level-4'><a class=\"ez-toc-link ez-toc-heading-4\" href=\"https:\/\/saphirsmaragd.com\/tr\/urun\/turmalin-1-15-karat-gruen-rechteck\/#Mehr_uber_unsere_Edelsteine\" >De\u011ferli ta\u015flar\u0131m\u0131z hakk\u0131nda daha fazla bilgi<\/a><\/li><li class='ez-toc-page-1 ez-toc-heading-level-4'><a class=\"ez-toc-link ez-toc-heading-5\" href=\"https:\/\/saphirsmaragd.com\/tr\/urun\/turmalin-1-15-karat-gruen-rechteck\/#Weitere_Infos\" >Daha fazla bilgi<\/a><\/li><\/ul><\/nav><\/div>\n<h4 data-start=\"829\" data-end=\"909\"><span class=\"ez-toc-section\" id=\"Turmalin_115_Karat_Grun_Rechteck_%E2%80%93_naturliche_Eleganz_in_intensivem_Grun\"><\/span>Turmalin 1.15 Karat Gr\u00fcn Rechteck \u2013 nat\u00fcrliche Eleganz in intensivem Gr\u00fcn<span class=\"ez-toc-section-end\"><\/span><\/h4>\n<p data-start=\"910\" data-end=\"1216\">Dieser elegante Turmalin 1.15 Karat Gr\u00fcn-Rechteck besticht durch seine satte, smaragd\u00e4hnliche Gr\u00fcnfarbe und den pr\u00e4zisen rechteckigen Facettenschliff. Der Stein zeigt eine ausgezeichnete Transparenz mit feinen, kaum sichtbaren Einschl\u00fcssen und reflektiert das Licht mit einem lebhaften, klaren Glanz.<\/p>\n<p data-start=\"1218\" data-end=\"1411\">Mit den Ma\u00dfen 9.2 \u00d7 4.4 mm und einer H\u00e4rte von 7 auf der Mohs-Skala eignet sich dieser Stein perfekt f\u00fcr anspruchsvolle Schmuckkreationen oder als wertvolle Erg\u00e4nzung einer Edelsteinsammlung.<\/p>\n<hr data-start=\"1413\" data-end=\"1416\" \/>\n<h4 data-start=\"1418\" data-end=\"1447\"><span class=\"ez-toc-section\" id=\"Merkmale_Herkunft\"><\/span>\u00d6zellikler ve K\u00f6ken<span class=\"ez-toc-section-end\"><\/span><\/h4>\n<p data-start=\"1448\" data-end=\"1741\">Ta\u015f t\u00fcr\u00fc: Turmalin<br data-start=\"1466\" data-end=\"1469\" \/>Renk: Ye\u015fil<br data-start=\"1480\" data-end=\"1483\" \/>Form: Rechteck mit abgeschr\u00e4gten Kanten<br data-start=\"1522\" data-end=\"1525\" \/>A\u011f\u0131rl\u0131k: 1,15 karat<br data-start=\"1544\" data-end=\"1547\" \/>Sertlik: Mohs \u00f6l\u00e7e\u011fine g\u00f6re 7<br data-start=\"1574\" data-end=\"1577\" \/>Gr\u00f6\u00dfe: 9.2 \u00d7 4.4 mm<br data-start=\"1596\" data-end=\"1599\" \/>Safl\u0131k: K\u00fc\u00e7\u00fck kal\u0131nt\u0131lar<br data-start=\"1627\" data-end=\"1630\" \/>Tedavi: Tedavi edilmemi\u015f<br data-start=\"1653\" data-end=\"1656\" \/>Men\u015fei: Brezilya<br data-start=\"1675\" data-end=\"1678\" \/>Sertifika: Val\u00e9rie DURAFFOURG (Gem-A, Londra)<br data-start=\"1724\" data-end=\"1727\" \/>Durum: Yeni<\/p>\n<hr data-start=\"1743\" data-end=\"1746\" \/>\n<h4 data-start=\"1748\" data-end=\"1772\"><span class=\"ez-toc-section\" id=\"Besonderheiten\"><\/span>\u00d6zel \u00f6zellikler<span class=\"ez-toc-section-end\"><\/span><\/h4>\n<p data-start=\"1773\" data-end=\"2018\">Der Turmalin 1.15 Karat Gr\u00fcn Rechteck \u00fcberzeugt durch seine au\u00dfergew\u00f6hnliche Farbe und hervorragende Schliffqualit\u00e4t. Die Kombination aus Tiefe und Brillanz verleiht ihm eine nat\u00fcrliche Eleganz, die in jedem Schmuckst\u00fcck zur Geltung kommt.<\/p>\n<hr data-start=\"1926\" data-end=\"1929\" \/>\n<h4 data-start=\"1931\" data-end=\"1971\"><span class=\"ez-toc-section\" id=\"Mehr_uber_unsere_Edelsteine\"><\/span>De\u011ferli ta\u015flar\u0131m\u0131z hakk\u0131nda daha fazla bilgi<span class=\"ez-toc-section-end\"><\/span><\/h4>\n<p data-start=\"1972\" data-end=\"2069\"><a href=\"https:\/\/saphirsmaragd.com\/tr\/product-category\/edelsteine-kaufen\/\">de\u011ferli ta\u015flar<\/a><\/p>\n<hr data-start=\"2071\" data-end=\"2074\" \/>\n<h4 data-start=\"2076\" data-end=\"2096\"><span class=\"ez-toc-section\" id=\"Weitere_Infos\"><\/span>Daha fazla bilgi<span class=\"ez-toc-section-end\"><\/span><\/h4>\n<p><a href=\"https:\/\/de.wikipedia.org\/wiki\/Turmalin\" target=\"_blank\" rel=\"noopener\">Vikipedi: Turmalin<\/a><\/p>","protected":false},"excerpt":{"rendered":"<p data-start=\"466\" data-end=\"683\"><em>Dieser Turmalin 1.15 Karat Gr\u00fcn Rechteck beeindruckt durch seinen nat\u00fcrlichen Glanz, die tiefe gr\u00fcne Farbe und die klare Transparenz. Ein zertifizierter Edelstein aus Brasilien \u2013 ideal f\u00fcr Schmuckdesigner und Sammler.<\/em><\/p>\n<h2 data-start=\"523\" data-end=\"548\"><\/h2>","protected":false},"featured_media":4256,"comment_status":"open","ping_status":"closed","template":"","meta":{"_glsr_average":0,"_glsr_ranking":0,"_glsr_reviews":0},"product_brand":[],"product_cat":[109],"product_tag":[],"class_list":{"0":"post-4254","1":"product","2":"type-product","3":"status-publish","4":"has-post-thumbnail","6":"product_cat-turmalin-kaufen","7":"pa_edelsteinart-turmalin","8":"pa_farbe-gruen","9":"pa_form-rechteck","10":"pa_gewicht-karat-1-0-3-0-karat","11":"pa_herkunft-brasilien","12":"pa_reinheit-kleine-einschluesse","13":"pa_veredelung-behandlung-unbehandelt","14":"pa_zertifikat-ja","15":"pa_zustand-neu","17":"first","18":"instock","19":"featured","20":"sold-individually","21":"shipping-taxable","22":"purchasable","23":"product-type-simple","24":"add-to-wishlist-before_image"},"jetpack_sharing_enabled":true,"_links":{"self":[{"href":"https:\/\/saphirsmaragd.com\/tr\/wp-json\/wp\/v2\/product\/4254","targetHints":{"allow":["GET"]}}],"collection":[{"href":"https:\/\/saphirsmaragd.com\/tr\/wp-json\/wp\/v2\/product"}],"about":[{"href":"https:\/\/saphirsmaragd.com\/tr\/wp-json\/wp\/v2\/types\/product"}],"replies":[{"embeddable":true,"href":"https:\/\/saphirsmaragd.com\/tr\/wp-json\/wp\/v2\/comments?post=4254"}],"version-history":[{"count":1,"href":"https:\/\/saphirsmaragd.com\/tr\/wp-json\/wp\/v2\/product\/4254\/revisions"}],"predecessor-version":[{"id":4258,"href":"https:\/\/saphirsmaragd.com\/tr\/wp-json\/wp\/v2\/product\/4254\/revisions\/4258"}],"wp:featuredmedia":[{"embeddable":true,"href":"https:\/\/saphirsmaragd.com\/tr\/wp-json\/wp\/v2\/media\/4256"}],"wp:attachment":[{"href":"https:\/\/saphirsmaragd.com\/tr\/wp-json\/wp\/v2\/media?parent=4254"}],"wp:term":[{"taxonomy":"product_brand","embeddable":true,"href":"https:\/\/saphirsmaragd.com\/tr\/wp-json\/wp\/v2\/product_brand?post=4254"},{"taxonomy":"product_cat","embeddable":true,"href":"https:\/\/saphirsmaragd.com\/tr\/wp-json\/wp\/v2\/product_cat?post=4254"},{"taxonomy":"product_tag","embeddable":true,"href":"https:\/\/saphirsmaragd.com\/tr\/wp-json\/wp\/v2\/product_tag?post=4254"}],"curies":[{"name":"wp","href":"https:\/\/api.w.org\/{rel}","templated":true}]}}